{"id":11334,"date":"2015-04-27T13:45:16","date_gmt":"2015-04-27T11:45:16","guid":{"rendered":"http:\/\/www.altei.cz\/high-end-av\/sony-vpl-vw1100es\/"},"modified":"2015-04-27T13:45:16","modified_gmt":"2015-04-27T11:45:16","slug":"sony-vpl-vw550es","status":"publish","type":"page","link":"https:\/\/www.altei.cz\/hifi\/hifi-high-end-av\/sony-vpl-vw550es\/","title":{"rendered":"Sony VPL-VW550ES"},"content":{"rendered":"<div id='layer_slider_1'  class='avia-layerslider main_color avia-shadow  avia-builder-el-0  el_before_av_hr  avia-builder-el-first  container_wrap sidebar_right'  style='height: 471px;'  ><\/div><div id='after_layer_slider_1'  class='main_color av_default_container_wrap container_wrap sidebar_right'  ><div class='container av-section-cont-open' ><div class='template-page content  av-content-small alpha units'><div class='post-entry post-entry-type-page post-entry-11334'><div class='entry-content-wrapper clearfix'>\n\n<style type=\"text\/css\" data-created_by=\"avia_inline_auto\" id=\"style-css-av-av_hr-ae9de3d7b02bac50982c8bf7f5873d32\">\n#top .hr.hr-invisible.av-av_hr-ae9de3d7b02bac50982c8bf7f5873d32{\nmargin-top:-55px;\nheight:1px;\n}\n<\/style>\n<div  class='hr av-av_hr-ae9de3d7b02bac50982c8bf7f5873d32 hr-invisible  avia-builder-el-1  el_after_av_layerslider  el_before_av_partner  avia-builder-el-first '><span class='hr-inner '><span class=\"hr-inner-style\"><\/span><\/span><\/div>\n<div  class='avia-logo-element-container av-av_partner-ec842e642f7c28b1483c74fc22985339 av-border-deactivate avia-logo-slider avia-content-slider avia-smallarrow-slider avia-content-slider-active noHover avia-content-slider-even  avia-builder-el-2  el_after_av_hr  el_before_av_heading  av-slideshow-ui av-control-default av-nav-arrows-visible av-nav-dots-visible av-hide-nav-arrows av-slideshow-autoplay av-loop-endless av-loop-manual-endless avia-content-slider1' data-slideshow-options=\"{&quot;animation&quot;:&quot;slide&quot;,&quot;autoplay&quot;:true,&quot;loop_autoplay&quot;:&quot;endless&quot;,&quot;interval&quot;:5,&quot;loop_manual&quot;:&quot;manual-endless&quot;,&quot;autoplay_stopper&quot;:false,&quot;noNavigation&quot;:false,&quot;bg_slider&quot;:false,&quot;keep_padding&quot;:&quot;&quot;,&quot;hoverpause&quot;:false,&quot;show_slide_delay&quot;:0}\"><div class='avia-smallarrow-slider-heading  no-logo-slider-heading '><div class='new-special-heading'>&nbsp;<\/div><div class='avia-slideshow-arrows avia-slideshow-controls' ><a href='#prev' class='prev-slide  avia-svg-icon avia-font-svg_entypo-fontello' data-av_svg_icon='left-open-big' data-av_iconset='svg_entypo-fontello' tabindex='-1' title=\"Previous\"><svg version=\"1.1\" xmlns=\"http:\/\/www.w3.org\/2000\/svg\" width=\"15\" height=\"32\" viewBox=\"0 0 15 32\" preserveAspectRatio=\"xMidYMid meet\" aria-labelledby='av-svg-title-1' aria-describedby='av-svg-desc-1' role=\"graphics-symbol\" aria-hidden=\"true\">\n<title id='av-svg-title-1'>Previous<\/title>\n<desc id='av-svg-desc-1'>Previous<\/desc>\n<path d=\"M14.464 27.84q0.832 0.832 0 1.536-0.832 0.832-1.536 0l-12.544-12.608q-0.768-0.768 0-1.6l12.544-12.608q0.704-0.832 1.536 0 0.832 0.704 0 1.536l-11.456 11.904z\"><\/path>\n<\/svg><span class='avia_hidden_link_text'>Previous<\/span><\/a><a href='#next' class='next-slide  avia-svg-icon avia-font-svg_entypo-fontello' data-av_svg_icon='right-open-big' data-av_iconset='svg_entypo-fontello' tabindex='-1' title=\"Next\"><svg version=\"1.1\" xmlns=\"http:\/\/www.w3.org\/2000\/svg\" width=\"15\" height=\"32\" viewBox=\"0 0 15 32\" preserveAspectRatio=\"xMidYMid meet\" aria-labelledby='av-svg-title-2' aria-describedby='av-svg-desc-2' role=\"graphics-symbol\" aria-hidden=\"true\">\n<title id='av-svg-title-2'>Next<\/title>\n<desc id='av-svg-desc-2'>Next<\/desc>\n<path d=\"M0.416 27.84l11.456-11.84-11.456-11.904q-0.832-0.832 0-1.536 0.832-0.832 1.536 0l12.544 12.608q0.768 0.832 0 1.6l-12.544 12.608q-0.704 0.832-1.536 0-0.832-0.704 0-1.536z\"><\/path>\n<\/svg><span class='avia_hidden_link_text'>Next<\/span><\/a><\/div><\/div><div class=\"avia-content-slider-inner\"><div class=\"slide-entry-wrap\"><div  class='slide-entry av-av_partner_logo-4d14aa5213448a9e0c6ef31fe8f916d3 flex_column no_margin av_one_eighth real-thumbnail post-entry slide-entry-overview slide-loop-1 slide-parity-odd  first'><\/div><div  class='slide-entry av-av_partner_logo-63c8ce708054923f13c0d86ded078ed6 flex_column no_margin av_one_eighth real-thumbnail post-entry slide-entry-overview slide-loop-2 slide-parity-even  '><\/div><div  class='slide-entry av-av_partner_logo-9b858b1fe8f0daf68a6be3b5d0227c9f flex_column no_margin av_one_eighth real-thumbnail post-entry slide-entry-overview slide-loop-3 slide-parity-odd  '><\/div><div  class='slide-entry av-av_partner_logo-0edbc2273c7f1b6aa46aae6f7335aa40 flex_column no_margin av_one_eighth real-thumbnail post-entry slide-entry-overview slide-loop-4 slide-parity-even  '><\/div><div  class='slide-entry av-av_partner_logo-72249423d332dd54911a541ba5ebcf86 flex_column no_margin av_one_eighth real-thumbnail post-entry slide-entry-overview slide-loop-5 slide-parity-odd  '><\/div><div  class='slide-entry av-av_partner_logo-253421ec44dbf1faa54e331d67982fae flex_column no_margin av_one_eighth real-thumbnail post-entry slide-entry-overview slide-loop-6 slide-parity-even  '><\/div><div  class='slide-entry av-av_partner_logo-e87ec42c14448c79327251ae8b5ecf09 flex_column no_margin av_one_eighth real-thumbnail post-entry slide-entry-overview slide-loop-7 slide-parity-odd  '><\/div><div  class='slide-entry av-av_partner_logo-03a34ca0a4e717af585091fcfa893cea flex_column no_margin av_one_eighth real-thumbnail post-entry slide-entry-overview slide-loop-8 slide-parity-even  '><\/div><\/div><div class=\"slide-entry-wrap\"><div  class='slide-entry av-av_partner_logo-09d886f5f1be8034bbdd2f0fb72964bc flex_column no_margin av_one_eighth real-thumbnail post-entry slide-entry-overview slide-loop-9 slide-parity-odd post-entry-last first'><\/div><\/div><\/div><div class='avia-slideshow-dots avia-slideshow-controls'><a href='#1' class='goto-slide active' >1<\/a><a href='#2' class='goto-slide ' >2<\/a><\/div><\/div>\n\n<style type=\"text\/css\" data-created_by=\"avia_inline_auto\" id=\"style-css-av-av_heading-a1c764f6349bf5643fa16f7119a3f6bf\">\n#top .av-special-heading.av-av_heading-a1c764f6349bf5643fa16f7119a3f6bf{\npadding-bottom:10px;\n}\nbody .av-special-heading.av-av_heading-a1c764f6349bf5643fa16f7119a3f6bf .av-special-heading-tag .heading-char{\nfont-size:25px;\n}\n.av-special-heading.av-av_heading-a1c764f6349bf5643fa16f7119a3f6bf .av-subheading{\nfont-size:15px;\n}\n<\/style>\n<div  class='av-special-heading av-av_heading-a1c764f6349bf5643fa16f7119a3f6bf av-special-heading-h4  avia-builder-el-3  el_after_av_partner  el_before_av_one_half '><h4 class='av-special-heading-tag '  itemprop=\"headline\"  >SONY VPL-VW550ES &#8211; \u0160pi\u010dkov\u00fd True 4K projektor s podporou HDR <\/h4><div class=\"special-heading-border\"><div class=\"special-heading-inner-border\"><\/div><\/div><\/div>\n<div  class='flex_column av-av_one_half-2a9015ff38129c418a3f2eafba3e9512 av_one_half  avia-builder-el-4  el_after_av_heading  el_before_av_one_half  first flex_column_div  '     ><section  class='av_textblock_section av-av_textblock-0366cc7376be6c9e82a3e9cc8987b64f '   itemscope=\"itemscope\" itemtype=\"https:\/\/schema.org\/CreativeWork\" ><div class='avia_textblock'  itemprop=\"text\" ><p>SONY neust\u00e1le roz\u0161i\u0159uje\u00a0\u0159adu projektor\u016f na b\u00e1zi technologie SXRD s nekompromisn\u00ed technologickou inovac\u00ed TRILUMINOS\u2122 pro dom\u00e1c\u00ed kina.<\/p>\n<p>U\u017eijte si v dom\u00e1c\u00edch podm\u00ednk\u00e1ch projekci s rozli\u0161en\u00edm 4K jako v kin\u011b \u2013 \u010dty\u0159ikr\u00e1t lep\u0161\u00ed ne\u017e Full HD s dynamick\u00fdm kontrastn\u00edm pom\u011brem 350.000 : 1, sv\u011bteln\u00fdm tokem 1.800 lumen\u016f a HDR.<\/p>\n<p>Tento projektor nab\u00edz\u00ed p\u0159edev\u0161\u00edm pln\u00e9 4K rozli\u0161en\u00ed, tedy 4.096 \u00d7 2.160 obrazov\u00fdch bod\u016f, zn\u00e1m\u00e9 doposud pouze z oblasti velk\u00fdch digit\u00e1ln\u00edch kin. V pln\u00e9m rozli\u0161en\u00ed umo\u017e\u0148uje jak projekci 2D tak i 3D s vyu\u017eit\u00edm aktivn\u00edch br\u00fdl\u00ed.<\/p>\n<p>Projektor vyu\u017e\u00edv\u00e1 technologii SXRD s novou generac\u00ed zobrazova\u010de 4K, kter\u00fd excelentn\u011b zvl\u00e1d\u00e1 hlubok\u00e9 odst\u00edny \u010dern\u00e9. Jako zdroj se d\u00e1 pou\u017e\u00edt nejen HD video, ale i video s SD rozli\u0161en\u00edm, nebo\u0165 projektor je vybaven funkc\u00ed \u00a0sofistikovan\u00e9ho p\u0159epo\u010dtu\u00a0t\u011bchto form\u00e1t\u016f na rozli\u0161en\u00ed 4K, \u010d\u00edm\u017e dok\u00e1\u017ee dramaticky zv\u00fd\u0161it kvalitu dvojrozm\u011brn\u00e9ho i trojrozm\u011brn\u00e9ho obsahu.<\/p>\n<p>Projektor VPL-VW550ES nab\u00edz\u00ed sv\u011bteln\u00fd tok 1.800 lumen\u016f, \u010d\u00edm\u017e umo\u017en\u00ed prom\u00edtat obraz na v\u011bt\u0161\u00ed\u00a0plochu ne\u017e p\u0159edchoz\u00ed projektory spole\u010dnosti SONY. Projektor dosahuje dynamick\u00e9ho kontrastu a\u017e 350.000 : 1.<\/p>\n<p>Projektor podporuje standard HDR (High Dynamic Range), kter\u00fd p\u0159edstavuje novou dimenzi v zachov\u00e1n\u00ed p\u016fvodn\u00edho dynamick\u00e9ho rozsahu\u00a0sc\u00e9ny.<\/p>\n<p>Dod\u00e1v\u00e1 se v \u010dern\u00e9 a b\u00edl\u00e9 barv\u011b.<\/p>\n<\/div><\/section><\/div>\n\n<style type=\"text\/css\" data-created_by=\"avia_inline_auto\" id=\"style-css-av-av_one_half-9c1d454dc06f7247226bc4e8f931daae\">\n.flex_column.av-av_one_half-9c1d454dc06f7247226bc4e8f931daae{\nborder-radius:0px 0px 0px 0px;\npadding:0px 0px 0px 0px;\n}\n<\/style>\n<div  class='flex_column av-av_one_half-9c1d454dc06f7247226bc4e8f931daae av_one_half  avia-builder-el-6  el_after_av_one_half  el_before_av_one_half  flex_column_div av-zero-column-padding  '     ><\/div>\n<div  class='flex_column av-av_one_half-2a9015ff38129c418a3f2eafba3e9512 av_one_half  avia-builder-el-8  el_after_av_one_half  el_before_av_one_half  first flex_column_div  column-top-margin'     ><p>\n<style type=\"text\/css\" data-created_by=\"avia_inline_auto\" id=\"style-css-av-av_heading-5352ddc71ab1674ec219852fd8876117\">\n#top .av-special-heading.av-av_heading-5352ddc71ab1674ec219852fd8876117{\npadding-bottom:10px;\n}\nbody .av-special-heading.av-av_heading-5352ddc71ab1674ec219852fd8876117 .av-special-heading-tag .heading-char{\nfont-size:25px;\n}\n.av-special-heading.av-av_heading-5352ddc71ab1674ec219852fd8876117 .av-subheading{\nfont-size:15px;\n}\n<\/style>\n<div  class='av-special-heading av-av_heading-5352ddc71ab1674ec219852fd8876117 av-special-heading-h3  avia-builder-el-9  el_before_av_textblock  avia-builder-el-first '><h3 class='av-special-heading-tag '  itemprop=\"headline\"  >Rozhran\u00ed<\/h3><div class=\"special-heading-border\"><div class=\"special-heading-inner-border\"><\/div><\/div><\/div><br \/>\n<section  class='av_textblock_section av-av_textblock-0366cc7376be6c9e82a3e9cc8987b64f '   itemscope=\"itemscope\" itemtype=\"https:\/\/schema.org\/CreativeWork\" ><div class='avia_textblock'  itemprop=\"text\" ><div>2x HDMI 2.0<br \/>\n1x\u00a0USB<br \/>\n1x RJ45 pro 3D, 1x RJ45 pro LAN<br \/>\n1x IR vstup<br \/>\n2x sp\u00edn\u00e1n\u00ed (12V)<br \/>\n1x RS-232C<\/div>\n<div><\/div>\n<div><\/div>\n<\/div><\/section><br \/>\n\n<style type=\"text\/css\" data-created_by=\"avia_inline_auto\" id=\"style-css-av-av_image-ff49884bc443961a2d36704a4b4c05c9\">\n.avia-image-container.av-av_image-ff49884bc443961a2d36704a4b4c05c9 img.avia_image{\nbox-shadow:none;\n}\n.avia-image-container.av-av_image-ff49884bc443961a2d36704a4b4c05c9 .av-image-caption-overlay-center{\ncolor:#ffffff;\n}\n<\/style>\n<div  class='avia-image-container av-av_image-ff49884bc443961a2d36704a4b4c05c9 av-styling- avia-align-center  avia-builder-el-11  el_after_av_textblock  avia-builder-el-last '   itemprop=\"image\" itemscope=\"itemscope\" itemtype=\"https:\/\/schema.org\/ImageObject\" ><div class=\"avia-image-container-inner\"><div class=\"avia-image-overlay-wrap\"><img decoding=\"async\" fetchpriority=\"high\" class='wp-image- avia-img-lazy-loading-not- avia_image ' src=\"http:\/\/www.altei.cz\/wp-content\/uploads\/2015\/04\/vplvw500inputs.png\" alt='' title=''   itemprop=\"thumbnailUrl\"  \/><\/div><\/div><\/div><\/p><\/div>\n\n<style type=\"text\/css\" data-created_by=\"avia_inline_auto\" id=\"style-css-av-av_one_half-9c1d454dc06f7247226bc4e8f931daae\">\n.flex_column.av-av_one_half-9c1d454dc06f7247226bc4e8f931daae{\nborder-radius:0px 0px 0px 0px;\npadding:0px 0px 0px 0px;\n}\n<\/style>\n<div  class='flex_column av-av_one_half-9c1d454dc06f7247226bc4e8f931daae av_one_half  avia-builder-el-12  el_after_av_one_half  el_before_av_partner  flex_column_div av-zero-column-padding  column-top-margin'     ><p>\n<style type=\"text\/css\" data-created_by=\"avia_inline_auto\" id=\"style-css-av-av_heading-6042e58b88df03972e0131e578e34908\">\n#top .av-special-heading.av-av_heading-6042e58b88df03972e0131e578e34908{\npadding-bottom:10px;\n}\nbody .av-special-heading.av-av_heading-6042e58b88df03972e0131e578e34908 .av-special-heading-tag .heading-char{\nfont-size:25px;\n}\n.av-special-heading.av-av_heading-6042e58b88df03972e0131e578e34908 .av-subheading{\nfont-size:15px;\n}\n<\/style>\n<div  class='av-special-heading av-av_heading-6042e58b88df03972e0131e578e34908 av-special-heading-h3  avia-builder-el-13  el_before_av_textblock  avia-builder-el-first '><h3 class='av-special-heading-tag '  itemprop=\"headline\"  >Parametry<\/h3><div class=\"special-heading-border\"><div class=\"special-heading-inner-border\"><\/div><\/div><\/div><br \/>\n<section  class='av_textblock_section av-av_textblock-0366cc7376be6c9e82a3e9cc8987b64f '   itemscope=\"itemscope\" itemtype=\"https:\/\/schema.org\/CreativeWork\" ><div class='avia_textblock'  itemprop=\"text\" ><p>\u2022 Sv\u011bteln\u00fd tok : 1.800 lm<br \/>\n\u2022 Kontrastn\u00ed pom\u011br : 350.000 : 1<br \/>\n\u2022 Zdroj sv\u011btla : vysokotlak\u00e1 v\u00fdbojka\u00a0s p\u0159\u00edkonem 280 W<br \/>\n\u2022 Automatick\u00e1 i manu\u00e1ln\u00ed kalibrace<br \/>\n\u2022 Pam\u011b\u0165 pozice obrazu<br \/>\n\u2022 Velikost obrazu : 1,52 m to 7,62 m<br \/>\n\u2022 Mo\u017enost 3D projekce (s aktivn\u00edmi br\u00fdlemi)<br \/>\n\u2022 Akustick\u00fd hluk : 26 dB<br \/>\n\u2022 Vstupy \/ v\u00fdstupy:<br \/>\n&#8211; HDMI (2 vstupy): Digit\u00e1ln\u00ed RGB\/Y Pb\/Cb Pr\/Cr<br \/>\n&#8211; VSTUP A : 15kol\u00edkov\u00fd mini D-sub (RGB)<br \/>\n&#8211; \u0158\u00edzen\u00ed : RS-232C, 9kol\u00edkov\u00fd D-sub (z\u00e1suvka)<br \/>\n&#8211; Sp\u00edn\u00e1n\u00ed\u00a0: Minikonektor, 12 V DC, max. 100 mA<br \/>\n&#8211; Vestav\u011bn\u00fd vys\u00edla\u010d IR nebo p\u0159es port RJ-45 (extern\u00ed vys\u00edla\u010d IR TMR-PJ2 nebo vys\u00edla\u010d RF)<br \/>\n\u2022 Spot\u0159eba energie : max. 390 W<br \/>\n\u2022 Vn\u011bj\u0161\u00ed rozm\u011bry : (h x v x \u0160) 496 x 202\u00a0x 464 mm<br \/>\n\u2022 Hmotnost : P\u0159ibli\u017en\u011b 14 kg<br \/>\n\u2022 D\u00e1lkov\u00e9 ovl\u00e1d\u00e1n\u00ed : RM-PJ24<\/p>\n<\/div><\/section><\/p><\/div>\n\n<style type=\"text\/css\" data-created_by=\"avia_inline_auto\" id=\"style-css-av-av_partner-7e2710c9859563aa10cb9c4d1ada5212\">\n.avia-logo-element-container.av-av_partner-7e2710c9859563aa10cb9c4d1ada5212 .av-partner-fake-img{\nbackground-size:cover;\n}\n<\/style>\n<div  class='avia-logo-element-container av-av_partner-7e2710c9859563aa10cb9c4d1ada5212 avia-logo-slider avia-content-slider avia-smallarrow-slider avia-content-slider-active noHover avia-content-slider-odd  avia-builder-el-15  el_after_av_one_half  avia-builder-el-last  av-slideshow-ui av-control-default av-nav-arrows-visible av-nav-dots-visible av-no-slider-navigation av-slideshow-manual av-loop-once av-loop-manual-endless avia-content-slider2' data-slideshow-options=\"{&quot;animation&quot;:&quot;slide&quot;,&quot;autoplay&quot;:false,&quot;loop_autoplay&quot;:&quot;once&quot;,&quot;interval&quot;:5,&quot;loop_manual&quot;:&quot;manual-endless&quot;,&quot;autoplay_stopper&quot;:false,&quot;noNavigation&quot;:false,&quot;bg_slider&quot;:false,&quot;keep_padding&quot;:&quot;&quot;,&quot;hoverpause&quot;:false,&quot;show_slide_delay&quot;:0}\"><div class='avia-smallarrow-slider-heading '><div class='new-special-heading'><h3 class='av-logo-special-heading-text '>Dal\u0161\u00ed produkty SONY<\/h3><\/div><\/div><div class=\"avia-content-slider-inner\"><div class=\"slide-entry-wrap\"><div  class='slide-entry av-av_partner_logo-5d8a77e4de674e94d492f836e7de940b flex_column no_margin av_one_fifth real-thumbnail post-entry slide-entry-overview slide-loop-1 slide-parity-odd  first'><\/div><div  class='slide-entry av-av_partner_logo-dc1990f841f16b5aa8f0fe13eed8e2ca flex_column no_margin av_one_fifth real-thumbnail post-entry slide-entry-overview slide-loop-2 slide-parity-even  '><\/div><div  class='slide-entry av-av_partner_logo-61527a8bf73f3632e077674ad8a53f1a flex_column no_margin av_one_fifth real-thumbnail post-entry slide-entry-overview slide-loop-3 slide-parity-odd  '><\/div><div  class='slide-entry av-av_partner_logo-098b685752453e9f966bb45e1c20f647 flex_column no_margin av_one_fifth real-thumbnail post-entry slide-entry-overview slide-loop-4 slide-parity-even  '><\/div><div  class='slide-entry av-av_partner_logo-b796c701bcb818f929e0a5eb973a1e68 flex_column no_margin av_one_fifth real-thumbnail post-entry slide-entry-overview slide-loop-5 slide-parity-odd post-entry-last '><\/div><\/div><\/div><\/div>\n","protected":false},"excerpt":{"rendered":"","protected":false},"author":1,"featured_media":2967,"parent":2951,"menu_order":0,"comment_status":"open","ping_status":"open","template":"","meta":{"footnotes":""},"class_list":["post-11334","page","type-page","status-publish","has-post-thumbnail","hentry"],"aioseo_notices":[],"jetpack_sharing_enabled":true,"_links":{"self":[{"href":"https:\/\/www.altei.cz\/hifi\/wp-json\/wp\/v2\/pages\/11334","targetHints":{"allow":["GET"]}}],"collection":[{"href":"https:\/\/www.altei.cz\/hifi\/wp-json\/wp\/v2\/pages"}],"about":[{"href":"https:\/\/www.altei.cz\/hifi\/wp-json\/wp\/v2\/types\/page"}],"author":[{"embeddable":true,"href":"https:\/\/www.altei.cz\/hifi\/wp-json\/wp\/v2\/users\/1"}],"replies":[{"embeddable":true,"href":"https:\/\/www.altei.cz\/hifi\/wp-json\/wp\/v2\/comments?post=11334"}],"version-history":[{"count":0,"href":"https:\/\/www.altei.cz\/hifi\/wp-json\/wp\/v2\/pages\/11334\/revisions"}],"up":[{"embeddable":true,"href":"https:\/\/www.altei.cz\/hifi\/wp-json\/wp\/v2\/pages\/2951"}],"wp:featuredmedia":[{"embeddable":true,"href":"https:\/\/www.altei.cz\/hifi\/wp-json\/"}],"wp:attachment":[{"href":"https:\/\/www.altei.cz\/hifi\/wp-json\/wp\/v2\/media?parent=11334"}],"curies":[{"name":"wp","href":"https:\/\/api.w.org\/{rel}","templated":true}]}}