{"id":11904,"date":"2015-06-01T14:15:18","date_gmt":"2015-06-01T12:15:18","guid":{"rendered":"http:\/\/www.altei.cz\/abis-2\/"},"modified":"2015-06-01T14:15:18","modified_gmt":"2015-06-01T12:15:18","slug":"jelco","status":"publish","type":"page","link":"https:\/\/www.altei.cz\/hifi\/jelco\/","title":{"rendered":"JELCO"},"content":{"rendered":"<div id='layer_slider_1'  class='avia-layerslider main_color avia-shadow  avia-builder-el-0  el_before_av_partner  avia-builder-el-first  container_wrap sidebar_right'  style='height: 471px;'  ><\/div><div id='after_layer_slider_1'  class='main_color av_default_container_wrap container_wrap sidebar_right'  ><div class='container av-section-cont-open' ><div class='template-page content  av-content-small alpha units'><div class='post-entry post-entry-type-page post-entry-11904'><div class='entry-content-wrapper clearfix'>\n<div  class='avia-logo-element-container av-jtb9p9c-441725befe6c2453221a469431bdeed8 av-border-deactivate avia-logo-slider avia-content-slider avia-smallarrow-slider avia-content-slider-active noHover avia-content-slider-even  avia-builder-el-1  el_after_av_layerslider  el_before_av_one_half  avia-builder-el-first  av-slideshow-ui av-control-default av-nav-arrows-visible av-nav-dots-visible av-no-slider-navigation av-slideshow-manual av-loop-once av-loop-manual-endless avia-content-slider1' data-slideshow-options=\"{&quot;animation&quot;:&quot;slide&quot;,&quot;autoplay&quot;:false,&quot;loop_autoplay&quot;:&quot;once&quot;,&quot;interval&quot;:5,&quot;loop_manual&quot;:&quot;manual-endless&quot;,&quot;autoplay_stopper&quot;:false,&quot;noNavigation&quot;:false,&quot;bg_slider&quot;:false,&quot;keep_padding&quot;:&quot;&quot;,&quot;hoverpause&quot;:false,&quot;show_slide_delay&quot;:0}\"><div class='avia-smallarrow-slider-heading  no-logo-slider-heading '><div class='new-special-heading'>&nbsp;<\/div><\/div><div class=\"avia-content-slider-inner\"><div class=\"slide-entry-wrap\"><div  class='slide-entry av-jhpo9k0-288b6e9a6e1debbb3cc2cf25519acdec flex_column no_margin av_one_fourth real-thumbnail post-entry slide-entry-overview slide-loop-1 slide-parity-odd  first'><\/div><div  class='slide-entry av-j92gznk-4c832646594d53c853332d7454561dad flex_column no_margin av_one_fourth real-thumbnail post-entry slide-entry-overview slide-loop-2 slide-parity-even  '><\/div><div  class='slide-entry av-irvegu8-86ae0f24b6bdebd9c460af496b90aeb4 flex_column no_margin av_one_fourth real-thumbnail post-entry slide-entry-overview slide-loop-3 slide-parity-odd  '><\/div><div  class='slide-entry av-ib3oxfk-9f3cd5725a27a899d1717d56cbb4e416 flex_column no_margin av_one_fourth real-thumbnail post-entry slide-entry-overview slide-loop-4 slide-parity-even post-entry-last '><\/div><\/div><\/div><\/div>\n<div  class='flex_column av-hjxhqio-c55bfb609a66c5018e60a28144476864 av_one_half  avia-builder-el-2  el_after_av_partner  el_before_av_one_half  first flex_column_div  '     ><p>\n<style type=\"text\/css\" data-created_by=\"avia_inline_auto\" id=\"style-css-av-hefttog-0b4a94ad5d7e8c3cf94400482a6fb50d\">\n#top .av-special-heading.av-hefttog-0b4a94ad5d7e8c3cf94400482a6fb50d{\npadding-bottom:10px;\n}\nbody .av-special-heading.av-hefttog-0b4a94ad5d7e8c3cf94400482a6fb50d .av-special-heading-tag .heading-char{\nfont-size:25px;\n}\n.av-special-heading.av-hefttog-0b4a94ad5d7e8c3cf94400482a6fb50d .av-subheading{\nfont-size:15px;\n}\n<\/style>\n<div  class='av-special-heading av-hefttog-0b4a94ad5d7e8c3cf94400482a6fb50d av-special-heading-h3  avia-builder-el-3  el_before_av_textblock  avia-builder-el-first '><h3 class='av-special-heading-tag '  itemprop=\"headline\"  >Gramofonov\u00e1 ram\u00e9nka JELCO<\/h3><div class=\"special-heading-border\"><div class=\"special-heading-inner-border\"><\/div><\/div><\/div><br \/>\n<section  class='av_textblock_section av-1ouqups-c5a0fc908fdbacc274cb82759085b6b4 '   itemscope=\"itemscope\" itemtype=\"https:\/\/schema.org\/CreativeWork\" ><div class='avia_textblock'  itemprop=\"text\" ><p>Ram\u00e9nka a p\u0159\u00edslu\u0161ensv\u00ed\u00a0JELCO\u00a0pat\u0159\u00ed mezi \u0161pi\u010dkov\u00e1 analogov\u00e1 za\u0159\u00edzen\u00ed\u00a0ze Zem\u011b Vych\u00e1zej\u00edc\u00edho Slunce\u2026<\/p>\n<p>Gramofonov\u00e1 ram\u00e9nka konstruovan\u00e1 a vyr\u00e1b\u011bn\u00e1 spole\u010dnost\u00ed ICHIKAWA Jewel CO., LTD. se vyr\u00e1b\u00ed ji\u017e od roku 1958. Spole\u010dnost byla zalo\u017eena Y.ICHIKAWOU, japonsk\u00fdm specialistou v oboru precizn\u00edch mechanick\u00fdch\u00a0za\u0159\u00edzen\u00ed ji\u017e v roce 1920 a slav\u00ed tedy letos 95. v\u00fdro\u010d\u00ed.<br \/>\nT\u011blo ram\u00e9nka je vyrobeno ze strojn\u011b opracovan\u00fdch\u00a0kov\u016f. Z\u00e1kladem kvality a performance hotov\u00e9ho produktu je d\u016fraz na p\u0159esnost zpracov\u00e1n\u00ed a kompletace zku\u0161en\u00fdmi specialisty spole\u010dnosti ICHIKAWA. Ram\u00e9nka uspokoj\u00ed v\u0161echny milovn\u00edky analogov\u00e9 reprodukce prost\u00e9 v\u0161ech ru\u0161iv\u00fdch artefakt\u016f.<\/p>\n<p>V sou\u010dasn\u00e9 dob\u011b JELCO dod\u00e1v\u00e1\u00a0ucelenou \u0159adu\u00a0ram\u00e9nek se skute\u010dn\u011b\u00a0High-endov\u00fdmi\u00a0parametry za cenu, kterou si m\u016f\u017eete dovolit\u2026Sou\u010d\u00e1st\u00ed balen\u00ed nen\u00ed\u00a0p\u0159ipojovac\u00ed kabel s konektory RCA (nebo na p\u0159\u00e1n\u00ed XLR). Kabel je dod\u00e1v\u00e1n zvl\u00e1\u0161\u0165 jako voliteln\u00e9 p\u0159\u00edslu\u0161enstv\u00ed.<\/p>\n<\/div><\/section><\/p><\/div>\n\n<style type=\"text\/css\" data-created_by=\"avia_inline_auto\" id=\"style-css-av-gib4vls-9d18e39c37f8d343c1fb0f05650abce0\">\n.flex_column.av-gib4vls-9d18e39c37f8d343c1fb0f05650abce0{\nborder-radius:0px 0px 0px 0px;\npadding:0px 0px 0px 0px;\n}\n<\/style>\n<div  class='flex_column av-gib4vls-9d18e39c37f8d343c1fb0f05650abce0 av_one_half  avia-builder-el-5  el_after_av_one_half  el_before_av_hr  flex_column_div av-zero-column-padding  '     ><\/div>\n<div  class='hr av-fb3nsjk-cd71da9108cdaed2e6f32885192f149d hr-default  avia-builder-el-7  el_after_av_one_half  el_before_av_productgrid '><span class='hr-inner '><span class=\"hr-inner-style\"><\/span><\/span><\/div>\n<p>No products found which match your selection.<\/p><div class=\"clear\"><\/div>\n<div  class='flex_column av-elz3x5s-7cde0ae3ccd13f75c8c3ffd7e74027e9 av_one_third  avia-builder-el-9  el_after_av_productgrid  el_before_av_one_third  first flex_column_div  '     ><div  class='avia-button-wrap av-dw4u4g0-1da08226f4cd4385796a1c0b0d9f6d64-wrap avia-button-center  avia-builder-el-10  avia-builder-el-no-sibling '><a href='https:\/\/www.altei.cz\/hifi\/turntables-gramophones\/'  class='avia-button av-dw4u4g0-1da08226f4cd4385796a1c0b0d9f6d64 av-link-btn avia-icon_select-yes-left-icon avia-size-small avia-position-center avia-color-theme-color'   aria-label=\"Vyberte \u0161asi\"><span class='avia_button_icon avia_button_icon_left avia-iconfont avia-font-entypo-fontello' data-av_icon='\ue800' data-av_iconfont='entypo-fontello' ><\/span><span class='avia_iconbox_title' >Vyberte \u0161asi<\/span><\/a><\/div><\/div>\n\n<style type=\"text\/css\" data-created_by=\"avia_inline_auto\" id=\"style-css-av-dpppneo-ee48681196b4618b586dcfd9f034258b\">\n.flex_column.av-dpppneo-ee48681196b4618b586dcfd9f034258b{\nborder-radius:0px 0px 0px 0px;\npadding:0px 0px 0px 0px;\n}\n<\/style>\n<div  class='flex_column av-dpppneo-ee48681196b4618b586dcfd9f034258b av_one_third  avia-builder-el-11  el_after_av_one_third  el_before_av_one_third  flex_column_div av-zero-column-padding  '     ><section  class='av_textblock_section av-1bcbphc-93cad3610d8bb5ec5ba253312942d15e '   itemscope=\"itemscope\" itemtype=\"https:\/\/schema.org\/CreativeWork\" ><div class='avia_textblock'  itemprop=\"text\" ><p>Vyberte si spr\u00e1vn\u00e9 gramofonov\u00e9 \u0161asi a tu nejlep\u0161\u00ed p\u0159enosku pro v\u00e1\u0161 gramofon.<\/p>\n<\/div><\/section><\/div>\n\n<style type=\"text\/css\" data-created_by=\"avia_inline_auto\" id=\"style-css-av-ci15fa8-c8d20956db17312df8acd47086a5f901\">\n.flex_column.av-ci15fa8-c8d20956db17312df8acd47086a5f901{\nborder-radius:0px 0px 0px 0px;\npadding:0px 0px 0px 0px;\n}\n<\/style>\n<div  class='flex_column av-ci15fa8-c8d20956db17312df8acd47086a5f901 av_one_third  avia-builder-el-13  el_after_av_one_third  el_before_av_hr  flex_column_div av-zero-column-padding  '     ><div  class='avia-button-wrap av-c45ovwg-c5791f1fb54466b95cb43f5c70a87ef7-wrap avia-button-center  avia-builder-el-14  avia-builder-el-no-sibling '><a href='https:\/\/www.altei.cz\/hifi\/gramo-pickup-main\/'  class='avia-button av-c45ovwg-c5791f1fb54466b95cb43f5c70a87ef7 av-link-btn avia-icon_select-yes-left-icon avia-size-small avia-position-center avia-color-theme-color'   aria-label=\"A je\u0161t\u011b p\u0159enosku !\"><span class='avia_button_icon avia_button_icon_left avia-iconfont avia-font-entypo-fontello' data-av_icon='\ue800' data-av_iconfont='entypo-fontello' ><\/span><span class='avia_iconbox_title' >A je\u0161t\u011b p\u0159enosku !<\/span><\/a><\/div><\/div>\n<div  class='hr av-bpfidpc-fd558772d69bfb7b03ba0d81f9b7feb6 hr-default  avia-builder-el-15  el_after_av_one_third  el_before_av_partner '><span class='hr-inner '><span class=\"hr-inner-style\"><\/span><\/span><\/div>\n<div  class='avia-logo-element-container av-zrvb8y-0e122eb4c14ab3d239c65395108d5321 av-border-deactivate avia-logo-slider avia-content-slider avia-smallarrow-slider avia-content-slider-active noHover avia-content-slider-odd  avia-builder-el-16  el_after_av_hr  el_before_av_hr  av-slideshow-ui av-control-default av-nav-arrows-visible av-nav-dots-visible av-hide-nav-arrows av-slideshow-autoplay av-loop-endless av-loop-manual-endless avia-content-slider2' data-slideshow-options=\"{&quot;animation&quot;:&quot;slide&quot;,&quot;autoplay&quot;:true,&quot;loop_autoplay&quot;:&quot;endless&quot;,&quot;interval&quot;:5,&quot;loop_manual&quot;:&quot;manual-endless&quot;,&quot;autoplay_stopper&quot;:false,&quot;noNavigation&quot;:false,&quot;bg_slider&quot;:false,&quot;keep_padding&quot;:&quot;&quot;,&quot;hoverpause&quot;:false,&quot;show_slide_delay&quot;:0}\"><div class='avia-smallarrow-slider-heading '><div class='new-special-heading'><h3 class='av-logo-special-heading-text '>Dal\u0161\u00ed zna\u010dky<\/h3><\/div><div class='avia-slideshow-arrows avia-slideshow-controls' ><a href='#prev' class='prev-slide  avia-svg-icon avia-font-svg_entypo-fontello' data-av_svg_icon='left-open-big' data-av_iconset='svg_entypo-fontello' tabindex='-1' title=\"Previous\"><svg version=\"1.1\" xmlns=\"http:\/\/www.w3.org\/2000\/svg\" width=\"15\" height=\"32\" viewBox=\"0 0 15 32\" preserveAspectRatio=\"xMidYMid meet\" aria-labelledby='av-svg-title-1' aria-describedby='av-svg-desc-1' role=\"graphics-symbol\" aria-hidden=\"true\">\n<title id='av-svg-title-1'>Previous<\/title>\n<desc id='av-svg-desc-1'>Previous<\/desc>\n<path d=\"M14.464 27.84q0.832 0.832 0 1.536-0.832 0.832-1.536 0l-12.544-12.608q-0.768-0.768 0-1.6l12.544-12.608q0.704-0.832 1.536 0 0.832 0.704 0 1.536l-11.456 11.904z\"><\/path>\n<\/svg><span class='avia_hidden_link_text'>Previous<\/span><\/a><a href='#next' class='next-slide  avia-svg-icon avia-font-svg_entypo-fontello' data-av_svg_icon='right-open-big' data-av_iconset='svg_entypo-fontello' tabindex='-1' title=\"Next\"><svg version=\"1.1\" xmlns=\"http:\/\/www.w3.org\/2000\/svg\" width=\"15\" height=\"32\" viewBox=\"0 0 15 32\" preserveAspectRatio=\"xMidYMid meet\" aria-labelledby='av-svg-title-2' aria-describedby='av-svg-desc-2' role=\"graphics-symbol\" aria-hidden=\"true\">\n<title id='av-svg-title-2'>Next<\/title>\n<desc id='av-svg-desc-2'>Next<\/desc>\n<path d=\"M0.416 27.84l11.456-11.84-11.456-11.904q-0.832-0.832 0-1.536 0.832-0.832 1.536 0l12.544 12.608q0.768 0.832 0 1.6l-12.544 12.608q-0.704 0.832-1.536 0-0.832-0.704 0-1.536z\"><\/path>\n<\/svg><span class='avia_hidden_link_text'>Next<\/span><\/a><\/div><\/div><div class=\"avia-content-slider-inner\"><div class=\"slide-entry-wrap\"><div  class='slide-entry av-c0iyevm-a8daa9331c315d67d9490d217e5b5c1a flex_column no_margin av_one_fifth real-thumbnail post-entry slide-entry-overview slide-loop-1 slide-parity-odd  first'><\/div><div  class='slide-entry av-21hi1zm-d9f234114cd374ed4a79c2bd9172e4f2 flex_column no_margin av_one_fifth real-thumbnail post-entry slide-entry-overview slide-loop-2 slide-parity-even  '><\/div><div  class='slide-entry av-b2u004y-a245b9096e5e3061dd7955dd9363367c flex_column no_margin av_one_fifth real-thumbnail post-entry slide-entry-overview slide-loop-3 slide-parity-odd  '><\/div><div  class='slide-entry av-aybp8mq-e3fe7969b2f1ddbf31efa0fa2792b04d flex_column no_margin av_one_fifth real-thumbnail post-entry slide-entry-overview slide-loop-4 slide-parity-even  '><\/div><div  class='slide-entry av-1otg0lu-0ed0c5c92f586ed9582f94d1cf303955 flex_column no_margin av_one_fifth real-thumbnail post-entry slide-entry-overview slide-loop-5 slide-parity-odd  '><\/div><\/div><div class=\"slide-entry-wrap\"><div  class='slide-entry av-11gliya-32993685d55c3119b59d1ddd84147dfc flex_column no_margin av_one_fifth real-thumbnail post-entry slide-entry-overview slide-loop-6 slide-parity-odd  first'><\/div><div  class='slide-entry av-9reto4y-b21f69e6f5f3aff1f1ed80eb82427afc flex_column no_margin av_one_fifth real-thumbnail post-entry slide-entry-overview slide-loop-7 slide-parity-even  '><\/div><div  class='slide-entry av-9agkd2q-aaddefc2698e413f2720555311b66f6d flex_column no_margin av_one_fifth real-thumbnail post-entry slide-entry-overview slide-loop-8 slide-parity-odd  '><\/div><div  class='slide-entry av-8xa1vxu-e685fbd84d2fb242ccc60330c10386f9 flex_column no_margin av_one_fifth real-thumbnail post-entry slide-entry-overview slide-loop-9 slide-parity-even  '><\/div><div  class='slide-entry av-1boh9n6-bfa5c99859eb6a137b1a9e0f60c72035 flex_column no_margin av_one_fifth real-thumbnail post-entry slide-entry-overview slide-loop-10 slide-parity-odd  '><\/div><\/div><div class=\"slide-entry-wrap\"><div  class='slide-entry av-v2nx4i-36583de6256f2d2f504934eab1a1b53b flex_column no_margin av_one_fifth real-thumbnail post-entry slide-entry-overview slide-loop-11 slide-parity-odd  first'><\/div><div  class='slide-entry av-7xx9ewi-8348f1030eccf4a9c982fc3e21531959 flex_column no_margin av_one_fifth real-thumbnail post-entry slide-entry-overview slide-loop-12 slide-parity-even  '><\/div><div  class='slide-entry av-7om4ihe-06023466088729bc2ba401ba337b23b6 flex_column no_margin av_one_fifth real-thumbnail post-entry slide-entry-overview slide-loop-13 slide-parity-odd  '><\/div><div  class='slide-entry av-72snc36-a61126ec36b730f974048ccf8391d82b flex_column no_margin av_one_fifth real-thumbnail post-entry slide-entry-overview slide-loop-14 slide-parity-even  '><\/div><div  class='slide-entry av-6l9wpte-e56f92f943c95e48bf410cc7f8025721 flex_column no_margin av_one_fifth real-thumbnail post-entry slide-entry-overview slide-loop-15 slide-parity-odd  '><\/div><\/div><div class=\"slide-entry-wrap\"><div  class='slide-entry av-66b1a6q-a2ff7e0f82fdc6c99971365c4ad10272 flex_column no_margin av_one_fifth real-thumbnail post-entry slide-entry-overview slide-loop-16 slide-parity-odd  first'><\/div><div  class='slide-entry av-kbm0r6-db2d0352553dbaa0b7f49f92f1e7e112 flex_column no_margin av_one_fifth real-thumbnail post-entry slide-entry-overview slide-loop-17 slide-parity-even  '><\/div><div  class='slide-entry av-5i23j0y-1b5fc8d73f49ec6d710c5ee5b852ddcb flex_column no_margin av_one_fifth real-thumbnail post-entry slide-entry-overview slide-loop-18 slide-parity-odd  '><\/div><div  class='slide-entry av-gx55ma-26a4a195ab680472db9cd9f53aff59c9 flex_column no_margin av_one_fifth real-thumbnail post-entry slide-entry-overview slide-loop-19 slide-parity-even  '><\/div><div  class='slide-entry av-4hp3weq-d2865279f04818832939c4adf071e34f flex_column no_margin av_one_fifth real-thumbnail post-entry slide-entry-overview slide-loop-20 slide-parity-odd  '><\/div><\/div><div class=\"slide-entry-wrap\"><div  class='slide-entry av-3xhz7aq-768e4a1a81c55c9052b0c86d4e5e59a2 flex_column no_margin av_one_fifth real-thumbnail post-entry slide-entry-overview slide-loop-21 slide-parity-odd  first'><\/div><div  class='slide-entry av-3aczmtu-01c81c1219a00812bbc115083ab790cf flex_column no_margin av_one_fifth real-thumbnail post-entry slide-entry-overview slide-loop-22 slide-parity-even  '><\/div><div  class='slide-entry av-2syprle-97e20ab446b8af03e465c3f733aa04ef flex_column no_margin av_one_fifth real-thumbnail post-entry slide-entry-overview slide-loop-23 slide-parity-odd  '><\/div><div  class='slide-entry av-2p4trw2-d6f750ce741e4e21cea8a4a8d38cae33 flex_column no_margin av_one_fifth real-thumbnail post-entry slide-entry-overview slide-loop-24 slide-parity-even  '><\/div><div  class='slide-entry av-235c4aa-0d5ab7b6f32dfd3c5fcb574b4f4cbb26 flex_column no_margin av_one_fifth real-thumbnail post-entry slide-entry-overview slide-loop-25 slide-parity-odd  '><\/div><\/div><div class=\"slide-entry-wrap\"><div  class='slide-entry av-1p4r93m-4a0becd8de7105dfcdc89fb245f0449a flex_column no_margin av_one_fifth real-thumbnail post-entry slide-entry-overview slide-loop-26 slide-parity-odd  first'><\/div><div  class='slide-entry av-13is4xe-bbac9c948cab3462bfa3db7ac6eb3e3e flex_column no_margin av_one_fifth real-thumbnail post-entry slide-entry-overview slide-loop-27 slide-parity-even  '><\/div><div  class='slide-entry av-33erw2-0fd7c2612338872bfd72dca33a5b6aee flex_column no_margin av_one_fifth real-thumbnail post-entry slide-entry-overview slide-loop-28 slide-parity-odd post-entry-last '><\/div><\/div><\/div><div class='avia-slideshow-dots avia-slideshow-controls'><a href='#1' class='goto-slide active' >1<\/a><a href='#2' class='goto-slide ' >2<\/a><a href='#3' class='goto-slide ' >3<\/a><a href='#4' class='goto-slide ' >4<\/a><a href='#5' class='goto-slide ' >5<\/a><a href='#6' class='goto-slide ' >6<\/a><\/div><\/div>\n<div  class='hr av-o2ko68-e2e14deddc33d9c8db406b181bb48394 hr-default  avia-builder-el-17  el_after_av_partner  avia-builder-el-last '><span class='hr-inner '><span class=\"hr-inner-style\"><\/span><\/span><\/div>\n","protected":false},"excerpt":{"rendered":"<p>This is a Page excerpt. It will be displayed for search results<\/p>\n","protected":false},"author":1,"featured_media":0,"parent":0,"menu_order":0,"comment_status":"open","ping_status":"open","template":"","meta":{"footnotes":""},"class_list":["post-11904","page","type-page","status-publish","hentry"],"aioseo_notices":[],"jetpack_sharing_enabled":true,"_links":{"self":[{"href":"https:\/\/www.altei.cz\/hifi\/wp-json\/wp\/v2\/pages\/11904","targetHints":{"allow":["GET"]}}],"collection":[{"href":"https:\/\/www.altei.cz\/hifi\/wp-json\/wp\/v2\/pages"}],"about":[{"href":"https:\/\/www.altei.cz\/hifi\/wp-json\/wp\/v2\/types\/page"}],"author":[{"embeddable":true,"href":"https:\/\/www.altei.cz\/hifi\/wp-json\/wp\/v2\/users\/1"}],"replies":[{"embeddable":true,"href":"https:\/\/www.altei.cz\/hifi\/wp-json\/wp\/v2\/comments?post=11904"}],"version-history":[{"count":0,"href":"https:\/\/www.altei.cz\/hifi\/wp-json\/wp\/v2\/pages\/11904\/revisions"}],"wp:attachment":[{"href":"https:\/\/www.altei.cz\/hifi\/wp-json\/wp\/v2\/media?parent=11904"}],"curies":[{"name":"wp","href":"https:\/\/api.w.org\/{rel}","templated":true}]}}