{"id":12697,"date":"2015-10-15T16:39:28","date_gmt":"2015-10-15T14:39:28","guid":{"rendered":"http:\/\/www.altei.cz\/alteihomepage\/discoveryone-by-keith-monks\/"},"modified":"2022-06-01T20:51:08","modified_gmt":"2022-06-01T18:51:08","slug":"orb-disc-flattener","status":"publish","type":"page","link":"https:\/\/www.altei.cz\/hifi\/orb-disc-flattener\/","title":{"rendered":"ORB Disc Flattener"},"content":{"rendered":"<div id='layer_slider_1'  class='avia-layerslider main_color avia-shadow  avia-builder-el-0  el_before_av_submenu  avia-builder-el-first  container_wrap sidebar_right'  style='height: 471px;'  ><\/div>\n<div class='clear'><\/div><div id='sub_menu1'  class='av-submenu-container av-vujvcbd-1c0dcfcc3a2d8b8e6aac74da7667330f main_color  avia-builder-el-1  el_after_av_layerslider  el_before_av_one_full  av-sticky-submenu submenu-not-first container_wrap sidebar_right' style='z-index:301' ><div class='container av-menu-mobile-disabled av-submenu-pos-center'><ul id=\"menu-orb-submenu\" class=\"av-subnav-menu\" role=\"menu\"><li role=\"menuitem\" id=\"menu-item-39079\" class=\"menu-item menu-item-type-custom menu-item-object-custom menu-item-top-level menu-item-top-level-1\"><a href=\"#orb3\" itemprop=\"url\" tabindex=\"0\"><span class=\"avia-bullet\"><\/span><span class=\"avia-menu-text\">DF-01IA+<\/span><span class=\"avia-menu-fx\"><span class=\"avia-arrow-wrap\"><span class=\"avia-arrow\"><\/span><\/span><\/span><\/a><\/li>\n<li role=\"menuitem\" id=\"menu-item-39080\" class=\"menu-item menu-item-type-custom menu-item-object-custom menu-item-top-level menu-item-top-level-2\"><a href=\"#orb1\" itemprop=\"url\" tabindex=\"0\"><span class=\"avia-bullet\"><\/span><span class=\"avia-menu-text\">DF-01iA<\/span><span class=\"avia-menu-fx\"><span class=\"avia-arrow-wrap\"><span class=\"avia-arrow\"><\/span><\/span><\/span><\/a><\/li>\n<\/ul><\/div><\/div><div class='sticky_placeholder'><\/div><div id='after_submenu_1'  class='main_color av_default_container_wrap container_wrap sidebar_right'  ><div class='container av-section-cont-open' ><div class='template-page content  av-content-small alpha units'><div class='post-entry post-entry-type-page post-entry-12697'><div class='entry-content-wrapper clearfix'>\n<div  class='flex_column av-bd5cpl-972e6b3a76d5bb0166a2ebae0b84e706 av_one_full  avia-builder-el-2  el_after_av_submenu  el_before_av_section  avia-builder-el-no-sibling  first flex_column_div  '     ><section  class='av_textblock_section av-utra5nd-f5797a341694949a4572772e071a0fed '   itemscope=\"itemscope\" itemtype=\"https:\/\/schema.org\/CreativeWork\" ><div class='avia_textblock'  itemprop=\"text\" ><p>Japonsk\u00e1 spole\u010dnost ORB (JAI Co.,Ltd) se soust\u0159ed\u00ed na \u0161pi\u010dkov\u00e9 dopl\u0148ky pro audiofilsk\u00e1 za\u0159\u00edzen\u00ed. Obliba\u00a0vinyl\u016f po cel\u00e9m sv\u011bt\u011b stoup\u00e1 a s t\u00edm i pot\u0159eba mo\u017enosti srovn\u00e1n\u00ed pok\u0159iven\u00e9ho v\u00fdlisku gramofonov\u00e9 desky. Nejen star\u0161\u00ed \u0161patn\u011b ulo\u017een\u00e9 gramofonov\u00e9 desky mohou b\u00fdt prohnut\u00e9 nebo jinak zak\u0159iven\u00e9, tento probl\u00e9m se nevyh\u00fdb\u00e1 ani aktu\u00e1ln\u00edm nov\u00fdm v\u00fdlisk\u016fm. Pro obnoven\u00ed co nejlep\u0161\u00edho p\u0159ednesu\u00a0je n\u011bkdy lep\u0161\u00ed desku nejprve narovnat. ORB nab\u00edz\u00ed hned dv\u011b mo\u017enosti &#8211; pece na rovn\u00e1n\u00ed gramofonov\u00fdch desek.<\/p>\n<\/div><\/section><\/div>\n<\/div><\/div><\/div><!-- close content main div --><\/div><\/div><div id='orb1'  class='avia-section av-2rtzf09-b4be05fb9e5251b4bd18eb3e6438ef03 main_color avia-section-default avia-no-shadow  avia-builder-el-4  el_after_av_one_full  el_before_av_section  avia-bg-style-scroll container_wrap sidebar_right'  ><div class='container av-section-cont-open' ><div class='template-page content  av-content-small alpha units'><div class='post-entry post-entry-type-page post-entry-12697'><div class='entry-content-wrapper clearfix'>\n<div  class='flex_column av-r5pggux-569027ceba7b319f5d783962c1599d40 av_one_half  avia-builder-el-5  el_before_av_one_half  avia-builder-el-first  first flex_column_div  '     ><style type=\"text\/css\" data-created_by=\"avia_inline_auto\" id=\"style-css-av-qung6yh-321dce685999df1369268e7ef2719858\">\n#top .avia-gallery.av-qung6yh-321dce685999df1369268e7ef2719858 .avia-gallery-thumb a{\nwidth:20%;\n}\n<\/style>\n<div  class='avia-gallery av-qung6yh-321dce685999df1369268e7ef2719858 avia_animate_when_visible  avia-builder-el-6  avia-builder-el-no-sibling  avia_lazyload av-slideshow-ui av-loop-manual-endless av-control-hidden av-navigate-arrows av-navigate-dots hover-effect av-control-hidden avia-gallery-animate avia-gallery-1'  itemprop=\"image\" itemscope=\"itemscope\" itemtype=\"https:\/\/schema.org\/ImageObject\" ><meta itemprop=\"contentURL\" content=\"https:\/\/www.altei.cz\/hifi\/orb-disc-flattener\/\"><div class='avia-gallery-big-wrapper'><a class='avia-gallery-big fakeLightbox lightbox avia-gallery-big-no-crop-thumb ' href=\"https:\/\/www.altei.cz\/hifi\/wp-content\/uploads\/2022\/06\/DF-01i-1030x717-1.jpg\" data-srcset=\"https:\/\/www.altei.cz\/hifi\/wp-content\/uploads\/2022\/06\/DF-01i-1030x717-1.jpg 1030w, https:\/\/www.altei.cz\/hifi\/wp-content\/uploads\/2022\/06\/DF-01i-1030x717-1-600x418.jpg 600w, https:\/\/www.altei.cz\/hifi\/wp-content\/uploads\/2022\/06\/DF-01i-1030x717-1-300x209.jpg 300w, https:\/\/www.altei.cz\/hifi\/wp-content\/uploads\/2022\/06\/DF-01i-1030x717-1-768x535.jpg 768w, https:\/\/www.altei.cz\/hifi\/wp-content\/uploads\/2022\/06\/DF-01i-1030x717-1-705x491.jpg 705w\" data-sizes=\"(max-width: 1030px) 100vw, 1030px\"  data-onclick='1' title='DF01iA' ><span class='avia-gallery-big-inner'  itemprop=\"thumbnailUrl\" ><img decoding=\"async\" fetchpriority=\"high\" class=\"wp-image-39082 avia-img-lazy-loading-not-39082\"  width=\"495\" height=\"400\" src=\"https:\/\/www.altei.cz\/hifi\/wp-content\/uploads\/2022\/06\/DF-01i-1030x717-1-495x400.jpg\" title='DF-01i-1030x717-1' alt='' srcset=\"https:\/\/www.altei.cz\/hifi\/wp-content\/uploads\/2022\/06\/DF-01i-1030x717-1-495x400.jpg 495w, https:\/\/www.altei.cz\/hifi\/wp-content\/uploads\/2022\/06\/DF-01i-1030x717-1-845x684.jpg 845w\" sizes=\"(max-width: 495px) 100vw, 495px\" \/><span class='avia-gallery-caption'>DF01iA<\/span><\/span><\/a><\/div><div class='avia-gallery-thumb'><a href=\"https:\/\/www.altei.cz\/hifi\/wp-content\/uploads\/2022\/06\/DF-01i-1030x717-1.jpg\" data-srcset=\"https:\/\/www.altei.cz\/hifi\/wp-content\/uploads\/2022\/06\/DF-01i-1030x717-1.jpg 1030w, https:\/\/www.altei.cz\/hifi\/wp-content\/uploads\/2022\/06\/DF-01i-1030x717-1-600x418.jpg 600w, https:\/\/www.altei.cz\/hifi\/wp-content\/uploads\/2022\/06\/DF-01i-1030x717-1-300x209.jpg 300w, https:\/\/www.altei.cz\/hifi\/wp-content\/uploads\/2022\/06\/DF-01i-1030x717-1-768x535.jpg 768w, https:\/\/www.altei.cz\/hifi\/wp-content\/uploads\/2022\/06\/DF-01i-1030x717-1-705x491.jpg 705w\" data-sizes=\"(max-width: 1030px) 100vw, 1030px\" data-rel='gallery-1' data-prev-img='https:\/\/www.altei.cz\/hifi\/wp-content\/uploads\/2022\/06\/DF-01i-1030x717-1-495x400.jpg' class='first_thumb lightbox ' data-onclick='1' title='DF01iA'  itemprop=\"thumbnailUrl\"  ><img decoding=\"async\" fetchpriority=\"high\" class=\"wp-image-39082 avia-img-lazy-loading-not-39082\"  data-avia-tooltip='DF01iA' src=\"https:\/\/www.altei.cz\/hifi\/wp-content\/uploads\/2022\/06\/DF-01i-1030x717-1-495x400.jpg\" width=\"495\" height=\"400\"  title='DF-01i-1030x717-1' alt='' srcset=\"https:\/\/www.altei.cz\/hifi\/wp-content\/uploads\/2022\/06\/DF-01i-1030x717-1-495x400.jpg 495w, https:\/\/www.altei.cz\/hifi\/wp-content\/uploads\/2022\/06\/DF-01i-1030x717-1-845x684.jpg 845w\" sizes=\"(max-width: 495px) 100vw, 495px\" \/><div class='big-prev-fake'><img decoding=\"async\" loading=\"lazy\" class=\"wp-image-39082 avia-img-lazy-loading-39082\"  width=\"495\" height=\"400\" src=\"https:\/\/www.altei.cz\/hifi\/wp-content\/uploads\/2022\/06\/DF-01i-1030x717-1-495x400.jpg\" title='DF-01i-1030x717-1' alt='' srcset=\"https:\/\/www.altei.cz\/hifi\/wp-content\/uploads\/2022\/06\/DF-01i-1030x717-1-495x400.jpg 495w, https:\/\/www.altei.cz\/hifi\/wp-content\/uploads\/2022\/06\/DF-01i-1030x717-1-845x684.jpg 845w\" sizes=\"auto, (max-width: 495px) 100vw, 495px\" \/><\/div><\/a><\/div><\/div><\/div><div  class='flex_column av-qdce2e1-49e0fffee9b5efac3f83ab141f0aa4b9 av_one_half  avia-builder-el-7  el_after_av_one_half  avia-builder-el-last  flex_column_div  '     ><section  class='av_textblock_section av-pw5wz6h-e9511ec451432861f3b982768a5232e5 '   itemscope=\"itemscope\" itemtype=\"https:\/\/schema.org\/CreativeWork\" ><div class='avia_textblock'  itemprop=\"text\" ><p><strong>Pec na rovn\u00e1n\u00ed vinylov\u00fdch gramofonov\u00fdch desek DF-01iA+<\/strong><\/p>\n<p><strong>\u00a0<\/strong><\/p>\n<ul>\n<li>pec se stabilizac\u00ed teploty<\/li>\n<li>ur\u010deno pro vinylov\u00e9 desky 7&#8243;,\u00a010&#8243;a 12&#8243;<\/li>\n<li>ur\u010deno pro vinylov\u00e9 desky flat i s Groove Guard<\/li>\n<li>maxim\u00e1ln\u00ed nastaviteln\u00e1 teplota 65\u00b0C<\/li>\n<li>provozn\u00ed teplota okol\u00ed\u00a0 a\u017e 40\u00b0C<\/li>\n<li>provozn\u00ed vlhkost prost\u0159ed\u00ed 20 a\u017e 90%<\/li>\n<li>p\u0159\u00edkon 300W<\/li>\n<li>Rozm\u011bry 475 \u00a0x 75 \u00a0x 554 mm<\/li>\n<li>Hmotnost 17kg<\/li>\n<\/ul>\n<\/div><\/section><\/div><\/div><\/div><\/div><!-- close content main div --><\/div><\/div><div id='orb3'  class='avia-section av-2k3cjw9-7dd7677b3650780be84a4d315a79b9fb main_color avia-section-default avia-no-shadow  avia-builder-el-9  el_after_av_section  el_before_av_one_full  avia-bg-style-scroll container_wrap sidebar_right'  ><div class='container av-section-cont-open' ><div class='template-page content  av-content-small alpha units'><div class='post-entry post-entry-type-page post-entry-12697'><div class='entry-content-wrapper clearfix'>\n<div  class='flex_column av-p0jx1i1-4ce8454fe63e7508a94e876a8faf1ad3 av_one_half  avia-builder-el-10  el_before_av_one_half  avia-builder-el-first  first flex_column_div  '     ><section  class='av_textblock_section av-olo0rw9-108f78ab7f5676b0623933c8faf6a79e '   itemscope=\"itemscope\" itemtype=\"https:\/\/schema.org\/CreativeWork\" ><div class='avia_textblock'  itemprop=\"text\" ><p><strong>Pec na rovn\u00e1n\u00ed vinylov\u00fdch gramofonov\u00fdch desek DF-01iA<\/strong><\/p>\n<p><strong>\u00a0<\/strong><\/p>\n<ul>\n<li>pec se stabilizac\u00ed teploty<\/li>\n<li>ur\u010deno pro vinylov\u00e9 desky 7&#8243; a 12&#8243;<\/li>\n<li>ur\u010deno pro vinylov\u00e9 desky s Groove Guard<\/li>\n<li>maxim\u00e1ln\u00ed nastaviteln\u00e1 teplota 65\u00b0C<\/li>\n<li>provozn\u00ed teplota okol\u00ed\u00a0 a\u017e 40\u00b0C<\/li>\n<li>provozn\u00ed vlhkost prost\u0159ed\u00ed 20 a\u017e 90%<\/li>\n<li>p\u0159\u00edkon 300W<\/li>\n<li>Rozm\u011bry 475 \u00a0x 75 \u00a0x 554 mm<\/li>\n<li>Hmotnost 17kg<\/li>\n<\/ul>\n<\/div><\/section><\/div><div  class='flex_column av-o45p5qx-1a6793f9d4d68d312e66062e0eda9006 av_one_half  avia-builder-el-12  el_after_av_one_half  avia-builder-el-last  flex_column_div  '     ><style type=\"text\/css\" data-created_by=\"avia_inline_auto\" id=\"style-css-av-niih17d-a4a94301c3bab49b1488f9fee615bff0\">\n#top .avia-gallery.av-niih17d-a4a94301c3bab49b1488f9fee615bff0 .avia-gallery-thumb a{\nwidth:20%;\n}\n<\/style>\n<div  class='avia-gallery av-niih17d-a4a94301c3bab49b1488f9fee615bff0 avia_animate_when_visible  avia-builder-el-13  avia-builder-el-no-sibling  avia_lazyload av-slideshow-ui av-loop-manual-endless av-control-hidden av-navigate-arrows av-navigate-dots hover-effect av-control-hidden avia-gallery-animate avia-gallery-2'  itemprop=\"image\" itemscope=\"itemscope\" itemtype=\"https:\/\/schema.org\/ImageObject\" ><meta itemprop=\"contentURL\" content=\"https:\/\/www.altei.cz\/hifi\/orb-disc-flattener\/\"><div class='avia-gallery-big-wrapper'><a class='avia-gallery-big fakeLightbox lightbox avia-gallery-big-no-crop-thumb ' href=\"https:\/\/www.altei.cz\/hifi\/wp-content\/uploads\/2022\/06\/df01iaplus01_bk_big.jpg\" data-srcset=\"https:\/\/www.altei.cz\/hifi\/wp-content\/uploads\/2022\/06\/df01iaplus01_bk_big.jpg 800w, https:\/\/www.altei.cz\/hifi\/wp-content\/uploads\/2022\/06\/df01iaplus01_bk_big-600x429.jpg 600w, https:\/\/www.altei.cz\/hifi\/wp-content\/uploads\/2022\/06\/df01iaplus01_bk_big-300x215.jpg 300w, https:\/\/www.altei.cz\/hifi\/wp-content\/uploads\/2022\/06\/df01iaplus01_bk_big-768x549.jpg 768w, https:\/\/www.altei.cz\/hifi\/wp-content\/uploads\/2022\/06\/df01iaplus01_bk_big-260x185.jpg 260w, https:\/\/www.altei.cz\/hifi\/wp-content\/uploads\/2022\/06\/df01iaplus01_bk_big-705x504.jpg 705w\" data-sizes=\"(max-width: 800px) 100vw, 800px\"  data-onclick='1' title='DF01iA+' ><span class='avia-gallery-big-inner'  itemprop=\"thumbnailUrl\" ><img decoding=\"async\" fetchpriority=\"high\" class=\"wp-image-39085 avia-img-lazy-loading-not-39085\"  width=\"495\" height=\"400\" src=\"https:\/\/www.altei.cz\/hifi\/wp-content\/uploads\/2022\/06\/df01iaplus01_bk_big-495x400.jpg\" title='df01iaplus01_bk_big' alt='' \/><span class='avia-gallery-caption'>DF01iA+<\/span><\/span><\/a><\/div><div class='avia-gallery-thumb'><a href=\"https:\/\/www.altei.cz\/hifi\/wp-content\/uploads\/2022\/06\/df01iaplus01_bk_big.jpg\" data-srcset=\"https:\/\/www.altei.cz\/hifi\/wp-content\/uploads\/2022\/06\/df01iaplus01_bk_big.jpg 800w, https:\/\/www.altei.cz\/hifi\/wp-content\/uploads\/2022\/06\/df01iaplus01_bk_big-600x429.jpg 600w, https:\/\/www.altei.cz\/hifi\/wp-content\/uploads\/2022\/06\/df01iaplus01_bk_big-300x215.jpg 300w, https:\/\/www.altei.cz\/hifi\/wp-content\/uploads\/2022\/06\/df01iaplus01_bk_big-768x549.jpg 768w, https:\/\/www.altei.cz\/hifi\/wp-content\/uploads\/2022\/06\/df01iaplus01_bk_big-260x185.jpg 260w, https:\/\/www.altei.cz\/hifi\/wp-content\/uploads\/2022\/06\/df01iaplus01_bk_big-705x504.jpg 705w\" data-sizes=\"(max-width: 800px) 100vw, 800px\" data-rel='gallery-2' data-prev-img='https:\/\/www.altei.cz\/hifi\/wp-content\/uploads\/2022\/06\/df01iaplus01_bk_big-495x400.jpg' class='first_thumb lightbox ' data-onclick='1' title='DF01iA+'  itemprop=\"thumbnailUrl\"  ><img decoding=\"async\" fetchpriority=\"high\" class=\"wp-image-39085 avia-img-lazy-loading-not-39085\"  data-avia-tooltip='DF01iA+' src=\"https:\/\/www.altei.cz\/hifi\/wp-content\/uploads\/2022\/06\/df01iaplus01_bk_big-495x400.jpg\" width=\"495\" height=\"400\"  title='df01iaplus01_bk_big' alt='' \/><div class='big-prev-fake'><img decoding=\"async\" loading=\"lazy\" class=\"wp-image-39085 avia-img-lazy-loading-39085\"  width=\"495\" height=\"400\" src=\"https:\/\/www.altei.cz\/hifi\/wp-content\/uploads\/2022\/06\/df01iaplus01_bk_big-495x400.jpg\" title='df01iaplus01_bk_big' alt='' \/><\/div><\/a><\/div><\/div><\/div><\/div><\/div><\/div><!-- close content main div --><\/div><\/div><div id='after_section_2'  class='main_color av_default_container_wrap container_wrap sidebar_right'  ><div class='container av-section-cont-open' ><div class='template-page content  av-content-small alpha units'><div class='post-entry post-entry-type-page post-entry-12697'><div class='entry-content-wrapper clearfix'><div  class='flex_column av-av_one_full-516b7eac7a9c6cd1b746245801c7486c av_one_full  avia-builder-el-14  el_after_av_section  avia-builder-el-no-sibling  first flex_column_div  '     ><p>\n<style type=\"text\/css\" data-created_by=\"avia_inline_auto\" id=\"style-css-av-av_heading-9270d40b089302d7a3e54ccefedee7e9\">\n#top .av-special-heading.av-av_heading-9270d40b089302d7a3e54ccefedee7e9{\npadding-bottom:0;\n}\nbody .av-special-heading.av-av_heading-9270d40b089302d7a3e54ccefedee7e9 .av-special-heading-tag .heading-char{\nfont-size:25px;\n}\n.av-special-heading.av-av_heading-9270d40b089302d7a3e54ccefedee7e9 .av-subheading{\nfont-size:15px;\n}\n<\/style>\n<div  class='av-special-heading av-av_heading-9270d40b089302d7a3e54ccefedee7e9 av-special-heading-h3  avia-builder-el-15  el_before_av_codeblock  avia-builder-el-first '><h3 class='av-special-heading-tag '  itemprop=\"headline\"  >Dal\u0161\u00ed zna\u010dky<\/h3><div class=\"special-heading-border\"><div class=\"special-heading-inner-border\"><\/div><\/div><\/div><br \/>\n<\/p><\/div><\/p>\n","protected":false},"excerpt":{"rendered":"<p>This is a Page excerpt. It will be displayed for search results<\/p>\n","protected":false},"author":1,"featured_media":0,"parent":0,"menu_order":0,"comment_status":"open","ping_status":"closed","template":"","meta":{"footnotes":""},"class_list":["post-12697","page","type-page","status-publish","hentry"],"aioseo_notices":[],"jetpack_sharing_enabled":true,"_links":{"self":[{"href":"https:\/\/www.altei.cz\/hifi\/wp-json\/wp\/v2\/pages\/12697","targetHints":{"allow":["GET"]}}],"collection":[{"href":"https:\/\/www.altei.cz\/hifi\/wp-json\/wp\/v2\/pages"}],"about":[{"href":"https:\/\/www.altei.cz\/hifi\/wp-json\/wp\/v2\/types\/page"}],"author":[{"embeddable":true,"href":"https:\/\/www.altei.cz\/hifi\/wp-json\/wp\/v2\/users\/1"}],"replies":[{"embeddable":true,"href":"https:\/\/www.altei.cz\/hifi\/wp-json\/wp\/v2\/comments?post=12697"}],"version-history":[{"count":0,"href":"https:\/\/www.altei.cz\/hifi\/wp-json\/wp\/v2\/pages\/12697\/revisions"}],"wp:attachment":[{"href":"https:\/\/www.altei.cz\/hifi\/wp-json\/wp\/v2\/media?parent=12697"}],"curies":[{"name":"wp","href":"https:\/\/api.w.org\/{rel}","templated":true}]}}