{"id":20141,"date":"2017-01-16T18:14:01","date_gmt":"2017-01-16T17:14:01","guid":{"rendered":"https:\/\/www.altei.cz\/high-end-av-2\/sony-vpl-gtz1\/"},"modified":"2023-06-06T11:15:24","modified_gmt":"2023-06-06T09:15:24","slug":"sony-vpl-gtz1","status":"publish","type":"page","link":"https:\/\/www.altei.cz\/hifi\/sony-vpl-gtz1\/","title":{"rendered":"Sony VPL-GTZ1"},"content":{"rendered":"\n<p><\/p>\n\n\n<div id='layer_slider_1'  class='avia-layerslider main_color avia-shadow  avia-builder-el-0  el_before_av_partner  avia-builder-el-first  container_wrap sidebar_right'  style='height: 471px;'  ><\/div><div id='after_layer_slider_1'  class='main_color av_default_container_wrap container_wrap sidebar_right'  ><div class='container av-section-cont-open' ><div class='template-page content  av-content-small alpha units'><div class='post-entry post-entry-type-page post-entry-20141'><div class='entry-content-wrapper clearfix'>\n<div  class='avia-logo-element-container av-dvvyxvx-b776e538369d305ee1835f63195ca7ff av-border-deactivate avia-logo-slider avia-content-slider avia-smallarrow-slider avia-content-slider-active noHover avia-content-slider-even  avia-builder-el-1  el_after_av_layerslider  el_before_av_heading  avia-builder-el-first  av-slideshow-ui av-control-hidden av-nav-arrows-visible av-nav-dots-visible av-no-slider-navigation av-hide-nav-arrows av-slideshow-manual av-loop-once av-loop-manual-endless avia-content-slider1' data-slideshow-options=\"{&quot;animation&quot;:&quot;slide&quot;,&quot;autoplay&quot;:false,&quot;loop_autoplay&quot;:&quot;once&quot;,&quot;interval&quot;:5,&quot;loop_manual&quot;:&quot;manual-endless&quot;,&quot;autoplay_stopper&quot;:false,&quot;noNavigation&quot;:true,&quot;bg_slider&quot;:false,&quot;keep_padding&quot;:&quot;&quot;,&quot;hoverpause&quot;:false,&quot;show_slide_delay&quot;:0}\"><div class='avia-smallarrow-slider-heading  no-logo-slider-heading '><\/div><div class=\"avia-content-slider-inner\"><div class=\"slide-entry-wrap\"><div  class='slide-entry av-dk8gx1p-352ae55758ce791e4bdc3a2bf81a03cd flex_column no_margin av_one_eighth real-thumbnail post-entry slide-entry-overview slide-loop-1 slide-parity-odd  first'><\/div><div  class='slide-entry av-d05i965-d95c04210540883a0b558ee966bce40e flex_column no_margin av_one_eighth real-thumbnail post-entry slide-entry-overview slide-loop-2 slide-parity-even  '><\/div><div  class='slide-entry av-cuk9qp9-178ea9eedf8c1f1b863a6cf1a44e78fb flex_column no_margin av_one_eighth real-thumbnail post-entry slide-entry-overview slide-loop-3 slide-parity-odd  '><\/div><div  class='slide-entry av-c5jvwjx-f91b7042ff629e84e19b605349ed5282 flex_column no_margin av_one_eighth real-thumbnail post-entry slide-entry-overview slide-loop-4 slide-parity-even  '><\/div><div  class='slide-entry av-bmhptv1-d7bad761fe0d5280db2a775abca6fe97 flex_column no_margin av_one_eighth real-thumbnail post-entry slide-entry-overview slide-loop-5 slide-parity-odd  '><\/div><div  class='slide-entry av-bfpm3u5-33317693ea4e8c839a3a9cc704668e58 flex_column no_margin av_one_eighth real-thumbnail post-entry slide-entry-overview slide-loop-6 slide-parity-even  '><\/div><div  class='slide-entry av-12d7xu5-26581c715b49d3dfacd71a496ed19920 flex_column no_margin av_one_eighth real-thumbnail post-entry slide-entry-overview slide-loop-7 slide-parity-odd  '><\/div><div  class='slide-entry av-ac4riwd-988bab6cd6700088ad51e202f39889b4 flex_column no_margin av_one_eighth real-thumbnail post-entry slide-entry-overview slide-loop-8 slide-parity-even post-entry-last '><\/div><\/div><\/div><\/div>\n\n<style type=\"text\/css\" data-created_by=\"avia_inline_auto\" id=\"style-css-av-9urk8jx-3af26e039a38a146b88edc6241cdbcf5\">\n#top .av-special-heading.av-9urk8jx-3af26e039a38a146b88edc6241cdbcf5{\npadding-bottom:10px;\n}\nbody .av-special-heading.av-9urk8jx-3af26e039a38a146b88edc6241cdbcf5 .av-special-heading-tag .heading-char{\nfont-size:25px;\n}\n.av-special-heading.av-9urk8jx-3af26e039a38a146b88edc6241cdbcf5 .av-subheading{\nfont-size:15px;\n}\n<\/style>\n<div  class='av-special-heading av-9urk8jx-3af26e039a38a146b88edc6241cdbcf5 av-special-heading-h3  avia-builder-el-2  el_after_av_partner  el_before_av_one_half '><h3 class='av-special-heading-tag '  itemprop=\"headline\"  >SONY VPL-GTZ1 &#8211; 4K projektor pro ultrakr\u00e1tkou projek\u010dn\u00ed vzd\u00e1lenost<\/h3><div class=\"special-heading-border\"><div class=\"special-heading-inner-border\"><\/div><\/div><\/div>\n<div  class='flex_column av-xtqb4d-a64c9e942dc436800d6aa41cbbe31110 av_one_half  avia-builder-el-3  el_after_av_heading  el_before_av_one_half  first flex_column_div  '     ><p><section  class='av_textblock_section av-8tyhwlp-3bb0f20f640c503af966280441523620 '   itemscope=\"itemscope\" itemtype=\"https:\/\/schema.org\/CreativeWork\" ><div class='avia_textblock'  itemprop=\"text\" ><p>Projektor pro \u0161pi\u010dkov\u00e9 dom\u00e1c\u00ed kino ur\u010den\u00fd pro projekci z ultra kr\u00e1tk\u00e9 vzd\u00e1lenosti s rozli\u0161en\u00edm True 4K.<\/p>\n<p>Projektor pou\u017e\u00edv\u00e1 laserov\u00fd zdroj sv\u011btla s \u017eivotnost\u00ed a\u017e 20.000 provozn\u00edch hodin. Poskytuje sv\u011bteln\u00fd tok 2.000 lm a dynamick\u00fd kontrast v\u00edce ne\u017e 1.000.000 : 1.<\/p>\n<p>Tento projektor nab\u00edz\u00ed p\u0159edev\u0161\u00edm pln\u00e9 4K rozli\u0161en\u00ed, tedy 4.096 \u00d7 2.160 obrazov\u00fdch bod\u016f, zn\u00e1m\u00e9 p\u0159edev\u0161\u00edm z oblasti velk\u00fdch digit\u00e1ln\u00edch kin. V pln\u00e9m rozli\u0161en\u00ed umo\u017e\u0148uje jak projekci 2D tak i 3D s vyu\u017eit\u00edm aktivn\u00edch br\u00fdl\u00ed a RF 3D vys\u00edla\u010de jako voliteln\u00e9ho p\u0159\u00edslu\u0161enstv\u00ed.<\/p>\n<p>Projektor vyu\u017e\u00edv\u00e1 technologii SXRD s novou generac\u00ed zobrazova\u010de 4K, kter\u00fd excelentn\u011b zvl\u00e1d\u00e1 hlubok\u00e9 odst\u00edny \u010dern\u00e9. Jako zdroj se d\u00e1 pou\u017e\u00edt nejen 4K\u00a0video, ale i video s ni\u017e\u0161\u00edm\u00a0rozli\u0161en\u00edm, nebo\u0165 projektor je vybaven funkc\u00ed \u201cSuper Resolution 4K Upscaler\u201d, tedy sofistikovan\u00fdm p\u0159epo\u010dtem t\u011bchto form\u00e1t\u016f na rozli\u0161en\u00ed 4K, \u010d\u00edm\u017e dok\u00e1\u017ee dramaticky zv\u00fd\u0161it kvalitu dvojrozm\u011brn\u00e9ho i trojrozm\u011brn\u00e9ho obsahu.<\/p>\n<p>Projektor VPL-GTZ1 nab\u00edz\u00ed sv\u011bteln\u00fd tok 2.000 lumen\u016f, \u010d\u00edm\u017e umo\u017en\u00ed prom\u00edtat obraz o \u00fahlop\u0159\u00ed\u010dce a\u017e 147 palc\u016f, tedy zhruba 3,7 metru.<\/p>\n<\/div><\/section><br \/>\n<section  class='av_textblock_section av-8fz61sd-032b00e025d5aec328a3fafb37f6fbe2 '   itemscope=\"itemscope\" itemtype=\"https:\/\/schema.org\/CreativeWork\" ><div class='avia_textblock'  itemprop=\"text\" ><p>Nejenom filmy. Jednou z v\u00fdhod projektoru s ultrakr\u00e1tkou projek\u010dn\u00ed vzd\u00e1lenost\u00ed je mo\u017enost prom\u00edtat \u00fa\u017easn\u00e9 statick\u00e9 obr\u00e1zky dle va\u0161\u00ed volby. Obl\u00edbenou krajinu, dramatick\u00e9 prost\u0159ed\u00ed m\u011bsta, tropickou pl\u00e1\u017e, obl\u00edben\u00e9 galerijn\u00ed obrazy. To v\u0161e ve va\u0161em ob\u00fdvac\u00edm pokoji.<\/p>\n<\/div><\/section><\/p><\/div>\n\n<style type=\"text\/css\" data-created_by=\"avia_inline_auto\" id=\"style-css-av-83c2az1-4b12bc85dbb4823f488d2f40d714e3eb\">\n.flex_column.av-83c2az1-4b12bc85dbb4823f488d2f40d714e3eb{\nborder-radius:0px 0px 0px 0px;\npadding:0px 0px 0px 0px;\n}\n<\/style>\n<div  class='flex_column av-83c2az1-4b12bc85dbb4823f488d2f40d714e3eb av_one_half  avia-builder-el-6  el_after_av_one_half  el_before_av_one_half  flex_column_div av-zero-column-padding  '     ><\/div>\n<div  class='flex_column av-71oa07h-581f866b78ef5fba88388a2e03c4d6b4 av_one_half  avia-builder-el-8  el_after_av_one_half  el_before_av_one_half  first flex_column_div  column-top-margin'     ><p>\n<style type=\"text\/css\" data-created_by=\"avia_inline_auto\" id=\"style-css-av-6kzb26l-12ca53cf41a2a298133f14400bb39c13\">\n#top .av-special-heading.av-6kzb26l-12ca53cf41a2a298133f14400bb39c13{\npadding-bottom:10px;\n}\nbody .av-special-heading.av-6kzb26l-12ca53cf41a2a298133f14400bb39c13 .av-special-heading-tag .heading-char{\nfont-size:25px;\n}\n.av-special-heading.av-6kzb26l-12ca53cf41a2a298133f14400bb39c13 .av-subheading{\nfont-size:15px;\n}\n<\/style>\n<div  class='av-special-heading av-6kzb26l-12ca53cf41a2a298133f14400bb39c13 av-special-heading-h3  avia-builder-el-9  el_before_av_textblock  avia-builder-el-first '><h3 class='av-special-heading-tag '  itemprop=\"headline\"  >Rozhran\u00ed<\/h3><div class=\"special-heading-border\"><div class=\"special-heading-inner-border\"><\/div><\/div><\/div><br \/>\n<section  class='av_textblock_section av-679suul-7e00c727b84038d2594d8910609d8380 '   itemscope=\"itemscope\" itemtype=\"https:\/\/schema.org\/CreativeWork\" ><div class='avia_textblock'  itemprop=\"text\" ><div>4x HDMI 2.0<br \/>\n1x RJ45 pro LAN<br \/>\n1x IR vstup<br \/>\n1x\u00a0USB\u00a0Typ A<br \/>\n1x RS-232C<\/div>\n<div><\/div>\n<div><\/div>\n<div><\/div>\n<\/div><\/section><br \/>\n\n<style type=\"text\/css\" data-created_by=\"avia_inline_auto\" id=\"style-css-av-5ywd39p-294002381de1c86bb7600f1ccf366134\">\n#top .av-special-heading.av-5ywd39p-294002381de1c86bb7600f1ccf366134{\npadding-bottom:10px;\n}\nbody .av-special-heading.av-5ywd39p-294002381de1c86bb7600f1ccf366134 .av-special-heading-tag .heading-char{\nfont-size:25px;\n}\n.av-special-heading.av-5ywd39p-294002381de1c86bb7600f1ccf366134 .av-subheading{\nfont-size:15px;\n}\n<\/style>\n<div  class='av-special-heading av-5ywd39p-294002381de1c86bb7600f1ccf366134 av-special-heading-h3  avia-builder-el-11  el_after_av_textblock  el_before_av_textblock '><h3 class='av-special-heading-tag '  itemprop=\"headline\"  >Vstupn\u00ed sign\u00e1ly<\/h3><div class=\"special-heading-border\"><div class=\"special-heading-inner-border\"><\/div><\/div><\/div><br \/>\n<section  class='av_textblock_section av-5dt79t9-f6d5769f89374542c172d727cdcf453a '   itemscope=\"itemscope\" itemtype=\"https:\/\/schema.org\/CreativeWork\" ><div class='avia_textblock'  itemprop=\"text\" ><div>\n<p>VGA, SVGA, XGA, WXGA(1280&#215;768), QuadVGA, SXGA, SXGA+<\/p>\n<\/div>\n<div><\/div>\n<div>\n<style type=\"text\/css\" data-created_by=\"avia_inline_auto\" id=\"style-css-av-4y0og99-f6ff357d5b304261d8bb809f1ee2eb4a\">\n#top .hr.hr-invisible.av-4y0og99-f6ff357d5b304261d8bb809f1ee2eb4a{\nheight:10px;\n}\n<\/style>\n<div  class='hr av-4y0og99-f6ff357d5b304261d8bb809f1ee2eb4a hr-invisible  avia-builder-el-13  avia-builder-el-no-sibling '><span class='hr-inner '><span class=\"hr-inner-style\"><\/span><\/span><\/div><\/div>\n<div><\/div>\n<div><\/div>\n<div>480\/60p, 576\/50p, 720\/60p, 720\/50p, 1080\/60i, 1080\/50i, 1080\/60p, 1080\/50p, 1080\/24p, 3840&#215;2160\/24p, 3840&#215;2160\/25p, 3840&#215;2160\/30p, 3840&#215;2160\/50p*2, 3840&#215;2160\/60p*2, 4096&#215;2160\/24p, 4096&#215;2160\/25p, 4096&#215;2160\/30p, 4096&#215;2160\/50p*2, 4096 x 2160\/60p*2<\/div>\n<div><\/div>\n<div>(*2 &#8211; YCbCr 4:2:0 \/ 8 bit format signal)<\/div>\n<div><\/div>\n<div><\/div>\n<div><\/div>\n<\/div><\/section><\/p><\/div>\n<style type=\"text\/css\" data-created_by=\"avia_inline_auto\" id=\"style-css-av-47mehm5-5a897a727f456cc7e152cfc3781145bc\">\n.flex_column.av-47mehm5-5a897a727f456cc7e152cfc3781145bc{\nborder-radius:0px 0px 0px 0px;\npadding:0px 0px 0px 0px;\n}\n<\/style>\n<div  class='flex_column av-47mehm5-5a897a727f456cc7e152cfc3781145bc av_one_half  avia-builder-el-14  el_after_av_one_half  el_before_av_partner  flex_column_div av-zero-column-padding  column-top-margin'     ><p>\n<style type=\"text\/css\" data-created_by=\"avia_inline_auto\" id=\"style-css-av-445ulv1-8f89ea113c598b98d58578d3e785396d\">\n#top .av-special-heading.av-445ulv1-8f89ea113c598b98d58578d3e785396d{\npadding-bottom:10px;\n}\nbody .av-special-heading.av-445ulv1-8f89ea113c598b98d58578d3e785396d .av-special-heading-tag .heading-char{\nfont-size:25px;\n}\n.av-special-heading.av-445ulv1-8f89ea113c598b98d58578d3e785396d .av-subheading{\nfont-size:15px;\n}\n<\/style>\n<div  class='av-special-heading av-445ulv1-8f89ea113c598b98d58578d3e785396d av-special-heading-h3  avia-builder-el-15  el_before_av_textblock  avia-builder-el-first '><h3 class='av-special-heading-tag '  itemprop=\"headline\"  >Parametry<\/h3><div class=\"special-heading-border\"><div class=\"special-heading-inner-border\"><\/div><\/div><\/div><br \/>\n<section  class='av_textblock_section av-39hly6l-97f9ab0e0c454572182d6fe345d3e32d '   itemscope=\"itemscope\" itemtype=\"https:\/\/schema.org\/CreativeWork\" ><div class='avia_textblock'  itemprop=\"text\" ><ul>\n<li>Unik\u00e1tn\u00ed technologie zobrazova\u010de SXRD (Silicon Crystal Reflective Display)<\/li>\n<li>Triluminos<\/li>\n<li>Reality Creation<\/li>\n<li>Picture Position Memory<\/li>\n<li>Projek\u010dn\u00ed syst\u00e9m se t\u0159emi panely HFR (High Frame Rate) SXRD<\/li>\n<li>Zobrazov\u00e1n\u00ed a\u017e 60 sn\u00edmk\u016f \/ s<\/li>\n<li>Rozm\u011br zobrazova\u010de (\u00fahlop\u0159\u00ed\u010dka) 0,74\u201c<\/li>\n<li>Nativn\u00ed rozli\u0161en\u00ed v\u00edce ne\u017e 8 milon\u016f obrazov\u00fdch bod\u016f (\u0161\u00ed\u0159ka 4.096 x v\u00fd\u0161ka 2.160 bod\u016f)<\/li>\n<li>\u00dahlop\u0159\u00ed\u010dka obrazu od 1,67m do 3,73 m<\/li>\n<li>Projek\u010dn\u00ed vzd\u00e1lenost od st\u011bny 17 cm nebo m\u00e9n\u011b<\/li>\n<li>Laserov\u00fd sv\u011bteln\u00fd zdroj<\/li>\n<li>Dynamick\u00fd kontrast v\u00edce ne\u017e 1.000.000 : 1<\/li>\n<li>Sv\u011bteln\u00fd tok 2.000 lm<\/li>\n<li>Objektiv s motorick\u00fdm zoomem 1,6x a ost\u0159en\u00edm<\/li>\n<li>Motorick\u00e1 korekce\u00a0roh\u016f obrazu<\/li>\n<li>Nap\u00e1jen\u00ed 100-240 V, 50\/60 Hz<\/li>\n<li>Spot\u0159eba max. 520W<\/li>\n<li>Spot\u0159eba v pohotovostn\u00edm re\u017eimu 0,5 W<\/li>\n<li>Rozm\u011bry (\u0161 x v x h) 1.100 x 265 x 535 mm<\/li>\n<li>Hmotnost\u00a055 kg<\/li>\n<\/ul>\n<\/div><\/section><\/p><\/div>\n<style type=\"text\/css\" data-created_by=\"avia_inline_auto\" id=\"style-css-av-33duust-ad9d5140c42c1d7100162f0d6c94f09c\">\n.avia-logo-element-container.av-33duust-ad9d5140c42c1d7100162f0d6c94f09c .av-partner-fake-img{\nbackground-size:cover;\n}\n<\/style>\n<div  class='avia-logo-element-container av-33duust-ad9d5140c42c1d7100162f0d6c94f09c avia-logo-slider avia-content-slider avia-smallarrow-slider avia-content-slider-active noHover avia-content-slider-odd  avia-builder-el-17  el_after_av_one_half  avia-builder-el-last  av-slideshow-ui av-control-default av-nav-arrows-visible av-nav-dots-visible av-no-slider-navigation av-slideshow-manual av-loop-once av-loop-manual-endless avia-content-slider2' data-slideshow-options=\"{&quot;animation&quot;:&quot;slide&quot;,&quot;autoplay&quot;:false,&quot;loop_autoplay&quot;:&quot;once&quot;,&quot;interval&quot;:5,&quot;loop_manual&quot;:&quot;manual-endless&quot;,&quot;autoplay_stopper&quot;:false,&quot;noNavigation&quot;:false,&quot;bg_slider&quot;:false,&quot;keep_padding&quot;:&quot;&quot;,&quot;hoverpause&quot;:false,&quot;show_slide_delay&quot;:0}\"><div class='avia-smallarrow-slider-heading '><div class='new-special-heading'><h3 class='av-logo-special-heading-text '>Dal\u0161\u00ed produkty SONY<\/h3><\/div><\/div><div class=\"avia-content-slider-inner\"><div class=\"slide-entry-wrap\"><div  class='slide-entry av-2ojmlot-6da38bb5d8a78bcaba04e374fa0c0a81 flex_column no_margin av_one_fifth real-thumbnail post-entry slide-entry-overview slide-loop-1 slide-parity-odd  first'><\/div><div  class='slide-entry av-20kii0d-5da8fd1fae186af60d3a660ba342b850 flex_column no_margin av_one_fifth real-thumbnail post-entry slide-entry-overview slide-loop-2 slide-parity-even  '><\/div><div  class='slide-entry av-1sd5cst-cbbf5a455d8bb1d4ba21ed7a600c931f flex_column no_margin av_one_fifth real-thumbnail post-entry slide-entry-overview slide-loop-3 slide-parity-odd  '><\/div><div  class='slide-entry av-1dh2npp-312766063c3a574b784d0f66efb9097e flex_column no_margin av_one_fifth real-thumbnail post-entry slide-entry-overview slide-loop-4 slide-parity-even  '><\/div><div  class='slide-entry av-lf0rxp-c9f256d5d79a1d7b77e681bd291410e9 flex_column no_margin av_one_fifth real-thumbnail post-entry slide-entry-overview slide-loop-5 slide-parity-odd post-entry-last '><\/div><\/div><\/div><\/div><\/p>\n","protected":false},"excerpt":{"rendered":"","protected":false},"author":1,"featured_media":2967,"parent":0,"menu_order":0,"comment_status":"open","ping_status":"open","template":"","meta":{"footnotes":""},"class_list":["post-20141","page","type-page","status-publish","has-post-thumbnail","hentry"],"aioseo_notices":[],"jetpack_sharing_enabled":true,"_links":{"self":[{"href":"https:\/\/www.altei.cz\/hifi\/wp-json\/wp\/v2\/pages\/20141","targetHints":{"allow":["GET"]}}],"collection":[{"href":"https:\/\/www.altei.cz\/hifi\/wp-json\/wp\/v2\/pages"}],"about":[{"href":"https:\/\/www.altei.cz\/hifi\/wp-json\/wp\/v2\/types\/page"}],"author":[{"embeddable":true,"href":"https:\/\/www.altei.cz\/hifi\/wp-json\/wp\/v2\/users\/1"}],"replies":[{"embeddable":true,"href":"https:\/\/www.altei.cz\/hifi\/wp-json\/wp\/v2\/comments?post=20141"}],"version-history":[{"count":0,"href":"https:\/\/www.altei.cz\/hifi\/wp-json\/wp\/v2\/pages\/20141\/revisions"}],"wp:featuredmedia":[{"embeddable":true,"href":"https:\/\/www.altei.cz\/hifi\/wp-json\/"}],"wp:attachment":[{"href":"https:\/\/www.altei.cz\/hifi\/wp-json\/wp\/v2\/media?parent=20141"}],"curies":[{"name":"wp","href":"https:\/\/api.w.org\/{rel}","templated":true}]}}