{"id":20304,"date":"2017-01-16T18:14:06","date_gmt":"2017-01-16T17:14:06","guid":{"rendered":"https:\/\/www.altei.cz\/high-end-av-2\/sony-vpl-hw65\/"},"modified":"2017-01-16T18:14:06","modified_gmt":"2017-01-16T17:14:06","slug":"sony-vpl-hw65","status":"publish","type":"page","link":"https:\/\/www.altei.cz\/hifi\/sony-vpl-hw65\/","title":{"rendered":"Sony VPL-HW65"},"content":{"rendered":"<div id='layer_slider_1'  class='avia-layerslider main_color avia-shadow  avia-builder-el-0  el_before_av_partner  avia-builder-el-first  container_wrap sidebar_right'  style='height: 471px;'  ><\/div><div id='after_layer_slider_1'  class='main_color av_default_container_wrap container_wrap sidebar_right'  ><div class='container av-section-cont-open' ><div class='template-page content  av-content-small alpha units'><div class='post-entry post-entry-type-page post-entry-20304'><div class='entry-content-wrapper clearfix'>\n<div  class='avia-logo-element-container av-av_partner-43523d6c6f142efdd88b7295db407c6f av-border-deactivate avia-logo-slider avia-content-slider avia-smallarrow-slider avia-content-slider-active noHover avia-content-slider-even  avia-builder-el-1  el_after_av_layerslider  el_before_av_heading  avia-builder-el-first  av-slideshow-ui av-control-hidden av-nav-arrows-visible av-nav-dots-visible av-no-slider-navigation av-hide-nav-arrows av-slideshow-manual av-loop-once av-loop-manual-endless avia-content-slider1' data-slideshow-options=\"{&quot;animation&quot;:&quot;slide&quot;,&quot;autoplay&quot;:false,&quot;loop_autoplay&quot;:&quot;once&quot;,&quot;interval&quot;:5,&quot;loop_manual&quot;:&quot;manual-endless&quot;,&quot;autoplay_stopper&quot;:false,&quot;noNavigation&quot;:true,&quot;bg_slider&quot;:false,&quot;keep_padding&quot;:&quot;&quot;,&quot;hoverpause&quot;:false,&quot;show_slide_delay&quot;:0}\"><div class='avia-smallarrow-slider-heading  no-logo-slider-heading '><\/div><div class=\"avia-content-slider-inner\"><div class=\"slide-entry-wrap\"><div  class='slide-entry av-av_partner_logo-4d14aa5213448a9e0c6ef31fe8f916d3 flex_column no_margin av_one_eighth real-thumbnail post-entry slide-entry-overview slide-loop-1 slide-parity-odd  first'><\/div><div  class='slide-entry av-av_partner_logo-97215ed234b5f27107188d9e2ad326d6 flex_column no_margin av_one_eighth real-thumbnail post-entry slide-entry-overview slide-loop-2 slide-parity-even  '><\/div><div  class='slide-entry av-av_partner_logo-9b858b1fe8f0daf68a6be3b5d0227c9f flex_column no_margin av_one_eighth real-thumbnail post-entry slide-entry-overview slide-loop-3 slide-parity-odd  '><\/div><div  class='slide-entry av-av_partner_logo-0212f67f0913d152185ddb29ee398322 flex_column no_margin av_one_eighth real-thumbnail post-entry slide-entry-overview slide-loop-4 slide-parity-even  '><\/div><div  class='slide-entry av-av_partner_logo-c9516d00d2814aed997c3eff7cdc9732 flex_column no_margin av_one_eighth real-thumbnail post-entry slide-entry-overview slide-loop-5 slide-parity-odd  '><\/div><div  class='slide-entry av-av_partner_logo-bb66f2e6e77ca0a6bd089ba51228f59e flex_column no_margin av_one_eighth real-thumbnail post-entry slide-entry-overview slide-loop-6 slide-parity-even  '><\/div><div  class='slide-entry av-av_partner_logo-03a34ca0a4e717af585091fcfa893cea flex_column no_margin av_one_eighth real-thumbnail post-entry slide-entry-overview slide-loop-7 slide-parity-odd  '><\/div><div  class='slide-entry av-av_partner_logo-fd8d74d773f6730ec78374d96fc60afc flex_column no_margin av_one_eighth real-thumbnail post-entry slide-entry-overview slide-loop-8 slide-parity-even post-entry-last '><\/div><\/div><\/div><\/div>\n\n<style type=\"text\/css\" data-created_by=\"avia_inline_auto\" id=\"style-css-av-av_heading-c42ac9e85fff89dc21c2638ac9ae59d1\">\n#top .av-special-heading.av-av_heading-c42ac9e85fff89dc21c2638ac9ae59d1{\npadding-bottom:10px;\n}\nbody .av-special-heading.av-av_heading-c42ac9e85fff89dc21c2638ac9ae59d1 .av-special-heading-tag .heading-char{\nfont-size:25px;\n}\n.av-special-heading.av-av_heading-c42ac9e85fff89dc21c2638ac9ae59d1 .av-subheading{\nfont-size:15px;\n}\n<\/style>\n<div  class='av-special-heading av-av_heading-c42ac9e85fff89dc21c2638ac9ae59d1 av-special-heading-h4  avia-builder-el-2  el_after_av_partner  el_before_av_one_half '><h4 class='av-special-heading-tag '  itemprop=\"headline\"  >SONY VPL-HW65<\/h4><div class=\"special-heading-border\"><div class=\"special-heading-inner-border\"><\/div><\/div><\/div>\n<div  class='flex_column av-av_one_half-2a9015ff38129c418a3f2eafba3e9512 av_one_half  avia-builder-el-3  el_after_av_heading  el_before_av_one_half  first flex_column_div  '     ><section  class='av_textblock_section av-av_textblock-0366cc7376be6c9e82a3e9cc8987b64f '   itemscope=\"itemscope\" itemtype=\"https:\/\/schema.org\/CreativeWork\" ><div class='avia_textblock'  itemprop=\"text\" ><p>\u0160pi\u010dkov\u00fd\u00a0Full HD projector s technologi\u00ed\u00a0&#8222;reality creation&#8220;,\u00a0pro dom\u00e1c\u00ed kino s \u00a0jasem 1800 lumen\u016f a dynamick\u00fdm kontrastem\u00a0120,000:1.<\/p>\n<p>Tento projektor nab\u00edz\u00ed p\u0159edev\u0161\u00edm pln\u00e9 Full HD\u00a0rozli\u0161en\u00ed, tedy 1920\u00a0\u00d7 1080\u00a0obrazov\u00fdch bod\u016f. \u00a0V pln\u00e9m rozli\u0161en\u00ed umo\u017e\u0148uje jak projekci 2D tak i 3D s vyu\u017eit\u00edm aktivn\u00edch br\u00fdl\u00ed.<\/p>\n<p>Projektor vyu\u017e\u00edv\u00e1 technologii SXRD zobrazova\u010de a dal\u0161\u00ed SONY technologie jako Reality Creation, Bright Cinema and Bright TV .<\/p>\n<p>Dod\u00e1v\u00e1 se v \u010dern\u00e9 a b\u00edl\u00e9 barv\u011b.<\/p>\n<\/div><\/section><\/div>\n\n<style type=\"text\/css\" data-created_by=\"avia_inline_auto\" id=\"style-css-av-av_one_half-9c1d454dc06f7247226bc4e8f931daae\">\n.flex_column.av-av_one_half-9c1d454dc06f7247226bc4e8f931daae{\nborder-radius:0px 0px 0px 0px;\npadding:0px 0px 0px 0px;\n}\n<\/style>\n<div  class='flex_column av-av_one_half-9c1d454dc06f7247226bc4e8f931daae av_one_half  avia-builder-el-5  el_after_av_one_half  el_before_av_one_half  flex_column_div av-zero-column-padding  '     ><\/div><div  class='flex_column av-av_one_half-2a9015ff38129c418a3f2eafba3e9512 av_one_half  avia-builder-el-7  el_after_av_one_half  el_before_av_one_half  first flex_column_div  column-top-margin'     ><p>\n<style type=\"text\/css\" data-created_by=\"avia_inline_auto\" id=\"style-css-av-av_heading-5352ddc71ab1674ec219852fd8876117\">\n#top .av-special-heading.av-av_heading-5352ddc71ab1674ec219852fd8876117{\npadding-bottom:10px;\n}\nbody .av-special-heading.av-av_heading-5352ddc71ab1674ec219852fd8876117 .av-special-heading-tag .heading-char{\nfont-size:25px;\n}\n.av-special-heading.av-av_heading-5352ddc71ab1674ec219852fd8876117 .av-subheading{\nfont-size:15px;\n}\n<\/style>\n<div  class='av-special-heading av-av_heading-5352ddc71ab1674ec219852fd8876117 av-special-heading-h3  avia-builder-el-8  el_before_av_textblock  avia-builder-el-first '><h3 class='av-special-heading-tag '  itemprop=\"headline\"  >Rozhran\u00ed<\/h3><div class=\"special-heading-border\"><div class=\"special-heading-inner-border\"><\/div><\/div><\/div><br \/>\n<section  class='av_textblock_section av-av_textblock-0366cc7376be6c9e82a3e9cc8987b64f '   itemscope=\"itemscope\" itemtype=\"https:\/\/schema.org\/CreativeWork\" ><div class='avia_textblock'  itemprop=\"text\" ><div>2x HDMI 2.0<br \/>\n1x RJ45 pro 3D<\/div>\n<div>1x\u00a015 pin\u00a0RGB\/Y Pb\/Cb Pr\/C<br \/>\n1x I\u010c vstup<br \/>\n1x sp\u00edn\u00e1n\u00ed (12V)<br \/>\n1x RS-232C<\/div>\n<div><\/div>\n<div><\/div>\n<\/div><\/section><br \/>\n\n<style type=\"text\/css\" data-created_by=\"avia_inline_auto\" id=\"style-css-av-av_image-3f35ef40c7be01ed57d6c2427952518d\">\n.avia-image-container.av-av_image-3f35ef40c7be01ed57d6c2427952518d img.avia_image{\nbox-shadow:none;\n}\n.avia-image-container.av-av_image-3f35ef40c7be01ed57d6c2427952518d .av-image-caption-overlay-center{\ncolor:#ffffff;\n}\n<\/style>\n<div  class='avia-image-container av-av_image-3f35ef40c7be01ed57d6c2427952518d av-styling- avia-align-center  avia-builder-el-10  el_after_av_textblock  avia-builder-el-last '   itemprop=\"image\" itemscope=\"itemscope\" itemtype=\"https:\/\/schema.org\/ImageObject\" ><div class=\"avia-image-container-inner\"><div class=\"avia-image-overlay-wrap\"><img decoding=\"async\" fetchpriority=\"high\" class='wp-image- avia-img-lazy-loading-not- avia_image ' src=\"http:\/\/www.altei.cz\/wp-content\/uploads\/2015\/04\/vpl-hw65es-panel.jpeg\" alt='' title=''   itemprop=\"thumbnailUrl\"  \/><\/div><\/div><\/div><\/p><\/div><\/p>\n\n<style type=\"text\/css\" data-created_by=\"avia_inline_auto\" id=\"style-css-av-av_one_half-9c1d454dc06f7247226bc4e8f931daae\">\n.flex_column.av-av_one_half-9c1d454dc06f7247226bc4e8f931daae{\nborder-radius:0px 0px 0px 0px;\npadding:0px 0px 0px 0px;\n}\n<\/style>\n<div  class='flex_column av-av_one_half-9c1d454dc06f7247226bc4e8f931daae av_one_half  avia-builder-el-11  el_after_av_one_half  el_before_av_partner  flex_column_div av-zero-column-padding  column-top-margin'     ><p>\n<style type=\"text\/css\" data-created_by=\"avia_inline_auto\" id=\"style-css-av-av_heading-6042e58b88df03972e0131e578e34908\">\n#top .av-special-heading.av-av_heading-6042e58b88df03972e0131e578e34908{\npadding-bottom:10px;\n}\nbody .av-special-heading.av-av_heading-6042e58b88df03972e0131e578e34908 .av-special-heading-tag .heading-char{\nfont-size:25px;\n}\n.av-special-heading.av-av_heading-6042e58b88df03972e0131e578e34908 .av-subheading{\nfont-size:15px;\n}\n<\/style>\n<div  class='av-special-heading av-av_heading-6042e58b88df03972e0131e578e34908 av-special-heading-h3  avia-builder-el-12  el_before_av_textblock  avia-builder-el-first '><h3 class='av-special-heading-tag '  itemprop=\"headline\"  >Parametry<\/h3><div class=\"special-heading-border\"><div class=\"special-heading-inner-border\"><\/div><\/div><\/div><br \/>\n<section  class='av_textblock_section av-av_textblock-0366cc7376be6c9e82a3e9cc8987b64f '   itemscope=\"itemscope\" itemtype=\"https:\/\/schema.org\/CreativeWork\" ><div class='avia_textblock'  itemprop=\"text\" ><p>\u2022 Sv\u011bteln\u00fd v\u00fdstup : 1800 lm<br \/>\n\u2022 Zdroj sv\u011btla : Vysokotlak\u00e1 lampa s p\u0159\u00edkonem 215 W<br \/>\n\u2022 Velikost obrazu : 1,0 m a\u017e\u00a07,6 m<br \/>\n\u2022 Mo\u017enost 3D<br \/>\n\u2022 Akustick\u00fd \u0161um : 22 dB<br \/>\n\u2022 Vstupy\/V\u00fdstupy:<br \/>\n&#8211; HDMI\u00ae (2 vstupy)<br \/>\n&#8211; Vstup A : RGB\/Y Pb\/Cb Pr\/Cr 15kol\u00edkov\u00fd D-sub<br \/>\n&#8211; RS-232C, 9kol\u00edkov\u00fd D-sub (z\u00e1suvka)<br \/>\n&#8211; TRIGGER: Minikonektor, 12 V DC, max. 100 mA<br \/>\n&#8211; 3D\u00a0extern\u00ed vys\u00edla\u010d IR TMR-PJ2\u00a0jako voliteln\u00e9 p\u0159\u00edslu\u0161enstv\u00ed<br \/>\n\u2022 Spot\u0159eba energie : Max. 310 W<br \/>\n\u2022 Vn\u011bj\u0161\u00ed rozm\u011bry : (H x V x \u0160) 407,4 x 179,2 x 463,9 mm<br \/>\n\u2022 Hmotnost : P\u0159ibli\u017en\u011b 9\u00a0kg<br \/>\n\u2022 D\u00e1lkov\u00e9 ovl\u00e1d\u00e1n\u00ed : RM-PJ28<\/p>\n<\/div><\/section><\/p><\/div>\n\n<style type=\"text\/css\" data-created_by=\"avia_inline_auto\" id=\"style-css-av-av_partner-7e2710c9859563aa10cb9c4d1ada5212\">\n.avia-logo-element-container.av-av_partner-7e2710c9859563aa10cb9c4d1ada5212 .av-partner-fake-img{\nbackground-size:cover;\n}\n<\/style>\n<div  class='avia-logo-element-container av-av_partner-7e2710c9859563aa10cb9c4d1ada5212 avia-logo-slider avia-content-slider avia-smallarrow-slider avia-content-slider-active noHover avia-content-slider-odd  avia-builder-el-14  el_after_av_one_half  avia-builder-el-last  av-slideshow-ui av-control-default av-nav-arrows-visible av-nav-dots-visible av-no-slider-navigation av-slideshow-manual av-loop-once av-loop-manual-endless avia-content-slider2' data-slideshow-options=\"{&quot;animation&quot;:&quot;slide&quot;,&quot;autoplay&quot;:false,&quot;loop_autoplay&quot;:&quot;once&quot;,&quot;interval&quot;:5,&quot;loop_manual&quot;:&quot;manual-endless&quot;,&quot;autoplay_stopper&quot;:false,&quot;noNavigation&quot;:false,&quot;bg_slider&quot;:false,&quot;keep_padding&quot;:&quot;&quot;,&quot;hoverpause&quot;:false,&quot;show_slide_delay&quot;:0}\"><div class='avia-smallarrow-slider-heading '><div class='new-special-heading'><h3 class='av-logo-special-heading-text '>Dal\u0161\u00ed produkty SONY<\/h3><\/div><\/div><div class=\"avia-content-slider-inner\"><div class=\"slide-entry-wrap\"><div  class='slide-entry av-av_partner_logo-5d8a77e4de674e94d492f836e7de940b flex_column no_margin av_one_fifth real-thumbnail post-entry slide-entry-overview slide-loop-1 slide-parity-odd  first'><\/div><div  class='slide-entry av-av_partner_logo-dc1990f841f16b5aa8f0fe13eed8e2ca flex_column no_margin av_one_fifth real-thumbnail post-entry slide-entry-overview slide-loop-2 slide-parity-even  '><\/div><div  class='slide-entry av-av_partner_logo-61527a8bf73f3632e077674ad8a53f1a flex_column no_margin av_one_fifth real-thumbnail post-entry slide-entry-overview slide-loop-3 slide-parity-odd  '><\/div><div  class='slide-entry av-av_partner_logo-098b685752453e9f966bb45e1c20f647 flex_column no_margin av_one_fifth real-thumbnail post-entry slide-entry-overview slide-loop-4 slide-parity-even  '><\/div><div  class='slide-entry av-av_partner_logo-b796c701bcb818f929e0a5eb973a1e68 flex_column no_margin av_one_fifth real-thumbnail post-entry slide-entry-overview slide-loop-5 slide-parity-odd post-entry-last '><\/div><\/div><\/div><\/div>\n","protected":false},"excerpt":{"rendered":"","protected":false},"author":1,"featured_media":2967,"parent":0,"menu_order":0,"comment_status":"open","ping_status":"open","template":"","meta":{"footnotes":""},"class_list":["post-20304","page","type-page","status-publish","has-post-thumbnail","hentry"],"aioseo_notices":[],"jetpack_sharing_enabled":true,"_links":{"self":[{"href":"https:\/\/www.altei.cz\/hifi\/wp-json\/wp\/v2\/pages\/20304","targetHints":{"allow":["GET"]}}],"collection":[{"href":"https:\/\/www.altei.cz\/hifi\/wp-json\/wp\/v2\/pages"}],"about":[{"href":"https:\/\/www.altei.cz\/hifi\/wp-json\/wp\/v2\/types\/page"}],"author":[{"embeddable":true,"href":"https:\/\/www.altei.cz\/hifi\/wp-json\/wp\/v2\/users\/1"}],"replies":[{"embeddable":true,"href":"https:\/\/www.altei.cz\/hifi\/wp-json\/wp\/v2\/comments?post=20304"}],"version-history":[{"count":0,"href":"https:\/\/www.altei.cz\/hifi\/wp-json\/wp\/v2\/pages\/20304\/revisions"}],"wp:featuredmedia":[{"embeddable":true,"href":"https:\/\/www.altei.cz\/hifi\/wp-json\/"}],"wp:attachment":[{"href":"https:\/\/www.altei.cz\/hifi\/wp-json\/wp\/v2\/media?parent=20304"}],"curies":[{"name":"wp","href":"https:\/\/api.w.org\/{rel}","templated":true}]}}