{"id":20459,"date":"2017-01-16T18:14:10","date_gmt":"2017-01-16T17:14:10","guid":{"rendered":"https:\/\/www.altei.cz\/high-end-av-2\/sony-vpl-vw1100es\/"},"modified":"2017-01-16T18:14:10","modified_gmt":"2017-01-16T17:14:10","slug":"sony-vpl-vw760es","status":"publish","type":"page","link":"https:\/\/www.altei.cz\/hifi\/sony-vpl-vw760es\/","title":{"rendered":"Sony VPL-VW760ES"},"content":{"rendered":"<div id='layer_slider_1'  class='avia-layerslider main_color avia-shadow  avia-builder-el-0  el_before_av_hr  avia-builder-el-first  container_wrap sidebar_right'  style='height: 471px;'  ><\/div><div id='after_layer_slider_1'  class='main_color av_default_container_wrap container_wrap sidebar_right'  ><div class='container av-section-cont-open' ><div class='template-page content  av-content-small alpha units'><div class='post-entry post-entry-type-page post-entry-20459'><div class='entry-content-wrapper clearfix'>\n\n<style type=\"text\/css\" data-created_by=\"avia_inline_auto\" id=\"style-css-av-av_hr-ae9de3d7b02bac50982c8bf7f5873d32\">\n#top .hr.hr-invisible.av-av_hr-ae9de3d7b02bac50982c8bf7f5873d32{\nmargin-top:-55px;\nheight:1px;\n}\n<\/style>\n<div  class='hr av-av_hr-ae9de3d7b02bac50982c8bf7f5873d32 hr-invisible  avia-builder-el-1  el_after_av_layerslider  el_before_av_partner  avia-builder-el-first '><span class='hr-inner '><span class=\"hr-inner-style\"><\/span><\/span><\/div>\n<div  class='avia-logo-element-container av-av_partner-ec842e642f7c28b1483c74fc22985339 av-border-deactivate avia-logo-slider avia-content-slider avia-smallarrow-slider avia-content-slider-active noHover avia-content-slider-even  avia-builder-el-2  el_after_av_hr  el_before_av_heading  av-slideshow-ui av-control-default av-nav-arrows-visible av-nav-dots-visible av-hide-nav-arrows av-slideshow-autoplay av-loop-endless av-loop-manual-endless avia-content-slider1' data-slideshow-options=\"{&quot;animation&quot;:&quot;slide&quot;,&quot;autoplay&quot;:true,&quot;loop_autoplay&quot;:&quot;endless&quot;,&quot;interval&quot;:5,&quot;loop_manual&quot;:&quot;manual-endless&quot;,&quot;autoplay_stopper&quot;:false,&quot;noNavigation&quot;:false,&quot;bg_slider&quot;:false,&quot;keep_padding&quot;:&quot;&quot;,&quot;hoverpause&quot;:false,&quot;show_slide_delay&quot;:0}\"><div class='avia-smallarrow-slider-heading  no-logo-slider-heading '><div class='new-special-heading'>&nbsp;<\/div><\/div><div class=\"avia-content-slider-inner\"><div class=\"slide-entry-wrap\"><div  class='slide-entry av-av_partner_logo-63c8ce708054923f13c0d86ded078ed6 flex_column no_margin av_one_eighth real-thumbnail post-entry slide-entry-overview slide-loop-1 slide-parity-odd  first'><\/div><div  class='slide-entry av-av_partner_logo-9b858b1fe8f0daf68a6be3b5d0227c9f flex_column no_margin av_one_eighth real-thumbnail post-entry slide-entry-overview slide-loop-2 slide-parity-even  '><\/div><div  class='slide-entry av-av_partner_logo-6e49aa81f6ebf9d9655516ef1252e3c5 flex_column no_margin av_one_eighth real-thumbnail post-entry slide-entry-overview slide-loop-3 slide-parity-odd  '><\/div><div  class='slide-entry av-av_partner_logo-0edbc2273c7f1b6aa46aae6f7335aa40 flex_column no_margin av_one_eighth real-thumbnail post-entry slide-entry-overview slide-loop-4 slide-parity-even  '><\/div><div  class='slide-entry av-av_partner_logo-9db68bdda1af2e39cd4bacee15a008bb flex_column no_margin av_one_eighth real-thumbnail post-entry slide-entry-overview slide-loop-5 slide-parity-odd  '><\/div><div  class='slide-entry av-av_partner_logo-9fa7cb6cbabd79937b106db270154263 flex_column no_margin av_one_eighth real-thumbnail post-entry slide-entry-overview slide-loop-6 slide-parity-even  '><\/div><div  class='slide-entry av-av_partner_logo-03a34ca0a4e717af585091fcfa893cea flex_column no_margin av_one_eighth real-thumbnail post-entry slide-entry-overview slide-loop-7 slide-parity-odd  '><\/div><div  class='slide-entry av-av_partner_logo-09d886f5f1be8034bbdd2f0fb72964bc flex_column no_margin av_one_eighth real-thumbnail post-entry slide-entry-overview slide-loop-8 slide-parity-even post-entry-last '><\/div><\/div><\/div><\/div>\n\n<style type=\"text\/css\" data-created_by=\"avia_inline_auto\" id=\"style-css-av-av_heading-7e92323c2c093d8e39155bfd1a5abbf0\">\n#top .av-special-heading.av-av_heading-7e92323c2c093d8e39155bfd1a5abbf0{\npadding-bottom:10px;\n}\nbody .av-special-heading.av-av_heading-7e92323c2c093d8e39155bfd1a5abbf0 .av-special-heading-tag .heading-char{\nfont-size:25px;\n}\n.av-special-heading.av-av_heading-7e92323c2c093d8e39155bfd1a5abbf0 .av-subheading{\nfont-size:15px;\n}\n<\/style>\n<div  class='av-special-heading av-av_heading-7e92323c2c093d8e39155bfd1a5abbf0 av-special-heading-h4  avia-builder-el-3  el_after_av_partner  el_before_av_one_half '><h4 class='av-special-heading-tag '  itemprop=\"headline\"  >SONY VPL-VW760ES &#8211; Nekompromisn\u00ed True 4K projektor<\/h4><div class=\"special-heading-border\"><div class=\"special-heading-inner-border\"><\/div><\/div><\/div>\n<div  class='flex_column av-av_one_half-2a9015ff38129c418a3f2eafba3e9512 av_one_half  avia-builder-el-4  el_after_av_heading  el_before_av_one_half  first flex_column_div  '     ><section  class='av_textblock_section av-av_textblock-2de302bf1aa3cf4c9157dbe6f50ac7eb '   itemscope=\"itemscope\" itemtype=\"https:\/\/schema.org\/CreativeWork\" ><div class='avia_textblock'  itemprop=\"text\" ><p>U\u017eijte si film a hry nalno.\u00a0 VPL-VW760ES\u00a0reprezentuje nov\u00fd stupe\u0148 v technologii pro dom\u00e1c\u00ed kino.\u00a0Dosahuje neoby\u010dejn\u00fdch \u00farovn\u00ed obrazov\u00e9ho v\u00fdkonu, kter\u00fd byste\u00a0o\u010dek\u00e1vali od v\u011bt\u0161\u00edho a dra\u017e\u0161\u00edho projektoru. Laserov\u00fd sv\u011bteln\u00fd\u00a0zdroj s dlouhou \u017eivotnost\u00ed nab\u00edz\u00ed v\u00fdstup 2,000 lumen\u016f a jeho\u00a0sv\u00edtivost je \u0159\u00edzena v re\u00e1ln\u00e9m \u010dase tak, aby byl zaji\u0161t\u011bn maxim\u00e1n\u00ed\u00a0dynamick\u00fd kontrast pot\u0159ebn\u00fd pro zobrazen\u00ed 4K HDR obsahu.<\/p>\n<p>Tento projektor nab\u00edz\u00ed p\u0159edev\u0161\u00edm pln\u00e9 4K rozli\u0161en\u00ed, tedy 4.096 \u00d7 2.160 obrazov\u00fdch bod\u016f, zn\u00e1m\u00e9 doposud pouze z oblasti velk\u00fdch digit\u00e1ln\u00edch kin. V pln\u00e9m rozli\u0161en\u00ed umo\u017e\u0148uje jak projekci 2D tak i 3D s vyu\u017eit\u00edm aktivn\u00edch br\u00fdl\u00ed. Projektor si porad\u00ed i s anamorfn\u00edm obrazov\u00fdm form\u00e1tem, k jeho\u017e sledov\u00e1n\u00ed si ukl\u00e1d\u00e1 r\u016fzn\u00e1 nastaven\u00ed optiky pro rozd\u00edln\u00e9 pom\u011bry stran obrazu.<\/p>\n<p>Projektor vyu\u017e\u00edv\u00e1 technologii SXRD s novou generac\u00ed zobrazova\u010de 4K, kter\u00fd excelentn\u011b zvl\u00e1d\u00e1 hlubok\u00e9 odst\u00edny \u010dern\u00e9. Jako zdroj se d\u00e1 pou\u017e\u00edt nejen 4K A HD video, ale i video s SD rozli\u0161en\u00edm, nebo\u0165 projektor je vybaven funkc\u00ed \u201cSuper Resolution 4K Upscaler\u201d, tedy p\u0159epo\u010dtem t\u011bchto form\u00e1t\u016f na rozli\u0161en\u00ed 4K, \u010d\u00edm\u017e dok\u00e1\u017ee dramaticky zv\u00fd\u0161it kvalitu dvojrozm\u011brn\u00e9ho i trojrozm\u011brn\u00e9ho obsahu.<\/p>\n<\/div><\/section><\/div>\n<style type=\"text\/css\" data-created_by=\"avia_inline_auto\" id=\"style-css-av-av_one_half-9c1d454dc06f7247226bc4e8f931daae\">\n.flex_column.av-av_one_half-9c1d454dc06f7247226bc4e8f931daae{\nborder-radius:0px 0px 0px 0px;\npadding:0px 0px 0px 0px;\n}\n<\/style>\n<div  class='flex_column av-av_one_half-9c1d454dc06f7247226bc4e8f931daae av_one_half  avia-builder-el-6  el_after_av_one_half  el_before_av_one_half  flex_column_div av-zero-column-padding  '     ><p><br \/>\n<section  class='av_textblock_section av-av_textblock-0366cc7376be6c9e82a3e9cc8987b64f '   itemscope=\"itemscope\" itemtype=\"https:\/\/schema.org\/CreativeWork\" ><div class='avia_textblock'  itemprop=\"text\" ><p>Projektor VPL-VW760ES nab\u00edz\u00ed sv\u011bteln\u00fd tok 2.000 lumen\u016f, \u010d\u00edm\u017e umo\u017en\u00ed prom\u00edtat obraz na v\u011bt\u0161\u00ed\u00a0plochu ne\u017e p\u0159edchoz\u00ed projektory spole\u010dnosti SONY a lze jej tak bez omezen\u00ed kvality pou\u017e\u00edt pro obraz o \u00fahlop\u0159\u00ed\u010dce a\u017e 200 palc\u016f, tedy zhruba 5 metr\u016f. V kombinaci s technologi\u00ed \u201cIris 3\u201d pak projektor dosahuje dynamick\u00e9ho kontrastu v\u011bt\u0161\u00ed ne\u017e\u00a01.000.000 : 1.<\/p>\n<\/div><\/section><\/p><\/div><\/p>\n<div  class='flex_column av-av_one_half-2a9015ff38129c418a3f2eafba3e9512 av_one_half  avia-builder-el-9  el_after_av_one_half  el_before_av_one_half  first flex_column_div  column-top-margin'     ><p>\n<style type=\"text\/css\" data-created_by=\"avia_inline_auto\" id=\"style-css-av-av_heading-cecaa479e249c42fe569d05edadeb6dc\">\n#top .av-special-heading.av-av_heading-cecaa479e249c42fe569d05edadeb6dc{\npadding-bottom:10px;\n}\nbody .av-special-heading.av-av_heading-cecaa479e249c42fe569d05edadeb6dc .av-special-heading-tag .heading-char{\nfont-size:25px;\n}\n.av-special-heading.av-av_heading-cecaa479e249c42fe569d05edadeb6dc .av-subheading{\nfont-size:15px;\n}\n<\/style>\n<div  class='av-special-heading av-av_heading-cecaa479e249c42fe569d05edadeb6dc av-special-heading-h3  avia-builder-el-10  el_before_av_textblock  avia-builder-el-first '><h3 class='av-special-heading-tag '  itemprop=\"headline\"  >Rozhran\u00ed<\/h3><div class=\"special-heading-border\"><div class=\"special-heading-inner-border\"><\/div><\/div><\/div><br \/>\n<section  class='av_textblock_section av-av_textblock-2de302bf1aa3cf4c9157dbe6f50ac7eb '   itemscope=\"itemscope\" itemtype=\"https:\/\/schema.org\/CreativeWork\" ><div class='avia_textblock'  itemprop=\"text\" ><div>2x HDMI 18GBps<br \/>\n1x RJ45 pro LAN<br \/>\n1x IR vstup<br \/>\n2x sp\u00edn\u00e1n\u00ed (12V)<br \/>\n1x RS-232C<\/div>\n<div>1xUSB<\/div>\n<div><\/div>\n<div><\/div>\n<\/div><\/section><br \/>\n\n<style type=\"text\/css\" data-created_by=\"avia_inline_auto\" id=\"style-css-av-av_image-59bd35e3b1084e86c2e87f4f64f674b8\">\n.avia-image-container.av-av_image-59bd35e3b1084e86c2e87f4f64f674b8 img.avia_image{\nbox-shadow:none;\n}\n.avia-image-container.av-av_image-59bd35e3b1084e86c2e87f4f64f674b8 .av-image-caption-overlay-center{\ncolor:#ffffff;\n}\n<\/style>\n<div  class='avia-image-container av-av_image-59bd35e3b1084e86c2e87f4f64f674b8 av-styling- av-img-linked avia-align-center  avia-builder-el-12  el_after_av_textblock  avia-builder-el-last '   itemprop=\"image\" itemscope=\"itemscope\" itemtype=\"https:\/\/schema.org\/ImageObject\" ><div class=\"avia-image-container-inner\"><div class=\"avia-image-overlay-wrap\"><img decoding=\"async\" fetchpriority=\"high\" class='wp-image- avia-img-lazy-loading-not- avia_image ' src=\"https:\/\/www.altei.cz\/wp-content\/uploads\/2017\/01\/vplvw760es_inputs-1030x191.png\" alt='' title=''   itemprop=\"thumbnailUrl\"  \/><\/div><\/div><\/div><\/p><\/div>\n<style type=\"text\/css\" data-created_by=\"avia_inline_auto\" id=\"style-css-av-av_one_half-9c1d454dc06f7247226bc4e8f931daae\">\n.flex_column.av-av_one_half-9c1d454dc06f7247226bc4e8f931daae{\nborder-radius:0px 0px 0px 0px;\npadding:0px 0px 0px 0px;\n}\n<\/style>\n<div  class='flex_column av-av_one_half-9c1d454dc06f7247226bc4e8f931daae av_one_half  avia-builder-el-13  el_after_av_one_half  el_before_av_partner  flex_column_div av-zero-column-padding  column-top-margin'     ><p>\n<style type=\"text\/css\" data-created_by=\"avia_inline_auto\" id=\"style-css-av-av_heading-2be673ac38cde07ca655ed766a3ad1e0\">\n#top .av-special-heading.av-av_heading-2be673ac38cde07ca655ed766a3ad1e0{\npadding-bottom:10px;\n}\nbody .av-special-heading.av-av_heading-2be673ac38cde07ca655ed766a3ad1e0 .av-special-heading-tag .heading-char{\nfont-size:25px;\n}\n.av-special-heading.av-av_heading-2be673ac38cde07ca655ed766a3ad1e0 .av-subheading{\nfont-size:15px;\n}\n<\/style>\n<div  class='av-special-heading av-av_heading-2be673ac38cde07ca655ed766a3ad1e0 av-special-heading-h3  avia-builder-el-14  el_before_av_textblock  avia-builder-el-first '><h3 class='av-special-heading-tag '  itemprop=\"headline\"  >Parametry<\/h3><div class=\"special-heading-border\"><div class=\"special-heading-inner-border\"><\/div><\/div><\/div><br \/>\n<section  class='av_textblock_section av-av_textblock-2de302bf1aa3cf4c9157dbe6f50ac7eb '   itemscope=\"itemscope\" itemtype=\"https:\/\/schema.org\/CreativeWork\" ><div class='avia_textblock'  itemprop=\"text\" ><ul>\n<li>Unik\u00e1tn\u00ed technologie zobrazova\u010de SXRD (Silicon Crystal Reflective Display)<\/li>\n<li>Projek\u010dn\u00ed syst\u00e9m se t\u0159emi panely HFR (High Frame Rate) SXRD<\/li>\n<li>Zobrazov\u00e1n\u00ed a\u017e 60 sn\u00edmk\u016f \/ s<\/li>\n<li>Rozm\u011br zobrazova\u010de (\u00fahlop\u0159\u00ed\u010dka) 0,74\u201c<\/li>\n<li>Nativn\u00ed rozli\u0161en\u00ed v\u00edce ne\u017e 8 milon\u016f obrazov\u00fdch bod\u016f (\u0161\u00ed\u0159ka 4.096 x v\u00fd\u0161ka 2.160 bod\u016f)<\/li>\n<li>Objektiv s motorick\u00fdm zoomem 2,1 x<\/li>\n<li>Posun optick\u00e9 osy vertik\u00e1ln\u011b (85%) a horizont\u00e1ln\u011b (80%)<\/li>\n<li>Pam\u011b\u0165 pozice obrazu<\/li>\n<li>Automatick\u00e1 i manu\u00e1ln\u00ed kalibrace<\/li>\n<li>Laserov\u00fd sv\u011bteln\u00fd zdroj<\/li>\n<li>Dynamick\u00fd kontrast \u00a0\u221e : 1<\/li>\n<li>Sv\u011bteln\u00fd tok 2.000 lm<\/li>\n<li>Kompatibilita HDR<\/li>\n<li>Kompatibilita HDR HLG<\/li>\n<li>3D \u2013 vestav\u011bn\u00fd RF \u00a0vys\u00edla\u010d<\/li>\n<li>Akustick\u00fd \u0161um : 32\u00a0dB<\/li>\n<li>Spot\u0159eba energie : Max. 450 W<\/li>\n<li>Rozm\u011bry (\u0161 x v x h) 560 x 223 x 495\u00a0mm<\/li>\n<li>Hmotnost 14\u00a0kg<\/li>\n<\/ul>\n<\/div><\/section><\/p><\/div><\/p>\n\n<style type=\"text\/css\" data-created_by=\"avia_inline_auto\" id=\"style-css-av-av_partner-7e2710c9859563aa10cb9c4d1ada5212\">\n.avia-logo-element-container.av-av_partner-7e2710c9859563aa10cb9c4d1ada5212 .av-partner-fake-img{\nbackground-size:cover;\n}\n<\/style>\n<div  class='avia-logo-element-container av-av_partner-7e2710c9859563aa10cb9c4d1ada5212 avia-logo-slider avia-content-slider avia-smallarrow-slider avia-content-slider-active noHover avia-content-slider-odd  avia-builder-el-16  el_after_av_one_half  avia-builder-el-last  av-slideshow-ui av-control-default av-nav-arrows-visible av-nav-dots-visible av-no-slider-navigation av-slideshow-manual av-loop-once av-loop-manual-endless avia-content-slider2' data-slideshow-options=\"{&quot;animation&quot;:&quot;slide&quot;,&quot;autoplay&quot;:false,&quot;loop_autoplay&quot;:&quot;once&quot;,&quot;interval&quot;:5,&quot;loop_manual&quot;:&quot;manual-endless&quot;,&quot;autoplay_stopper&quot;:false,&quot;noNavigation&quot;:false,&quot;bg_slider&quot;:false,&quot;keep_padding&quot;:&quot;&quot;,&quot;hoverpause&quot;:false,&quot;show_slide_delay&quot;:0}\"><div class='avia-smallarrow-slider-heading '><div class='new-special-heading'><h3 class='av-logo-special-heading-text '>Dal\u0161\u00ed produkty SONY<\/h3><\/div><\/div><div class=\"avia-content-slider-inner\"><div class=\"slide-entry-wrap\"><div  class='slide-entry av-av_partner_logo-5d8a77e4de674e94d492f836e7de940b flex_column no_margin av_one_fifth real-thumbnail post-entry slide-entry-overview slide-loop-1 slide-parity-odd  first'><\/div><div  class='slide-entry av-av_partner_logo-dc1990f841f16b5aa8f0fe13eed8e2ca flex_column no_margin av_one_fifth real-thumbnail post-entry slide-entry-overview slide-loop-2 slide-parity-even  '><\/div><div  class='slide-entry av-av_partner_logo-3a07f8e690dd2b47d418129936a3090b flex_column no_margin av_one_fifth real-thumbnail post-entry slide-entry-overview slide-loop-3 slide-parity-odd  '><\/div><div  class='slide-entry av-av_partner_logo-098b685752453e9f966bb45e1c20f647 flex_column no_margin av_one_fifth real-thumbnail post-entry slide-entry-overview slide-loop-4 slide-parity-even  '><\/div><div  class='slide-entry av-av_partner_logo-b796c701bcb818f929e0a5eb973a1e68 flex_column no_margin av_one_fifth real-thumbnail post-entry slide-entry-overview slide-loop-5 slide-parity-odd post-entry-last '><\/div><\/div><\/div><\/div>\n","protected":false},"excerpt":{"rendered":"","protected":false},"author":1,"featured_media":2967,"parent":0,"menu_order":0,"comment_status":"open","ping_status":"open","template":"","meta":{"footnotes":""},"class_list":["post-20459","page","type-page","status-publish","has-post-thumbnail","hentry"],"aioseo_notices":[],"jetpack_sharing_enabled":true,"_links":{"self":[{"href":"https:\/\/www.altei.cz\/hifi\/wp-json\/wp\/v2\/pages\/20459","targetHints":{"allow":["GET"]}}],"collection":[{"href":"https:\/\/www.altei.cz\/hifi\/wp-json\/wp\/v2\/pages"}],"about":[{"href":"https:\/\/www.altei.cz\/hifi\/wp-json\/wp\/v2\/types\/page"}],"author":[{"embeddable":true,"href":"https:\/\/www.altei.cz\/hifi\/wp-json\/wp\/v2\/users\/1"}],"replies":[{"embeddable":true,"href":"https:\/\/www.altei.cz\/hifi\/wp-json\/wp\/v2\/comments?post=20459"}],"version-history":[{"count":0,"href":"https:\/\/www.altei.cz\/hifi\/wp-json\/wp\/v2\/pages\/20459\/revisions"}],"wp:featuredmedia":[{"embeddable":true,"href":"https:\/\/www.altei.cz\/hifi\/wp-json\/"}],"wp:attachment":[{"href":"https:\/\/www.altei.cz\/hifi\/wp-json\/wp\/v2\/media?parent=20459"}],"curies":[{"name":"wp","href":"https:\/\/api.w.org\/{rel}","templated":true}]}}