{"id":20548,"date":"2017-08-29T18:14:13","date_gmt":"2017-08-29T16:14:13","guid":{"rendered":"https:\/\/www.altei.cz\/high-end-av-2\/sony-home-cinema-projektory\/"},"modified":"2023-07-20T14:10:21","modified_gmt":"2023-07-20T12:10:21","slug":"home-cinema-zvuk","status":"publish","type":"page","link":"https:\/\/www.altei.cz\/hifi\/home-cinema-zvuk\/","title":{"rendered":"Home Cinema zvuk"},"content":{"rendered":"<div  class='avia-slideshow av-lkb3sg0y-552c6e4d48be360c439c16a9f1e434fb avia-slideshow-featured av_slideshow avia-slide-slider  avia-builder-el-0  el_before_av_heading  avia-builder-el-first  av-slideshow-ui av-control-default av-slideshow-manual av-loop-once av-loop-manual-endless av-default-height-applied avia-slideshow-1' data-slideshow-options=\"{&quot;animation&quot;:&quot;slide&quot;,&quot;autoplay&quot;:false,&quot;loop_autoplay&quot;:&quot;once&quot;,&quot;interval&quot;:5,&quot;loop_manual&quot;:&quot;manual-endless&quot;,&quot;autoplay_stopper&quot;:false,&quot;noNavigation&quot;:false,&quot;bg_slider&quot;:false,&quot;keep_padding&quot;:false,&quot;hoverpause&quot;:false,&quot;show_slide_delay&quot;:0}\"  itemprop=\"image\" itemscope=\"itemscope\" itemtype=\"https:\/\/schema.org\/ImageObject\" ><ul class='avia-slideshow-inner ' style='padding-bottom: 28.6666666667%;'><li  class='avia-slideshow-slide av-lkb3sg0y-552c6e4d48be360c439c16a9f1e434fb__0  av-single-slide slide-1 slide-odd'><div data-rel='slideshow-1' class='avia-slide-wrap '   ><img decoding=\"async\" fetchpriority=\"high\" class=\"wp-image-41299 avia-img-lazy-loading-not-41299\"  src=\"https:\/\/www.altei.cz\/hifi\/wp-content\/uploads\/2023\/07\/homecinemazvuk-1500x430-1.jpg\" width=\"1500\" height=\"430\" title='homecinemazvuk-1500x430' alt=''  itemprop=\"thumbnailUrl\" srcset=\"https:\/\/www.altei.cz\/hifi\/wp-content\/uploads\/2023\/07\/homecinemazvuk-1500x430-1.jpg 1500w, https:\/\/www.altei.cz\/hifi\/wp-content\/uploads\/2023\/07\/homecinemazvuk-1500x430-1-600x172.jpg 600w, https:\/\/www.altei.cz\/hifi\/wp-content\/uploads\/2023\/07\/homecinemazvuk-1500x430-1-300x86.jpg 300w, https:\/\/www.altei.cz\/hifi\/wp-content\/uploads\/2023\/07\/homecinemazvuk-1500x430-1-1030x295.jpg 1030w, https:\/\/www.altei.cz\/hifi\/wp-content\/uploads\/2023\/07\/homecinemazvuk-1500x430-1-768x220.jpg 768w, https:\/\/www.altei.cz\/hifi\/wp-content\/uploads\/2023\/07\/homecinemazvuk-1500x430-1-705x202.jpg 705w, https:\/\/www.altei.cz\/hifi\/wp-content\/uploads\/2023\/07\/homecinemazvuk-1500x430-1-450x129.jpg 450w, https:\/\/www.altei.cz\/hifi\/wp-content\/uploads\/2023\/07\/homecinemazvuk-1500x430-1-1320x378.jpg 1320w\" sizes=\"(max-width: 1500px) 100vw, 1500px\" \/><\/div><\/li><\/ul><\/div>\n\n<style type=\"text\/css\" data-created_by=\"avia_inline_auto\" id=\"style-css-av-q1fftw-d766ffb35b4d551b77b84d4f79627f44\">\n#top .av-special-heading.av-q1fftw-d766ffb35b4d551b77b84d4f79627f44{\npadding-bottom:10px;\n}\nbody .av-special-heading.av-q1fftw-d766ffb35b4d551b77b84d4f79627f44 .av-special-heading-tag .heading-char{\nfont-size:25px;\n}\n.av-special-heading.av-q1fftw-d766ffb35b4d551b77b84d4f79627f44 .av-subheading{\nfont-size:15px;\n}\n<\/style>\n<div  class='av-special-heading av-q1fftw-d766ffb35b4d551b77b84d4f79627f44 av-special-heading-h4  avia-builder-el-1  el_after_av_slideshow  el_before_av_one_half '><h4 class='av-special-heading-tag '  itemprop=\"headline\"  >Zvukov\u00e9 syst\u00e9my pro dom\u00e1c\u00ed kino<\/h4><div class=\"special-heading-border\"><div class=\"special-heading-inner-border\"><\/div><\/div><\/div>\n<div  class='flex_column av-7p2fnpg-adbdf511c2af398647e11f0281d838ec av_one_half  avia-builder-el-2  el_after_av_heading  el_before_av_one_half  first flex_column_div  '     ><section  class='av_textblock_section av-773qmf8-d217f8deee6951b69fb88b5423b2e5a6 '   itemscope=\"itemscope\" itemtype=\"https:\/\/schema.org\/CreativeWork\" ><div class='avia_textblock'  itemprop=\"text\" ><section class=\"av_textblock_section\">\n<div class=\"avia_textblock \">\n<p>V na\u0161ich instalac\u00edch pou\u017e\u00edv\u00e1me v\u00fdhradn\u011b ov\u011b\u0159en\u00e9 technologie sv\u011btov\u00fdch zna\u010dek Bowers&amp;Wilkins, T+A, McIntosh, Musical Fidelity, Class\u00e9, JBL, Sonus Faber, QSC a dal\u0161\u00edch.<\/p>\n<p>Speci\u00e1ln\u00ed\u00a0reprosoustavy pro kino jsou na cel\u00e9m sv\u011bt\u011b pov\u011bstn\u00e9 svoji vysokou maxim\u00e1ln\u00ed zat\u00ed\u017eitelnost\u00ed, kdy vyu\u017eij\u00ed ve\u0161kerou s\u00edlu zesilova\u010de na zvukov\u00fd\u00a0v\u00fdkon bez zn\u00e1mek p\u0159et\u00ed\u017een\u00ed.<\/p>\n<p>Home Cinema zvuk\u00a0 je ned\u00edlnou sou\u010d\u00e1st\u00ed va\u0161eho dom\u00e1c\u00edho kina od 5.1 p\u0159es 7.1 a\u017e po Dolby Atmos je \u0161pi\u010dkov\u00fd zvuk d\u016fle\u017eit\u00fd pro v\u00e1\u0161 filmov\u00fd z\u00e1\u017eitek.<\/p>\n<\/div>\n<\/section>\n<div class=\"flex_column av_one_half flex_column_div av-zero-column-padding first avia-builder-el-5 el_after_av_textblock el_before_av_one_half column-top-margin\"><\/div>\n<\/div><\/section><\/div>\n<style type=\"text\/css\" data-created_by=\"avia_inline_auto\" id=\"style-css-av-6vpiymc-492aa4da9dcc0af0a7c6ae7c0a3cd559\">\n.flex_column.av-6vpiymc-492aa4da9dcc0af0a7c6ae7c0a3cd559{\nborder-radius:0px 0px 0px 0px;\npadding:0px 0px 0px 0px;\n}\n<\/style>\n<div  class='flex_column av-6vpiymc-492aa4da9dcc0af0a7c6ae7c0a3cd559 av_one_half  avia-builder-el-4  el_after_av_one_half  el_before_av_section  avia-builder-el-last  flex_column_div av-zero-column-padding  '     ><style type=\"text\/css\" data-created_by=\"avia_inline_auto\" id=\"style-css-av-6dukyg4-19080787957be41d35a3d2df68074c96\">\n#top .avia-gallery.av-6dukyg4-19080787957be41d35a3d2df68074c96 .avia-gallery-thumb a{\nwidth:20%;\n}\n<\/style>\n<div  class='avia-gallery av-6dukyg4-19080787957be41d35a3d2df68074c96 avia_animate_when_visible  avia-builder-el-5  avia-builder-el-no-sibling  avia_lazyload av-slideshow-ui av-loop-manual-endless av-control-hidden av-navigate-arrows av-navigate-dots hover-effect av-control-hidden avia-gallery-animate avia-gallery-1'  itemprop=\"image\" itemscope=\"itemscope\" itemtype=\"https:\/\/schema.org\/ImageObject\" ><meta itemprop=\"contentURL\" content=\"https:\/\/www.altei.cz\/hifi\/home-cinema-zvuk\/\"><div class='avia-gallery-big-wrapper'><a class='avia-gallery-big fakeLightbox lightbox avia-gallery-big-crop-thumb ' href=\"https:\/\/www.altei.cz\/hifi\/wp-content\/uploads\/2023\/07\/CT-800-header-1030x552-1.png\" data-srcset=\"https:\/\/www.altei.cz\/hifi\/wp-content\/uploads\/2023\/07\/CT-800-header-1030x552-1.png 1030w, https:\/\/www.altei.cz\/hifi\/wp-content\/uploads\/2023\/07\/CT-800-header-1030x552-1-600x322.png 600w, https:\/\/www.altei.cz\/hifi\/wp-content\/uploads\/2023\/07\/CT-800-header-1030x552-1-300x161.png 300w, https:\/\/www.altei.cz\/hifi\/wp-content\/uploads\/2023\/07\/CT-800-header-1030x552-1-768x412.png 768w, https:\/\/www.altei.cz\/hifi\/wp-content\/uploads\/2023\/07\/CT-800-header-1030x552-1-705x378.png 705w, https:\/\/www.altei.cz\/hifi\/wp-content\/uploads\/2023\/07\/CT-800-header-1030x552-1-450x241.png 450w\" data-sizes=\"(max-width: 1030px) 100vw, 1030px\"  data-onclick='1' title='CT-800-header-1030x552' ><span class='avia-gallery-big-inner'  itemprop=\"thumbnailUrl\" ><img decoding=\"async\" fetchpriority=\"high\" class=\"wp-image-41294 avia-img-lazy-loading-not-41294\"  width=\"1030\" height=\"552\" src=\"https:\/\/www.altei.cz\/hifi\/wp-content\/uploads\/2023\/07\/CT-800-header-1030x552-1.png\" title='CT-800-header-1030x552' alt='' srcset=\"https:\/\/www.altei.cz\/hifi\/wp-content\/uploads\/2023\/07\/CT-800-header-1030x552-1.png 1030w, https:\/\/www.altei.cz\/hifi\/wp-content\/uploads\/2023\/07\/CT-800-header-1030x552-1-600x322.png 600w, https:\/\/www.altei.cz\/hifi\/wp-content\/uploads\/2023\/07\/CT-800-header-1030x552-1-300x161.png 300w, https:\/\/www.altei.cz\/hifi\/wp-content\/uploads\/2023\/07\/CT-800-header-1030x552-1-768x412.png 768w, https:\/\/www.altei.cz\/hifi\/wp-content\/uploads\/2023\/07\/CT-800-header-1030x552-1-705x378.png 705w, https:\/\/www.altei.cz\/hifi\/wp-content\/uploads\/2023\/07\/CT-800-header-1030x552-1-450x241.png 450w\" sizes=\"(max-width: 1030px) 100vw, 1030px\" \/><\/span><\/a><\/div><div class='avia-gallery-thumb'><a href=\"https:\/\/www.altei.cz\/hifi\/wp-content\/uploads\/2023\/07\/CT-800-header-1030x552-1.png\" data-srcset=\"https:\/\/www.altei.cz\/hifi\/wp-content\/uploads\/2023\/07\/CT-800-header-1030x552-1.png 1030w, https:\/\/www.altei.cz\/hifi\/wp-content\/uploads\/2023\/07\/CT-800-header-1030x552-1-600x322.png 600w, https:\/\/www.altei.cz\/hifi\/wp-content\/uploads\/2023\/07\/CT-800-header-1030x552-1-300x161.png 300w, https:\/\/www.altei.cz\/hifi\/wp-content\/uploads\/2023\/07\/CT-800-header-1030x552-1-768x412.png 768w, https:\/\/www.altei.cz\/hifi\/wp-content\/uploads\/2023\/07\/CT-800-header-1030x552-1-705x378.png 705w, https:\/\/www.altei.cz\/hifi\/wp-content\/uploads\/2023\/07\/CT-800-header-1030x552-1-450x241.png 450w\" data-sizes=\"(max-width: 1030px) 100vw, 1030px\" data-rel='gallery-1' data-prev-img='https:\/\/www.altei.cz\/hifi\/wp-content\/uploads\/2023\/07\/CT-800-header-1030x552-1.png' class='first_thumb lightbox ' data-onclick='1' title='CT-800-header-1030x552'  itemprop=\"thumbnailUrl\"  ><img decoding=\"async\" fetchpriority=\"high\" class=\"wp-image-41294 avia-img-lazy-loading-not-41294\"   src=\"https:\/\/www.altei.cz\/hifi\/wp-content\/uploads\/2023\/07\/CT-800-header-1030x552-1-495x400.png\" width=\"495\" height=\"400\"  title='CT-800-header-1030x552' alt='' \/><div class='big-prev-fake'><img decoding=\"async\" loading=\"lazy\" class=\"wp-image-41294 avia-img-lazy-loading-41294\"  width=\"1030\" height=\"552\" src=\"https:\/\/www.altei.cz\/hifi\/wp-content\/uploads\/2023\/07\/CT-800-header-1030x552-1.png\" title='CT-800-header-1030x552' alt='' srcset=\"https:\/\/www.altei.cz\/hifi\/wp-content\/uploads\/2023\/07\/CT-800-header-1030x552-1.png 1030w, https:\/\/www.altei.cz\/hifi\/wp-content\/uploads\/2023\/07\/CT-800-header-1030x552-1-600x322.png 600w, https:\/\/www.altei.cz\/hifi\/wp-content\/uploads\/2023\/07\/CT-800-header-1030x552-1-300x161.png 300w, https:\/\/www.altei.cz\/hifi\/wp-content\/uploads\/2023\/07\/CT-800-header-1030x552-1-768x412.png 768w, https:\/\/www.altei.cz\/hifi\/wp-content\/uploads\/2023\/07\/CT-800-header-1030x552-1-705x378.png 705w, https:\/\/www.altei.cz\/hifi\/wp-content\/uploads\/2023\/07\/CT-800-header-1030x552-1-450x241.png 450w\" sizes=\"auto, (max-width: 1030px) 100vw, 1030px\" \/><\/div><\/a><a href=\"https:\/\/www.altei.cz\/hifi\/wp-content\/uploads\/2023\/07\/IMG_7535-1030x687-1.jpg\" data-srcset=\"https:\/\/www.altei.cz\/hifi\/wp-content\/uploads\/2023\/07\/IMG_7535-1030x687-1.jpg 1030w, https:\/\/www.altei.cz\/hifi\/wp-content\/uploads\/2023\/07\/IMG_7535-1030x687-1-600x400.jpg 600w, https:\/\/www.altei.cz\/hifi\/wp-content\/uploads\/2023\/07\/IMG_7535-1030x687-1-300x200.jpg 300w, https:\/\/www.altei.cz\/hifi\/wp-content\/uploads\/2023\/07\/IMG_7535-1030x687-1-768x512.jpg 768w, https:\/\/www.altei.cz\/hifi\/wp-content\/uploads\/2023\/07\/IMG_7535-1030x687-1-705x470.jpg 705w, https:\/\/www.altei.cz\/hifi\/wp-content\/uploads\/2023\/07\/IMG_7535-1030x687-1-450x300.jpg 450w\" data-sizes=\"(max-width: 1030px) 100vw, 1030px\" data-rel='gallery-1' data-prev-img='https:\/\/www.altei.cz\/hifi\/wp-content\/uploads\/2023\/07\/IMG_7535-1030x687-1.jpg' class='lightbox ' data-onclick='2' title='IMG_7535-1030x687'  itemprop=\"thumbnailUrl\"  ><img decoding=\"async\" fetchpriority=\"high\" class=\"wp-image-41296 avia-img-lazy-loading-not-41296\"   src=\"https:\/\/www.altei.cz\/hifi\/wp-content\/uploads\/2023\/07\/IMG_7535-1030x687-1-495x400.jpg\" width=\"495\" height=\"400\"  title='IMG_7535-1030x687' alt='' srcset=\"https:\/\/www.altei.cz\/hifi\/wp-content\/uploads\/2023\/07\/IMG_7535-1030x687-1-495x400.jpg 495w, https:\/\/www.altei.cz\/hifi\/wp-content\/uploads\/2023\/07\/IMG_7535-1030x687-1-845x684.jpg 845w\" sizes=\"(max-width: 495px) 100vw, 495px\" \/><div class='big-prev-fake'><img decoding=\"async\" loading=\"lazy\" class=\"wp-image-41296 avia-img-lazy-loading-41296\"  width=\"1030\" height=\"687\" src=\"https:\/\/www.altei.cz\/hifi\/wp-content\/uploads\/2023\/07\/IMG_7535-1030x687-1.jpg\" title='IMG_7535-1030x687' alt='' srcset=\"https:\/\/www.altei.cz\/hifi\/wp-content\/uploads\/2023\/07\/IMG_7535-1030x687-1.jpg 1030w, https:\/\/www.altei.cz\/hifi\/wp-content\/uploads\/2023\/07\/IMG_7535-1030x687-1-600x400.jpg 600w, https:\/\/www.altei.cz\/hifi\/wp-content\/uploads\/2023\/07\/IMG_7535-1030x687-1-300x200.jpg 300w, https:\/\/www.altei.cz\/hifi\/wp-content\/uploads\/2023\/07\/IMG_7535-1030x687-1-768x512.jpg 768w, https:\/\/www.altei.cz\/hifi\/wp-content\/uploads\/2023\/07\/IMG_7535-1030x687-1-705x470.jpg 705w, https:\/\/www.altei.cz\/hifi\/wp-content\/uploads\/2023\/07\/IMG_7535-1030x687-1-450x300.jpg 450w\" sizes=\"auto, (max-width: 1030px) 100vw, 1030px\" \/><\/div><\/a><a href=\"https:\/\/www.altei.cz\/hifi\/wp-content\/uploads\/2023\/07\/L_MX160_Front_Top.png\" data-srcset=\"https:\/\/www.altei.cz\/hifi\/wp-content\/uploads\/2023\/07\/L_MX160_Front_Top.png 412w, https:\/\/www.altei.cz\/hifi\/wp-content\/uploads\/2023\/07\/L_MX160_Front_Top-300x208.png 300w\" data-sizes=\"(max-width: 412px) 100vw, 412px\" data-rel='gallery-1' data-prev-img='https:\/\/www.altei.cz\/hifi\/wp-content\/uploads\/2023\/07\/L_MX160_Front_Top.png' class='lightbox ' data-onclick='3' title='L_MX160_Front_Top'  itemprop=\"thumbnailUrl\"  ><img decoding=\"async\" fetchpriority=\"high\" class=\"wp-image-41297 avia-img-lazy-loading-not-41297\"   src=\"https:\/\/www.altei.cz\/hifi\/wp-content\/uploads\/2023\/07\/L_MX160_Front_Top.png\" width=\"412\" height=\"285\"  title='L_MX160_Front_Top' alt='' srcset=\"https:\/\/www.altei.cz\/hifi\/wp-content\/uploads\/2023\/07\/L_MX160_Front_Top.png 412w, https:\/\/www.altei.cz\/hifi\/wp-content\/uploads\/2023\/07\/L_MX160_Front_Top-300x208.png 300w\" sizes=\"(max-width: 412px) 100vw, 412px\" \/><div class='big-prev-fake'><img decoding=\"async\" loading=\"lazy\" class=\"wp-image-41297 avia-img-lazy-loading-41297\"  width=\"412\" height=\"285\" src=\"https:\/\/www.altei.cz\/hifi\/wp-content\/uploads\/2023\/07\/L_MX160_Front_Top.png\" title='L_MX160_Front_Top' alt='' srcset=\"https:\/\/www.altei.cz\/hifi\/wp-content\/uploads\/2023\/07\/L_MX160_Front_Top.png 412w, https:\/\/www.altei.cz\/hifi\/wp-content\/uploads\/2023\/07\/L_MX160_Front_Top-300x208.png 300w\" sizes=\"auto, (max-width: 412px) 100vw, 412px\" \/><\/div><\/a><\/div><\/div><\/div><\/div><\/div><\/div><!-- close content main div --><\/div><\/div><div id='av_section_1'  class='avia-section av-5r4w884-8e2e3f47fcf20421737db7083f0e8df6 main_color avia-section-default avia-no-shadow  avia-builder-el-6  el_after_av_one_half  avia-builder-el-last  avia-bg-style-scroll container_wrap sidebar_right'  ><div class='container av-section-cont-open' ><div class='template-page content  av-content-small alpha units'><div class='post-entry post-entry-type-page post-entry-20548'><div class='entry-content-wrapper clearfix'>\n\n<style type=\"text\/css\" data-created_by=\"avia_inline_auto\" id=\"style-css-av-anulk4-181973dcd07739675fdd3f97998021d4\">\n.avia-accordion.av-anulk4-181973dcd07739675fdd3f97998021d4{\nmax-height:430px;\n}\n.avia-accordion.av-anulk4-181973dcd07739675fdd3f97998021d4 .aviaccordion-preview{\nwidth:20.1%;\n}\n.avia-accordion .aviaccordion-slide.av-anulk4-181973dcd07739675fdd3f97998021d4__0{\nleft:0%;\n}\n.avia-accordion .aviaccordion-slide.av-anulk4-181973dcd07739675fdd3f97998021d4__1{\nleft:20%;\n}\n.avia-accordion .aviaccordion-slide.av-anulk4-181973dcd07739675fdd3f97998021d4__2{\nleft:40%;\n}\n.avia-accordion .aviaccordion-slide.av-anulk4-181973dcd07739675fdd3f97998021d4__3{\nleft:60%;\n}\n.avia-accordion .aviaccordion-slide.av-anulk4-181973dcd07739675fdd3f97998021d4__4{\nleft:80%;\n}\n<\/style>\n<div  id=\"accordion_slider_1\"  class='aviaccordion avia-accordion av-anulk4-181973dcd07739675fdd3f97998021d4 aviaccordion-title-inactive av-slideshow-manual av-loop-once ' data-slideshow-options=\"{&quot;interval&quot;:5,&quot;autoplay&quot;:false,&quot;loop_autoplay&quot;:&quot;once&quot;}\"  itemscope=\"itemscope\" itemtype=\"https:\/\/schema.org\/Blog\" ><ul class=\"aviaccordion-inner\"><li class='aviaccordion-slide av-anulk4-181973dcd07739675fdd3f97998021d4__0 aviaccordion-slide-1' data-av-left='0'  itemscope=\"itemscope\" itemtype=\"https:\/\/schema.org\/CreativeWork\" ><a class='aviaccordion-slide-link noHover' href=\"https:\/\/www.altei.cz\/hifi\/sony-home-cinema\/\"  ><div class='aviaccordion-preview '><\/div><img loading=\"lazy\" decoding=\"async\" width=\"1500\" height=\"430\" src=\"https:\/\/www.altei.cz\/hifi\/wp-content\/uploads\/2023\/07\/sliderlayeralteihomecinemaSONY2-1500x430-1.jpg\" class=\"aviaccordion-image\" alt=\"\" srcset=\"https:\/\/www.altei.cz\/hifi\/wp-content\/uploads\/2023\/07\/sliderlayeralteihomecinemaSONY2-1500x430-1.jpg 1500w, https:\/\/www.altei.cz\/hifi\/wp-content\/uploads\/2023\/07\/sliderlayeralteihomecinemaSONY2-1500x430-1-600x172.jpg 600w, https:\/\/www.altei.cz\/hifi\/wp-content\/uploads\/2023\/07\/sliderlayeralteihomecinemaSONY2-1500x430-1-300x86.jpg 300w, https:\/\/www.altei.cz\/hifi\/wp-content\/uploads\/2023\/07\/sliderlayeralteihomecinemaSONY2-1500x430-1-1030x295.jpg 1030w, https:\/\/www.altei.cz\/hifi\/wp-content\/uploads\/2023\/07\/sliderlayeralteihomecinemaSONY2-1500x430-1-768x220.jpg 768w, https:\/\/www.altei.cz\/hifi\/wp-content\/uploads\/2023\/07\/sliderlayeralteihomecinemaSONY2-1500x430-1-705x202.jpg 705w, https:\/\/www.altei.cz\/hifi\/wp-content\/uploads\/2023\/07\/sliderlayeralteihomecinemaSONY2-1500x430-1-450x129.jpg 450w, https:\/\/www.altei.cz\/hifi\/wp-content\/uploads\/2023\/07\/sliderlayeralteihomecinemaSONY2-1500x430-1-1320x378.jpg 1320w\" sizes=\"auto, (max-width: 1500px) 100vw, 1500px\" \/><\/a><\/li><li class='aviaccordion-slide av-anulk4-181973dcd07739675fdd3f97998021d4__1 aviaccordion-slide-2' data-av-left='20'  itemscope=\"itemscope\" itemtype=\"https:\/\/schema.org\/CreativeWork\" ><a class='aviaccordion-slide-link noHover' href=\"https:\/\/www.altei.cz\/hifi\/leica_home_cinema\/\"  ><div class='aviaccordion-preview '><\/div><img loading=\"lazy\" decoding=\"async\" width=\"1500\" height=\"430\" src=\"https:\/\/www.altei.cz\/hifi\/wp-content\/uploads\/2023\/07\/sliderlayeralteihomecinemaLEICA-2-1500x430-1.jpg\" class=\"aviaccordion-image\" alt=\"\" srcset=\"https:\/\/www.altei.cz\/hifi\/wp-content\/uploads\/2023\/07\/sliderlayeralteihomecinemaLEICA-2-1500x430-1.jpg 1500w, https:\/\/www.altei.cz\/hifi\/wp-content\/uploads\/2023\/07\/sliderlayeralteihomecinemaLEICA-2-1500x430-1-600x172.jpg 600w, https:\/\/www.altei.cz\/hifi\/wp-content\/uploads\/2023\/07\/sliderlayeralteihomecinemaLEICA-2-1500x430-1-300x86.jpg 300w, https:\/\/www.altei.cz\/hifi\/wp-content\/uploads\/2023\/07\/sliderlayeralteihomecinemaLEICA-2-1500x430-1-1030x295.jpg 1030w, https:\/\/www.altei.cz\/hifi\/wp-content\/uploads\/2023\/07\/sliderlayeralteihomecinemaLEICA-2-1500x430-1-768x220.jpg 768w, https:\/\/www.altei.cz\/hifi\/wp-content\/uploads\/2023\/07\/sliderlayeralteihomecinemaLEICA-2-1500x430-1-705x202.jpg 705w, https:\/\/www.altei.cz\/hifi\/wp-content\/uploads\/2023\/07\/sliderlayeralteihomecinemaLEICA-2-1500x430-1-450x129.jpg 450w, https:\/\/www.altei.cz\/hifi\/wp-content\/uploads\/2023\/07\/sliderlayeralteihomecinemaLEICA-2-1500x430-1-1320x378.jpg 1320w\" sizes=\"auto, (max-width: 1500px) 100vw, 1500px\" \/><\/a><\/li><li class='aviaccordion-slide av-anulk4-181973dcd07739675fdd3f97998021d4__2 aviaccordion-slide-3' data-av-left='40'  itemscope=\"itemscope\" itemtype=\"https:\/\/schema.org\/CreativeWork\" ><a class='aviaccordion-slide-link noHover' href=\"https:\/\/www.altei.cz\/hifi\/home-cinema-player\/\"  ><div class='aviaccordion-preview '><\/div><img loading=\"lazy\" decoding=\"async\" width=\"1500\" height=\"430\" src=\"https:\/\/www.altei.cz\/hifi\/wp-content\/uploads\/2023\/07\/sliderlayeralteihomecinemabluray-1-1500x430-3.jpg\" class=\"aviaccordion-image\" alt=\"\" srcset=\"https:\/\/www.altei.cz\/hifi\/wp-content\/uploads\/2023\/07\/sliderlayeralteihomecinemabluray-1-1500x430-3.jpg 1500w, https:\/\/www.altei.cz\/hifi\/wp-content\/uploads\/2023\/07\/sliderlayeralteihomecinemabluray-1-1500x430-3-600x172.jpg 600w, https:\/\/www.altei.cz\/hifi\/wp-content\/uploads\/2023\/07\/sliderlayeralteihomecinemabluray-1-1500x430-3-300x86.jpg 300w, https:\/\/www.altei.cz\/hifi\/wp-content\/uploads\/2023\/07\/sliderlayeralteihomecinemabluray-1-1500x430-3-1030x295.jpg 1030w, https:\/\/www.altei.cz\/hifi\/wp-content\/uploads\/2023\/07\/sliderlayeralteihomecinemabluray-1-1500x430-3-768x220.jpg 768w, https:\/\/www.altei.cz\/hifi\/wp-content\/uploads\/2023\/07\/sliderlayeralteihomecinemabluray-1-1500x430-3-705x202.jpg 705w, https:\/\/www.altei.cz\/hifi\/wp-content\/uploads\/2023\/07\/sliderlayeralteihomecinemabluray-1-1500x430-3-450x129.jpg 450w, https:\/\/www.altei.cz\/hifi\/wp-content\/uploads\/2023\/07\/sliderlayeralteihomecinemabluray-1-1500x430-3-1320x378.jpg 1320w\" sizes=\"auto, (max-width: 1500px) 100vw, 1500px\" \/><\/a><\/li><li class='aviaccordion-slide av-anulk4-181973dcd07739675fdd3f97998021d4__3 aviaccordion-slide-4' data-av-left='60'  itemscope=\"itemscope\" itemtype=\"https:\/\/schema.org\/CreativeWork\" ><a class='aviaccordion-slide-link noHover' href=\"https:\/\/www.altei.cz\/hifi\/projekcni-plochy\/\"  ><div class='aviaccordion-preview '><\/div><img loading=\"lazy\" decoding=\"async\" width=\"1500\" height=\"430\" src=\"https:\/\/www.altei.cz\/hifi\/wp-content\/uploads\/2022\/06\/sliderlayeralteihomecinemascreens-1500x430-1-1500x430.jpg\" class=\"aviaccordion-image\" alt=\"\" srcset=\"https:\/\/www.altei.cz\/hifi\/wp-content\/uploads\/2022\/06\/sliderlayeralteihomecinemascreens-1500x430-1.jpg 1500w, https:\/\/www.altei.cz\/hifi\/wp-content\/uploads\/2022\/06\/sliderlayeralteihomecinemascreens-1500x430-1-600x172.jpg 600w, https:\/\/www.altei.cz\/hifi\/wp-content\/uploads\/2022\/06\/sliderlayeralteihomecinemascreens-1500x430-1-300x86.jpg 300w, https:\/\/www.altei.cz\/hifi\/wp-content\/uploads\/2022\/06\/sliderlayeralteihomecinemascreens-1500x430-1-1030x295.jpg 1030w, https:\/\/www.altei.cz\/hifi\/wp-content\/uploads\/2022\/06\/sliderlayeralteihomecinemascreens-1500x430-1-768x220.jpg 768w, https:\/\/www.altei.cz\/hifi\/wp-content\/uploads\/2022\/06\/sliderlayeralteihomecinemascreens-1500x430-1-705x202.jpg 705w, https:\/\/www.altei.cz\/hifi\/wp-content\/uploads\/2022\/06\/sliderlayeralteihomecinemascreens-1500x430-1-1320x378.jpg 1320w\" sizes=\"auto, (max-width: 1500px) 100vw, 1500px\" \/><\/a><\/li><li class='aviaccordion-slide av-anulk4-181973dcd07739675fdd3f97998021d4__4 aviaccordion-slide-5' data-av-left='80'  itemscope=\"itemscope\" itemtype=\"https:\/\/schema.org\/CreativeWork\" ><a class='aviaccordion-slide-link noHover' href=\"https:\/\/www.altei.cz\/hifi\/home-cinema-zvuk\/\"  ><div class='aviaccordion-preview '><\/div><img loading=\"lazy\" decoding=\"async\" width=\"1500\" height=\"430\" src=\"https:\/\/www.altei.cz\/hifi\/wp-content\/uploads\/2022\/06\/sliderlayeralteihomecinemasound-1500x430-1-1500x430.jpg\" class=\"aviaccordion-image\" alt=\"\" srcset=\"https:\/\/www.altei.cz\/hifi\/wp-content\/uploads\/2022\/06\/sliderlayeralteihomecinemasound-1500x430-1.jpg 1500w, https:\/\/www.altei.cz\/hifi\/wp-content\/uploads\/2022\/06\/sliderlayeralteihomecinemasound-1500x430-1-600x172.jpg 600w, https:\/\/www.altei.cz\/hifi\/wp-content\/uploads\/2022\/06\/sliderlayeralteihomecinemasound-1500x430-1-300x86.jpg 300w, https:\/\/www.altei.cz\/hifi\/wp-content\/uploads\/2022\/06\/sliderlayeralteihomecinemasound-1500x430-1-1030x295.jpg 1030w, https:\/\/www.altei.cz\/hifi\/wp-content\/uploads\/2022\/06\/sliderlayeralteihomecinemasound-1500x430-1-768x220.jpg 768w, https:\/\/www.altei.cz\/hifi\/wp-content\/uploads\/2022\/06\/sliderlayeralteihomecinemasound-1500x430-1-705x202.jpg 705w, https:\/\/www.altei.cz\/hifi\/wp-content\/uploads\/2022\/06\/sliderlayeralteihomecinemasound-1500x430-1-1320x378.jpg 1320w\" sizes=\"auto, (max-width: 1500px) 100vw, 1500px\" \/><\/a><\/li><\/ul><div class='aviaccordion-spacer' style='padding-bottom:28.6666666667%'><\/div><\/div>\n<\/div><\/div><\/div><!-- close content main div --><\/div><\/div><div id='after_section_1'  class='main_color av_default_container_wrap container_wrap sidebar_right'  ><div class='container av-section-cont-open' ><div class='template-page content  av-content-small alpha units'><div class='post-entry post-entry-type-page post-entry-20548'><div class='entry-content-wrapper clearfix'><\/p>\n","protected":false},"excerpt":{"rendered":"","protected":false},"author":1,"featured_media":2967,"parent":0,"menu_order":0,"comment_status":"open","ping_status":"closed","template":"","meta":{"footnotes":""},"class_list":["post-20548","page","type-page","status-publish","has-post-thumbnail","hentry"],"aioseo_notices":[],"jetpack_sharing_enabled":true,"_links":{"self":[{"href":"https:\/\/www.altei.cz\/hifi\/wp-json\/wp\/v2\/pages\/20548","targetHints":{"allow":["GET"]}}],"collection":[{"href":"https:\/\/www.altei.cz\/hifi\/wp-json\/wp\/v2\/pages"}],"about":[{"href":"https:\/\/www.altei.cz\/hifi\/wp-json\/wp\/v2\/types\/page"}],"author":[{"embeddable":true,"href":"https:\/\/www.altei.cz\/hifi\/wp-json\/wp\/v2\/users\/1"}],"replies":[{"embeddable":true,"href":"https:\/\/www.altei.cz\/hifi\/wp-json\/wp\/v2\/comments?post=20548"}],"version-history":[{"count":0,"href":"https:\/\/www.altei.cz\/hifi\/wp-json\/wp\/v2\/pages\/20548\/revisions"}],"wp:featuredmedia":[{"embeddable":true,"href":"https:\/\/www.altei.cz\/hifi\/wp-json\/"}],"wp:attachment":[{"href":"https:\/\/www.altei.cz\/hifi\/wp-json\/wp\/v2\/media?parent=20548"}],"curies":[{"name":"wp","href":"https:\/\/api.w.org\/{rel}","templated":true}]}}