{"id":20774,"date":"2017-01-16T18:14:20","date_gmt":"2017-01-16T17:14:20","guid":{"rendered":"https:\/\/www.altei.cz\/high-end-av-2\/bricasti-design\/"},"modified":"2017-01-16T18:14:20","modified_gmt":"2017-01-16T17:14:20","slug":"bricasti","status":"publish","type":"page","link":"https:\/\/www.altei.cz\/hifi\/bricasti\/","title":{"rendered":"Bricasti Design"},"content":{"rendered":"<div id='layer_slider_1'  class='avia-layerslider main_color avia-shadow  avia-builder-el-0  el_before_av_heading  avia-builder-el-first  container_wrap sidebar_right'  style='height: 471px;'  ><\/div><div id='after_layer_slider_1'  class='main_color av_default_container_wrap container_wrap sidebar_right'  ><div class='container av-section-cont-open' ><div class='template-page content  av-content-small alpha units'><div class='post-entry post-entry-type-page post-entry-20774'><div class='entry-content-wrapper clearfix'>\n\n<style type=\"text\/css\" data-created_by=\"avia_inline_auto\" id=\"style-css-av-av_heading-996b89cdbecc327c318f12b1109dc7b8\">\n#top .av-special-heading.av-av_heading-996b89cdbecc327c318f12b1109dc7b8{\npadding-bottom:10px;\n}\nbody .av-special-heading.av-av_heading-996b89cdbecc327c318f12b1109dc7b8 .av-special-heading-tag .heading-char{\nfont-size:25px;\n}\n.av-special-heading.av-av_heading-996b89cdbecc327c318f12b1109dc7b8 .av-subheading{\nfont-size:15px;\n}\n<\/style>\n<div  class='av-special-heading av-av_heading-996b89cdbecc327c318f12b1109dc7b8 av-special-heading-h3  avia-builder-el-1  el_after_av_layerslider  el_before_av_textblock  avia-builder-el-first '><h3 class='av-special-heading-tag '  itemprop=\"headline\"  >High End pro n\u00e1ro\u010dn\u00e9<\/h3><div class=\"special-heading-border\"><div class=\"special-heading-inner-border\"><\/div><\/div><\/div>\n<div  class='flex_column av-ov2slc6-29f62bede9bcb8342e4b9632235278b2 av_one_full first flex_column_div  '     ><\/div>\n<div  class='flex_column av-oiukona-0c7a08746d4112e5f6bc669ebceb3fad av_one_half first flex_column_div  '     ><p><section  class='av_textblock_section av-2eeubty-a0f3a2cee392de31779767b358d8a6ef '   itemscope=\"itemscope\" itemtype=\"https:\/\/schema.org\/CreativeWork\" ><div class='avia_textblock'  itemprop=\"text\" ><p>Bricasti Design nen\u00ed ve sv\u011bt\u011b profesion\u00e1ln\u00edho audia \u017e\u00e1dn\u00fdm nov\u00e1\u010dkem. President spole\u010dnosti Bian Zolner a v\u00fdvoj\u00e1\u0159 Casey Dowdell\u00a0byli dlouh\u00e1 l\u00e9ta \u010dleny t\u00fdmu Lexicon, dal\u0161\u00ed spolupracovn\u00edci potom pracovali ve v\u00fdvoji Mark Levinson\u2026 V\u00fdvojov\u00fd t\u00fdm\u00a0americk\u00e9 firmy\u00a0Bricasti \u00a0navazuje na svoje p\u0159edchoz\u00ed \u00fasp\u011bchy ve v\u00fdvoji digit\u00e1ln\u00edch i analogov\u00fdch za\u0159\u00edzen\u00ed jako nap\u0159. efektov\u00fdch procesor\u016f a zesilova\u010d\u016f. a uv\u00e9st na trh p\u0159\u00edstroj, je\u017e by byl d\u016fstojn\u00fdm n\u00e1sledn\u00edkem takov\u00fdch legend jak\u00fdmi byly Lexicon 480L a PCM91. D\u00edky sv\u00fdm zku\u0161enostem, ale tak\u00e9 d\u00edky znalosti nejnov\u011bj\u0161\u00edch technologi\u00ed se jim da\u0159\u00ed vyv\u00edjet za\u0159\u00edzen\u00ed, kter\u00e1 podle u\u017eivatelsk\u00fdch ohlas\u016f sv\u00fdm zvukem i parametry vysoko p\u0159evy\u0161uj\u00ed \u00a0v\u0161echny sv\u00e9 sou\u010dasn\u00e9 konkurenty. Ve\u0161ker\u00e1 za\u0159\u00edzen\u00ed jsou vyr\u00e1b\u011bna v USA.<\/p>\n<\/div><\/section><br \/>\n<section  class='av_textblock_section av-nhwoqp2-5979be5d8aa3a62da7f2571d04f0350a '   itemscope=\"itemscope\" itemtype=\"https:\/\/schema.org\/CreativeWork\" ><div class='avia_textblock'  itemprop=\"text\" ><p><strong><a href=\"http:\/\/www.stereophile.com\/content\/fifth-element-67\">Recenze na Bricasti Design M1 ze Stereophile nazvan\u00e1 &#8222;P\u00e1t\u00fd element&#8220;<\/a><\/strong><\/p>\n<\/div><\/section><\/p><\/div>\n<div  class='flex_column av-n4q1z8m-c4744dcddafe1bcbe942a0ffac33207a av_one_half  avia-builder-el-3  el_after_av_textblock  el_before_av_heading  flex_column_div  '     ><\/div>\n\n<style type=\"text\/css\" data-created_by=\"avia_inline_auto\" id=\"style-css-av-mhqd61y-70219ab3c68d716b92b85ae68df176ca\">\n.flex_column.av-mhqd61y-70219ab3c68d716b92b85ae68df176ca{\nborder-radius:0px 0px 0px 0px;\npadding:0px 0px 0px 0px;\n}\n<\/style>\n<div  class='flex_column av-mhqd61y-70219ab3c68d716b92b85ae68df176ca av_one_full first flex_column_div av-zero-column-padding  '     ><div  class='avia-logo-element-container av-zrvb8y-0e122eb4c14ab3d239c65395108d5321 av-border-deactivate avia-logo-slider avia-content-slider avia-smallarrow-slider avia-content-slider-active noHover avia-content-slider-odd av-slideshow-ui av-control-default av-nav-arrows-visible av-nav-dots-visible av-hide-nav-arrows av-slideshow-autoplay av-loop-endless av-loop-manual-endless avia-content-slider1' data-slideshow-options=\"{&quot;animation&quot;:&quot;slide&quot;,&quot;autoplay&quot;:true,&quot;loop_autoplay&quot;:&quot;endless&quot;,&quot;interval&quot;:5,&quot;loop_manual&quot;:&quot;manual-endless&quot;,&quot;autoplay_stopper&quot;:false,&quot;noNavigation&quot;:false,&quot;bg_slider&quot;:false,&quot;keep_padding&quot;:&quot;&quot;,&quot;hoverpause&quot;:false,&quot;show_slide_delay&quot;:0}\"><div class='avia-smallarrow-slider-heading '><div class='new-special-heading'><h3 class='av-logo-special-heading-text '>Dal\u0161\u00ed zna\u010dky<\/h3><\/div><div class='avia-slideshow-arrows avia-slideshow-controls' ><a href='#prev' class='prev-slide  avia-svg-icon avia-font-svg_entypo-fontello' data-av_svg_icon='left-open-big' data-av_iconset='svg_entypo-fontello' tabindex='-1' title=\"Previous\"><svg version=\"1.1\" xmlns=\"http:\/\/www.w3.org\/2000\/svg\" width=\"15\" height=\"32\" viewBox=\"0 0 15 32\" preserveAspectRatio=\"xMidYMid meet\" aria-labelledby='av-svg-title-1' aria-describedby='av-svg-desc-1' role=\"graphics-symbol\" aria-hidden=\"true\">\n<title id='av-svg-title-1'>Previous<\/title>\n<desc id='av-svg-desc-1'>Previous<\/desc>\n<path d=\"M14.464 27.84q0.832 0.832 0 1.536-0.832 0.832-1.536 0l-12.544-12.608q-0.768-0.768 0-1.6l12.544-12.608q0.704-0.832 1.536 0 0.832 0.704 0 1.536l-11.456 11.904z\"><\/path>\n<\/svg><span class='avia_hidden_link_text'>Previous<\/span><\/a><a href='#next' class='next-slide  avia-svg-icon avia-font-svg_entypo-fontello' data-av_svg_icon='right-open-big' data-av_iconset='svg_entypo-fontello' tabindex='-1' title=\"Next\"><svg version=\"1.1\" xmlns=\"http:\/\/www.w3.org\/2000\/svg\" width=\"15\" height=\"32\" viewBox=\"0 0 15 32\" preserveAspectRatio=\"xMidYMid meet\" aria-labelledby='av-svg-title-2' aria-describedby='av-svg-desc-2' role=\"graphics-symbol\" aria-hidden=\"true\">\n<title id='av-svg-title-2'>Next<\/title>\n<desc id='av-svg-desc-2'>Next<\/desc>\n<path d=\"M0.416 27.84l11.456-11.84-11.456-11.904q-0.832-0.832 0-1.536 0.832-0.832 1.536 0l12.544 12.608q0.768 0.832 0 1.6l-12.544 12.608q-0.704 0.832-1.536 0-0.832-0.704 0-1.536z\"><\/path>\n<\/svg><span class='avia_hidden_link_text'>Next<\/span><\/a><\/div><\/div><div class=\"avia-content-slider-inner\"><div class=\"slide-entry-wrap\"><div  class='slide-entry av-c0iyevm-a8daa9331c315d67d9490d217e5b5c1a flex_column no_margin av_one_fifth real-thumbnail post-entry slide-entry-overview slide-loop-1 slide-parity-odd  first'><\/div><div  class='slide-entry av-21hi1zm-d9f234114cd374ed4a79c2bd9172e4f2 flex_column no_margin av_one_fifth real-thumbnail post-entry slide-entry-overview slide-loop-2 slide-parity-even  '><\/div><div  class='slide-entry av-b2u004y-a245b9096e5e3061dd7955dd9363367c flex_column no_margin av_one_fifth real-thumbnail post-entry slide-entry-overview slide-loop-3 slide-parity-odd  '><\/div><div  class='slide-entry av-aybp8mq-e3fe7969b2f1ddbf31efa0fa2792b04d flex_column no_margin av_one_fifth real-thumbnail post-entry slide-entry-overview slide-loop-4 slide-parity-even  '><\/div><div  class='slide-entry av-1otg0lu-0ed0c5c92f586ed9582f94d1cf303955 flex_column no_margin av_one_fifth real-thumbnail post-entry slide-entry-overview slide-loop-5 slide-parity-odd  '><\/div><\/div><div class=\"slide-entry-wrap\"><div  class='slide-entry av-11gliya-32993685d55c3119b59d1ddd84147dfc flex_column no_margin av_one_fifth real-thumbnail post-entry slide-entry-overview slide-loop-6 slide-parity-odd  first'><\/div><div  class='slide-entry av-9reto4y-b21f69e6f5f3aff1f1ed80eb82427afc flex_column no_margin av_one_fifth real-thumbnail post-entry slide-entry-overview slide-loop-7 slide-parity-even  '><\/div><div  class='slide-entry av-9agkd2q-aaddefc2698e413f2720555311b66f6d flex_column no_margin av_one_fifth real-thumbnail post-entry slide-entry-overview slide-loop-8 slide-parity-odd  '><\/div><div  class='slide-entry av-8xa1vxu-e685fbd84d2fb242ccc60330c10386f9 flex_column no_margin av_one_fifth real-thumbnail post-entry slide-entry-overview slide-loop-9 slide-parity-even  '><\/div><div  class='slide-entry av-1boh9n6-bfa5c99859eb6a137b1a9e0f60c72035 flex_column no_margin av_one_fifth real-thumbnail post-entry slide-entry-overview slide-loop-10 slide-parity-odd  '><\/div><\/div><div class=\"slide-entry-wrap\"><div  class='slide-entry av-v2nx4i-36583de6256f2d2f504934eab1a1b53b flex_column no_margin av_one_fifth real-thumbnail post-entry slide-entry-overview slide-loop-11 slide-parity-odd  first'><\/div><div  class='slide-entry av-7xx9ewi-8348f1030eccf4a9c982fc3e21531959 flex_column no_margin av_one_fifth real-thumbnail post-entry slide-entry-overview slide-loop-12 slide-parity-even  '><\/div><div  class='slide-entry av-7om4ihe-06023466088729bc2ba401ba337b23b6 flex_column no_margin av_one_fifth real-thumbnail post-entry slide-entry-overview slide-loop-13 slide-parity-odd  '><\/div><div  class='slide-entry av-72snc36-a61126ec36b730f974048ccf8391d82b flex_column no_margin av_one_fifth real-thumbnail post-entry slide-entry-overview slide-loop-14 slide-parity-even  '><\/div><div  class='slide-entry av-6l9wpte-e56f92f943c95e48bf410cc7f8025721 flex_column no_margin av_one_fifth real-thumbnail post-entry slide-entry-overview slide-loop-15 slide-parity-odd  '><\/div><\/div><div class=\"slide-entry-wrap\"><div  class='slide-entry av-66b1a6q-a2ff7e0f82fdc6c99971365c4ad10272 flex_column no_margin av_one_fifth real-thumbnail post-entry slide-entry-overview slide-loop-16 slide-parity-odd  first'><\/div><div  class='slide-entry av-kbm0r6-db2d0352553dbaa0b7f49f92f1e7e112 flex_column no_margin av_one_fifth real-thumbnail post-entry slide-entry-overview slide-loop-17 slide-parity-even  '><\/div><div  class='slide-entry av-5i23j0y-1b5fc8d73f49ec6d710c5ee5b852ddcb flex_column no_margin av_one_fifth real-thumbnail post-entry slide-entry-overview slide-loop-18 slide-parity-odd  '><\/div><div  class='slide-entry av-gx55ma-26a4a195ab680472db9cd9f53aff59c9 flex_column no_margin av_one_fifth real-thumbnail post-entry slide-entry-overview slide-loop-19 slide-parity-even  '><\/div><div  class='slide-entry av-4hp3weq-d2865279f04818832939c4adf071e34f flex_column no_margin av_one_fifth real-thumbnail post-entry slide-entry-overview slide-loop-20 slide-parity-odd  '><\/div><\/div><div class=\"slide-entry-wrap\"><div  class='slide-entry av-3xhz7aq-768e4a1a81c55c9052b0c86d4e5e59a2 flex_column no_margin av_one_fifth real-thumbnail post-entry slide-entry-overview slide-loop-21 slide-parity-odd  first'><\/div><div  class='slide-entry av-3aczmtu-01c81c1219a00812bbc115083ab790cf flex_column no_margin av_one_fifth real-thumbnail post-entry slide-entry-overview slide-loop-22 slide-parity-even  '><\/div><div  class='slide-entry av-2syprle-97e20ab446b8af03e465c3f733aa04ef flex_column no_margin av_one_fifth real-thumbnail post-entry slide-entry-overview slide-loop-23 slide-parity-odd  '><\/div><div  class='slide-entry av-2p4trw2-d6f750ce741e4e21cea8a4a8d38cae33 flex_column no_margin av_one_fifth real-thumbnail post-entry slide-entry-overview slide-loop-24 slide-parity-even  '><\/div><div  class='slide-entry av-235c4aa-0d5ab7b6f32dfd3c5fcb574b4f4cbb26 flex_column no_margin av_one_fifth real-thumbnail post-entry slide-entry-overview slide-loop-25 slide-parity-odd  '><\/div><\/div><div class=\"slide-entry-wrap\"><div  class='slide-entry av-1p4r93m-4a0becd8de7105dfcdc89fb245f0449a flex_column no_margin av_one_fifth real-thumbnail post-entry slide-entry-overview slide-loop-26 slide-parity-odd  first'><\/div><div  class='slide-entry av-13is4xe-bbac9c948cab3462bfa3db7ac6eb3e3e flex_column no_margin av_one_fifth real-thumbnail post-entry slide-entry-overview slide-loop-27 slide-parity-even  '><\/div><div  class='slide-entry av-33erw2-0fd7c2612338872bfd72dca33a5b6aee flex_column no_margin av_one_fifth real-thumbnail post-entry slide-entry-overview slide-loop-28 slide-parity-odd post-entry-last '><\/div><\/div><\/div><div class='avia-slideshow-dots avia-slideshow-controls'><a href='#1' class='goto-slide active' >1<\/a><a href='#2' class='goto-slide ' >2<\/a><a href='#3' class='goto-slide ' >3<\/a><a href='#4' class='goto-slide ' >4<\/a><a href='#5' class='goto-slide ' >5<\/a><a href='#6' class='goto-slide ' >6<\/a><\/div><\/div><\/div><div  class='flex_column av-co4jujq-62c0fc00009ca09af2c681fdebd47614 av_one_full first flex_column_div  '     ><style type=\"text\/css\" data-created_by=\"avia_inline_auto\" id=\"style-css-av-c90usx2-3cd6c9e8171a8224922e7d950aeb95c2\">\n#top .av-special-heading.av-c90usx2-3cd6c9e8171a8224922e7d950aeb95c2{\npadding-bottom:0;\n}\nbody .av-special-heading.av-c90usx2-3cd6c9e8171a8224922e7d950aeb95c2 .av-special-heading-tag .heading-char{\nfont-size:25px;\n}\n.av-special-heading.av-c90usx2-3cd6c9e8171a8224922e7d950aeb95c2 .av-subheading{\nfont-size:15px;\n}\n<\/style>\n<div  class='av-special-heading av-c90usx2-3cd6c9e8171a8224922e7d950aeb95c2 av-special-heading-h3  avia-builder-el-4  el_after_av_one_half  el_before_av_one_full '><h3 class='av-special-heading-tag '  itemprop=\"headline\"  >Kategorie AV produkt\u016f<\/h3><div class=\"special-heading-border\"><div class=\"special-heading-inner-border\"><\/div><\/div><\/div><\/div><\/p>\n<div  class='avia-logo-element-container av-15wvafa-ca5691576fd30ec7cb38a798cea6078a av-border-deactivate avia-logo-slider avia-content-slider avia-smallarrow-slider avia-content-slider-active noHover avia-content-slider-odd av-slideshow-ui av-control-default av-nav-arrows-visible av-nav-dots-visible av-no-slider-navigation av-slideshow-autoplay av-loop-endless av-loop-manual-endless avia-content-slider2' data-slideshow-options=\"{&quot;animation&quot;:&quot;slide&quot;,&quot;autoplay&quot;:true,&quot;loop_autoplay&quot;:&quot;endless&quot;,&quot;interval&quot;:15,&quot;loop_manual&quot;:&quot;manual-endless&quot;,&quot;autoplay_stopper&quot;:false,&quot;noNavigation&quot;:false,&quot;bg_slider&quot;:false,&quot;keep_padding&quot;:&quot;&quot;,&quot;hoverpause&quot;:false,&quot;show_slide_delay&quot;:0}\"><div class='avia-smallarrow-slider-heading  no-logo-slider-heading '><div class='new-special-heading'>&nbsp;<\/div><div class='avia-slideshow-arrows avia-slideshow-controls' ><a href='#prev' class='prev-slide  avia-svg-icon avia-font-svg_entypo-fontello' data-av_svg_icon='left-open-big' data-av_iconset='svg_entypo-fontello' tabindex='-1' title=\"Previous\"><svg version=\"1.1\" xmlns=\"http:\/\/www.w3.org\/2000\/svg\" width=\"15\" height=\"32\" viewBox=\"0 0 15 32\" preserveAspectRatio=\"xMidYMid meet\" aria-labelledby='av-svg-title-3' aria-describedby='av-svg-desc-3' role=\"graphics-symbol\" aria-hidden=\"true\">\n<title id='av-svg-title-3'>Previous<\/title>\n<desc id='av-svg-desc-3'>Previous<\/desc>\n<path d=\"M14.464 27.84q0.832 0.832 0 1.536-0.832 0.832-1.536 0l-12.544-12.608q-0.768-0.768 0-1.6l12.544-12.608q0.704-0.832 1.536 0 0.832 0.704 0 1.536l-11.456 11.904z\"><\/path>\n<\/svg><span class='avia_hidden_link_text'>Previous<\/span><\/a><a href='#next' class='next-slide  avia-svg-icon avia-font-svg_entypo-fontello' data-av_svg_icon='right-open-big' data-av_iconset='svg_entypo-fontello' tabindex='-1' title=\"Next\"><svg version=\"1.1\" xmlns=\"http:\/\/www.w3.org\/2000\/svg\" width=\"15\" height=\"32\" viewBox=\"0 0 15 32\" preserveAspectRatio=\"xMidYMid meet\" aria-labelledby='av-svg-title-4' aria-describedby='av-svg-desc-4' role=\"graphics-symbol\" aria-hidden=\"true\">\n<title id='av-svg-title-4'>Next<\/title>\n<desc id='av-svg-desc-4'>Next<\/desc>\n<path d=\"M0.416 27.84l11.456-11.84-11.456-11.904q-0.832-0.832 0-1.536 0.832-0.832 1.536 0l12.544 12.608q0.768 0.832 0 1.6l-12.544 12.608q-0.704 0.832-1.536 0-0.832-0.704 0-1.536z\"><\/path>\n<\/svg><span class='avia_hidden_link_text'>Next<\/span><\/a><\/div><\/div><div class=\"avia-content-slider-inner\"><div class=\"slide-entry-wrap\"><div  class='slide-entry av-b9qdx52-e0e3aebfb199edb7f56513168b1b33cb flex_column no_margin av_one_seventh real-thumbnail post-entry slide-entry-overview slide-loop-1 slide-parity-odd  first'><\/div><div  class='slide-entry av-aruq71i-45b635424a017a6e45fdba463c24ddfc flex_column no_margin av_one_seventh real-thumbnail post-entry slide-entry-overview slide-loop-2 slide-parity-even  '><\/div><div  class='slide-entry av-11dwy5i-63ada5c68e011be0a3a09a6b0cda5f83 flex_column no_margin av_one_seventh real-thumbnail post-entry slide-entry-overview slide-loop-3 slide-parity-odd  '><\/div><div  class='slide-entry av-9pr5wqu-142950bc99e00485ae46d741fd62468c flex_column no_margin av_one_seventh real-thumbnail post-entry slide-entry-overview slide-loop-4 slide-parity-even  '><\/div><div  class='slide-entry av-ygtxvq-6ccacca8bb10f56e24aab25036b6a7ef flex_column no_margin av_one_seventh real-thumbnail post-entry slide-entry-overview slide-loop-5 slide-parity-odd  '><\/div><div  class='slide-entry av-8srkkdi-49b0bcdfbb73ddf83d3699f8808d9bdf flex_column no_margin av_one_seventh real-thumbnail post-entry slide-entry-overview slide-loop-6 slide-parity-even  '><\/div><div  class='slide-entry av-u6otd2-5a7c22e386fc8df97a7617dfcd50a6a6 flex_column no_margin av_one_seventh real-thumbnail post-entry slide-entry-overview slide-loop-7 slide-parity-odd  '><\/div><\/div><div class=\"slide-entry-wrap\"><div  class='slide-entry av-tghqqu-0e9e06d2b3b8cafcaba32f4d032748c4 flex_column no_margin av_one_seventh real-thumbnail post-entry slide-entry-overview slide-loop-8 slide-parity-odd  first'><\/div><div  class='slide-entry av-7heu3ye-2e4d122e73ad0d92df00ef721adba6a4 flex_column no_margin av_one_seventh real-thumbnail post-entry slide-entry-overview slide-loop-9 slide-parity-even  '><\/div><div  class='slide-entry av-qcdtja-c258ec24c8f78ebfa8707cb2095da30a flex_column no_margin av_one_seventh real-thumbnail post-entry slide-entry-overview slide-loop-10 slide-parity-odd  '><\/div><div  class='slide-entry av-nfcyfa-81f57b509fb6aa444b23ee04013705a5 flex_column no_margin av_one_seventh real-thumbnail post-entry slide-entry-overview slide-loop-11 slide-parity-even  '><\/div><div  class='slide-entry av-68l9492-e20de5658bbcccd51d874e12dd741165 flex_column no_margin av_one_seventh real-thumbnail post-entry slide-entry-overview slide-loop-12 slide-parity-odd  '><\/div><div  class='slide-entry av-5nvjp2e-75646a68356efc52602f6499188f487c flex_column no_margin av_one_seventh real-thumbnail post-entry slide-entry-overview slide-loop-13 slide-parity-even  '><\/div><div  class='slide-entry av-j2rybq-ee00c6922748f230e366e2e8d5f02bbc flex_column no_margin av_one_seventh real-thumbnail post-entry slide-entry-overview slide-loop-14 slide-parity-odd  '><\/div><\/div><div class=\"slide-entry-wrap\"><div  class='slide-entry av-1q88qu-d052e5d2a2e24a68d52c40ef7b577b6d flex_column no_margin av_one_seventh real-thumbnail post-entry slide-entry-overview slide-loop-15 slide-parity-odd  first'><\/div><div  class='slide-entry av-49zu7eu-dd8c2ab3b6cfc0e7b3519a81c981b13c flex_column no_margin av_one_seventh real-thumbnail post-entry slide-entry-overview slide-loop-16 slide-parity-even  '><\/div><div  class='slide-entry av-43rbn6u-0326ea9eccbecb655571e35319b097d7 flex_column no_margin av_one_seventh real-thumbnail post-entry slide-entry-overview slide-loop-17 slide-parity-odd  '><\/div><div  class='slide-entry av-3cj7v52-d4352ee7a7dd07116932c461c37473f5 flex_column no_margin av_one_seventh real-thumbnail post-entry slide-entry-overview slide-loop-18 slide-parity-even  '><\/div><div  class='slide-entry av-10xbja-11813f9beee22cb06ac39cb974841ac3 flex_column no_margin av_one_seventh real-thumbnail post-entry slide-entry-overview slide-loop-19 slide-parity-odd  '><\/div><div  class='slide-entry av-2iyie12-4fc1338a205a993ccf4d47392b03d4f6 flex_column no_margin av_one_seventh real-thumbnail post-entry slide-entry-overview slide-loop-20 slide-parity-even  '><\/div><div  class='slide-entry av-27nigw6-adf25c461735866ee913f5d2cb74de27 flex_column no_margin av_one_seventh real-thumbnail post-entry slide-entry-overview slide-loop-21 slide-parity-odd  '><\/div><\/div><div class=\"slide-entry-wrap\"><div  class='slide-entry av-1mbpv5y-351db26f34dab63ab074f6172de264c3 flex_column no_margin av_one_seventh real-thumbnail post-entry slide-entry-overview slide-loop-22 slide-parity-odd  first'><\/div><div  class='slide-entry av-1153qee-dd53b1eff35acd7589dfae8a5ecc303f flex_column no_margin av_one_seventh real-thumbnail post-entry slide-entry-overview slide-loop-23 slide-parity-even  '><\/div><div  class='slide-entry av-u67o2u-7f7141931c977f8ef1116b40725fa1f9 flex_column no_margin av_one_seventh real-thumbnail post-entry slide-entry-overview slide-loop-24 slide-parity-odd post-entry-last '><\/div><\/div><\/div><\/div>\n","protected":false},"excerpt":{"rendered":"<p>This is a Page excerpt. It will be displayed for search results<\/p>\n","protected":false},"author":1,"featured_media":0,"parent":0,"menu_order":0,"comment_status":"open","ping_status":"closed","template":"","meta":{"footnotes":""},"class_list":["post-20774","page","type-page","status-publish","hentry"],"aioseo_notices":[],"jetpack_sharing_enabled":true,"_links":{"self":[{"href":"https:\/\/www.altei.cz\/hifi\/wp-json\/wp\/v2\/pages\/20774","targetHints":{"allow":["GET"]}}],"collection":[{"href":"https:\/\/www.altei.cz\/hifi\/wp-json\/wp\/v2\/pages"}],"about":[{"href":"https:\/\/www.altei.cz\/hifi\/wp-json\/wp\/v2\/types\/page"}],"author":[{"embeddable":true,"href":"https:\/\/www.altei.cz\/hifi\/wp-json\/wp\/v2\/users\/1"}],"replies":[{"embeddable":true,"href":"https:\/\/www.altei.cz\/hifi\/wp-json\/wp\/v2\/comments?post=20774"}],"version-history":[{"count":0,"href":"https:\/\/www.altei.cz\/hifi\/wp-json\/wp\/v2\/pages\/20774\/revisions"}],"wp:attachment":[{"href":"https:\/\/www.altei.cz\/hifi\/wp-json\/wp\/v2\/media?parent=20774"}],"curies":[{"name":"wp","href":"https:\/\/api.w.org\/{rel}","templated":true}]}}