{"id":21352,"date":"2017-03-02T15:54:19","date_gmt":"2017-03-02T14:54:19","guid":{"rendered":"https:\/\/www.altei.cz\/high-end-av\/sony-vpl-gtz1-2\/"},"modified":"2017-03-02T15:54:19","modified_gmt":"2017-03-02T14:54:19","slug":"sony-vpl-vz1000es","status":"publish","type":"page","link":"https:\/\/www.altei.cz\/hifi\/hifi-high-end-av\/sony-vpl-vz1000es\/","title":{"rendered":"Sony VPL-VZ1000ES"},"content":{"rendered":"<div id='layer_slider_1'  class='avia-layerslider main_color avia-shadow  avia-builder-el-0  el_before_av_hr  avia-builder-el-first  container_wrap sidebar_right'  style='height: 471px;'  ><\/div><div id='after_layer_slider_1'  class='main_color av_default_container_wrap container_wrap sidebar_right'  ><div class='container av-section-cont-open' ><div class='template-page content  av-content-small alpha units'><div class='post-entry post-entry-type-page post-entry-21352'><div class='entry-content-wrapper clearfix'>\n\n<style type=\"text\/css\" data-created_by=\"avia_inline_auto\" id=\"style-css-av-f1boizs-baa97da07678970b0b5e615c223a6ada\">\n#top .hr.hr-invisible.av-f1boizs-baa97da07678970b0b5e615c223a6ada{\nmargin-top:-55px;\nheight:1px;\n}\n<\/style>\n<div  class='hr av-f1boizs-baa97da07678970b0b5e615c223a6ada hr-invisible  avia-builder-el-1  el_after_av_layerslider  el_before_av_partner  avia-builder-el-first '><span class='hr-inner '><span class=\"hr-inner-style\"><\/span><\/span><\/div>\n<div  class='avia-logo-element-container av-knyd8tgg-8cbd7a4d290e3c07451695760c6fccb4 av-border-deactivate avia-logo-slider avia-content-slider avia-smallarrow-slider avia-content-slider-active noHover avia-content-slider-even  avia-builder-el-2  el_after_av_hr  el_before_av_heading  av-slideshow-ui av-control-hidden av-nav-arrows-visible av-nav-dots-visible av-no-slider-navigation av-hide-nav-arrows av-slideshow-manual av-loop-once av-loop-manual-endless avia-content-slider1' data-slideshow-options=\"{&quot;animation&quot;:&quot;slide&quot;,&quot;autoplay&quot;:false,&quot;loop_autoplay&quot;:&quot;once&quot;,&quot;interval&quot;:5,&quot;loop_manual&quot;:&quot;manual-endless&quot;,&quot;autoplay_stopper&quot;:false,&quot;noNavigation&quot;:true,&quot;bg_slider&quot;:false,&quot;keep_padding&quot;:&quot;&quot;,&quot;hoverpause&quot;:false,&quot;show_slide_delay&quot;:0}\"><div class='avia-smallarrow-slider-heading  no-logo-slider-heading '><\/div><div class=\"avia-content-slider-inner\"><div class=\"slide-entry-wrap\"><div  class='slide-entry av-av_partner_logo-976d2f79adfc86d7229a0a68167ac939 flex_column no_margin av_one_eighth real-thumbnail post-entry slide-entry-overview slide-loop-1 slide-parity-odd  first'><\/div><div  class='slide-entry av-av_partner_logo-9b858b1fe8f0daf68a6be3b5d0227c9f flex_column no_margin av_one_eighth real-thumbnail post-entry slide-entry-overview slide-loop-2 slide-parity-even  '><\/div><div  class='slide-entry av-av_partner_logo-1be7708f3a2e512f684bf40cfb3e01a4 flex_column no_margin av_one_eighth real-thumbnail post-entry slide-entry-overview slide-loop-3 slide-parity-odd  '><\/div><div  class='slide-entry av-av_partner_logo-df31fc04179161b1b164138111943a4c flex_column no_margin av_one_eighth real-thumbnail post-entry slide-entry-overview slide-loop-4 slide-parity-even  '><\/div><div  class='slide-entry av-av_partner_logo-c91a34384f5ac88be0d398153e92abe2 flex_column no_margin av_one_eighth real-thumbnail post-entry slide-entry-overview slide-loop-5 slide-parity-odd  '><\/div><div  class='slide-entry av-av_partner_logo-6d385471b3bbb8a4f71824fb1d0f88cc flex_column no_margin av_one_eighth real-thumbnail post-entry slide-entry-overview slide-loop-6 slide-parity-even  '><\/div><div  class='slide-entry av-av_partner_logo-d543db6da838feb9311983515d9e4685 flex_column no_margin av_one_eighth real-thumbnail post-entry slide-entry-overview slide-loop-7 slide-parity-odd  '><\/div><div  class='slide-entry av-av_partner_logo-03a34ca0a4e717af585091fcfa893cea flex_column no_margin av_one_eighth real-thumbnail post-entry slide-entry-overview slide-loop-8 slide-parity-even post-entry-last '><\/div><\/div><\/div><\/div>\n\n<style type=\"text\/css\" data-created_by=\"avia_inline_auto\" id=\"style-css-av-wsgll4-0c41e2db62aa8bf4cc7dc2ace592ab22\">\n#top .av-special-heading.av-wsgll4-0c41e2db62aa8bf4cc7dc2ace592ab22{\npadding-bottom:10px;\n}\nbody .av-special-heading.av-wsgll4-0c41e2db62aa8bf4cc7dc2ace592ab22 .av-special-heading-tag .heading-char{\nfont-size:25px;\n}\n.av-special-heading.av-wsgll4-0c41e2db62aa8bf4cc7dc2ace592ab22 .av-subheading{\nfont-size:15px;\n}\n<\/style>\n<div  class='av-special-heading av-wsgll4-0c41e2db62aa8bf4cc7dc2ace592ab22 av-special-heading-h3  avia-builder-el-3  el_after_av_partner  el_before_av_one_half '><h3 class='av-special-heading-tag '  itemprop=\"headline\"  >SONY VPL-VZ1000ES &#8211; 4K projektor pro ultrakr\u00e1tkou projek\u010dn\u00ed vzd\u00e1lenost<\/h3><div class=\"special-heading-border\"><div class=\"special-heading-inner-border\"><\/div><\/div><\/div>\n<div  class='flex_column av-9s4f70o-d36d3dd5536f71e9806d98a2fef9ea6a av_one_half  avia-builder-el-4  el_after_av_heading  el_before_av_one_half  first flex_column_div  '     ><p><section  class='av_textblock_section av-9jmvjd4-80b9c681d7ac3969a8ed9ca08550309c '   itemscope=\"itemscope\" itemtype=\"https:\/\/schema.org\/CreativeWork\" ><div class='avia_textblock'  itemprop=\"text\" ><p>Projektor pro \u0161pi\u010dkov\u00e9 dom\u00e1c\u00ed kino ur\u010den\u00fd pro projekci z ultra kr\u00e1tk\u00e9 vzd\u00e1lenosti s rozli\u0161en\u00edm True 4K.<\/p>\n<p>Projektor pou\u017e\u00edv\u00e1 laserov\u00fd zdroj sv\u011btla s \u017eivotnost\u00ed a\u017e 20.000 provozn\u00edch hodin. Poskytuje sv\u011bteln\u00fd tok 2.500 lm a dynamick\u00fd kontrast je prakticky\u00a0\u221e : 1.<\/p>\n<p>Tento projektor nab\u00edz\u00ed p\u0159edev\u0161\u00edm pln\u00e9 4K rozli\u0161en\u00ed, tedy 4.096 \u00d7 2.160 obrazov\u00fdch bod\u016f, zn\u00e1m\u00e9 p\u0159edev\u0161\u00edm z oblasti velk\u00fdch digit\u00e1ln\u00edch kin. V pln\u00e9m rozli\u0161en\u00ed umo\u017e\u0148uje jak projekci 2D tak i 3D s vyu\u017eit\u00edm aktivn\u00edch br\u00fdl\u00ed a RF 3D vys\u00edla\u010de jako voliteln\u00e9ho p\u0159\u00edslu\u0161enstv\u00ed.<\/p>\n<p>Projektor vyu\u017e\u00edv\u00e1 technologii SXRD s novou generac\u00ed zobrazova\u010de 4K, kter\u00fd excelentn\u011b zvl\u00e1d\u00e1 hlubok\u00e9 odst\u00edny \u010dern\u00e9. Jako zdroj se d\u00e1 pou\u017e\u00edt nejen 4K\u00a0video, ale i video s ni\u017e\u0161\u00edm\u00a0rozli\u0161en\u00edm, nebo\u0165 projektor je vybaven funkc\u00ed \u201cSuper Resolution 4K Upscaler\u201d, tedy sofistikovan\u00fdm p\u0159epo\u010dtem t\u011bchto form\u00e1t\u016f na rozli\u0161en\u00ed 4K, \u010d\u00edm\u017e dok\u00e1\u017ee dramaticky zv\u00fd\u0161it kvalitu dvojrozm\u011brn\u00e9ho i trojrozm\u011brn\u00e9ho obsahu.<\/p>\n<p>Projektor VPL-VZ1000ES nab\u00edz\u00ed sv\u011bteln\u00fd tok 2.500 lumen\u016f, \u010d\u00edm\u017e umo\u017en\u00ed prom\u00edtat obraz o \u00fahlop\u0159\u00ed\u010dce a\u017e 120 palc\u016f, tedy zhruba 3,0 metry.<\/p>\n<\/div><\/section><br \/>\n<section  class='av_textblock_section av-92fzg14-f411582e06442678fa55b76bb8c3049f '   itemscope=\"itemscope\" itemtype=\"https:\/\/schema.org\/CreativeWork\" ><div class='avia_textblock'  itemprop=\"text\" ><p>Nejenom filmy. Jednou z v\u00fdhod projektoru s ultrakr\u00e1tkou projek\u010dn\u00ed vzd\u00e1lenost\u00ed je mo\u017enost prom\u00edtat \u00fa\u017easn\u00e9 statick\u00e9 obr\u00e1zky dle va\u0161\u00ed volby. Obl\u00edbenou krajinu, dramatick\u00e9 prost\u0159ed\u00ed m\u011bsta, tropickou pl\u00e1\u017e, obl\u00edben\u00e9 galerijn\u00ed obrazy. To v\u0161e ve va\u0161em ob\u00fdvac\u00edm pokoji.<\/p>\n<\/div><\/section><\/p><\/div>\n\n<style type=\"text\/css\" data-created_by=\"avia_inline_auto\" id=\"style-css-av-vb8g3s-843c7b6ad09c641e9a79c3c9434ee330\">\n.flex_column.av-vb8g3s-843c7b6ad09c641e9a79c3c9434ee330{\nborder-radius:0px 0px 0px 0px;\npadding:0px 0px 0px 0px;\n}\n<\/style>\n<div  class='flex_column av-vb8g3s-843c7b6ad09c641e9a79c3c9434ee330 av_one_half  avia-builder-el-7  el_after_av_one_half  el_before_av_one_half  flex_column_div av-zero-column-padding  '     ><\/div>\n<div  class='flex_column av-7pgb2q0-f75fc6eff12d20e044c4c25df39910fe av_one_half  avia-builder-el-9  el_after_av_one_half  el_before_av_one_half  first flex_column_div  column-top-margin'     ><p>\n<style type=\"text\/css\" data-created_by=\"avia_inline_auto\" id=\"style-css-av-7a3z8tk-ec265bf13d2c14849a05562bc3494728\">\n#top .av-special-heading.av-7a3z8tk-ec265bf13d2c14849a05562bc3494728{\npadding-bottom:10px;\n}\nbody .av-special-heading.av-7a3z8tk-ec265bf13d2c14849a05562bc3494728 .av-special-heading-tag .heading-char{\nfont-size:25px;\n}\n.av-special-heading.av-7a3z8tk-ec265bf13d2c14849a05562bc3494728 .av-subheading{\nfont-size:15px;\n}\n<\/style>\n<div  class='av-special-heading av-7a3z8tk-ec265bf13d2c14849a05562bc3494728 av-special-heading-h3  avia-builder-el-10  el_before_av_textblock  avia-builder-el-first '><h3 class='av-special-heading-tag '  itemprop=\"headline\"  >Rozhran\u00ed<\/h3><div class=\"special-heading-border\"><div class=\"special-heading-inner-border\"><\/div><\/div><\/div><br \/>\n<section  class='av_textblock_section av-6qc13mw-855ced124646a5639f4bd4683b63cdc9 '   itemscope=\"itemscope\" itemtype=\"https:\/\/schema.org\/CreativeWork\" ><div class='avia_textblock'  itemprop=\"text\" ><div>4x HDMI 2.0<br \/>\n1x RJ45 pro LAN<br \/>\n1x IR vstup<br \/>\n1x\u00a0USB\u00a0Typ A<br \/>\n1x RS-232C<\/div>\n<div><\/div>\n<div><\/div>\n<div><\/div>\n<\/div><\/section><br \/>\n\n<style type=\"text\/css\" data-created_by=\"avia_inline_auto\" id=\"style-css-av-66qt5l4-93418f3eddc9476c585205bfbea373f2\">\n#top .av-special-heading.av-66qt5l4-93418f3eddc9476c585205bfbea373f2{\npadding-bottom:10px;\n}\nbody .av-special-heading.av-66qt5l4-93418f3eddc9476c585205bfbea373f2 .av-special-heading-tag .heading-char{\nfont-size:25px;\n}\n.av-special-heading.av-66qt5l4-93418f3eddc9476c585205bfbea373f2 .av-subheading{\nfont-size:15px;\n}\n<\/style>\n<div  class='av-special-heading av-66qt5l4-93418f3eddc9476c585205bfbea373f2 av-special-heading-h3  avia-builder-el-12  el_after_av_textblock  el_before_av_textblock '><h3 class='av-special-heading-tag '  itemprop=\"headline\"  >Vstupn\u00ed sign\u00e1ly<\/h3><div class=\"special-heading-border\"><div class=\"special-heading-inner-border\"><\/div><\/div><\/div><br \/>\n<section  class='av_textblock_section av-5pl87s8-073c2397b6abb59c5195dab162d4d4c4 '   itemscope=\"itemscope\" itemtype=\"https:\/\/schema.org\/CreativeWork\" ><div class='avia_textblock'  itemprop=\"text\" ><div>\n<p>VGA, SVGA, XGA, WXGA(1280&#215;768), QuadVGA, SXGA, SXGA+<\/p>\n<\/div>\n<div><\/div>\n<div>\n<style type=\"text\/css\" data-created_by=\"avia_inline_auto\" id=\"style-css-av-5heviaw-95bfe1c859780d70809ff9dfa8ff4d71\">\n#top .hr.hr-invisible.av-5heviaw-95bfe1c859780d70809ff9dfa8ff4d71{\nheight:10px;\n}\n<\/style>\n<div  class='hr av-5heviaw-95bfe1c859780d70809ff9dfa8ff4d71 hr-invisible  avia-builder-el-14  avia-builder-el-no-sibling '><span class='hr-inner '><span class=\"hr-inner-style\"><\/span><\/span><\/div><\/div>\n<div><\/div>\n<div><\/div>\n<div>480\/60p, 576\/50p, 720\/60p, 720\/50p, 1080\/60i, 1080\/50i, 1080\/60p, 1080\/50p, 1080\/24p, 3840&#215;2160\/24p, 3840&#215;2160\/25p, 3840&#215;2160\/30p, 3840&#215;2160\/50p*2, 3840&#215;2160\/60p*2, 4096&#215;2160\/24p, 4096&#215;2160\/25p, 4096&#215;2160\/30p, 4096&#215;2160\/50p*2, 4096 x 2160\/60p*2<\/div>\n<div><\/div>\n<div>(*2 &#8211; YCbCr 4:2:0 \/ 8 bit format signal)<\/div>\n<div><\/div>\n<div><\/div>\n<div><\/div>\n<\/div><\/section><br \/>\n<div  class='avia-video av-4xe45d4-dde2fdb1b08482643ff9b42ccbf90051 avia-video-16-9 av-no-preview-image avia-video-load-always av-lazyload-immediate av-lazyload-video-embed'  itemprop=\"video\" itemtype=\"https:\/\/schema.org\/VideoObject\"  data-original_url='https:\/\/www.youtube.com\/watch?v=BWwuquXnW5A'><script type='text\/html' class='av-video-tmpl'><div class='avia-iframe-wrap'><iframe loading=\"lazy\" width=\"1500\" height=\"844\" src=\"https:\/\/www.youtube.com\/embed\/BWwuquXnW5A?feature=oembed&autoplay=0&loop=0&controls=1&mute=0\" frameborder=\"0\" allowfullscreen><\/iframe><\/div><\/script><div class='av-click-to-play-overlay'><div class=\"avia_playpause_icon\"><\/div><\/div><\/div><\/p><\/div>\n\n<style type=\"text\/css\" data-created_by=\"avia_inline_auto\" id=\"style-css-av-4d1zers-dd439794c3b072c02bdba111ad293d32\">\n.flex_column.av-4d1zers-dd439794c3b072c02bdba111ad293d32{\nborder-radius:0px 0px 0px 0px;\npadding:0px 0px 0px 0px;\n}\n<\/style>\n<div  class='flex_column av-4d1zers-dd439794c3b072c02bdba111ad293d32 av_one_half  avia-builder-el-16  el_after_av_one_half  el_before_av_partner  flex_column_div av-zero-column-padding  column-top-margin'     ><p>\n<style type=\"text\/css\" data-created_by=\"avia_inline_auto\" id=\"style-css-av-3w5moug-090a64bc593ce6c33493147d52d6f7c9\">\n#top .av-special-heading.av-3w5moug-090a64bc593ce6c33493147d52d6f7c9{\npadding-bottom:10px;\n}\nbody .av-special-heading.av-3w5moug-090a64bc593ce6c33493147d52d6f7c9 .av-special-heading-tag .heading-char{\nfont-size:25px;\n}\n.av-special-heading.av-3w5moug-090a64bc593ce6c33493147d52d6f7c9 .av-subheading{\nfont-size:15px;\n}\n<\/style>\n<div  class='av-special-heading av-3w5moug-090a64bc593ce6c33493147d52d6f7c9 av-special-heading-h3  avia-builder-el-17  el_before_av_textblock  avia-builder-el-first '><h3 class='av-special-heading-tag '  itemprop=\"headline\"  >Parametry<\/h3><div class=\"special-heading-border\"><div class=\"special-heading-inner-border\"><\/div><\/div><\/div><br \/>\n<section  class='av_textblock_section av-3khty7c-ded2b731565c9d8c80c659e13727b0d5 '   itemscope=\"itemscope\" itemtype=\"https:\/\/schema.org\/CreativeWork\" ><div class='avia_textblock'  itemprop=\"text\" ><ul>\n<li>Unik\u00e1tn\u00ed technologie zobrazova\u010de SXRD (Silicon Crystal Reflective Display)<\/li>\n<li>Triluminos<\/li>\n<li>Reality Creation<\/li>\n<li>Picture Position Memory<\/li>\n<li>Projek\u010dn\u00ed syst\u00e9m se t\u0159emi panely HFR (High Frame Rate) SXRD<\/li>\n<li>Zobrazov\u00e1n\u00ed a\u017e 60 sn\u00edmk\u016f \/ s<\/li>\n<li>Rozm\u011br zobrazova\u010de (\u00fahlop\u0159\u00ed\u010dka) 0,74\u201c<\/li>\n<li>Nativn\u00ed rozli\u0161en\u00ed v\u00edce ne\u017e 8 milon\u016f obrazov\u00fdch bod\u016f (\u0161\u00ed\u0159ka 4.096 x v\u00fd\u0161ka 2.160 bod\u016f)<\/li>\n<li>\u00dahlop\u0159\u00ed\u010dka obrazu od 2,30m do 3,50 m<\/li>\n<li>Projek\u010dn\u00ed vzd\u00e1lenost od st\u011bny 17 cm nebo m\u00e9n\u011b<\/li>\n<li>Laserov\u00fd sv\u011bteln\u00fd zdroj<\/li>\n<li>Dynamick\u00fd kontrast \u221e : 1<\/li>\n<li>Sv\u011bteln\u00fd tok 2.500 lm<\/li>\n<li>Objektiv s motorick\u00fdm zoomem 1,6x a ost\u0159en\u00edm<\/li>\n<li>Motorick\u00e1 korekce\u00a0roh\u016f obrazu<\/li>\n<li>Nap\u00e1jen\u00ed 100-240 V, 50\/60 Hz<\/li>\n<li>Spot\u0159eba max. 435W<\/li>\n<li>Spot\u0159eba v pohotovostn\u00edm re\u017eimu 0,5 W<\/li>\n<li>Rozm\u011bry (\u0161 x v x h) 925\u00a0x 218,5 x 493,8\u00a0mm<\/li>\n<li>Hmotnost 35 kg<\/li>\n<\/ul>\n<\/div><\/section><\/p><\/div>\n\n<style type=\"text\/css\" data-created_by=\"avia_inline_auto\" id=\"style-css-av-2wnnqug-d2e5fbca2a96c3ba3f55ed1a5ab8e882\">\n.avia-logo-element-container.av-2wnnqug-d2e5fbca2a96c3ba3f55ed1a5ab8e882 .av-partner-fake-img{\nbackground-size:cover;\n}\n<\/style>\n<div  class='avia-logo-element-container av-2wnnqug-d2e5fbca2a96c3ba3f55ed1a5ab8e882 avia-logo-slider avia-content-slider avia-smallarrow-slider avia-content-slider-active noHover avia-content-slider-odd  avia-builder-el-19  el_after_av_one_half  avia-builder-el-last  av-slideshow-ui av-control-default av-nav-arrows-visible av-nav-dots-visible av-no-slider-navigation av-slideshow-manual av-loop-once av-loop-manual-endless avia-content-slider2' data-slideshow-options=\"{&quot;animation&quot;:&quot;slide&quot;,&quot;autoplay&quot;:false,&quot;loop_autoplay&quot;:&quot;once&quot;,&quot;interval&quot;:5,&quot;loop_manual&quot;:&quot;manual-endless&quot;,&quot;autoplay_stopper&quot;:false,&quot;noNavigation&quot;:false,&quot;bg_slider&quot;:false,&quot;keep_padding&quot;:&quot;&quot;,&quot;hoverpause&quot;:false,&quot;show_slide_delay&quot;:0}\"><div class='avia-smallarrow-slider-heading '><div class='new-special-heading'><h3 class='av-logo-special-heading-text '>Dal\u0161\u00ed produkty SONY<\/h3><\/div><\/div><div class=\"avia-content-slider-inner\"><div class=\"slide-entry-wrap\"><div  class='slide-entry av-2fmf9rc-93ac0aef0beca29d1ce8062838d6da88 flex_column no_margin av_one_fifth real-thumbnail post-entry slide-entry-overview slide-loop-1 slide-parity-odd  first'><\/div><div  class='slide-entry av-1xgxw6g-8480834bc0e3406fe13b04d1486c80d1 flex_column no_margin av_one_fifth real-thumbnail post-entry slide-entry-overview slide-loop-2 slide-parity-even  '><\/div><div  class='slide-entry av-1giv0lk-1ad878a8d1e4358e6ea9934cff9e46e3 flex_column no_margin av_one_fifth real-thumbnail post-entry slide-entry-overview slide-loop-3 slide-parity-odd  '><\/div><div  class='slide-entry av-18l2y88-f89827f4e99a9f354b303e50ea056da2 flex_column no_margin av_one_fifth real-thumbnail post-entry slide-entry-overview slide-loop-4 slide-parity-even  '><\/div><div  class='slide-entry av-t7boh4-d7d852fadeb215de367c7c4acff0f915 flex_column no_margin av_one_fifth real-thumbnail post-entry slide-entry-overview slide-loop-5 slide-parity-odd post-entry-last '><\/div><\/div><\/div><\/div>\n","protected":false},"excerpt":{"rendered":"","protected":false},"author":1,"featured_media":2967,"parent":2951,"menu_order":0,"comment_status":"open","ping_status":"open","template":"","meta":{"footnotes":""},"class_list":["post-21352","page","type-page","status-publish","has-post-thumbnail","hentry"],"aioseo_notices":[],"jetpack_sharing_enabled":true,"_links":{"self":[{"href":"https:\/\/www.altei.cz\/hifi\/wp-json\/wp\/v2\/pages\/21352","targetHints":{"allow":["GET"]}}],"collection":[{"href":"https:\/\/www.altei.cz\/hifi\/wp-json\/wp\/v2\/pages"}],"about":[{"href":"https:\/\/www.altei.cz\/hifi\/wp-json\/wp\/v2\/types\/page"}],"author":[{"embeddable":true,"href":"https:\/\/www.altei.cz\/hifi\/wp-json\/wp\/v2\/users\/1"}],"replies":[{"embeddable":true,"href":"https:\/\/www.altei.cz\/hifi\/wp-json\/wp\/v2\/comments?post=21352"}],"version-history":[{"count":0,"href":"https:\/\/www.altei.cz\/hifi\/wp-json\/wp\/v2\/pages\/21352\/revisions"}],"up":[{"embeddable":true,"href":"https:\/\/www.altei.cz\/hifi\/wp-json\/wp\/v2\/pages\/2951"}],"wp:featuredmedia":[{"embeddable":true,"href":"https:\/\/www.altei.cz\/hifi\/wp-json\/"}],"wp:attachment":[{"href":"https:\/\/www.altei.cz\/hifi\/wp-json\/wp\/v2\/media?parent=21352"}],"curies":[{"name":"wp","href":"https:\/\/api.w.org\/{rel}","templated":true}]}}