{"id":22505,"date":"2017-08-29T16:28:03","date_gmt":"2017-08-29T14:28:03","guid":{"rendered":"https:\/\/www.altei.cz\/sony-home-cinema-projektory\/"},"modified":"2023-07-20T13:04:37","modified_gmt":"2023-07-20T11:04:37","slug":"home-cinema-player","status":"publish","type":"page","link":"https:\/\/www.altei.cz\/hifi\/home-cinema-player\/","title":{"rendered":"Home Cinema player"},"content":{"rendered":"<div id='layer_slider_1'  class='avia-layerslider main_color avia-shadow  avia-builder-el-0  el_before_av_hr  avia-builder-el-first  container_wrap sidebar_right'  style='height: 471px;'  ><\/div><div id='after_layer_slider_1'  class='main_color av_default_container_wrap container_wrap sidebar_right'  ><div class='container av-section-cont-open' ><div class='template-page content  av-content-small alpha units'><div class='post-entry post-entry-type-page post-entry-22505'><div class='entry-content-wrapper clearfix'>\n\n<style type=\"text\/css\" data-created_by=\"avia_inline_auto\" id=\"style-css-av-9x4rf1l-f7fc0589c32627d7c2c4a2ad51839571\">\n#top .hr.hr-invisible.av-9x4rf1l-f7fc0589c32627d7c2c4a2ad51839571{\nmargin-top:-55px;\nheight:1px;\n}\n<\/style>\n<div  class='hr av-9x4rf1l-f7fc0589c32627d7c2c4a2ad51839571 hr-invisible  avia-builder-el-1  el_after_av_layerslider  el_before_av_heading  avia-builder-el-first '><span class='hr-inner '><span class=\"hr-inner-style\"><\/span><\/span><\/div>\n\n<div  class='flex_column av-8s54k7d-8dd3b6e6bc29dea900759b11e643805f av_one_half  avia-builder-el-3  el_after_av_heading  el_before_av_one_half  first flex_column_div  '     ><p><section  class='av_textblock_section av-8meh04p-c064412ad2f1bafad19551bb8d3f63e5 '   itemscope=\"itemscope\" itemtype=\"https:\/\/schema.org\/CreativeWork\" ><div class='avia_textblock'  itemprop=\"text\" ><p><strong>DP-UB824<\/strong><\/p>\n<p>Panasonic DP-UB824 je vysok\u00fd model Ultra HD Blu-ray p\u0159ehr\u00e1va\u010de s pokro\u010dil\u00fdmi s\u00ed\u0165ov\u00fdmi funkcemi a bohatou konektivitou. Poskytuje velmi kvalitn\u00ed a v\u011brn\u00fd obraz i zvuk a to ze v\u0161ech zdroj\u016f obsahu. P\u0159ehr\u00e1va\u010d si dnes mus\u00ed poradit nejen s reprodukc\u00ed z vlo\u017een\u00e9ho disku, ale jeho prac\u00ed je tak\u00e9 obstarat p\u0159ehr\u00e1n\u00ed z jin\u00fdch p\u0159\u00edstroj\u016f na s\u00edti, t\u0159eba z po\u010d\u00edta\u010d\u016f, dom\u00e1c\u00edch \u00falo\u017ei\u0161\u0165 NAS, telefon\u016f i tablet\u016f a v neposledn\u00ed \u0159ad\u011b tak\u00e9 z internetu (youtube) nebo z r\u016fzn\u00fdch slu\u017eeb VOD, videa na po\u017e\u00e1d\u00e1n\u00ed, na p\u0159\u00edklad Netflix. Panasonic UB824 v tomto sm\u011bru poskytuje nadstandardn\u00ed v\u00fdbavu, intuitivn\u00ed ovl\u00e1d\u00e1n\u00ed, p\u0159ehledn\u00e9 grafick\u00e9 menu a vynikaj\u00edc\u00ed v\u00fdbavu pro p\u0159ehr\u00e1v\u00e1n\u00ed zvuku ve vysok\u00e9m rozli\u0161en\u00ed Hi-res.<\/p>\n<\/div><\/section><br \/>\n\n<style type=\"text\/css\" data-created_by=\"avia_inline_auto\" id=\"style-css-av-8133eix-abeb583511956b7657bf0852229e492d\">\n.avia-image-container.av-8133eix-abeb583511956b7657bf0852229e492d img.avia_image{\nbox-shadow:none;\n}\n.avia-image-container.av-8133eix-abeb583511956b7657bf0852229e492d .av-image-caption-overlay-center{\ncolor:#ffffff;\n}\n<\/style>\n<div  class='avia-image-container av-8133eix-abeb583511956b7657bf0852229e492d av-styling- avia-align-center  avia-builder-el-5  el_after_av_textblock  avia-builder-el-last '   itemprop=\"image\" itemscope=\"itemscope\" itemtype=\"https:\/\/schema.org\/ImageObject\" ><div class=\"avia-image-container-inner\"><div class=\"avia-image-overlay-wrap\"><img decoding=\"async\" fetchpriority=\"high\" class='wp-image- avia-img-lazy-loading-not- avia_image ' src=\"https:\/\/www.altei.cz\/wp-content\/uploads\/2021\/07\/UB900EB_03.jpg\" alt='' title=''   itemprop=\"thumbnailUrl\"  \/><\/div><\/div><\/div><\/p><\/div>\n\n<style type=\"text\/css\" data-created_by=\"avia_inline_auto\" id=\"style-css-av-7o8yqrt-7440096f7a8f603a6a35d9872560dadc\">\n.flex_column.av-7o8yqrt-7440096f7a8f603a6a35d9872560dadc{\nborder-radius:0px 0px 0px 0px;\npadding:0px 0px 0px 0px;\n}\n<\/style>\n<div  class='flex_column av-7o8yqrt-7440096f7a8f603a6a35d9872560dadc av_one_half  avia-builder-el-6  el_after_av_one_half  el_before_av_section  avia-builder-el-last  flex_column_div av-zero-column-padding  '     ><p><br \/>\n<section  class='av_textblock_section av-6ueywmh-21c608c7029922b293963c257cbc868a '   itemscope=\"itemscope\" itemtype=\"https:\/\/schema.org\/CreativeWork\" ><div class='avia_textblock'  itemprop=\"text\" ><p><strong>Kl\u00ed\u010dov\u00e9 vlastnosti:<\/strong><\/p>\n<ul>\n<li>S\u00ed\u0165ov\u00fd Utra HD 4K\/HDR Blu-ray p\u0159ehr\u00e1va\u010d<\/li>\n<li>\u00da\u017easn\u00e1 kvalita obrazu s nov\u00fdm procesorem HCX<\/li>\n<li>\u0160pi\u010dkov\u00e1 kvalita zvuku pro r\u016fzn\u00e1 audio za\u0159\u00edzen\u00ed<\/li>\n<li>7.1 analogov\u00fd zvukov\u00fd v\u00fdstup<\/li>\n<li>2x HDMI v\u00fdstup<\/li>\n<li>Procesor 4K High Precision Chroma<\/li>\n<li>Nadstandardn\u00ed v\u00fdbava internetov\u00fdch a s\u00ed\u0165ov\u00fdch funkc\u00ed<\/li>\n<li>4K p\u0159ehr\u00e1v\u00e1n\u00ed po s\u00edti a z internetu<\/li>\n<li>Podporuje re\u017eim VOD pro pohodln\u00e9 a inteligentn\u00ed sledov\u00e1n\u00ed obsahu<\/li>\n<li>Vestav\u011bn\u00e1 WiFi<\/li>\n<li>Hi-res audio. p\u0159ehr\u00e1v\u00e1n\u00ed zvuku ve vysok\u00e9m rozli\u0161en\u00ed<\/li>\n<\/ul>\n<\/div><\/section><\/p><\/div>\n<\/div><\/div><\/div><!-- close content main div --><\/div><\/div><div id='av_section_1'  class='avia-section av-6cx2all-4899336b96c8277802c18928f1a91a01 main_color avia-section-default avia-no-shadow  avia-builder-el-9  el_after_av_one_half  el_before_av_hr  avia-bg-style-scroll container_wrap sidebar_right'  ><div class='container av-section-cont-open' ><div class='template-page content  av-content-small alpha units'><div class='post-entry post-entry-type-page post-entry-22505'><div class='entry-content-wrapper clearfix'>\n\n<style type=\"text\/css\" data-created_by=\"avia_inline_auto\" id=\"style-css-av-av_slideshow_accordion-5d28cba4bea5bed771b0be7b3dadc3ed\">\n.avia-accordion.av-av_slideshow_accordion-5d28cba4bea5bed771b0be7b3dadc3ed{\nmax-height:430px;\n}\n.avia-accordion.av-av_slideshow_accordion-5d28cba4bea5bed771b0be7b3dadc3ed .aviaccordion-preview{\nwidth:20.1%;\n}\n.avia-accordion .aviaccordion-slide.av-av_slideshow_accordion-5d28cba4bea5bed771b0be7b3dadc3ed__0{\nleft:0%;\n}\n.avia-accordion .aviaccordion-slide.av-av_slideshow_accordion-5d28cba4bea5bed771b0be7b3dadc3ed__1{\nleft:20%;\n}\n.avia-accordion .aviaccordion-slide.av-av_slideshow_accordion-5d28cba4bea5bed771b0be7b3dadc3ed__2{\nleft:40%;\n}\n.avia-accordion .aviaccordion-slide.av-av_slideshow_accordion-5d28cba4bea5bed771b0be7b3dadc3ed__3{\nleft:60%;\n}\n.avia-accordion .aviaccordion-slide.av-av_slideshow_accordion-5d28cba4bea5bed771b0be7b3dadc3ed__4{\nleft:80%;\n}\n<\/style>\n<div  id=\"accordion_slider_1\"  class='aviaccordion avia-accordion av-av_slideshow_accordion-5d28cba4bea5bed771b0be7b3dadc3ed aviaccordion-title-inactive av-slideshow-manual av-loop-once ' data-slideshow-options=\"{&quot;interval&quot;:5,&quot;autoplay&quot;:false,&quot;loop_autoplay&quot;:&quot;once&quot;}\"  itemscope=\"itemscope\" itemtype=\"https:\/\/schema.org\/Blog\" ><ul class=\"aviaccordion-inner\"><li class='aviaccordion-slide av-av_slideshow_accordion-5d28cba4bea5bed771b0be7b3dadc3ed__0 aviaccordion-slide-1' data-av-left='0'  itemscope=\"itemscope\" itemtype=\"https:\/\/schema.org\/CreativeWork\" ><a class='aviaccordion-slide-link noHover' href=\"https:\/\/www.altei.cz\/hifi\/sony-home-cinema\/\"  ><div class='aviaccordion-preview '><\/div><img loading=\"lazy\" decoding=\"async\" width=\"1500\" height=\"430\" src=\"https:\/\/www.altei.cz\/hifi\/wp-content\/uploads\/2023\/07\/sliderlayeralteihomecinemaSONY2-1500x430-1.jpg\" class=\"aviaccordion-image\" alt=\"\" srcset=\"https:\/\/www.altei.cz\/hifi\/wp-content\/uploads\/2023\/07\/sliderlayeralteihomecinemaSONY2-1500x430-1.jpg 1500w, https:\/\/www.altei.cz\/hifi\/wp-content\/uploads\/2023\/07\/sliderlayeralteihomecinemaSONY2-1500x430-1-600x172.jpg 600w, https:\/\/www.altei.cz\/hifi\/wp-content\/uploads\/2023\/07\/sliderlayeralteihomecinemaSONY2-1500x430-1-300x86.jpg 300w, https:\/\/www.altei.cz\/hifi\/wp-content\/uploads\/2023\/07\/sliderlayeralteihomecinemaSONY2-1500x430-1-1030x295.jpg 1030w, https:\/\/www.altei.cz\/hifi\/wp-content\/uploads\/2023\/07\/sliderlayeralteihomecinemaSONY2-1500x430-1-768x220.jpg 768w, https:\/\/www.altei.cz\/hifi\/wp-content\/uploads\/2023\/07\/sliderlayeralteihomecinemaSONY2-1500x430-1-705x202.jpg 705w, https:\/\/www.altei.cz\/hifi\/wp-content\/uploads\/2023\/07\/sliderlayeralteihomecinemaSONY2-1500x430-1-450x129.jpg 450w, https:\/\/www.altei.cz\/hifi\/wp-content\/uploads\/2023\/07\/sliderlayeralteihomecinemaSONY2-1500x430-1-1320x378.jpg 1320w\" sizes=\"auto, (max-width: 1500px) 100vw, 1500px\" \/><\/a><\/li><li class='aviaccordion-slide av-av_slideshow_accordion-5d28cba4bea5bed771b0be7b3dadc3ed__1 aviaccordion-slide-2' data-av-left='20'  itemscope=\"itemscope\" itemtype=\"https:\/\/schema.org\/CreativeWork\" ><a class='aviaccordion-slide-link noHover' href=\"https:\/\/www.altei.cz\/hifi\/leica_home_cinema\/\"  ><div class='aviaccordion-preview '><\/div><img loading=\"lazy\" decoding=\"async\" width=\"1500\" height=\"430\" src=\"https:\/\/www.altei.cz\/hifi\/wp-content\/uploads\/2023\/07\/sliderlayeralteihomecinemaLEICA-2-1500x430-1.jpg\" class=\"aviaccordion-image\" alt=\"\" srcset=\"https:\/\/www.altei.cz\/hifi\/wp-content\/uploads\/2023\/07\/sliderlayeralteihomecinemaLEICA-2-1500x430-1.jpg 1500w, https:\/\/www.altei.cz\/hifi\/wp-content\/uploads\/2023\/07\/sliderlayeralteihomecinemaLEICA-2-1500x430-1-600x172.jpg 600w, https:\/\/www.altei.cz\/hifi\/wp-content\/uploads\/2023\/07\/sliderlayeralteihomecinemaLEICA-2-1500x430-1-300x86.jpg 300w, https:\/\/www.altei.cz\/hifi\/wp-content\/uploads\/2023\/07\/sliderlayeralteihomecinemaLEICA-2-1500x430-1-1030x295.jpg 1030w, https:\/\/www.altei.cz\/hifi\/wp-content\/uploads\/2023\/07\/sliderlayeralteihomecinemaLEICA-2-1500x430-1-768x220.jpg 768w, https:\/\/www.altei.cz\/hifi\/wp-content\/uploads\/2023\/07\/sliderlayeralteihomecinemaLEICA-2-1500x430-1-705x202.jpg 705w, https:\/\/www.altei.cz\/hifi\/wp-content\/uploads\/2023\/07\/sliderlayeralteihomecinemaLEICA-2-1500x430-1-450x129.jpg 450w, https:\/\/www.altei.cz\/hifi\/wp-content\/uploads\/2023\/07\/sliderlayeralteihomecinemaLEICA-2-1500x430-1-1320x378.jpg 1320w\" sizes=\"auto, (max-width: 1500px) 100vw, 1500px\" \/><\/a><\/li><li class='aviaccordion-slide av-av_slideshow_accordion-5d28cba4bea5bed771b0be7b3dadc3ed__2 aviaccordion-slide-3' data-av-left='40'  itemscope=\"itemscope\" itemtype=\"https:\/\/schema.org\/CreativeWork\" ><a class='aviaccordion-slide-link noHover' href=\"https:\/\/www.altei.cz\/hifi\/home-cinema-player\/\"  ><div class='aviaccordion-preview '><\/div><img loading=\"lazy\" decoding=\"async\" width=\"1500\" height=\"430\" src=\"https:\/\/www.altei.cz\/hifi\/wp-content\/uploads\/2023\/07\/sliderlayeralteihomecinemabluray-1-1500x430-3.jpg\" class=\"aviaccordion-image\" alt=\"\" srcset=\"https:\/\/www.altei.cz\/hifi\/wp-content\/uploads\/2023\/07\/sliderlayeralteihomecinemabluray-1-1500x430-3.jpg 1500w, https:\/\/www.altei.cz\/hifi\/wp-content\/uploads\/2023\/07\/sliderlayeralteihomecinemabluray-1-1500x430-3-600x172.jpg 600w, https:\/\/www.altei.cz\/hifi\/wp-content\/uploads\/2023\/07\/sliderlayeralteihomecinemabluray-1-1500x430-3-300x86.jpg 300w, https:\/\/www.altei.cz\/hifi\/wp-content\/uploads\/2023\/07\/sliderlayeralteihomecinemabluray-1-1500x430-3-1030x295.jpg 1030w, https:\/\/www.altei.cz\/hifi\/wp-content\/uploads\/2023\/07\/sliderlayeralteihomecinemabluray-1-1500x430-3-768x220.jpg 768w, https:\/\/www.altei.cz\/hifi\/wp-content\/uploads\/2023\/07\/sliderlayeralteihomecinemabluray-1-1500x430-3-705x202.jpg 705w, https:\/\/www.altei.cz\/hifi\/wp-content\/uploads\/2023\/07\/sliderlayeralteihomecinemabluray-1-1500x430-3-450x129.jpg 450w, https:\/\/www.altei.cz\/hifi\/wp-content\/uploads\/2023\/07\/sliderlayeralteihomecinemabluray-1-1500x430-3-1320x378.jpg 1320w\" sizes=\"auto, (max-width: 1500px) 100vw, 1500px\" \/><\/a><\/li><li class='aviaccordion-slide av-av_slideshow_accordion-5d28cba4bea5bed771b0be7b3dadc3ed__3 aviaccordion-slide-4' data-av-left='60'  itemscope=\"itemscope\" itemtype=\"https:\/\/schema.org\/CreativeWork\" ><a class='aviaccordion-slide-link noHover' href=\"https:\/\/www.altei.cz\/hifi\/projekcni-plochy\/\"  ><div class='aviaccordion-preview '><\/div><img loading=\"lazy\" decoding=\"async\" width=\"1500\" height=\"430\" src=\"https:\/\/www.altei.cz\/hifi\/wp-content\/uploads\/2022\/06\/sliderlayeralteihomecinemascreens-1500x430-1-1500x430.jpg\" class=\"aviaccordion-image\" alt=\"\" srcset=\"https:\/\/www.altei.cz\/hifi\/wp-content\/uploads\/2022\/06\/sliderlayeralteihomecinemascreens-1500x430-1.jpg 1500w, https:\/\/www.altei.cz\/hifi\/wp-content\/uploads\/2022\/06\/sliderlayeralteihomecinemascreens-1500x430-1-600x172.jpg 600w, https:\/\/www.altei.cz\/hifi\/wp-content\/uploads\/2022\/06\/sliderlayeralteihomecinemascreens-1500x430-1-300x86.jpg 300w, https:\/\/www.altei.cz\/hifi\/wp-content\/uploads\/2022\/06\/sliderlayeralteihomecinemascreens-1500x430-1-1030x295.jpg 1030w, https:\/\/www.altei.cz\/hifi\/wp-content\/uploads\/2022\/06\/sliderlayeralteihomecinemascreens-1500x430-1-768x220.jpg 768w, https:\/\/www.altei.cz\/hifi\/wp-content\/uploads\/2022\/06\/sliderlayeralteihomecinemascreens-1500x430-1-705x202.jpg 705w, https:\/\/www.altei.cz\/hifi\/wp-content\/uploads\/2022\/06\/sliderlayeralteihomecinemascreens-1500x430-1-1320x378.jpg 1320w\" sizes=\"auto, (max-width: 1500px) 100vw, 1500px\" \/><\/a><\/li><li class='aviaccordion-slide av-av_slideshow_accordion-5d28cba4bea5bed771b0be7b3dadc3ed__4 aviaccordion-slide-5' data-av-left='80'  itemscope=\"itemscope\" itemtype=\"https:\/\/schema.org\/CreativeWork\" ><a class='aviaccordion-slide-link noHover' href=\"https:\/\/www.altei.cz\/hifi\/home-cinema-zvuk\/\"  ><div class='aviaccordion-preview '><\/div><img loading=\"lazy\" decoding=\"async\" width=\"1500\" height=\"430\" src=\"https:\/\/www.altei.cz\/hifi\/wp-content\/uploads\/2022\/06\/sliderlayeralteihomecinemasound-1500x430-1-1500x430.jpg\" class=\"aviaccordion-image\" alt=\"\" srcset=\"https:\/\/www.altei.cz\/hifi\/wp-content\/uploads\/2022\/06\/sliderlayeralteihomecinemasound-1500x430-1.jpg 1500w, https:\/\/www.altei.cz\/hifi\/wp-content\/uploads\/2022\/06\/sliderlayeralteihomecinemasound-1500x430-1-600x172.jpg 600w, https:\/\/www.altei.cz\/hifi\/wp-content\/uploads\/2022\/06\/sliderlayeralteihomecinemasound-1500x430-1-300x86.jpg 300w, https:\/\/www.altei.cz\/hifi\/wp-content\/uploads\/2022\/06\/sliderlayeralteihomecinemasound-1500x430-1-1030x295.jpg 1030w, https:\/\/www.altei.cz\/hifi\/wp-content\/uploads\/2022\/06\/sliderlayeralteihomecinemasound-1500x430-1-768x220.jpg 768w, https:\/\/www.altei.cz\/hifi\/wp-content\/uploads\/2022\/06\/sliderlayeralteihomecinemasound-1500x430-1-705x202.jpg 705w, https:\/\/www.altei.cz\/hifi\/wp-content\/uploads\/2022\/06\/sliderlayeralteihomecinemasound-1500x430-1-1320x378.jpg 1320w\" sizes=\"auto, (max-width: 1500px) 100vw, 1500px\" \/><\/a><\/li><\/ul><div class='aviaccordion-spacer' style='padding-bottom:28.6666666667%'><\/div><\/div>\n<\/div><\/div><\/div><!-- close content main div --><\/div><\/div><div id='after_section_1'  class='main_color av_default_container_wrap container_wrap sidebar_right'  ><div class='container av-section-cont-open' ><div class='template-page content  av-content-small alpha units'><div class='post-entry post-entry-type-page post-entry-22505'><div class='entry-content-wrapper clearfix'><div  class='hr av-3dgqlu1-3363f7bca815c27afe0d02d909dd7177 hr-default  avia-builder-el-11  el_after_av_section  avia-builder-el-no-sibling '><span class='hr-inner '><span class=\"hr-inner-style\"><\/span><\/span><\/div><\/p>\n","protected":false},"excerpt":{"rendered":"","protected":false},"author":1,"featured_media":2967,"parent":0,"menu_order":0,"comment_status":"open","ping_status":"open","template":"","meta":{"footnotes":""},"class_list":["post-22505","page","type-page","status-publish","has-post-thumbnail","hentry"],"aioseo_notices":[],"jetpack_sharing_enabled":true,"_links":{"self":[{"href":"https:\/\/www.altei.cz\/hifi\/wp-json\/wp\/v2\/pages\/22505","targetHints":{"allow":["GET"]}}],"collection":[{"href":"https:\/\/www.altei.cz\/hifi\/wp-json\/wp\/v2\/pages"}],"about":[{"href":"https:\/\/www.altei.cz\/hifi\/wp-json\/wp\/v2\/types\/page"}],"author":[{"embeddable":true,"href":"https:\/\/www.altei.cz\/hifi\/wp-json\/wp\/v2\/users\/1"}],"replies":[{"embeddable":true,"href":"https:\/\/www.altei.cz\/hifi\/wp-json\/wp\/v2\/comments?post=22505"}],"version-history":[{"count":0,"href":"https:\/\/www.altei.cz\/hifi\/wp-json\/wp\/v2\/pages\/22505\/revisions"}],"wp:featuredmedia":[{"embeddable":true,"href":"https:\/\/www.altei.cz\/hifi\/wp-json\/"}],"wp:attachment":[{"href":"https:\/\/www.altei.cz\/hifi\/wp-json\/wp\/v2\/media?parent=22505"}],"curies":[{"name":"wp","href":"https:\/\/api.w.org\/{rel}","templated":true}]}}