{"id":25256,"date":"2018-03-16T10:36:46","date_gmt":"2018-03-16T09:36:46","guid":{"rendered":"https:\/\/www.altei.cz\/dr-feickert-analogue-2\/woodpecker\/"},"modified":"2018-03-16T10:36:46","modified_gmt":"2018-03-16T09:36:46","slug":"woodpecker","status":"publish","type":"page","link":"https:\/\/www.altei.cz\/hifi\/dr-feickert-analogue\/woodpecker\/","title":{"rendered":"Woodpecker"},"content":{"rendered":"<div id='layer_slider_1'  class='avia-layerslider main_color avia-shadow  avia-builder-el-0  el_before_av_hr  avia-builder-el-first  container_wrap sidebar_right'  style='height: 471px;'  ><\/div><div id='after_layer_slider_1'  class='main_color av_default_container_wrap container_wrap sidebar_right'  ><div class='container av-section-cont-open' ><div class='template-page content  av-content-small alpha units'><div class='post-entry post-entry-type-page post-entry-25256'><div class='entry-content-wrapper clearfix'>\n<div  class='hr av-av_hr-d3021aff4e2c88ff75459fd6b3a45a12 hr-default  avia-builder-el-1  el_after_av_layerslider  el_before_av_one_half  avia-builder-el-first '><span class='hr-inner '><span class=\"hr-inner-style\"><\/span><\/span><\/div>\n<div  class='flex_column av-av_one_half-2a9015ff38129c418a3f2eafba3e9512 av_one_half  avia-builder-el-2  el_after_av_hr  el_before_av_one_half  first flex_column_div  '     ><p>\n<style type=\"text\/css\" data-created_by=\"avia_inline_auto\" id=\"style-css-av-av_heading-7740d8062aa3afc1d49e063e6f07b6da\">\n#top .av-special-heading.av-av_heading-7740d8062aa3afc1d49e063e6f07b6da{\npadding-bottom:10px;\n}\nbody .av-special-heading.av-av_heading-7740d8062aa3afc1d49e063e6f07b6da .av-special-heading-tag .heading-char{\nfont-size:25px;\n}\n.av-special-heading.av-av_heading-7740d8062aa3afc1d49e063e6f07b6da .av-subheading{\nfont-size:15px;\n}\n<\/style>\n<div  class='av-special-heading av-av_heading-7740d8062aa3afc1d49e063e6f07b6da av-special-heading-h3 blockquote modern-quote  avia-builder-el-3  el_before_av_textblock  avia-builder-el-first '><h3 class='av-special-heading-tag '  itemprop=\"headline\"  >Dr. Feickert Analogue Woodpecker<\/h3><div class=\"special-heading-border\"><div class=\"special-heading-inner-border\"><\/div><\/div><\/div><br \/>\n<section  class='av_textblock_section av-av_textblock-0366cc7376be6c9e82a3e9cc8987b64f '   itemscope=\"itemscope\" itemtype=\"https:\/\/schema.org\/CreativeWork\" ><div class='avia_textblock'  itemprop=\"text\" ><p>Woodpecker od sam\u00e9ho za\u010d\u00e1tku vznikal na z\u00e1klad\u011b po\u017eadavk\u016f a p\u0159\u00e1n\u00ed u\u017eivatel\u016f.\u00a0Dr. Feickert\u00a0si kladl za c\u00edl v\u0161echna tato p\u0159\u00e1n\u00ed a p\u0159ipom\u00ednky vyu\u017e\u00edt, uplatnit ty nejlep\u0161\u00ed ov\u011b\u0159en\u00e9 principy a postavit solidn\u00ed d\u016fv\u011bryhodn\u00e9 gramofonov\u00e9 chassis. Z\u00e1rove\u0148 ale hledal nov\u00e9 cesty, jak tyto posunout k vy\u0161\u0161\u00ed zvukov\u00e9 kvalit\u011b.<\/p>\n<p>V\u00fdsledkem je zd\u00e1nliv\u011b jednoduch\u00e9 chasis, kter\u00e9 ov\u0161em uspokoj\u00ed i velmi n\u00e1ro\u010dn\u00e9ho audiofila.<\/p>\n<p>Po mnoha testech a vylep\u0161en\u00edch byl nalezen\u00a0zp\u016fsob, jak dos\u00e1hnout\u00a0spr\u00e1vn\u00e9 interakce komponent\u016f chassis , aby se celek choval jako jedna hmota. \u00a0Z\u00e1rove\u0148 tu je d\u016fraz na &#8222;snadnost pou\u017eit\u00ed&#8220; s funkcemi, jako je posuvn\u00e1\u00a0podlo\u017eka ram\u00e9nka se stupnic\u00ed na principu \u010depu a v\u0159etena. Toto \u0159e\u0161en\u00ed\u00a0umo\u017e\u0148uje v\u00fdm\u011bnu cel\u00e9ho ram\u00e9nka b\u011bhem n\u011bkolika\u00a0minut, nemluv\u011b o tom , \u017ee i nastaven\u00ed ram\u00e9nka se t\u00edm velmi usnad\u0148uje\u00a0.<\/p>\n<p>V neposledn\u00ed \u0159ad\u011b design\u00a0&#8211; nad\u010dasov\u00e1 elegance spl\u0148uje z\u00e1rove\u0148 v\u0161echny po\u017eadavky na vynikaj\u00edc\u00ed zvuk. Byla je\u0161t\u011b vylep\u0161ena\u00a0osv\u011bd\u010den\u00e1 konstrukce speci\u00e1ln\u00edho lo\u017eiska, konstrukce\u00a0gramofonov\u00e9ho tal\u00ed\u0159e i\u00a0vysok\u00fd to\u010div\u00fd moment motoru. T\u00edm bylo dosa\u017eeno je\u0161t\u011b vy\u0161\u0161\u00edho standardu pohonu gramofonu. Net\u0159eba ani dod\u00e1vat, \u017ee \u0159\u00edd\u00edc\u00ed\u00a0elektronika\u00a0motoru\u00a0byla\u00a0kompletn\u011b p\u0159epracov\u00e1na.<\/p>\n<p>Douf\u00e1me, \u017ee v\u00e1s tato chassis oslov\u00ed stejn\u011b jako n\u00e1s\u00a0&#8211; bez ohledu na to, kter\u00e9 ram\u00e9nko hodl\u00e1te pou\u017e\u00edt (posuvn\u00e1 z\u00e1kladna\u00a0umo\u017e\u0148uje p\u0159ipojit t\u00e9m\u011b\u0159 v\u0161echna dostupn\u00e1\u00a0ram\u00e9nka od 9 a\u017e do 12 palc\u016f).<\/p>\n<p>Uvoln\u011bte se a poslouchejte \u010dist\u011b jen hudbu. Zapome\u0148te na technologii, kter\u00e1 v\u00e1m to umo\u017en\u00ed.<\/p>\n<\/div><\/section><\/p><\/div>\n<style type=\"text\/css\" data-created_by=\"avia_inline_auto\" id=\"style-css-av-av_one_half-9c1d454dc06f7247226bc4e8f931daae\">\n.flex_column.av-av_one_half-9c1d454dc06f7247226bc4e8f931daae{\nborder-radius:0px 0px 0px 0px;\npadding:0px 0px 0px 0px;\n}\n<\/style>\n<div  class='flex_column av-av_one_half-9c1d454dc06f7247226bc4e8f931daae av_one_half  avia-builder-el-5  el_after_av_one_half  el_before_av_hr  flex_column_div av-zero-column-padding  '     ><p><br \/>\n\n<style type=\"text\/css\" data-created_by=\"avia_inline_auto\" id=\"style-css-av-av_heading-6042e58b88df03972e0131e578e34908\">\n#top .av-special-heading.av-av_heading-6042e58b88df03972e0131e578e34908{\npadding-bottom:10px;\n}\nbody .av-special-heading.av-av_heading-6042e58b88df03972e0131e578e34908 .av-special-heading-tag .heading-char{\nfont-size:25px;\n}\n.av-special-heading.av-av_heading-6042e58b88df03972e0131e578e34908 .av-subheading{\nfont-size:15px;\n}\n<\/style>\n<div  class='av-special-heading av-av_heading-6042e58b88df03972e0131e578e34908 av-special-heading-h3  avia-builder-el-7  el_after_av_gallery  el_before_av_textblock '><h3 class='av-special-heading-tag '  itemprop=\"headline\"  >Parametry<\/h3><div class=\"special-heading-border\"><div class=\"special-heading-inner-border\"><\/div><\/div><\/div><br \/>\n<section  class='av_textblock_section av-av_textblock-0366cc7376be6c9e82a3e9cc8987b64f '   itemscope=\"itemscope\" itemtype=\"https:\/\/schema.org\/CreativeWork\" ><div class='avia_textblock'  itemprop=\"text\" ><p>\u0159em\u00ednkov\u00fd n\u00e1hon<\/p>\n<p>1\u00a0motor<\/p>\n<p>Integrovan\u00fd rychloup\u00ednac\u00ed syst\u00e9m pro mont\u00e1\u017e ram\u00e9nka<\/p>\n<p>Protractor pro nastaven\u00ed\u00a0p\u0159enosky\/ram\u00e9nka (voliteln\u00e9 p\u0159\u00edslu\u0161enstv\u00ed)<\/p>\n<p>rozm\u011bry : 480 mm x 380 mm x 140 mm<\/p>\n<p>podlo\u017eka pro ram\u00e9nko: 205 \u2013 300 mm pivot-spindle (9 \u2013 12 inch ram\u00e9nko)<\/p>\n<p>hmotnost: 13,5 kg (chassis), 18 kg (bez ram\u00e9nka)<\/p>\n<p>z\u00e1ruka: 2 roky (chassis a elektrnika), 5 let (lo\u017eisko)<\/p>\n<\/div><\/section><\/p><\/div><\/p>\n<div  class='hr av-av_hr-d3021aff4e2c88ff75459fd6b3a45a12 hr-default  avia-builder-el-9  el_after_av_one_half  el_before_av_one_third '><span class='hr-inner '><span class=\"hr-inner-style\"><\/span><\/span><\/div>\n<div  class='flex_column av-av_one_third-2a9015ff38129c418a3f2eafba3e9512 av_one_third  avia-builder-el-10  el_after_av_hr  el_before_av_one_third  first flex_column_div  '     ><div  class='avia-button-wrap av-av_button-dc5d5a5e8cb5c3e55d651622a918acd1-wrap avia-button-center  avia-builder-el-11  avia-builder-el-no-sibling '><a href='https:\/\/www.altei.cz\/hifi\/gramo-tonearm-main\/'  class='avia-button av-av_button-dc5d5a5e8cb5c3e55d651622a918acd1 av-link-btn avia-icon_select-yes-left-icon avia-size-small avia-position-center avia-color-theme-color'   aria-label=\"Vyberte ram\u00e9nko\"><span class='avia_button_icon avia_button_icon_left avia-iconfont avia-font-entypo-fontello' data-av_icon='\ue800' data-av_iconfont='entypo-fontello' ><\/span><span class='avia_iconbox_title' >Vyberte ram\u00e9nko<\/span><\/a><\/div><\/div>\n\n<style type=\"text\/css\" data-created_by=\"avia_inline_auto\" id=\"style-css-av-av_one_third-9c1d454dc06f7247226bc4e8f931daae\">\n.flex_column.av-av_one_third-9c1d454dc06f7247226bc4e8f931daae{\nborder-radius:0px 0px 0px 0px;\npadding:0px 0px 0px 0px;\n}\n<\/style>\n<div  class='flex_column av-av_one_third-9c1d454dc06f7247226bc4e8f931daae av_one_third  avia-builder-el-12  el_after_av_one_third  el_before_av_one_third  flex_column_div av-zero-column-padding  '     ><section  class='av_textblock_section av-av_textblock-9ecd5a86c5662871ed2cbd7c9d5d43d1 '   itemscope=\"itemscope\" itemtype=\"https:\/\/schema.org\/CreativeWork\" ><div class='avia_textblock'  itemprop=\"text\" ><p>Vyberte si spr\u00e1vn\u00e9 gramofonov\u00e9 ram\u00e9nko a tu nejlep\u0161\u00ed p\u0159enosku pro v\u00e1\u0161 gramofon.<\/p>\n<\/div><\/section><\/div>\n\n<style type=\"text\/css\" data-created_by=\"avia_inline_auto\" id=\"style-css-av-av_one_third-9c1d454dc06f7247226bc4e8f931daae\">\n.flex_column.av-av_one_third-9c1d454dc06f7247226bc4e8f931daae{\nborder-radius:0px 0px 0px 0px;\npadding:0px 0px 0px 0px;\n}\n<\/style>\n<div  class='flex_column av-av_one_third-9c1d454dc06f7247226bc4e8f931daae av_one_third  avia-builder-el-14  el_after_av_one_third  el_before_av_partner  flex_column_div av-zero-column-padding  '     ><div  class='avia-button-wrap av-av_button-7cd191da26ca23c5468a470d93f71da7-wrap avia-button-center  avia-builder-el-15  avia-builder-el-no-sibling '><a href='https:\/\/www.altei.cz\/hifi\/gramo-pickup-main\/'  class='avia-button av-av_button-7cd191da26ca23c5468a470d93f71da7 av-link-btn avia-icon_select-yes-left-icon avia-size-small avia-position-center avia-color-theme-color'   aria-label=\"A je\u0161t\u011b p\u0159enosku !\"><span class='avia_button_icon avia_button_icon_left avia-iconfont avia-font-entypo-fontello' data-av_icon='\ue800' data-av_iconfont='entypo-fontello' ><\/span><span class='avia_iconbox_title' >A je\u0161t\u011b p\u0159enosku !<\/span><\/a><\/div><\/div>\n<div  class='avia-logo-element-container av-av_partner-40d84dc6d0bd5f22a833ebea3cd8ab41 av-border-deactivate avia-logo-slider avia-content-slider avia-smallarrow-slider avia-content-slider-active noHover avia-content-slider-odd  avia-builder-el-16  el_after_av_one_third  el_before_av_hr  av-slideshow-ui av-control-default av-nav-arrows-visible av-nav-dots-visible av-no-slider-navigation av-slideshow-manual av-loop-once av-loop-manual-endless avia-content-slider1' data-slideshow-options=\"{&quot;animation&quot;:&quot;slide&quot;,&quot;autoplay&quot;:false,&quot;loop_autoplay&quot;:&quot;once&quot;,&quot;interval&quot;:5,&quot;loop_manual&quot;:&quot;manual-endless&quot;,&quot;autoplay_stopper&quot;:false,&quot;noNavigation&quot;:false,&quot;bg_slider&quot;:false,&quot;keep_padding&quot;:&quot;&quot;,&quot;hoverpause&quot;:false,&quot;show_slide_delay&quot;:0}\"><div class='avia-smallarrow-slider-heading  no-logo-slider-heading '><div class='new-special-heading'>&nbsp;<\/div><\/div><div class=\"avia-content-slider-inner\"><div class=\"slide-entry-wrap\"><div  class='slide-entry av-av_partner_logo-cc2eebf34865f2cc9cd12c6ede72afda flex_column no_margin av_one_fifth real-thumbnail post-entry slide-entry-overview slide-loop-1 slide-parity-odd  first'><\/div><div  class='slide-entry av-av_partner_logo-da98f7a36be149ab1108e077b7106051 flex_column no_margin av_one_fifth real-thumbnail post-entry slide-entry-overview slide-loop-2 slide-parity-even  '><\/div><div  class='slide-entry av-av_partner_logo-6d3dd00592f4a3de6d0868d306b08de9 flex_column no_margin av_one_fifth real-thumbnail post-entry slide-entry-overview slide-loop-3 slide-parity-odd  '><\/div><div  class='slide-entry av-av_partner_logo-a30338edfb20944428197a9ea4a931a3 flex_column no_margin av_one_fifth real-thumbnail post-entry slide-entry-overview slide-loop-4 slide-parity-even  '><\/div><div  class='slide-entry av-av_partner_logo-ffbdb2b57a9fcc8f6741d35b34fc8bd5 flex_column no_margin av_one_fifth real-thumbnail post-entry slide-entry-overview slide-loop-5 slide-parity-odd post-entry-last '><\/div><\/div><\/div><\/div>\n<div  class='hr av-av_hr-d3021aff4e2c88ff75459fd6b3a45a12 hr-default  avia-builder-el-17  el_after_av_partner  el_before_av_partner '><span class='hr-inner '><span class=\"hr-inner-style\"><\/span><\/span><\/div>\n<div  class='avia-logo-element-container av-av_partner-355b44d6ae485eaf4c394b2df563082f av-border-deactivate avia-logo-slider avia-content-slider avia-smallarrow-slider avia-content-slider-active noHover avia-content-slider-odd  avia-builder-el-18  el_after_av_hr  avia-builder-el-last  av-slideshow-ui av-control-default av-nav-arrows-visible av-nav-dots-visible av-hide-nav-arrows av-slideshow-autoplay av-loop-endless av-loop-manual-endless avia-content-slider2' data-slideshow-options=\"{&quot;animation&quot;:&quot;slide&quot;,&quot;autoplay&quot;:true,&quot;loop_autoplay&quot;:&quot;endless&quot;,&quot;interval&quot;:5,&quot;loop_manual&quot;:&quot;manual-endless&quot;,&quot;autoplay_stopper&quot;:false,&quot;noNavigation&quot;:false,&quot;bg_slider&quot;:false,&quot;keep_padding&quot;:&quot;&quot;,&quot;hoverpause&quot;:false,&quot;show_slide_delay&quot;:0}\"><div class='avia-smallarrow-slider-heading '><div class='new-special-heading'><h3 class='av-logo-special-heading-text '>Dal\u0161\u00ed zna\u010dky<\/h3><\/div><div class='avia-slideshow-arrows avia-slideshow-controls' ><a href='#prev' class='prev-slide  avia-svg-icon avia-font-svg_entypo-fontello' data-av_svg_icon='left-open-big' data-av_iconset='svg_entypo-fontello' tabindex='-1' title=\"Previous\"><svg version=\"1.1\" xmlns=\"http:\/\/www.w3.org\/2000\/svg\" width=\"15\" height=\"32\" viewBox=\"0 0 15 32\" preserveAspectRatio=\"xMidYMid meet\" aria-labelledby='av-svg-title-1' aria-describedby='av-svg-desc-1' role=\"graphics-symbol\" aria-hidden=\"true\">\n<title id='av-svg-title-1'>Previous<\/title>\n<desc id='av-svg-desc-1'>Previous<\/desc>\n<path d=\"M14.464 27.84q0.832 0.832 0 1.536-0.832 0.832-1.536 0l-12.544-12.608q-0.768-0.768 0-1.6l12.544-12.608q0.704-0.832 1.536 0 0.832 0.704 0 1.536l-11.456 11.904z\"><\/path>\n<\/svg><span class='avia_hidden_link_text'>Previous<\/span><\/a><a href='#next' class='next-slide  avia-svg-icon avia-font-svg_entypo-fontello' data-av_svg_icon='right-open-big' data-av_iconset='svg_entypo-fontello' tabindex='-1' title=\"Next\"><svg version=\"1.1\" xmlns=\"http:\/\/www.w3.org\/2000\/svg\" width=\"15\" height=\"32\" viewBox=\"0 0 15 32\" preserveAspectRatio=\"xMidYMid meet\" aria-labelledby='av-svg-title-2' aria-describedby='av-svg-desc-2' role=\"graphics-symbol\" aria-hidden=\"true\">\n<title id='av-svg-title-2'>Next<\/title>\n<desc id='av-svg-desc-2'>Next<\/desc>\n<path d=\"M0.416 27.84l11.456-11.84-11.456-11.904q-0.832-0.832 0-1.536 0.832-0.832 1.536 0l12.544 12.608q0.768 0.832 0 1.6l-12.544 12.608q-0.704 0.832-1.536 0-0.832-0.704 0-1.536z\"><\/path>\n<\/svg><span class='avia_hidden_link_text'>Next<\/span><\/a><\/div><\/div><div class=\"avia-content-slider-inner\"><div class=\"slide-entry-wrap\"><div  class='slide-entry av-av_partner_logo-621224f49f4b1f9a6721869aa5d7f6d3 flex_column no_margin av_one_fifth real-thumbnail post-entry slide-entry-overview slide-loop-1 slide-parity-odd  first'><\/div><div  class='slide-entry av-av_partner_logo-ba8baf1b5c444e8a6c30115682b4281c flex_column no_margin av_one_fifth real-thumbnail post-entry slide-entry-overview slide-loop-2 slide-parity-even  '><\/div><div  class='slide-entry av-av_partner_logo-3121e7327b3e817620504d10b97d885d flex_column no_margin av_one_fifth real-thumbnail post-entry slide-entry-overview slide-loop-3 slide-parity-odd  '><\/div><div  class='slide-entry av-av_partner_logo-3f9e5381abfd133c77a38e849fddccaf flex_column no_margin av_one_fifth real-thumbnail post-entry slide-entry-overview slide-loop-4 slide-parity-even  '><\/div><div  class='slide-entry av-av_partner_logo-62dca0be8ce9945b8551ae4b383bea79 flex_column no_margin av_one_fifth real-thumbnail post-entry slide-entry-overview slide-loop-5 slide-parity-odd  '><\/div><\/div><div class=\"slide-entry-wrap\"><div  class='slide-entry av-av_partner_logo-ef1197919b77542a2f31ab1660ffbc6b flex_column no_margin av_one_fifth real-thumbnail post-entry slide-entry-overview slide-loop-6 slide-parity-odd  first'><\/div><div  class='slide-entry av-av_partner_logo-3f840c0e7c4aa2a41cd6e70eace530ff flex_column no_margin av_one_fifth real-thumbnail post-entry slide-entry-overview slide-loop-7 slide-parity-even  '><\/div><div  class='slide-entry av-av_partner_logo-93db2171e06b1b80bef6a52c87f555d3 flex_column no_margin av_one_fifth real-thumbnail post-entry slide-entry-overview slide-loop-8 slide-parity-odd  '><\/div><div  class='slide-entry av-av_partner_logo-440214fae8a915eafa7f0b2499449064 flex_column no_margin av_one_fifth real-thumbnail post-entry slide-entry-overview slide-loop-9 slide-parity-even  '><\/div><div  class='slide-entry av-av_partner_logo-7e9c443530c18e23f55014d3b07d584d flex_column no_margin av_one_fifth real-thumbnail post-entry slide-entry-overview slide-loop-10 slide-parity-odd  '><\/div><\/div><div class=\"slide-entry-wrap\"><div  class='slide-entry av-av_partner_logo-8fc8eebe8d415334954f07aafcbc0cd4 flex_column no_margin av_one_fifth real-thumbnail post-entry slide-entry-overview slide-loop-11 slide-parity-odd  first'><\/div><div  class='slide-entry av-av_partner_logo-fdb930938f3e1dfd7851e524466aba80 flex_column no_margin av_one_fifth real-thumbnail post-entry slide-entry-overview slide-loop-12 slide-parity-even  '><\/div><div  class='slide-entry av-av_partner_logo-873c03acb26c7efbd41eea21711b247d flex_column no_margin av_one_fifth real-thumbnail post-entry slide-entry-overview slide-loop-13 slide-parity-odd  '><\/div><div  class='slide-entry av-av_partner_logo-1cbdb9383e2f3e4782ea44fffb4a2c21 flex_column no_margin av_one_fifth real-thumbnail post-entry slide-entry-overview slide-loop-14 slide-parity-even  '><\/div><div  class='slide-entry av-av_partner_logo-0b80392efcaa6f70ea19d5cdb3a54af7 flex_column no_margin av_one_fifth real-thumbnail post-entry slide-entry-overview slide-loop-15 slide-parity-odd  '><\/div><\/div><div class=\"slide-entry-wrap\"><div  class='slide-entry av-av_partner_logo-7c0b5b2d00d4284999fb4f4b2970884f flex_column no_margin av_one_fifth real-thumbnail post-entry slide-entry-overview slide-loop-16 slide-parity-odd  first'><\/div><div  class='slide-entry av-av_partner_logo-207e27cc0f6a53acb3b40fc7910b88f3 flex_column no_margin av_one_fifth real-thumbnail post-entry slide-entry-overview slide-loop-17 slide-parity-even  '><\/div><div  class='slide-entry av-av_partner_logo-4346d46bf4458356f2b098b0a3e35766 flex_column no_margin av_one_fifth real-thumbnail post-entry slide-entry-overview slide-loop-18 slide-parity-odd  '><\/div><div  class='slide-entry av-av_partner_logo-ca04e3321cee776c70ba416994eb1916 flex_column no_margin av_one_fifth real-thumbnail post-entry slide-entry-overview slide-loop-19 slide-parity-even  '><\/div><div  class='slide-entry av-av_partner_logo-bb4232830cd8beedc250a6d8c9e6ef29 flex_column no_margin av_one_fifth real-thumbnail post-entry slide-entry-overview slide-loop-20 slide-parity-odd post-entry-last '><\/div><\/div><\/div><div class='avia-slideshow-dots avia-slideshow-controls'><a href='#1' class='goto-slide active' >1<\/a><a href='#2' class='goto-slide ' >2<\/a><a href='#3' class='goto-slide ' >3<\/a><a href='#4' class='goto-slide ' >4<\/a><\/div><\/div>\n","protected":false},"excerpt":{"rendered":"<p>This is a Page excerpt. It will be displayed for search results<\/p>\n","protected":false},"author":1,"featured_media":0,"parent":25232,"menu_order":0,"comment_status":"open","ping_status":"open","template":"","meta":{"footnotes":""},"class_list":["post-25256","page","type-page","status-publish","hentry"],"aioseo_notices":[],"jetpack_sharing_enabled":true,"_links":{"self":[{"href":"https:\/\/www.altei.cz\/hifi\/wp-json\/wp\/v2\/pages\/25256","targetHints":{"allow":["GET"]}}],"collection":[{"href":"https:\/\/www.altei.cz\/hifi\/wp-json\/wp\/v2\/pages"}],"about":[{"href":"https:\/\/www.altei.cz\/hifi\/wp-json\/wp\/v2\/types\/page"}],"author":[{"embeddable":true,"href":"https:\/\/www.altei.cz\/hifi\/wp-json\/wp\/v2\/users\/1"}],"replies":[{"embeddable":true,"href":"https:\/\/www.altei.cz\/hifi\/wp-json\/wp\/v2\/comments?post=25256"}],"version-history":[{"count":0,"href":"https:\/\/www.altei.cz\/hifi\/wp-json\/wp\/v2\/pages\/25256\/revisions"}],"up":[{"embeddable":true,"href":"https:\/\/www.altei.cz\/hifi\/wp-json\/wp\/v2\/pages\/25232"}],"wp:attachment":[{"href":"https:\/\/www.altei.cz\/hifi\/wp-json\/wp\/v2\/media?parent=25256"}],"curies":[{"name":"wp","href":"https:\/\/api.w.org\/{rel}","templated":true}]}}