{"id":25999,"date":"2018-05-23T16:46:19","date_gmt":"2018-05-23T14:46:19","guid":{"rendered":"https:\/\/www.altei.cz\/dr-feickert-analogue\/clean-2\/"},"modified":"2018-05-23T16:46:19","modified_gmt":"2018-05-23T14:46:19","slug":"linear","status":"publish","type":"page","link":"https:\/\/www.altei.cz\/hifi\/dr-feickert-analogue\/linear\/","title":{"rendered":"Linear"},"content":{"rendered":"<div id='layer_slider_1'  class='avia-layerslider main_color avia-shadow  avia-builder-el-0  el_before_av_hr  avia-builder-el-first  container_wrap sidebar_right'  style='height: 471px;'  ><\/div><div id='after_layer_slider_1'  class='main_color av_default_container_wrap container_wrap sidebar_right'  ><div class='container av-section-cont-open' ><div class='template-page content  av-content-small alpha units'><div class='post-entry post-entry-type-page post-entry-25999'><div class='entry-content-wrapper clearfix'>\n<div  class='hr av-av_hr-d3021aff4e2c88ff75459fd6b3a45a12 hr-default  avia-builder-el-1  el_after_av_layerslider  el_before_av_one_half  avia-builder-el-first '><span class='hr-inner '><span class=\"hr-inner-style\"><\/span><\/span><\/div>\n<div  class='flex_column av-av_one_half-2a9015ff38129c418a3f2eafba3e9512 av_one_half  avia-builder-el-2  el_after_av_hr  el_before_av_one_half  first flex_column_div  '     ><p>\n<style type=\"text\/css\" data-created_by=\"avia_inline_auto\" id=\"style-css-av-av_heading-d295ea36040673a9c4cb74392a0a8028\">\n#top .av-special-heading.av-av_heading-d295ea36040673a9c4cb74392a0a8028{\npadding-bottom:10px;\n}\nbody .av-special-heading.av-av_heading-d295ea36040673a9c4cb74392a0a8028 .av-special-heading-tag .heading-char{\nfont-size:25px;\n}\n.av-special-heading.av-av_heading-d295ea36040673a9c4cb74392a0a8028 .av-subheading{\nfont-size:15px;\n}\n<\/style>\n<div  class='av-special-heading av-av_heading-d295ea36040673a9c4cb74392a0a8028 av-special-heading-h3 blockquote modern-quote  avia-builder-el-3  el_before_av_textblock  avia-builder-el-first '><h3 class='av-special-heading-tag '  itemprop=\"headline\"  >Dr. Feickert Analogue Linear<\/h3><div class=\"special-heading-border\"><div class=\"special-heading-inner-border\"><\/div><\/div><\/div><br \/>\n<section  class='av_textblock_section av-av_textblock-2de302bf1aa3cf4c9157dbe6f50ac7eb '   itemscope=\"itemscope\" itemtype=\"https:\/\/schema.org\/CreativeWork\" ><div class='avia_textblock'  itemprop=\"text\" ><div class=\"page\" title=\"Page 1\">\n<div class=\"layoutArea\">\n<div class=\"column\">\n<p>V r\u00e1mci v\u00fdzkumu, jak zlep\u0161it mechanick\u00e9 parametry sn\u00edm\u00e1n\u00ed zvuku z vinylov\u00e9 desky jsme dos\u00e1hli v\u00fdznamn\u00fdch \u00fasp\u011bch\u016f a dos\u00e1hli jsme bodu, kdy bylo t\u0159eba zam\u011b\u0159it se na elektronick\u00e9 parametry.<\/p>\n<p>Jedn\u00edm ze z\u00e1kladn\u00edch p\u0159edpoklad\u016f, je funkce nap\u00e1jec\u00edho zdroje. Jeliko\u017e absolutn\u00edm \u0159e\u0161en\u00edm, je pou\u017eit\u00ed bateri\u00ed vydal se Dr. Feickert touto cestou ji\u017e p\u0159ed p\u00e1r lety. V\u00fdsledkem byl vynikaj\u00edc\u00ed produkt, kter\u00fd ov\u0161em nebyl levn\u00fd&#8230; Proto bylo rozhodnuto vyvinout a p\u0159en\u00e9st klady bateriov\u00e9ho zdroje do line\u00e1rn\u00edho sp\u00ednan\u00e9ho zdroje za zlomek ceny.<\/p>\n<p>Okam\u017eit\u011b zjist\u00edte, \u017ee celkov\u00fd obraz je hlub\u0161\u00ed. Zlep\u0161en\u00ed intern\u00ed dynamiky sign\u00e1lu p\u0159inese radost v\u0161em milovn\u00edk\u016fm vinylu.<\/p>\n<p>24 V line\u00e1rn\u00ed regulovan\u00fd nap\u00e1jec\u00ed zdroj s n\u00edzk\u00fdm \u0161umem pro v\u0161echna gramo \u0161asi Dr. Feickert<\/p>\n<p>vstupn\u00ed nap\u011bt\u00ed: 110 nebo 230 V<\/p>\n<p>v\u00fdstupn\u00ed nap\u011bt\u00ed\u00a0: 24 V\/ 500mA DC<\/p>\n<p>max proud 1000 mA<\/p>\n<p>spot\u0159eba: &lt;35 VA<\/p>\n<p>RoHS compliant, CE, FCC<\/p>\n<p>vyrobeno v N\u011bmecku<\/p>\n<p>Z\u00e1ruka: \u00a02 roky\u00a0(elektronika)<\/p>\n<\/div>\n<\/div>\n<\/div>\n<\/div><\/section><\/p><\/div>\n<style type=\"text\/css\" data-created_by=\"avia_inline_auto\" id=\"style-css-av-av_one_half-9c1d454dc06f7247226bc4e8f931daae\">\n.flex_column.av-av_one_half-9c1d454dc06f7247226bc4e8f931daae{\nborder-radius:0px 0px 0px 0px;\npadding:0px 0px 0px 0px;\n}\n<\/style>\n<div  class='flex_column av-av_one_half-9c1d454dc06f7247226bc4e8f931daae av_one_half  avia-builder-el-5  el_after_av_one_half  el_before_av_hr  flex_column_div av-zero-column-padding  '     ><\/div><\/p>\n<div  class='hr av-av_hr-d3021aff4e2c88ff75459fd6b3a45a12 hr-default  avia-builder-el-7  el_after_av_one_half  el_before_av_one_third '><span class='hr-inner '><span class=\"hr-inner-style\"><\/span><\/span><\/div>\n<div  class='flex_column av-av_one_third-2a9015ff38129c418a3f2eafba3e9512 av_one_third  avia-builder-el-8  el_after_av_hr  el_before_av_one_third  first flex_column_div  '     ><div  class='avia-button-wrap av-av_button-dc5d5a5e8cb5c3e55d651622a918acd1-wrap avia-button-center  avia-builder-el-9  avia-builder-el-no-sibling '><a href='https:\/\/www.altei.cz\/hifi\/gramo-tonearm-main\/'  class='avia-button av-av_button-dc5d5a5e8cb5c3e55d651622a918acd1 av-link-btn avia-icon_select-yes-left-icon avia-size-small avia-position-center avia-color-theme-color'   aria-label=\"Vyberte ram\u00e9nko\"><span class='avia_button_icon avia_button_icon_left avia-iconfont avia-font-entypo-fontello' data-av_icon='\ue800' data-av_iconfont='entypo-fontello' ><\/span><span class='avia_iconbox_title' >Vyberte ram\u00e9nko<\/span><\/a><\/div><\/div>\n\n<style type=\"text\/css\" data-created_by=\"avia_inline_auto\" id=\"style-css-av-av_one_third-9c1d454dc06f7247226bc4e8f931daae\">\n.flex_column.av-av_one_third-9c1d454dc06f7247226bc4e8f931daae{\nborder-radius:0px 0px 0px 0px;\npadding:0px 0px 0px 0px;\n}\n<\/style>\n<div  class='flex_column av-av_one_third-9c1d454dc06f7247226bc4e8f931daae av_one_third  avia-builder-el-10  el_after_av_one_third  el_before_av_one_third  flex_column_div av-zero-column-padding  '     ><section  class='av_textblock_section av-av_textblock-9ecd5a86c5662871ed2cbd7c9d5d43d1 '   itemscope=\"itemscope\" itemtype=\"https:\/\/schema.org\/CreativeWork\" ><div class='avia_textblock'  itemprop=\"text\" ><p>Vyberte si spr\u00e1vn\u00e9 gramofonov\u00e9 ram\u00e9nko a tu nejlep\u0161\u00ed p\u0159enosku pro v\u00e1\u0161 gramofon.<\/p>\n<\/div><\/section><\/div>\n\n<style type=\"text\/css\" data-created_by=\"avia_inline_auto\" id=\"style-css-av-av_one_third-9c1d454dc06f7247226bc4e8f931daae\">\n.flex_column.av-av_one_third-9c1d454dc06f7247226bc4e8f931daae{\nborder-radius:0px 0px 0px 0px;\npadding:0px 0px 0px 0px;\n}\n<\/style>\n<div  class='flex_column av-av_one_third-9c1d454dc06f7247226bc4e8f931daae av_one_third  avia-builder-el-12  el_after_av_one_third  el_before_av_partner  flex_column_div av-zero-column-padding  '     ><div  class='avia-button-wrap av-av_button-7cd191da26ca23c5468a470d93f71da7-wrap avia-button-center  avia-builder-el-13  avia-builder-el-no-sibling '><a href='https:\/\/www.altei.cz\/hifi\/gramo-pickup-main\/'  class='avia-button av-av_button-7cd191da26ca23c5468a470d93f71da7 av-link-btn avia-icon_select-yes-left-icon avia-size-small avia-position-center avia-color-theme-color'   aria-label=\"A je\u0161t\u011b p\u0159enosku !\"><span class='avia_button_icon avia_button_icon_left avia-iconfont avia-font-entypo-fontello' data-av_icon='\ue800' data-av_iconfont='entypo-fontello' ><\/span><span class='avia_iconbox_title' >A je\u0161t\u011b p\u0159enosku !<\/span><\/a><\/div><\/div>\n<div  class='avia-logo-element-container av-av_partner-2ad347bf0e68fd9f51c63789115ddef4 av-border-deactivate avia-logo-slider avia-content-slider avia-smallarrow-slider avia-content-slider-active noHover avia-content-slider-even  avia-builder-el-14  el_after_av_one_third  el_before_av_hr  av-slideshow-ui av-control-default av-nav-arrows-visible av-nav-dots-visible av-no-slider-navigation av-slideshow-manual av-loop-once av-loop-manual-endless avia-content-slider1' data-slideshow-options=\"{&quot;animation&quot;:&quot;slide&quot;,&quot;autoplay&quot;:false,&quot;loop_autoplay&quot;:&quot;once&quot;,&quot;interval&quot;:5,&quot;loop_manual&quot;:&quot;manual-endless&quot;,&quot;autoplay_stopper&quot;:false,&quot;noNavigation&quot;:false,&quot;bg_slider&quot;:false,&quot;keep_padding&quot;:&quot;&quot;,&quot;hoverpause&quot;:false,&quot;show_slide_delay&quot;:0}\"><div class='avia-smallarrow-slider-heading  no-logo-slider-heading '><div class='new-special-heading'>&nbsp;<\/div><\/div><div class=\"avia-content-slider-inner\"><div class=\"slide-entry-wrap\"><div  class='slide-entry av-av_partner_logo-cf56919d9402a3d4cd0f0f5cb1bd0912 flex_column no_margin av_one_eighth real-thumbnail post-entry slide-entry-overview slide-loop-1 slide-parity-odd  first'><\/div><div  class='slide-entry av-av_partner_logo-cc2eebf34865f2cc9cd12c6ede72afda flex_column no_margin av_one_eighth real-thumbnail post-entry slide-entry-overview slide-loop-2 slide-parity-even  '><\/div><div  class='slide-entry av-av_partner_logo-da98f7a36be149ab1108e077b7106051 flex_column no_margin av_one_eighth real-thumbnail post-entry slide-entry-overview slide-loop-3 slide-parity-odd  '><\/div><div  class='slide-entry av-av_partner_logo-6d3dd00592f4a3de6d0868d306b08de9 flex_column no_margin av_one_eighth real-thumbnail post-entry slide-entry-overview slide-loop-4 slide-parity-even  '><\/div><div  class='slide-entry av-av_partner_logo-2069cd4f9010abe5bc8780600a501d6f flex_column no_margin av_one_eighth real-thumbnail post-entry slide-entry-overview slide-loop-5 slide-parity-odd  '><\/div><div  class='slide-entry av-av_partner_logo-4396faed11fd030c7fa0a871f9d93e3f flex_column no_margin av_one_eighth real-thumbnail post-entry slide-entry-overview slide-loop-6 slide-parity-even  '><\/div><div  class='slide-entry av-av_partner_logo-03d68b92967ff0c6d25aca6da97fdea2 flex_column no_margin av_one_eighth real-thumbnail post-entry slide-entry-overview slide-loop-7 slide-parity-odd  '><\/div><div  class='slide-entry av-av_partner_logo-a30338edfb20944428197a9ea4a931a3 flex_column no_margin av_one_eighth real-thumbnail post-entry slide-entry-overview slide-loop-8 slide-parity-even post-entry-last '><\/div><\/div><\/div><\/div>\n<div  class='hr av-av_hr-d3021aff4e2c88ff75459fd6b3a45a12 hr-default  avia-builder-el-15  el_after_av_partner  el_before_av_partner '><span class='hr-inner '><span class=\"hr-inner-style\"><\/span><\/span><\/div>\n<div  class='avia-logo-element-container av-av_partner-355b44d6ae485eaf4c394b2df563082f av-border-deactivate avia-logo-slider avia-content-slider avia-smallarrow-slider avia-content-slider-active noHover avia-content-slider-odd  avia-builder-el-16  el_after_av_hr  avia-builder-el-last  av-slideshow-ui av-control-default av-nav-arrows-visible av-nav-dots-visible av-hide-nav-arrows av-slideshow-autoplay av-loop-endless av-loop-manual-endless avia-content-slider2' data-slideshow-options=\"{&quot;animation&quot;:&quot;slide&quot;,&quot;autoplay&quot;:true,&quot;loop_autoplay&quot;:&quot;endless&quot;,&quot;interval&quot;:5,&quot;loop_manual&quot;:&quot;manual-endless&quot;,&quot;autoplay_stopper&quot;:false,&quot;noNavigation&quot;:false,&quot;bg_slider&quot;:false,&quot;keep_padding&quot;:&quot;&quot;,&quot;hoverpause&quot;:false,&quot;show_slide_delay&quot;:0}\"><div class='avia-smallarrow-slider-heading '><div class='new-special-heading'><h3 class='av-logo-special-heading-text '>Dal\u0161\u00ed zna\u010dky<\/h3><\/div><div class='avia-slideshow-arrows avia-slideshow-controls' ><a href='#prev' class='prev-slide  avia-svg-icon avia-font-svg_entypo-fontello' data-av_svg_icon='left-open-big' data-av_iconset='svg_entypo-fontello' tabindex='-1' title=\"Previous\"><svg version=\"1.1\" xmlns=\"http:\/\/www.w3.org\/2000\/svg\" width=\"15\" height=\"32\" viewBox=\"0 0 15 32\" preserveAspectRatio=\"xMidYMid meet\" aria-labelledby='av-svg-title-1' aria-describedby='av-svg-desc-1' role=\"graphics-symbol\" aria-hidden=\"true\">\n<title id='av-svg-title-1'>Previous<\/title>\n<desc id='av-svg-desc-1'>Previous<\/desc>\n<path d=\"M14.464 27.84q0.832 0.832 0 1.536-0.832 0.832-1.536 0l-12.544-12.608q-0.768-0.768 0-1.6l12.544-12.608q0.704-0.832 1.536 0 0.832 0.704 0 1.536l-11.456 11.904z\"><\/path>\n<\/svg><span class='avia_hidden_link_text'>Previous<\/span><\/a><a href='#next' class='next-slide  avia-svg-icon avia-font-svg_entypo-fontello' data-av_svg_icon='right-open-big' data-av_iconset='svg_entypo-fontello' tabindex='-1' title=\"Next\"><svg version=\"1.1\" xmlns=\"http:\/\/www.w3.org\/2000\/svg\" width=\"15\" height=\"32\" viewBox=\"0 0 15 32\" preserveAspectRatio=\"xMidYMid meet\" aria-labelledby='av-svg-title-2' aria-describedby='av-svg-desc-2' role=\"graphics-symbol\" aria-hidden=\"true\">\n<title id='av-svg-title-2'>Next<\/title>\n<desc id='av-svg-desc-2'>Next<\/desc>\n<path d=\"M0.416 27.84l11.456-11.84-11.456-11.904q-0.832-0.832 0-1.536 0.832-0.832 1.536 0l12.544 12.608q0.768 0.832 0 1.6l-12.544 12.608q-0.704 0.832-1.536 0-0.832-0.704 0-1.536z\"><\/path>\n<\/svg><span class='avia_hidden_link_text'>Next<\/span><\/a><\/div><\/div><div class=\"avia-content-slider-inner\"><div class=\"slide-entry-wrap\"><div  class='slide-entry av-av_partner_logo-621224f49f4b1f9a6721869aa5d7f6d3 flex_column no_margin av_one_fifth real-thumbnail post-entry slide-entry-overview slide-loop-1 slide-parity-odd  first'><\/div><div  class='slide-entry av-av_partner_logo-ba8baf1b5c444e8a6c30115682b4281c flex_column no_margin av_one_fifth real-thumbnail post-entry slide-entry-overview slide-loop-2 slide-parity-even  '><\/div><div  class='slide-entry av-av_partner_logo-3121e7327b3e817620504d10b97d885d flex_column no_margin av_one_fifth real-thumbnail post-entry slide-entry-overview slide-loop-3 slide-parity-odd  '><\/div><div  class='slide-entry av-av_partner_logo-3f9e5381abfd133c77a38e849fddccaf flex_column no_margin av_one_fifth real-thumbnail post-entry slide-entry-overview slide-loop-4 slide-parity-even  '><\/div><div  class='slide-entry av-av_partner_logo-62dca0be8ce9945b8551ae4b383bea79 flex_column no_margin av_one_fifth real-thumbnail post-entry slide-entry-overview slide-loop-5 slide-parity-odd  '><\/div><\/div><div class=\"slide-entry-wrap\"><div  class='slide-entry av-av_partner_logo-ef1197919b77542a2f31ab1660ffbc6b flex_column no_margin av_one_fifth real-thumbnail post-entry slide-entry-overview slide-loop-6 slide-parity-odd  first'><\/div><div  class='slide-entry av-av_partner_logo-3f840c0e7c4aa2a41cd6e70eace530ff flex_column no_margin av_one_fifth real-thumbnail post-entry slide-entry-overview slide-loop-7 slide-parity-even  '><\/div><div  class='slide-entry av-av_partner_logo-93db2171e06b1b80bef6a52c87f555d3 flex_column no_margin av_one_fifth real-thumbnail post-entry slide-entry-overview slide-loop-8 slide-parity-odd  '><\/div><div  class='slide-entry av-av_partner_logo-440214fae8a915eafa7f0b2499449064 flex_column no_margin av_one_fifth real-thumbnail post-entry slide-entry-overview slide-loop-9 slide-parity-even  '><\/div><div  class='slide-entry av-av_partner_logo-7e9c443530c18e23f55014d3b07d584d flex_column no_margin av_one_fifth real-thumbnail post-entry slide-entry-overview slide-loop-10 slide-parity-odd  '><\/div><\/div><div class=\"slide-entry-wrap\"><div  class='slide-entry av-av_partner_logo-8fc8eebe8d415334954f07aafcbc0cd4 flex_column no_margin av_one_fifth real-thumbnail post-entry slide-entry-overview slide-loop-11 slide-parity-odd  first'><\/div><div  class='slide-entry av-av_partner_logo-fdb930938f3e1dfd7851e524466aba80 flex_column no_margin av_one_fifth real-thumbnail post-entry slide-entry-overview slide-loop-12 slide-parity-even  '><\/div><div  class='slide-entry av-av_partner_logo-873c03acb26c7efbd41eea21711b247d flex_column no_margin av_one_fifth real-thumbnail post-entry slide-entry-overview slide-loop-13 slide-parity-odd  '><\/div><div  class='slide-entry av-av_partner_logo-1cbdb9383e2f3e4782ea44fffb4a2c21 flex_column no_margin av_one_fifth real-thumbnail post-entry slide-entry-overview slide-loop-14 slide-parity-even  '><\/div><div  class='slide-entry av-av_partner_logo-0b80392efcaa6f70ea19d5cdb3a54af7 flex_column no_margin av_one_fifth real-thumbnail post-entry slide-entry-overview slide-loop-15 slide-parity-odd  '><\/div><\/div><div class=\"slide-entry-wrap\"><div  class='slide-entry av-av_partner_logo-7c0b5b2d00d4284999fb4f4b2970884f flex_column no_margin av_one_fifth real-thumbnail post-entry slide-entry-overview slide-loop-16 slide-parity-odd  first'><\/div><div  class='slide-entry av-av_partner_logo-207e27cc0f6a53acb3b40fc7910b88f3 flex_column no_margin av_one_fifth real-thumbnail post-entry slide-entry-overview slide-loop-17 slide-parity-even  '><\/div><div  class='slide-entry av-av_partner_logo-4346d46bf4458356f2b098b0a3e35766 flex_column no_margin av_one_fifth real-thumbnail post-entry slide-entry-overview slide-loop-18 slide-parity-odd  '><\/div><div  class='slide-entry av-av_partner_logo-ca04e3321cee776c70ba416994eb1916 flex_column no_margin av_one_fifth real-thumbnail post-entry slide-entry-overview slide-loop-19 slide-parity-even  '><\/div><div  class='slide-entry av-av_partner_logo-bb4232830cd8beedc250a6d8c9e6ef29 flex_column no_margin av_one_fifth real-thumbnail post-entry slide-entry-overview slide-loop-20 slide-parity-odd post-entry-last '><\/div><\/div><\/div><div class='avia-slideshow-dots avia-slideshow-controls'><a href='#1' class='goto-slide active' >1<\/a><a href='#2' class='goto-slide ' >2<\/a><a href='#3' class='goto-slide ' >3<\/a><a href='#4' class='goto-slide ' >4<\/a><\/div><\/div>\n","protected":false},"excerpt":{"rendered":"<p>This is a Page excerpt. It will be displayed for search results<\/p>\n","protected":false},"author":1,"featured_media":0,"parent":25232,"menu_order":0,"comment_status":"open","ping_status":"open","template":"","meta":{"footnotes":""},"class_list":["post-25999","page","type-page","status-publish","hentry"],"aioseo_notices":[],"jetpack_sharing_enabled":true,"_links":{"self":[{"href":"https:\/\/www.altei.cz\/hifi\/wp-json\/wp\/v2\/pages\/25999","targetHints":{"allow":["GET"]}}],"collection":[{"href":"https:\/\/www.altei.cz\/hifi\/wp-json\/wp\/v2\/pages"}],"about":[{"href":"https:\/\/www.altei.cz\/hifi\/wp-json\/wp\/v2\/types\/page"}],"author":[{"embeddable":true,"href":"https:\/\/www.altei.cz\/hifi\/wp-json\/wp\/v2\/users\/1"}],"replies":[{"embeddable":true,"href":"https:\/\/www.altei.cz\/hifi\/wp-json\/wp\/v2\/comments?post=25999"}],"version-history":[{"count":0,"href":"https:\/\/www.altei.cz\/hifi\/wp-json\/wp\/v2\/pages\/25999\/revisions"}],"up":[{"embeddable":true,"href":"https:\/\/www.altei.cz\/hifi\/wp-json\/wp\/v2\/pages\/25232"}],"wp:attachment":[{"href":"https:\/\/www.altei.cz\/hifi\/wp-json\/wp\/v2\/media?parent=25999"}],"curies":[{"name":"wp","href":"https:\/\/api.w.org\/{rel}","templated":true}]}}