{"id":26087,"date":"2018-05-30T18:50:00","date_gmt":"2018-05-30T16:50:00","guid":{"rendered":"https:\/\/www.altei.cz\/dr-feickert-analogue\/linear-2\/"},"modified":"2018-05-30T18:50:00","modified_gmt":"2018-05-30T16:50:00","slug":"vero","status":"publish","type":"page","link":"https:\/\/www.altei.cz\/hifi\/vero\/","title":{"rendered":"Vero"},"content":{"rendered":"<div id='layer_slider_1'  class='avia-layerslider main_color avia-shadow  avia-builder-el-0  el_before_av_hr  avia-builder-el-first  container_wrap sidebar_right'  style='height: 471px;'  ><\/div><div id='after_layer_slider_1'  class='main_color av_default_container_wrap container_wrap sidebar_right'  ><div class='container av-section-cont-open' ><div class='template-page content  av-content-small alpha units'><div class='post-entry post-entry-type-page post-entry-26087'><div class='entry-content-wrapper clearfix'>\n<div  class='hr av-khgcfxj-640af0a54da895ce2f1a1b3c4545f296 hr-default  avia-builder-el-1  el_after_av_layerslider  el_before_av_one_half  avia-builder-el-first '><span class='hr-inner '><span class=\"hr-inner-style\"><\/span><\/span><\/div>\n<div  class='flex_column av-20baepz-a7a743c18ee8dd44708f9078043294f4 av_one_half  avia-builder-el-2  el_after_av_hr  el_before_av_one_half  first flex_column_div  '     ><p>\n<style type=\"text\/css\" data-created_by=\"avia_inline_auto\" id=\"style-css-av-vwyvc7-c38be067d5f380747ba68857010dc4b3\">\n#top .av-special-heading.av-vwyvc7-c38be067d5f380747ba68857010dc4b3{\npadding-bottom:10px;\n}\nbody .av-special-heading.av-vwyvc7-c38be067d5f380747ba68857010dc4b3 .av-special-heading-tag .heading-char{\nfont-size:25px;\n}\n.av-special-heading.av-vwyvc7-c38be067d5f380747ba68857010dc4b3 .av-subheading{\nfont-size:15px;\n}\n<\/style>\n<div  class='av-special-heading av-vwyvc7-c38be067d5f380747ba68857010dc4b3 av-special-heading-h3 blockquote modern-quote  avia-builder-el-3  el_before_av_textblock  avia-builder-el-first  av-linked-heading'><h3 class='av-special-heading-tag '  itemprop=\"headline\"  >Dr. Feickert Analogue Vero<\/h3><div class=\"special-heading-border\"><div class=\"special-heading-inner-border\"><\/div><\/div><\/div><br \/>\n<section  class='av_textblock_section av-j47hzwn-3fc331933e35855eb0efb83d675c6ef7 '   itemscope=\"itemscope\" itemtype=\"https:\/\/schema.org\/CreativeWork\" ><div class='avia_textblock'  itemprop=\"text\" ><div class=\"page\" title=\"Page 1\">\n<div class=\"layoutArea\">\n<div class=\"column\">\n<div>\n<div>\n<div>M\u00e1te-li r\u00e1di zvuk vinyl\u016f a chcete z\u00edskat maximum ze sv\u00e9ho gramofonu a p\u0159enosek, potom bude novinka pojmenovan\u00e1 Vero z d\u00edlny <a title=\"Dr. Feickert Analogue\" href=\"https:\/\/www.altei.cz\/dr-feickert-analogue\/\">Dr. Christiana Feickerta<\/a> t\u00edm prav\u00fdm \u0159e\u0161en\u00edm pro v\u00e1s. M\u00e1 dva dvojit\u00e9 nez\u00e1visl\u00e9 MC a MM vstupy plus dva vstupy linkov\u00e9. Tak\u017ee je to v\u00edce jen ne\u017e p\u0159edzesilova\u010d pro gramofon. D\u016fle\u017eit\u00e1 je skute\u010dnost, \u017ee m\u016f\u017eete nastavit ka\u017ed\u00fd parametr impedance, kapacitance a zisku za chodu pomoc\u00ed d\u00e1lkov\u00e9ho ovl\u00e1d\u00e1n\u00ed po velmi velmi jemn\u00fdch kroc\u00edch. To je prvn\u00ed dojem ze za\u0159\u00edzen\u00ed, jeho\u017e ka\u017ed\u00fd vstup si nav\u00edc pamatuje ka\u017ed\u00fd nastaven\u00fd parametr, tak\u017ee m\u016f\u017eete porovn\u00e1vat zvuk jednotliv\u00fdch p\u0159enosek a jejich nastaven\u00ed bez nutnosti p\u0159ep\u00edn\u00e1n\u00ed, ne\u0159kuli p\u0159epojov\u00e1n\u00ed kabel\u016f \u2026<\/div>\n<\/div>\n<\/div>\n<p>\u0160pi\u010dkov\u00fd p\u0159edzesilova\u010d pro gramofonov\u00e9 p\u0159enosky<\/p>\n<p>Dual mono zapojen\u00ed<\/p>\n<p>2x MM vstup pro p\u0159enosku<\/p>\n<p>2x MC vstup pro p\u0159enosku<\/p>\n<p>2x Linkov\u00fd vstup<\/p>\n<p>4 stupn\u011b zes\u00edlen\u00ed pro ka\u017ed\u00fd phono vstup<\/p>\n<p>D\u00e1lkov\u00e9 ovl\u00e1d\u00e1n\u00ed<\/p>\n<p>V\u00fdstupy symetrick\u00e9 i nesymetrick\u00e9<\/p>\n<p>vyrobeno v N\u011bmecku<\/p>\n<p>Z\u00e1ruka: \u00a02 roky\u00a0(elektronika)<\/p>\n<\/div>\n<\/div>\n<\/div>\n<\/div><\/section><\/p><\/div>\n\n<style type=\"text\/css\" data-created_by=\"avia_inline_auto\" id=\"style-css-av-ikfjupz-22feaf783e057ba2f4959672f6215e7e\">\n.flex_column.av-ikfjupz-22feaf783e057ba2f4959672f6215e7e{\nborder-radius:0px 0px 0px 0px;\npadding:0px 0px 0px 0px;\n}\n<\/style>\n<div  class='flex_column av-ikfjupz-22feaf783e057ba2f4959672f6215e7e av_one_half  avia-builder-el-5  el_after_av_one_half  el_before_av_hr  flex_column_div av-zero-column-padding  '     ><\/div><div  class='hr av-hw4esmf-f5796de2204ad8d58052743373ee5667 hr-default  avia-builder-el-7  el_after_av_one_half  el_before_av_one_third '><span class='hr-inner '><span class=\"hr-inner-style\"><\/span><\/span><\/div><\/p>\n<div  class='flex_column av-1psmpzb-6d6a2acf47a2cf0b5e65fdeb2852450c av_one_third  avia-builder-el-8  el_after_av_hr  el_before_av_one_third  first flex_column_div  '     ><div  class='avia-button-wrap av-go9nnt3-972c48d86e5823c7cc31ebbf50c15f3f-wrap avia-button-center  avia-builder-el-9  avia-builder-el-no-sibling '><a href='https:\/\/www.altei.cz\/hifi\/gramo-tonearm-main\/'  class='avia-button av-go9nnt3-972c48d86e5823c7cc31ebbf50c15f3f av-link-btn avia-icon_select-yes-left-icon avia-size-small avia-position-center avia-color-theme-color'   aria-label=\"Vyberte ram\u00e9nko\"><span class='avia_button_icon avia_button_icon_left avia-iconfont avia-font-entypo-fontello' data-av_icon='\ue800' data-av_iconfont='entypo-fontello' ><\/span><span class='avia_iconbox_title' >Vyberte ram\u00e9nko<\/span><\/a><\/div><\/div>\n\n<style type=\"text\/css\" data-created_by=\"avia_inline_auto\" id=\"style-css-av-1n3ackn-f25d30d5fe5bebc89fbf46df98195b26\">\n.flex_column.av-1n3ackn-f25d30d5fe5bebc89fbf46df98195b26{\nborder-radius:0px 0px 0px 0px;\npadding:0px 0px 0px 0px;\n}\n<\/style>\n<div  class='flex_column av-1n3ackn-f25d30d5fe5bebc89fbf46df98195b26 av_one_third  avia-builder-el-10  el_after_av_one_third  el_before_av_one_third  flex_column_div av-zero-column-padding  '     ><section  class='av_textblock_section av-g0e20lj-9573a73a5c28c0f30ab4ac7910d24ef1 '   itemscope=\"itemscope\" itemtype=\"https:\/\/schema.org\/CreativeWork\" ><div class='avia_textblock'  itemprop=\"text\" ><p>Vyberte si spr\u00e1vn\u00e9 gramofonov\u00e9 ram\u00e9nko a tu nejlep\u0161\u00ed p\u0159enosku pro v\u00e1\u0161 gramofon.<\/p>\n<\/div><\/section><\/div>\n\n<style type=\"text\/css\" data-created_by=\"avia_inline_auto\" id=\"style-css-av-f970tfr-fc3e4b4f5b8892eb852308d1d1adfae6\">\n.flex_column.av-f970tfr-fc3e4b4f5b8892eb852308d1d1adfae6{\nborder-radius:0px 0px 0px 0px;\npadding:0px 0px 0px 0px;\n}\n<\/style>\n<div  class='flex_column av-f970tfr-fc3e4b4f5b8892eb852308d1d1adfae6 av_one_third  avia-builder-el-12  el_after_av_one_third  el_before_av_partner  flex_column_div av-zero-column-padding  '     ><div  class='avia-button-wrap av-f4l5gav-16cae033f3bca3dad046f9388d90abfe-wrap avia-button-center  avia-builder-el-13  avia-builder-el-no-sibling '><a href='https:\/\/www.altei.cz\/hifi\/gramo-pickup-main\/'  class='avia-button av-f4l5gav-16cae033f3bca3dad046f9388d90abfe av-link-btn avia-icon_select-yes-left-icon avia-size-small avia-position-center avia-color-theme-color'   aria-label=\"A je\u0161t\u011b p\u0159enosku !\"><span class='avia_button_icon avia_button_icon_left avia-iconfont avia-font-entypo-fontello' data-av_icon='\ue800' data-av_iconfont='entypo-fontello' ><\/span><span class='avia_iconbox_title' >A je\u0161t\u011b p\u0159enosku !<\/span><\/a><\/div><\/div>\n<div  class='avia-logo-element-container av-1fwcxl3-8ed807415f0af0d02a43e14d8589ad1b av-border-deactivate avia-logo-slider avia-content-slider avia-smallarrow-slider avia-content-slider-active noHover avia-content-slider-even  avia-builder-el-14  el_after_av_one_third  el_before_av_hr  av-slideshow-ui av-control-default av-nav-arrows-visible av-nav-dots-visible av-no-slider-navigation av-slideshow-manual av-loop-once av-loop-manual-endless avia-content-slider1' data-slideshow-options=\"{&quot;animation&quot;:&quot;slide&quot;,&quot;autoplay&quot;:false,&quot;loop_autoplay&quot;:&quot;once&quot;,&quot;interval&quot;:5,&quot;loop_manual&quot;:&quot;manual-endless&quot;,&quot;autoplay_stopper&quot;:false,&quot;noNavigation&quot;:false,&quot;bg_slider&quot;:false,&quot;keep_padding&quot;:&quot;&quot;,&quot;hoverpause&quot;:false,&quot;show_slide_delay&quot;:0}\"><div class='avia-smallarrow-slider-heading  no-logo-slider-heading '><div class='new-special-heading'>&nbsp;<\/div><\/div><div class=\"avia-content-slider-inner\"><div class=\"slide-entry-wrap\"><div  class='slide-entry av-dzb5njb-25b9ef249c68c27ab10605929265ea52 flex_column no_margin av_one_eighth real-thumbnail post-entry slide-entry-overview slide-loop-1 slide-parity-odd  first'><\/div><div  class='slide-entry av-dgmfz47-f547d9fc02468a9b6cb0f0a4983fdbc3 flex_column no_margin av_one_eighth real-thumbnail post-entry slide-entry-overview slide-loop-2 slide-parity-even  '><\/div><div  class='slide-entry av-cy74y1z-48be368c89ee35e23d76af6614348b00 flex_column no_margin av_one_eighth real-thumbnail post-entry slide-entry-overview slide-loop-3 slide-parity-odd  '><\/div><div  class='slide-entry av-ch2v5s7-eb74dec4d387bccdf53704233768b14d flex_column no_margin av_one_eighth real-thumbnail post-entry slide-entry-overview slide-loop-4 slide-parity-even  '><\/div><div  class='slide-entry av-c2zypc7-ff34e454c2fbb8ce0658b17330886c08 flex_column no_margin av_one_eighth real-thumbnail post-entry slide-entry-overview slide-loop-5 slide-parity-odd  '><\/div><div  class='slide-entry av-br9ynrb-1003bfa5f04639f71d2e71bec9769c6f flex_column no_margin av_one_eighth real-thumbnail post-entry slide-entry-overview slide-loop-6 slide-parity-even  '><\/div><div  class='slide-entry av-bcnh1if-bf9538bed8ab77eb759482fb20ed873b flex_column no_margin av_one_eighth real-thumbnail post-entry slide-entry-overview slide-loop-7 slide-parity-odd  '><\/div><div  class='slide-entry av-aqp6947-4cf885d9036b87de5385a9aa4904557d flex_column no_margin av_one_eighth real-thumbnail post-entry slide-entry-overview slide-loop-8 slide-parity-even post-entry-last '><\/div><\/div><\/div><\/div>\n<div  class='hr av-aj7669z-e278b06f052041316df9cfd8d5c8dd94 hr-default  avia-builder-el-15  el_after_av_partner  el_before_av_partner '><span class='hr-inner '><span class=\"hr-inner-style\"><\/span><\/span><\/div>\n<div  class='avia-logo-element-container av-9yc84yv-7442df7d4f79d1ad0cde880f20fb5dde av-border-deactivate avia-logo-slider avia-content-slider avia-smallarrow-slider avia-content-slider-active noHover avia-content-slider-odd  avia-builder-el-16  el_after_av_hr  avia-builder-el-last  av-slideshow-ui av-control-default av-nav-arrows-visible av-nav-dots-visible av-hide-nav-arrows av-slideshow-autoplay av-loop-endless av-loop-manual-endless avia-content-slider2' data-slideshow-options=\"{&quot;animation&quot;:&quot;slide&quot;,&quot;autoplay&quot;:true,&quot;loop_autoplay&quot;:&quot;endless&quot;,&quot;interval&quot;:5,&quot;loop_manual&quot;:&quot;manual-endless&quot;,&quot;autoplay_stopper&quot;:false,&quot;noNavigation&quot;:false,&quot;bg_slider&quot;:false,&quot;keep_padding&quot;:&quot;&quot;,&quot;hoverpause&quot;:false,&quot;show_slide_delay&quot;:0}\"><div class='avia-smallarrow-slider-heading '><div class='new-special-heading'><h3 class='av-logo-special-heading-text '>Dal\u0161\u00ed zna\u010dky<\/h3><\/div><div class='avia-slideshow-arrows avia-slideshow-controls' ><a href='#prev' class='prev-slide  avia-svg-icon avia-font-svg_entypo-fontello' data-av_svg_icon='left-open-big' data-av_iconset='svg_entypo-fontello' tabindex='-1' title=\"Previous\"><svg version=\"1.1\" xmlns=\"http:\/\/www.w3.org\/2000\/svg\" width=\"15\" height=\"32\" viewBox=\"0 0 15 32\" preserveAspectRatio=\"xMidYMid meet\" aria-labelledby='av-svg-title-1' aria-describedby='av-svg-desc-1' role=\"graphics-symbol\" aria-hidden=\"true\">\n<title id='av-svg-title-1'>Previous<\/title>\n<desc id='av-svg-desc-1'>Previous<\/desc>\n<path d=\"M14.464 27.84q0.832 0.832 0 1.536-0.832 0.832-1.536 0l-12.544-12.608q-0.768-0.768 0-1.6l12.544-12.608q0.704-0.832 1.536 0 0.832 0.704 0 1.536l-11.456 11.904z\"><\/path>\n<\/svg><span class='avia_hidden_link_text'>Previous<\/span><\/a><a href='#next' class='next-slide  avia-svg-icon avia-font-svg_entypo-fontello' data-av_svg_icon='right-open-big' data-av_iconset='svg_entypo-fontello' tabindex='-1' title=\"Next\"><svg version=\"1.1\" xmlns=\"http:\/\/www.w3.org\/2000\/svg\" width=\"15\" height=\"32\" viewBox=\"0 0 15 32\" preserveAspectRatio=\"xMidYMid meet\" aria-labelledby='av-svg-title-2' aria-describedby='av-svg-desc-2' role=\"graphics-symbol\" aria-hidden=\"true\">\n<title id='av-svg-title-2'>Next<\/title>\n<desc id='av-svg-desc-2'>Next<\/desc>\n<path d=\"M0.416 27.84l11.456-11.84-11.456-11.904q-0.832-0.832 0-1.536 0.832-0.832 1.536 0l12.544 12.608q0.768 0.832 0 1.6l-12.544 12.608q-0.704 0.832-1.536 0-0.832-0.704 0-1.536z\"><\/path>\n<\/svg><span class='avia_hidden_link_text'>Next<\/span><\/a><\/div><\/div><div class=\"avia-content-slider-inner\"><div class=\"slide-entry-wrap\"><div  class='slide-entry av-9iq932f-fe03420a77228e6f50f4042cda8b8a98 flex_column no_margin av_one_fifth real-thumbnail post-entry slide-entry-overview slide-loop-1 slide-parity-odd  first'><\/div><div  class='slide-entry av-8x9xl53-7338e78a21f9cfeef30ea166e9902e52 flex_column no_margin av_one_fifth real-thumbnail post-entry slide-entry-overview slide-loop-2 slide-parity-even  '><\/div><div  class='slide-entry av-8od7dk7-1d2f06aa982e8115fe618bb6ca5e067f flex_column no_margin av_one_fifth real-thumbnail post-entry slide-entry-overview slide-loop-3 slide-parity-odd  '><\/div><div  class='slide-entry av-889sbmv-615a12da3d3366f2ef3271c1b501ad33 flex_column no_margin av_one_fifth real-thumbnail post-entry slide-entry-overview slide-loop-4 slide-parity-even  '><\/div><div  class='slide-entry av-7gvjs1z-33768c5ca15c0c6cd3098fc52489023d flex_column no_margin av_one_fifth real-thumbnail post-entry slide-entry-overview slide-loop-5 slide-parity-odd  '><\/div><\/div><div class=\"slide-entry-wrap\"><div  class='slide-entry av-78fukdj-54d2e45f287fd67d35e987f840aa916a flex_column no_margin av_one_fifth real-thumbnail post-entry slide-entry-overview slide-loop-6 slide-parity-odd  first'><\/div><div  class='slide-entry av-6rz5jnr-1cda0791af04ff8c11d99a71264b8d27 flex_column no_margin av_one_fifth real-thumbnail post-entry slide-entry-overview slide-loop-7 slide-parity-even  '><\/div><div  class='slide-entry av-67a5uef-b15c6b8d6ebe43bf428ee53bc91777eb flex_column no_margin av_one_fifth real-thumbnail post-entry slide-entry-overview slide-loop-8 slide-parity-odd  '><\/div><div  class='slide-entry av-l17naf-6d4524879b77397e648bc8d666bc467e flex_column no_margin av_one_fifth real-thumbnail post-entry slide-entry-overview slide-loop-9 slide-parity-even  '><\/div><div  class='slide-entry av-j3di13-2c34b1813d8aa82a46e664dac7ce9d7b flex_column no_margin av_one_fifth real-thumbnail post-entry slide-entry-overview slide-loop-10 slide-parity-odd  '><\/div><\/div><div class=\"slide-entry-wrap\"><div  class='slide-entry av-4q418iv-d6ea2ace80a4749cf75e2dca7733679a flex_column no_margin av_one_fifth real-thumbnail post-entry slide-entry-overview slide-loop-11 slide-parity-odd  first'><\/div><div  class='slide-entry av-4knoh7r-357aa5acbb3e1c5294c6702b83b8df11 flex_column no_margin av_one_fifth real-thumbnail post-entry slide-entry-overview slide-loop-12 slide-parity-even  '><\/div><div  class='slide-entry av-3szspmv-53512715d1125590c6034f9964027ba7 flex_column no_margin av_one_fifth real-thumbnail post-entry slide-entry-overview slide-loop-13 slide-parity-odd  '><\/div><div  class='slide-entry av-3idopl3-bbce73512768efb759db0d754dc90cc8 flex_column no_margin av_one_fifth real-thumbnail post-entry slide-entry-overview slide-loop-14 slide-parity-even  '><\/div><div  class='slide-entry av-2zw239j-83f3ac32d043d8ee1ed0d216914b0471 flex_column no_margin av_one_fifth real-thumbnail post-entry slide-entry-overview slide-loop-15 slide-parity-odd  '><\/div><\/div><div class=\"slide-entry-wrap\"><div  class='slide-entry av-2mvdnuv-3b695eb1e77349265b03ba87821fbede flex_column no_margin av_one_fifth real-thumbnail post-entry slide-entry-overview slide-loop-16 slide-parity-odd  first'><\/div><div  class='slide-entry av-28mrg07-2242254214b5b58368f1ff28cdea2aff flex_column no_margin av_one_fifth real-thumbnail post-entry slide-entry-overview slide-loop-17 slide-parity-even  '><\/div><div  class='slide-entry av-59itzb-6456f32213c7912d7cc81f1c50126ea0 flex_column no_margin av_one_fifth real-thumbnail post-entry slide-entry-overview slide-loop-18 slide-parity-odd  '><\/div><div  class='slide-entry av-11gcxtz-5b84a75db08c18ea1e8dd21d94ee37dc flex_column no_margin av_one_fifth real-thumbnail post-entry slide-entry-overview slide-loop-19 slide-parity-even  '><\/div><div  class='slide-entry av-sdsoiv-32c7d30a96c21af62ca465b4d083852e flex_column no_margin av_one_fifth real-thumbnail post-entry slide-entry-overview slide-loop-20 slide-parity-odd post-entry-last '><\/div><\/div><\/div><div class='avia-slideshow-dots avia-slideshow-controls'><a href='#1' class='goto-slide active' >1<\/a><a href='#2' class='goto-slide ' >2<\/a><a href='#3' class='goto-slide ' >3<\/a><a href='#4' class='goto-slide ' >4<\/a><\/div><\/div>\n","protected":false},"excerpt":{"rendered":"<p>This is a Page excerpt. It will be displayed for search results<\/p>\n","protected":false},"author":1,"featured_media":0,"parent":0,"menu_order":0,"comment_status":"open","ping_status":"open","template":"","meta":{"footnotes":""},"class_list":["post-26087","page","type-page","status-publish","hentry"],"aioseo_notices":[],"jetpack_sharing_enabled":true,"_links":{"self":[{"href":"https:\/\/www.altei.cz\/hifi\/wp-json\/wp\/v2\/pages\/26087","targetHints":{"allow":["GET"]}}],"collection":[{"href":"https:\/\/www.altei.cz\/hifi\/wp-json\/wp\/v2\/pages"}],"about":[{"href":"https:\/\/www.altei.cz\/hifi\/wp-json\/wp\/v2\/types\/page"}],"author":[{"embeddable":true,"href":"https:\/\/www.altei.cz\/hifi\/wp-json\/wp\/v2\/users\/1"}],"replies":[{"embeddable":true,"href":"https:\/\/www.altei.cz\/hifi\/wp-json\/wp\/v2\/comments?post=26087"}],"version-history":[{"count":0,"href":"https:\/\/www.altei.cz\/hifi\/wp-json\/wp\/v2\/pages\/26087\/revisions"}],"wp:attachment":[{"href":"https:\/\/www.altei.cz\/hifi\/wp-json\/wp\/v2\/media?parent=26087"}],"curies":[{"name":"wp","href":"https:\/\/api.w.org\/{rel}","templated":true}]}}