{"id":27749,"date":"2018-09-18T18:34:48","date_gmt":"2018-09-18T16:34:48","guid":{"rendered":"https:\/\/www.altei.cz\/sony-vpl-vw760es-2\/"},"modified":"2018-09-18T18:34:48","modified_gmt":"2018-09-18T16:34:48","slug":"sony-vpl-vw890es","status":"publish","type":"page","link":"https:\/\/www.altei.cz\/hifi\/sony-vpl-vw890es\/","title":{"rendered":"Sony VPL-VW890ES"},"content":{"rendered":"<div id='layer_slider_1'  class='avia-layerslider main_color avia-shadow  avia-builder-el-0  el_before_av_hr  avia-builder-el-first  container_wrap sidebar_right'  style='height: 471px;'  ><\/div><div id='after_layer_slider_1'  class='main_color av_default_container_wrap container_wrap sidebar_right'  ><div class='container av-section-cont-open' ><div class='template-page content  av-content-small alpha units'><div class='post-entry post-entry-type-page post-entry-27749'><div class='entry-content-wrapper clearfix'>\n\n<style type=\"text\/css\" data-created_by=\"avia_inline_auto\" id=\"style-css-av-dy2bqyt-236fb4b6c91cfc6fed3697e7977543b7\">\n#top .hr.hr-invisible.av-dy2bqyt-236fb4b6c91cfc6fed3697e7977543b7{\nmargin-top:-55px;\nheight:1px;\n}\n<\/style>\n<div  class='hr av-dy2bqyt-236fb4b6c91cfc6fed3697e7977543b7 hr-invisible  avia-builder-el-1  el_after_av_layerslider  el_before_av_partner  avia-builder-el-first '><span class='hr-inner '><span class=\"hr-inner-style\"><\/span><\/span><\/div>\n<div  class='avia-logo-element-container av-ckw7qhb-db20844bac186d5842e472ab18343391 av-border-deactivate avia-logo-slider avia-content-slider avia-smallarrow-slider avia-content-slider-active noHover avia-content-slider-even  avia-builder-el-2  el_after_av_hr  el_before_av_heading  av-slideshow-ui av-control-hidden av-nav-arrows-visible av-nav-dots-visible av-no-slider-navigation av-hide-nav-arrows av-slideshow-manual av-loop-once av-loop-manual-endless avia-content-slider1' data-slideshow-options=\"{&quot;animation&quot;:&quot;slide&quot;,&quot;autoplay&quot;:false,&quot;loop_autoplay&quot;:&quot;once&quot;,&quot;interval&quot;:5,&quot;loop_manual&quot;:&quot;manual-endless&quot;,&quot;autoplay_stopper&quot;:false,&quot;noNavigation&quot;:true,&quot;bg_slider&quot;:false,&quot;keep_padding&quot;:&quot;&quot;,&quot;hoverpause&quot;:false,&quot;show_slide_delay&quot;:0}\"><div class='avia-smallarrow-slider-heading  no-logo-slider-heading '><\/div><div class=\"avia-content-slider-inner\"><div class=\"slide-entry-wrap\"><div  class='slide-entry av-1prsw79-646a419725bbab5cfb3bec1ec11f95e1 flex_column no_margin av_one_eighth real-thumbnail post-entry slide-entry-overview slide-loop-1 slide-parity-odd  first'><\/div><div  class='slide-entry av-9a0lxr-14d1df26a7ed47139aa5082bb9b795fe flex_column no_margin av_one_eighth real-thumbnail post-entry slide-entry-overview slide-loop-2 slide-parity-even  '><\/div><div  class='slide-entry av-3jj2det-9473b44eebca25cc832865c48f2e9142 flex_column no_margin av_one_eighth real-thumbnail post-entry slide-entry-overview slide-loop-3 slide-parity-odd  '><\/div><div  class='slide-entry av-2xa87lx-172822955050c15268ddd0cc6c4ddca3 flex_column no_margin av_one_eighth real-thumbnail post-entry slide-entry-overview slide-loop-4 slide-parity-even  '><\/div><div  class='slide-entry av-2msgo9x-2618826efb55afdeb9dc4d98bb3cdbde flex_column no_margin av_one_eighth real-thumbnail post-entry slide-entry-overview slide-loop-5 slide-parity-odd  '><\/div><div  class='slide-entry av-21fycmd-6c522e609216690a23c5f7aa18f38740 flex_column no_margin av_one_eighth real-thumbnail post-entry slide-entry-overview slide-loop-6 slide-parity-even  '><\/div><div  class='slide-entry av-nni4l-e10eb1524298aa39a43d13d683c29d51 flex_column no_margin av_one_eighth real-thumbnail post-entry slide-entry-overview slide-loop-7 slide-parity-odd  '><\/div><div  class='slide-entry av-1blqp2d-e95651f66cadbc11abaa4aba2774233c flex_column no_margin av_one_eighth real-thumbnail post-entry slide-entry-overview slide-loop-8 slide-parity-even post-entry-last '><\/div><\/div><\/div><\/div>\n\n<style type=\"text\/css\" data-created_by=\"avia_inline_auto\" id=\"style-css-av-pnfwo5-dc5fe687717f8e000f13ea8daaa31e3a\">\n#top .av-special-heading.av-pnfwo5-dc5fe687717f8e000f13ea8daaa31e3a{\npadding-bottom:10px;\n}\nbody .av-special-heading.av-pnfwo5-dc5fe687717f8e000f13ea8daaa31e3a .av-special-heading-tag .heading-char{\nfont-size:25px;\n}\n.av-special-heading.av-pnfwo5-dc5fe687717f8e000f13ea8daaa31e3a .av-subheading{\nfont-size:15px;\n}\n<\/style>\n<div  class='av-special-heading av-pnfwo5-dc5fe687717f8e000f13ea8daaa31e3a av-special-heading-h4  avia-builder-el-3  el_after_av_partner  el_before_av_one_half '><h4 class='av-special-heading-tag '  itemprop=\"headline\"  >SONY VPL-VW890ES &#8211; Nekompromisn\u00ed True 4K projektor<\/h4><div class=\"special-heading-border\"><div class=\"special-heading-inner-border\"><\/div><\/div><\/div>\n<div  class='flex_column av-8djtx7p-2165792871bfd955d0a4dbe32f05e98a av_one_half  avia-builder-el-4  el_after_av_heading  el_before_av_one_half  first flex_column_div  '     ><section  class='av_textblock_section av-88vmyth-e25ffe3a661eecf7f13b46742a79a882 '   itemscope=\"itemscope\" itemtype=\"https:\/\/schema.org\/CreativeWork\" ><div class='avia_textblock'  itemprop=\"text\" ><p>U\u017eijte si film tak, jak jste o tom v\u017edy jen snili. VPL-VW890ES reprezentuje nov\u00fd miln\u00edk v technologii pro dom\u00e1c\u00ed kino. Elegantn\u011b stylov\u00fd projektor VPL-VW890ES reprezentuje nov\u00fd vrchol v technologii pro dom\u00e1c\u00ed kino, dosahuj\u00edc\u00ed vynikaj\u00edc\u00edch \u00farovn\u00ed obrazov\u00e9 kvality. Laserov\u00fd sv\u011bteln\u00fd zdroj s dlouhou \u017eivotnost\u00ed a sv\u011bteln\u00fdm vy\u0301konem 2,200 lumen\u016f nab\u00edz\u00ed skv\u011bl\u00fd obraz pro dom\u00e1c\u00ed kinos\u00e1l i oby\u0301vac\u00ed pokoj. Sv\u00edtivost laseru je \u0159\u00edzena v re\u00e1ln\u00e9m \u010dase tak, aby byl zaji\u0161t\u011bn maxim\u00e1n\u00ed dynamick\u00fd kontrast pot\u0159ebn\u00fd pro zobrazen\u00ed 4K HDR obsahu. Projektor je vybaven obrazov\u00fdm procesorem X1 a dynamick\u00fdm HDR enhancerem.<\/p>\n<p>Tento projektor nab\u00edz\u00ed p\u0159edev\u0161\u00edm pln\u00e9 4K rozli\u0161en\u00ed, tedy 4.096 \u00d7 2.160 obrazov\u00fdch bod\u016f, zn\u00e1m\u00e9 doposud pouze z oblasti velk\u00fdch digit\u00e1ln\u00edch kin. V pln\u00e9m rozli\u0161en\u00ed umo\u017e\u0148uje jak projekci 2D tak i 3D s vyu\u017eit\u00edm aktivn\u00edch br\u00fdl\u00ed. Projektor si porad\u00ed i s anamorfn\u00edm obrazov\u00fdm form\u00e1tem, k jeho\u017e sledov\u00e1n\u00ed si ukl\u00e1d\u00e1 r\u016fzn\u00e1 nastaven\u00ed optiky pro rozd\u00edln\u00e9 pom\u011bry stran obrazu.<\/p>\n<p>Projektor vyu\u017e\u00edv\u00e1 technologii True 4K SXRD s novou generac\u00ed zobrazova\u010de 4K, kter\u00fd excelentn\u011b zvl\u00e1d\u00e1 hlubok\u00e9 odst\u00edny \u010dern\u00e9. Jako zdroj se d\u00e1 pou\u017e\u00edt nejen 4K a HD video, ale i video s SD rozli\u0161en\u00edm, nebo\u0165 projektor je vybaven funkc\u00ed \u201cSuper Resolution 4K Upscaler\u201d, tedy p\u0159epo\u010dtem t\u011bchto form\u00e1t\u016f na rozli\u0161en\u00ed 4K, \u010d\u00edm\u017e dok\u00e1\u017ee dramaticky zv\u00fd\u0161it kvalitu dvojrozm\u011brn\u00e9ho i trojrozm\u011brn\u00e9ho obsahu. Projektor<\/p>\n<\/div><\/section><\/div>\n<style type=\"text\/css\" data-created_by=\"avia_inline_auto\" id=\"style-css-av-7jixgg5-f6ce5fd92bbe5d9350f60e156bab686b\">\n.flex_column.av-7jixgg5-f6ce5fd92bbe5d9350f60e156bab686b{\nborder-radius:0px 0px 0px 0px;\npadding:0px 0px 0px 0px;\n}\n<\/style>\n<div  class='flex_column av-7jixgg5-f6ce5fd92bbe5d9350f60e156bab686b av_one_half  avia-builder-el-6  el_after_av_one_half  el_before_av_one_half  flex_column_div av-zero-column-padding  '     ><\/div><\/p>\n<div  class='flex_column av-6kwt7b9-296a7aafcfa0f0499b40c9ed7d096254 av_one_half  avia-builder-el-8  el_after_av_one_half  el_before_av_one_half  first flex_column_div  column-top-margin'     ><p><section  class='av_textblock_section av-63l7sat-535776f19cfeb5df2de99bf18c3b1492 '   itemscope=\"itemscope\" itemtype=\"https:\/\/schema.org\/CreativeWork\" ><div class='avia_textblock'  itemprop=\"text\" ><p>Projektor VPL-VW890ES nab\u00edz\u00ed sv\u011bteln\u00fd tok 2.200 lumen\u016f, \u010d\u00edm\u017e umo\u017en\u00ed prom\u00edtat obraz na v\u011bt\u0161\u00ed plochu ne\u017e p\u0159edchoz\u00ed projektory spole\u010dnosti SONY a lze jej tak bez omezen\u00ed kvality pou\u017e\u00edt pro obraz o \u00fahlop\u0159\u00ed\u010dce a\u017e 200 palc\u016f, tedy zhruba 5 metr\u016f. V kombinaci s technologi\u00ed \u201cIris 3\u201d pak projektor dosahuje dynamick\u00e9ho kontrastu\u00a0 \u00a0\u221e : 1.<\/p>\n<\/div><\/section><br \/>\n\n<style type=\"text\/css\" data-created_by=\"avia_inline_auto\" id=\"style-css-av-5oxcvd1-4f32dc2d18962853a20be71bcae5958b\">\n#top .av-special-heading.av-5oxcvd1-4f32dc2d18962853a20be71bcae5958b{\npadding-bottom:10px;\n}\nbody .av-special-heading.av-5oxcvd1-4f32dc2d18962853a20be71bcae5958b .av-special-heading-tag .heading-char{\nfont-size:25px;\n}\n.av-special-heading.av-5oxcvd1-4f32dc2d18962853a20be71bcae5958b .av-subheading{\nfont-size:15px;\n}\n<\/style>\n<div  class='av-special-heading av-5oxcvd1-4f32dc2d18962853a20be71bcae5958b av-special-heading-h3  avia-builder-el-10  el_after_av_textblock  el_before_av_textblock '><h3 class='av-special-heading-tag '  itemprop=\"headline\"  >Rozhran\u00ed<\/h3><div class=\"special-heading-border\"><div class=\"special-heading-inner-border\"><\/div><\/div><\/div><br \/>\n<section  class='av_textblock_section av-5atsu5h-b2c0f75afe905bfdd4216db56ef68280 '   itemscope=\"itemscope\" itemtype=\"https:\/\/schema.org\/CreativeWork\" ><div class='avia_textblock'  itemprop=\"text\" ><div>2x HDMI\u00a0 18 GBps<br \/>\n1x RJ45 pro LAN<br \/>\n1x IR vstup<br \/>\n2x sp\u00edn\u00e1n\u00ed (12V)<br \/>\n1x RS-232C<\/div>\n<div>1xUSB<\/div>\n<div><\/div>\n<div><\/div>\n<\/div><\/section><br \/>\n\n<style type=\"text\/css\" data-created_by=\"avia_inline_auto\" id=\"style-css-av-4x3cc91-421fef9c9dbf18c0739b7e37b236b1cf\">\n.avia-image-container.av-4x3cc91-421fef9c9dbf18c0739b7e37b236b1cf img.avia_image{\nbox-shadow:none;\n}\n.avia-image-container.av-4x3cc91-421fef9c9dbf18c0739b7e37b236b1cf .av-image-caption-overlay-center{\ncolor:#ffffff;\n}\n<\/style>\n<div  class='avia-image-container av-4x3cc91-421fef9c9dbf18c0739b7e37b236b1cf av-styling- av-img-linked avia-align-center  avia-builder-el-12  el_after_av_textblock  avia-builder-el-last '   itemprop=\"image\" itemscope=\"itemscope\" itemtype=\"https:\/\/schema.org\/ImageObject\" ><div class=\"avia-image-container-inner\"><div class=\"avia-image-overlay-wrap\"><img decoding=\"async\" fetchpriority=\"high\" class='wp-image- avia-img-lazy-loading-not- avia_image ' src=\"https:\/\/www.altei.cz\/wp-content\/uploads\/2017\/01\/vplvw760es_inputs-1030x191.png\" alt='' title=''   itemprop=\"thumbnailUrl\"  \/><\/div><\/div><\/div><\/p><\/div>\n<style type=\"text\/css\" data-created_by=\"avia_inline_auto\" id=\"style-css-av-4be3c91-e5536b8711f09d7ec54e2a678454c9e5\">\n.flex_column.av-4be3c91-e5536b8711f09d7ec54e2a678454c9e5{\nborder-radius:0px 0px 0px 0px;\npadding:0px 0px 0px 0px;\n}\n<\/style>\n<div  class='flex_column av-4be3c91-e5536b8711f09d7ec54e2a678454c9e5 av_one_half  avia-builder-el-13  el_after_av_one_half  el_before_av_partner  flex_column_div av-zero-column-padding  column-top-margin'     ><p>\n<style type=\"text\/css\" data-created_by=\"avia_inline_auto\" id=\"style-css-av-3vuk5xh-81daeee4249b7e422de6f550b1dd0709\">\n#top .av-special-heading.av-3vuk5xh-81daeee4249b7e422de6f550b1dd0709{\npadding-bottom:10px;\n}\nbody .av-special-heading.av-3vuk5xh-81daeee4249b7e422de6f550b1dd0709 .av-special-heading-tag .heading-char{\nfont-size:25px;\n}\n.av-special-heading.av-3vuk5xh-81daeee4249b7e422de6f550b1dd0709 .av-subheading{\nfont-size:15px;\n}\n<\/style>\n<div  class='av-special-heading av-3vuk5xh-81daeee4249b7e422de6f550b1dd0709 av-special-heading-h3  avia-builder-el-14  el_before_av_textblock  avia-builder-el-first '><h3 class='av-special-heading-tag '  itemprop=\"headline\"  >Parametry<\/h3><div class=\"special-heading-border\"><div class=\"special-heading-inner-border\"><\/div><\/div><\/div><br \/>\n<section  class='av_textblock_section av-ca9dk5-203142e8176fc9265e477fac6957f8f3 '   itemscope=\"itemscope\" itemtype=\"https:\/\/schema.org\/CreativeWork\" ><div class='avia_textblock'  itemprop=\"text\" ><ul>\n<li>Unik\u00e1tn\u00ed technologie zobrazova\u010de True 4K SXRD (Silicon Crystal Reflective Display)<\/li>\n<li>Projek\u010dn\u00ed syst\u00e9m se t\u0159emi panely HFR (High Frame Rate) SXRD nov\u00e9 generace<\/li>\n<li>Zobrazov\u00e1n\u00ed a\u017e 60 sn\u00edmk\u016f \/ s<\/li>\n<li>Rozm\u011br zobrazova\u010de (\u00fahlop\u0159\u00ed\u010dka) 0,74\u201c<\/li>\n<li>Nativn\u00ed rozli\u0161en\u00ed v\u00edce ne\u017e 8 milon\u016f obrazov\u00fdch bod\u016f (\u0161\u00ed\u0159ka 4.096 x v\u00fd\u0161ka 2.160 bod\u016f)<\/li>\n<li>ARC-F (All Range Crisp Focus) objektiv ze speci\u00e1ln\u00edho skla<\/li>\n<li>Digital Focus Optimiser zaji\u0161\u0165uje v\u00fdjime\u010dny\u0301 detail nap\u0159\u00ed\u010d cel\u00fdm obrazem<\/li>\n<li>Objektiv s motorick\u00fdm zoomem 2,1 x<\/li>\n<li>Posun optick\u00e9 osy vertik\u00e1ln\u011b (85%) a horizont\u00e1ln\u011b (80%)<\/li>\n<li>4K Motionflow eliminuje rozmaz\u00e1n\u00ed v rychl\u00fdch ak\u010dn\u00edch sc\u00e9n\u00e1ch i ve 4K<\/li>\n<li>Obrazov\u00fd procesor X1<\/li>\n<li>Dynamick\u00fd HDR enhancer<\/li>\n<li>N\u00edzk\u00e1 obrazov\u00e1 latence pro ak\u010dn\u00ed hry<\/li>\n<li>Pam\u011b\u0165 pozice obrazu<\/li>\n<li>Automatick\u00e1 i manu\u00e1ln\u00ed kalibrace<\/li>\n<li>Laserov\u00fd sv\u011bteln\u00fd zdroj (\u017eivotnost a\u017e 20 000 h)<\/li>\n<li>Ovl\u00e1d\u00e1n\u00ed sv\u011bteln\u00e9ho v\u00fdkonu laseru a clony v re\u00e1ln\u00e9m \u010dase pro vysok\u00fd dynamick\u00fd kontrast<\/li>\n<li>Dynamick\u00fd kontrast \u00a0\u221e : 1<\/li>\n<li>Sv\u011bteln\u00fd tok 2.200 lm<\/li>\n<li>Kompatibilita HDR<\/li>\n<li>Kompatibilita HDR HLG<\/li>\n<li>3D \u2013 vestav\u011bn\u00fd RF \u00a0vys\u00edla\u010d<\/li>\n<li>Akustick\u00fd \u0161um : 24 dB<\/li>\n<li>Spot\u0159eba energie : Max. 490 W<\/li>\n<li>Rozm\u011bry (\u0161 x v x h) 560 x 223 x 495\u00a0mm<\/li>\n<li>Hmotnost 22 kg<\/li>\n<\/ul>\n<\/div><\/section><\/p><\/div>\n<style type=\"text\/css\" data-created_by=\"avia_inline_auto\" id=\"style-css-av-30h2q79-1c64e056dc7702c09c9197e30f405627\">\n.avia-logo-element-container.av-30h2q79-1c64e056dc7702c09c9197e30f405627 .av-partner-fake-img{\nbackground-size:cover;\n}\n<\/style>\n<div  class='avia-logo-element-container av-30h2q79-1c64e056dc7702c09c9197e30f405627 avia-logo-slider avia-content-slider avia-smallarrow-slider avia-content-slider-active noHover avia-content-slider-odd  avia-builder-el-16  el_after_av_one_half  avia-builder-el-last  av-slideshow-ui av-control-default av-nav-arrows-visible av-nav-dots-visible av-no-slider-navigation av-slideshow-manual av-loop-once av-loop-manual-endless avia-content-slider2' data-slideshow-options=\"{&quot;animation&quot;:&quot;slide&quot;,&quot;autoplay&quot;:false,&quot;loop_autoplay&quot;:&quot;once&quot;,&quot;interval&quot;:5,&quot;loop_manual&quot;:&quot;manual-endless&quot;,&quot;autoplay_stopper&quot;:false,&quot;noNavigation&quot;:false,&quot;bg_slider&quot;:false,&quot;keep_padding&quot;:&quot;&quot;,&quot;hoverpause&quot;:false,&quot;show_slide_delay&quot;:0}\"><div class='avia-smallarrow-slider-heading '><div class='new-special-heading'><h3 class='av-logo-special-heading-text '>Dal\u0161\u00ed produkty SONY<\/h3><\/div><\/div><div class=\"avia-content-slider-inner\"><div class=\"slide-entry-wrap\"><div  class='slide-entry av-2ibh2at-87c975a004ba495d2a2cb951f1d399c5 flex_column no_margin av_one_fifth real-thumbnail post-entry slide-entry-overview slide-loop-1 slide-parity-odd  first'><\/div><div  class='slide-entry av-2852wmd-1c3d246dd66d83432878abeff1521377 flex_column no_margin av_one_fifth real-thumbnail post-entry slide-entry-overview slide-loop-2 slide-parity-even  '><\/div><div  class='slide-entry av-1rkikh1-aeac852e63dd469f2cd459173dc43593 flex_column no_margin av_one_fifth real-thumbnail post-entry slide-entry-overview slide-loop-3 slide-parity-odd  '><\/div><div  class='slide-entry av-1b1hyhx-6a961e6ac9593c6e4b59073c83bd1cff flex_column no_margin av_one_fifth real-thumbnail post-entry slide-entry-overview slide-loop-4 slide-parity-even  '><\/div><div  class='slide-entry av-lcn7dx-c26221af611595d9696046c52b5a9975 flex_column no_margin av_one_fifth real-thumbnail post-entry slide-entry-overview slide-loop-5 slide-parity-odd post-entry-last '><\/div><\/div><\/div><\/div><\/p>\n","protected":false},"excerpt":{"rendered":"","protected":false},"author":1,"featured_media":2967,"parent":0,"menu_order":0,"comment_status":"open","ping_status":"open","template":"","meta":{"footnotes":""},"class_list":["post-27749","page","type-page","status-publish","has-post-thumbnail","hentry"],"aioseo_notices":[],"jetpack_sharing_enabled":true,"_links":{"self":[{"href":"https:\/\/www.altei.cz\/hifi\/wp-json\/wp\/v2\/pages\/27749","targetHints":{"allow":["GET"]}}],"collection":[{"href":"https:\/\/www.altei.cz\/hifi\/wp-json\/wp\/v2\/pages"}],"about":[{"href":"https:\/\/www.altei.cz\/hifi\/wp-json\/wp\/v2\/types\/page"}],"author":[{"embeddable":true,"href":"https:\/\/www.altei.cz\/hifi\/wp-json\/wp\/v2\/users\/1"}],"replies":[{"embeddable":true,"href":"https:\/\/www.altei.cz\/hifi\/wp-json\/wp\/v2\/comments?post=27749"}],"version-history":[{"count":0,"href":"https:\/\/www.altei.cz\/hifi\/wp-json\/wp\/v2\/pages\/27749\/revisions"}],"wp:featuredmedia":[{"embeddable":true,"href":"https:\/\/www.altei.cz\/hifi\/wp-json\/"}],"wp:attachment":[{"href":"https:\/\/www.altei.cz\/hifi\/wp-json\/wp\/v2\/media?parent=27749"}],"curies":[{"name":"wp","href":"https:\/\/api.w.org\/{rel}","templated":true}]}}