{"id":27820,"date":"2018-09-18T18:38:08","date_gmt":"2018-09-18T16:38:08","guid":{"rendered":"https:\/\/www.altei.cz\/apogee-shop\/sony-vpl-vw520es-2\/"},"modified":"2018-09-18T18:38:08","modified_gmt":"2018-09-18T16:38:08","slug":"sony-vpl-vw570es","status":"publish","type":"page","link":"https:\/\/www.altei.cz\/hifi\/sony-vpl-vw570es\/","title":{"rendered":"Sony VPL-VW570ES"},"content":{"rendered":"<div id='layer_slider_1'  class='avia-layerslider main_color avia-shadow  avia-builder-el-0  el_before_av_partner  avia-builder-el-first  container_wrap sidebar_right'  style='height: 471px;'  ><\/div><div id='after_layer_slider_1'  class='main_color av_default_container_wrap container_wrap sidebar_right'  ><div class='container av-section-cont-open' ><div class='template-page content  av-content-small alpha units'><div class='post-entry post-entry-type-page post-entry-27820'><div class='entry-content-wrapper clearfix'>\n<div  class='avia-logo-element-container av-av_partner-ec842e642f7c28b1483c74fc22985339 av-border-deactivate avia-logo-slider avia-content-slider avia-smallarrow-slider avia-content-slider-active noHover avia-content-slider-even  avia-builder-el-1  el_after_av_layerslider  el_before_av_heading  avia-builder-el-first  av-slideshow-ui av-control-default av-nav-arrows-visible av-nav-dots-visible av-hide-nav-arrows av-slideshow-autoplay av-loop-endless av-loop-manual-endless avia-content-slider1' data-slideshow-options=\"{&quot;animation&quot;:&quot;slide&quot;,&quot;autoplay&quot;:true,&quot;loop_autoplay&quot;:&quot;endless&quot;,&quot;interval&quot;:5,&quot;loop_manual&quot;:&quot;manual-endless&quot;,&quot;autoplay_stopper&quot;:false,&quot;noNavigation&quot;:false,&quot;bg_slider&quot;:false,&quot;keep_padding&quot;:&quot;&quot;,&quot;hoverpause&quot;:false,&quot;show_slide_delay&quot;:0}\"><div class='avia-smallarrow-slider-heading  no-logo-slider-heading '><div class='new-special-heading'>&nbsp;<\/div><\/div><div class=\"avia-content-slider-inner\"><div class=\"slide-entry-wrap\"><div  class='slide-entry av-av_partner_logo-63c8ce708054923f13c0d86ded078ed6 flex_column no_margin av_one_eighth real-thumbnail post-entry slide-entry-overview slide-loop-1 slide-parity-odd  first'><\/div><div  class='slide-entry av-av_partner_logo-9b858b1fe8f0daf68a6be3b5d0227c9f flex_column no_margin av_one_eighth real-thumbnail post-entry slide-entry-overview slide-loop-2 slide-parity-even  '><\/div><div  class='slide-entry av-av_partner_logo-6e49aa81f6ebf9d9655516ef1252e3c5 flex_column no_margin av_one_eighth real-thumbnail post-entry slide-entry-overview slide-loop-3 slide-parity-odd  '><\/div><div  class='slide-entry av-av_partner_logo-0edbc2273c7f1b6aa46aae6f7335aa40 flex_column no_margin av_one_eighth real-thumbnail post-entry slide-entry-overview slide-loop-4 slide-parity-even  '><\/div><div  class='slide-entry av-av_partner_logo-9db68bdda1af2e39cd4bacee15a008bb flex_column no_margin av_one_eighth real-thumbnail post-entry slide-entry-overview slide-loop-5 slide-parity-odd  '><\/div><div  class='slide-entry av-av_partner_logo-9fa7cb6cbabd79937b106db270154263 flex_column no_margin av_one_eighth real-thumbnail post-entry slide-entry-overview slide-loop-6 slide-parity-even  '><\/div><div  class='slide-entry av-av_partner_logo-03a34ca0a4e717af585091fcfa893cea flex_column no_margin av_one_eighth real-thumbnail post-entry slide-entry-overview slide-loop-7 slide-parity-odd  '><\/div><div  class='slide-entry av-av_partner_logo-09d886f5f1be8034bbdd2f0fb72964bc flex_column no_margin av_one_eighth real-thumbnail post-entry slide-entry-overview slide-loop-8 slide-parity-even post-entry-last '><\/div><\/div><\/div><\/div>\n\n<style type=\"text\/css\" data-created_by=\"avia_inline_auto\" id=\"style-css-av-av_heading-39a910c993167f8fa6a5e936dbbeb538\">\n#top .av-special-heading.av-av_heading-39a910c993167f8fa6a5e936dbbeb538{\npadding-bottom:10px;\n}\nbody .av-special-heading.av-av_heading-39a910c993167f8fa6a5e936dbbeb538 .av-special-heading-tag .heading-char{\nfont-size:25px;\n}\n.av-special-heading.av-av_heading-39a910c993167f8fa6a5e936dbbeb538 .av-subheading{\nfont-size:15px;\n}\n<\/style>\n<div  class='av-special-heading av-av_heading-39a910c993167f8fa6a5e936dbbeb538 av-special-heading-h4  avia-builder-el-2  el_after_av_partner  el_before_av_one_half '><h4 class='av-special-heading-tag '  itemprop=\"headline\"  >SONY VPL-VW570ES &#8211; \u0160pi\u010dkov\u00fd True 4K projektor s podporou HDR <\/h4><div class=\"special-heading-border\"><div class=\"special-heading-inner-border\"><\/div><\/div><\/div>\n<div  class='flex_column av-av_one_half-2a9015ff38129c418a3f2eafba3e9512 av_one_half  avia-builder-el-3  el_after_av_heading  el_before_av_one_half  first flex_column_div  '     ><section  class='av_textblock_section av-av_textblock-2de302bf1aa3cf4c9157dbe6f50ac7eb '   itemscope=\"itemscope\" itemtype=\"https:\/\/schema.org\/CreativeWork\" ><div class='avia_textblock'  itemprop=\"text\" ><p>SONY neust\u00e1le roz\u0161i\u0159uje\u00a0\u0159adu projektor\u016f na b\u00e1zi technologie True 4K SXRD s nekompromisn\u00ed technologickou inovac\u00ed TRILUMINOS\u2122 pro dom\u00e1c\u00ed kina.<\/p>\n<p>U\u017eijte si v dom\u00e1c\u00edch podm\u00ednk\u00e1ch projekci s rozli\u0161en\u00edm 4K jako v kin\u011b \u2013 \u010dty\u0159ikr\u00e1t lep\u0161\u00ed ne\u017e Full HD s dynamick\u00fdm kontrastn\u00edm pom\u011brem 350.000 : 1, sv\u011bteln\u00fdm tokem 1.800 lumen\u016f a HDR.<\/p>\n<p>Tento projektor nab\u00edz\u00ed p\u0159edev\u0161\u00edm pln\u00e9 4K rozli\u0161en\u00ed, tedy 4.096 \u00d7 2.160 obrazov\u00fdch bod\u016f, zn\u00e1m\u00e9 doposud pouze z oblasti velk\u00fdch digit\u00e1ln\u00edch kin. V pln\u00e9m rozli\u0161en\u00ed umo\u017e\u0148uje jak projekci 2D tak i 3D s vyu\u017eit\u00edm aktivn\u00edch br\u00fdl\u00ed.<\/p>\n<p>Projektor vyu\u017e\u00edv\u00e1 technologii SXRD s novou generac\u00ed zobrazova\u010de 4K, kter\u00fd excelentn\u011b zvl\u00e1d\u00e1 hlubok\u00e9 odst\u00edny \u010dern\u00e9. Jako zdroj se d\u00e1 pou\u017e\u00edt nejen HD video, ale i video s SD rozli\u0161en\u00edm, nebo\u0165 projektor je vybaven funkc\u00ed \u00a0sofistikovan\u00e9ho p\u0159epo\u010dtu\u00a0t\u011bchto form\u00e1t\u016f na rozli\u0161en\u00ed 4K, \u010d\u00edm\u017e dok\u00e1\u017ee dramaticky zv\u00fd\u0161it kvalitu dvojrozm\u011brn\u00e9ho i trojrozm\u011brn\u00e9ho obsahu.<\/p>\n<p>Projektor VPL-VW570ES je vybaven technologi\u00ed 4K Motionflow a HDMI vstupy s podporou pln\u00e9 \u0161\u00ed\u0159ky p\u00e1sma 18 Gb\/s.<\/p>\n<p>Projektor podporuje standard HDR (High Dynamic Range), kter\u00fd p\u0159edstavuje novou dimenzi v zachov\u00e1n\u00ed p\u016fvodn\u00edho dynamick\u00e9ho rozsahu\u00a0sc\u00e9ny.<\/p>\n<p>Dod\u00e1v\u00e1 se v \u010dern\u00e9 a b\u00edl\u00e9 barv\u011b.<\/p>\n<\/div><\/section><\/div>\n\n<style type=\"text\/css\" data-created_by=\"avia_inline_auto\" id=\"style-css-av-av_one_half-9c1d454dc06f7247226bc4e8f931daae\">\n.flex_column.av-av_one_half-9c1d454dc06f7247226bc4e8f931daae{\nborder-radius:0px 0px 0px 0px;\npadding:0px 0px 0px 0px;\n}\n<\/style>\n<div  class='flex_column av-av_one_half-9c1d454dc06f7247226bc4e8f931daae av_one_half  avia-builder-el-5  el_after_av_one_half  el_before_av_one_half  flex_column_div av-zero-column-padding  '     ><\/div>\n<div  class='flex_column av-av_one_half-2a9015ff38129c418a3f2eafba3e9512 av_one_half  avia-builder-el-7  el_after_av_one_half  el_before_av_one_half  first flex_column_div  column-top-margin'     ><p>\n<style type=\"text\/css\" data-created_by=\"avia_inline_auto\" id=\"style-css-av-av_heading-cecaa479e249c42fe569d05edadeb6dc\">\n#top .av-special-heading.av-av_heading-cecaa479e249c42fe569d05edadeb6dc{\npadding-bottom:10px;\n}\nbody .av-special-heading.av-av_heading-cecaa479e249c42fe569d05edadeb6dc .av-special-heading-tag .heading-char{\nfont-size:25px;\n}\n.av-special-heading.av-av_heading-cecaa479e249c42fe569d05edadeb6dc .av-subheading{\nfont-size:15px;\n}\n<\/style>\n<div  class='av-special-heading av-av_heading-cecaa479e249c42fe569d05edadeb6dc av-special-heading-h3  avia-builder-el-8  el_before_av_textblock  avia-builder-el-first '><h3 class='av-special-heading-tag '  itemprop=\"headline\"  >Rozhran\u00ed<\/h3><div class=\"special-heading-border\"><div class=\"special-heading-inner-border\"><\/div><\/div><\/div><br \/>\n<section  class='av_textblock_section av-av_textblock-0366cc7376be6c9e82a3e9cc8987b64f '   itemscope=\"itemscope\" itemtype=\"https:\/\/schema.org\/CreativeWork\" ><div class='avia_textblock'  itemprop=\"text\" ><div>2x HDMI 2.0<br \/>\n1x\u00a0USB<br \/>\n1x RJ45 pro 3D, 1x RJ45 pro LAN<br \/>\n1x IR vstup<br \/>\n2x sp\u00edn\u00e1n\u00ed (12V)<br \/>\n1x RS-232C<\/div>\n<div><\/div>\n<div><\/div>\n<\/div><\/section><br \/>\n\n<style type=\"text\/css\" data-created_by=\"avia_inline_auto\" id=\"style-css-av-av_hr-4474f20d2389e2e5ecf918a02da5132e\">\n#top .hr.hr-invisible.av-av_hr-4474f20d2389e2e5ecf918a02da5132e{\nheight:50px;\n}\n<\/style>\n<div  class='hr av-av_hr-4474f20d2389e2e5ecf918a02da5132e hr-invisible  avia-builder-el-10  el_after_av_textblock  el_before_av_image '><span class='hr-inner '><span class=\"hr-inner-style\"><\/span><\/span><\/div><br \/>\n\n<style type=\"text\/css\" data-created_by=\"avia_inline_auto\" id=\"style-css-av-av_image-a2f87cb72a39621418d93e59e65e1943\">\n.avia-image-container.av-av_image-a2f87cb72a39621418d93e59e65e1943 img.avia_image{\nbox-shadow:none;\n}\n.avia-image-container.av-av_image-a2f87cb72a39621418d93e59e65e1943 .av-image-caption-overlay-center{\ncolor:#ffffff;\n}\n<\/style>\n<div  class='avia-image-container av-av_image-a2f87cb72a39621418d93e59e65e1943 av-styling- avia-align-center  avia-builder-el-11  el_after_av_hr  avia-builder-el-last '   itemprop=\"image\" itemscope=\"itemscope\" itemtype=\"https:\/\/schema.org\/ImageObject\" ><div class=\"avia-image-container-inner\"><div class=\"avia-image-overlay-wrap\"><img decoding=\"async\" fetchpriority=\"high\" class='wp-image- avia-img-lazy-loading-not- avia_image ' src=\"https:\/\/www.altei.cz\/wp-content\/uploads\/2018\/10\/VPL-VW270ES-panel.jpg\" alt='' title=''   itemprop=\"thumbnailUrl\"  \/><\/div><\/div><\/div><\/p><\/div>\n\n<style type=\"text\/css\" data-created_by=\"avia_inline_auto\" id=\"style-css-av-av_one_half-9c1d454dc06f7247226bc4e8f931daae\">\n.flex_column.av-av_one_half-9c1d454dc06f7247226bc4e8f931daae{\nborder-radius:0px 0px 0px 0px;\npadding:0px 0px 0px 0px;\n}\n<\/style>\n<div  class='flex_column av-av_one_half-9c1d454dc06f7247226bc4e8f931daae av_one_half  avia-builder-el-12  el_after_av_one_half  el_before_av_partner  flex_column_div av-zero-column-padding  column-top-margin'     ><p>\n<style type=\"text\/css\" data-created_by=\"avia_inline_auto\" id=\"style-css-av-av_heading-2be673ac38cde07ca655ed766a3ad1e0\">\n#top .av-special-heading.av-av_heading-2be673ac38cde07ca655ed766a3ad1e0{\npadding-bottom:10px;\n}\nbody .av-special-heading.av-av_heading-2be673ac38cde07ca655ed766a3ad1e0 .av-special-heading-tag .heading-char{\nfont-size:25px;\n}\n.av-special-heading.av-av_heading-2be673ac38cde07ca655ed766a3ad1e0 .av-subheading{\nfont-size:15px;\n}\n<\/style>\n<div  class='av-special-heading av-av_heading-2be673ac38cde07ca655ed766a3ad1e0 av-special-heading-h3  avia-builder-el-13  el_before_av_textblock  avia-builder-el-first '><h3 class='av-special-heading-tag '  itemprop=\"headline\"  >Parametry<\/h3><div class=\"special-heading-border\"><div class=\"special-heading-inner-border\"><\/div><\/div><\/div><br \/>\n<section  class='av_textblock_section av-av_textblock-2de302bf1aa3cf4c9157dbe6f50ac7eb '   itemscope=\"itemscope\" itemtype=\"https:\/\/schema.org\/CreativeWork\" ><div class='avia_textblock'  itemprop=\"text\" ><p>\u2022 Sv\u011bteln\u00fd tok : 1.800 lm<br \/>\n\u2022 Kontrastn\u00ed pom\u011br : 350.000 : 1<br \/>\n\u2022 Zdroj sv\u011btla : vysokotlak\u00e1 v\u00fdbojka\u00a0s p\u0159\u00edkonem 280 W<br \/>\n\u2022 Automatick\u00e1 i manu\u00e1ln\u00ed kalibrace<br \/>\n\u2022 Pam\u011b\u0165 pozice obrazu<br \/>\n\u2022 Velikost obrazu : 1,52 m a\u017e 7,62 m<br \/>\n\u2022 Mo\u017enost 3D projekce (s aktivn\u00edmi br\u00fdlemi)<br \/>\n\u2022 Akustick\u00fd hluk : 26 dB<br \/>\n\u2022 Vstupy \/ v\u00fdstupy:<br \/>\n&#8211; HDMI (2 vstupy): Digit\u00e1ln\u00ed RGB\/Y Pb\/Cb Pr\/Cr<br \/>\n&#8211; VSTUP A : 15kol\u00edkov\u00fd mini D-sub (RGB)<br \/>\n&#8211; \u0158\u00edzen\u00ed : RS-232C, 9kol\u00edkov\u00fd D-sub (z\u00e1suvka)<br \/>\n&#8211; Sp\u00edn\u00e1n\u00ed\u00a0: Minikonektor, 12 V DC, max. 100 mA<br \/>\n&#8211; Vestav\u011bn\u00fd vys\u00edla\u010d IR nebo p\u0159es port RJ-45 (extern\u00ed vys\u00edla\u010d IR TMR-PJ2 nebo vys\u00edla\u010d RF)<br \/>\n\u2022 Spot\u0159eba energie : max. 460 W<br \/>\n\u2022 Vn\u011bj\u0161\u00ed rozm\u011bry : (h x v x \u0160) 496 x 205 x 464 mm<br \/>\n\u2022 Hmotnost : P\u0159ibli\u017en\u011b 14 kg<br \/>\n\u2022 D\u00e1lkov\u00e9 ovl\u00e1d\u00e1n\u00ed : RM-PJ24<\/p>\n<\/div><\/section><\/p><\/div>\n\n<style type=\"text\/css\" data-created_by=\"avia_inline_auto\" id=\"style-css-av-av_partner-7e2710c9859563aa10cb9c4d1ada5212\">\n.avia-logo-element-container.av-av_partner-7e2710c9859563aa10cb9c4d1ada5212 .av-partner-fake-img{\nbackground-size:cover;\n}\n<\/style>\n<div  class='avia-logo-element-container av-av_partner-7e2710c9859563aa10cb9c4d1ada5212 avia-logo-slider avia-content-slider avia-smallarrow-slider avia-content-slider-active noHover avia-content-slider-odd  avia-builder-el-15  el_after_av_one_half  avia-builder-el-last  av-slideshow-ui av-control-default av-nav-arrows-visible av-nav-dots-visible av-no-slider-navigation av-slideshow-manual av-loop-once av-loop-manual-endless avia-content-slider2' data-slideshow-options=\"{&quot;animation&quot;:&quot;slide&quot;,&quot;autoplay&quot;:false,&quot;loop_autoplay&quot;:&quot;once&quot;,&quot;interval&quot;:5,&quot;loop_manual&quot;:&quot;manual-endless&quot;,&quot;autoplay_stopper&quot;:false,&quot;noNavigation&quot;:false,&quot;bg_slider&quot;:false,&quot;keep_padding&quot;:&quot;&quot;,&quot;hoverpause&quot;:false,&quot;show_slide_delay&quot;:0}\"><div class='avia-smallarrow-slider-heading '><div class='new-special-heading'><h3 class='av-logo-special-heading-text '>Dal\u0161\u00ed produkty SONY<\/h3><\/div><\/div><div class=\"avia-content-slider-inner\"><div class=\"slide-entry-wrap\"><div  class='slide-entry av-av_partner_logo-5d8a77e4de674e94d492f836e7de940b flex_column no_margin av_one_fifth real-thumbnail post-entry slide-entry-overview slide-loop-1 slide-parity-odd  first'><\/div><div  class='slide-entry av-av_partner_logo-dc1990f841f16b5aa8f0fe13eed8e2ca flex_column no_margin av_one_fifth real-thumbnail post-entry slide-entry-overview slide-loop-2 slide-parity-even  '><\/div><div  class='slide-entry av-av_partner_logo-61527a8bf73f3632e077674ad8a53f1a flex_column no_margin av_one_fifth real-thumbnail post-entry slide-entry-overview slide-loop-3 slide-parity-odd  '><\/div><div  class='slide-entry av-av_partner_logo-098b685752453e9f966bb45e1c20f647 flex_column no_margin av_one_fifth real-thumbnail post-entry slide-entry-overview slide-loop-4 slide-parity-even  '><\/div><div  class='slide-entry av-av_partner_logo-b796c701bcb818f929e0a5eb973a1e68 flex_column no_margin av_one_fifth real-thumbnail post-entry slide-entry-overview slide-loop-5 slide-parity-odd post-entry-last '><\/div><\/div><\/div><\/div>\n","protected":false},"excerpt":{"rendered":"","protected":false},"author":1,"featured_media":2967,"parent":0,"menu_order":0,"comment_status":"open","ping_status":"open","template":"","meta":{"footnotes":""},"class_list":["post-27820","page","type-page","status-publish","has-post-thumbnail","hentry"],"aioseo_notices":[],"jetpack_sharing_enabled":true,"_links":{"self":[{"href":"https:\/\/www.altei.cz\/hifi\/wp-json\/wp\/v2\/pages\/27820","targetHints":{"allow":["GET"]}}],"collection":[{"href":"https:\/\/www.altei.cz\/hifi\/wp-json\/wp\/v2\/pages"}],"about":[{"href":"https:\/\/www.altei.cz\/hifi\/wp-json\/wp\/v2\/types\/page"}],"author":[{"embeddable":true,"href":"https:\/\/www.altei.cz\/hifi\/wp-json\/wp\/v2\/users\/1"}],"replies":[{"embeddable":true,"href":"https:\/\/www.altei.cz\/hifi\/wp-json\/wp\/v2\/comments?post=27820"}],"version-history":[{"count":0,"href":"https:\/\/www.altei.cz\/hifi\/wp-json\/wp\/v2\/pages\/27820\/revisions"}],"wp:featuredmedia":[{"embeddable":true,"href":"https:\/\/www.altei.cz\/hifi\/wp-json\/"}],"wp:attachment":[{"href":"https:\/\/www.altei.cz\/hifi\/wp-json\/wp\/v2\/media?parent=27820"}],"curies":[{"name":"wp","href":"https:\/\/api.w.org\/{rel}","templated":true}]}}