{"id":29642,"date":"2019-02-22T17:40:33","date_gmt":"2019-02-22T16:40:33","guid":{"rendered":"https:\/\/www.altei.cz\/ta-hifi-caruso-2\/"},"modified":"2019-02-22T17:40:33","modified_gmt":"2019-02-22T16:40:33","slug":"roon-ready-altei","status":"publish","type":"page","link":"https:\/\/www.altei.cz\/hifi\/roon-ready-altei\/","title":{"rendered":"Roon Ready"},"content":{"rendered":"\n<style type=\"text\/css\" data-created_by=\"avia_inline_auto\" id=\"style-css-av-jseqf6eb-559ac80649afbd93daaacc91099fa3c5\">\n#top .hr.hr-invisible.av-jseqf6eb-559ac80649afbd93daaacc91099fa3c5{\nheight:50px;\n}\n<\/style>\n<div  class='hr av-jseqf6eb-559ac80649afbd93daaacc91099fa3c5 hr-invisible  avia-builder-el-0  el_before_av_section  avia-builder-el-no-sibling '><span class='hr-inner '><span class=\"hr-inner-style\"><\/span><\/span><\/div>\n<\/div><\/div><\/div><!-- close content main div --><\/div><\/div><div id='av_section_1'  class='avia-section av-jsddbvlr-fb684ffd69b37184855dbdca712f6e7e main_color avia-section-default avia-no-border-styling  avia-builder-el-1  el_after_av_hr  el_before_av_productgrid  avia-bg-style-fixed container_wrap sidebar_right'  ><div class='container av-section-cont-open' ><div class='template-page content  av-content-small alpha units'><div class='post-entry post-entry-type-page post-entry-29642'><div class='entry-content-wrapper clearfix'>\n\n<style type=\"text\/css\" data-created_by=\"avia_inline_auto\" id=\"style-css-av-av_heading-d326291ea0d609300ce7e107c240d346\">\n#top .av-special-heading.av-av_heading-d326291ea0d609300ce7e107c240d346{\npadding-bottom:10px;\nfont-size:33px;\n}\nbody .av-special-heading.av-av_heading-d326291ea0d609300ce7e107c240d346 .av-special-heading-tag .heading-char{\nfont-size:25px;\n}\n#top #wrap_all .av-special-heading.av-av_heading-d326291ea0d609300ce7e107c240d346 .av-special-heading-tag{\nfont-size:33px;\n}\n.av-special-heading.av-av_heading-d326291ea0d609300ce7e107c240d346 .av-subheading{\nfont-size:15px;\n}\n\n@media only screen and (min-width: 480px) and (max-width: 767px){ \n#top #wrap_all .av-special-heading.av-av_heading-d326291ea0d609300ce7e107c240d346 .av-special-heading-tag{\nfont-size:0.8em;\n}\n}\n\n@media only screen and (max-width: 479px){ \n#top #wrap_all .av-special-heading.av-av_heading-d326291ea0d609300ce7e107c240d346 .av-special-heading-tag{\nfont-size:0.8em;\n}\n}\n<\/style>\n<div  class='av-special-heading av-av_heading-d326291ea0d609300ce7e107c240d346 av-special-heading-h3 blockquote modern-quote  avia-builder-el-2  avia-builder-el-no-sibling  av-inherit-size av-linked-heading'><h3 class='av-special-heading-tag '  itemprop=\"headline\"  >Roon Ready komponenty v na\u0161\u00ed nab\u00eddce<\/h3><div class=\"special-heading-border\"><div class=\"special-heading-inner-border\"><\/div><\/div><\/div>\n<\/div><\/div><\/div><!-- close content main div --><\/div><\/div><div id='after_section_1'  class='main_color av_default_container_wrap container_wrap sidebar_right'  ><div class='container av-section-cont-open' ><div class='template-page content  av-content-small alpha units'><div class='post-entry post-entry-type-page post-entry-29642'><div class='entry-content-wrapper clearfix'><p>No products found which match your selection.<\/p><div class=\"clear\"><\/div><\/p>\n<div  class='flex_column av-n9inonb-52dc0d4004a7a6bfcb68d96c91a7ff43 av_one_full  avia-builder-el-4  el_after_av_productgrid  avia-builder-el-last  first flex_column_div  '     ><div  class='avia-logo-element-container av-zrvb8y-0e122eb4c14ab3d239c65395108d5321 av-border-deactivate avia-logo-slider avia-content-slider avia-smallarrow-slider avia-content-slider-active noHover avia-content-slider-odd  avia-builder-el-5  avia-builder-el-no-sibling  av-slideshow-ui av-control-default av-nav-arrows-visible av-nav-dots-visible av-hide-nav-arrows av-slideshow-autoplay av-loop-endless av-loop-manual-endless avia-content-slider1' data-slideshow-options=\"{&quot;animation&quot;:&quot;slide&quot;,&quot;autoplay&quot;:true,&quot;loop_autoplay&quot;:&quot;endless&quot;,&quot;interval&quot;:5,&quot;loop_manual&quot;:&quot;manual-endless&quot;,&quot;autoplay_stopper&quot;:false,&quot;noNavigation&quot;:false,&quot;bg_slider&quot;:false,&quot;keep_padding&quot;:&quot;&quot;,&quot;hoverpause&quot;:false,&quot;show_slide_delay&quot;:0}\"><div class='avia-smallarrow-slider-heading '><div class='new-special-heading'><h3 class='av-logo-special-heading-text '>Dal\u0161\u00ed zna\u010dky<\/h3><\/div><div class='avia-slideshow-arrows avia-slideshow-controls' ><a href='#prev' class='prev-slide  avia-svg-icon avia-font-svg_entypo-fontello' data-av_svg_icon='left-open-big' data-av_iconset='svg_entypo-fontello' tabindex='-1' title=\"Previous\"><svg version=\"1.1\" xmlns=\"http:\/\/www.w3.org\/2000\/svg\" width=\"15\" height=\"32\" viewBox=\"0 0 15 32\" preserveAspectRatio=\"xMidYMid meet\" aria-labelledby='av-svg-title-1' aria-describedby='av-svg-desc-1' role=\"graphics-symbol\" aria-hidden=\"true\">\n<title id='av-svg-title-1'>Previous<\/title>\n<desc id='av-svg-desc-1'>Previous<\/desc>\n<path d=\"M14.464 27.84q0.832 0.832 0 1.536-0.832 0.832-1.536 0l-12.544-12.608q-0.768-0.768 0-1.6l12.544-12.608q0.704-0.832 1.536 0 0.832 0.704 0 1.536l-11.456 11.904z\"><\/path>\n<\/svg><span class='avia_hidden_link_text'>Previous<\/span><\/a><a href='#next' class='next-slide  avia-svg-icon avia-font-svg_entypo-fontello' data-av_svg_icon='right-open-big' data-av_iconset='svg_entypo-fontello' tabindex='-1' title=\"Next\"><svg version=\"1.1\" xmlns=\"http:\/\/www.w3.org\/2000\/svg\" width=\"15\" height=\"32\" viewBox=\"0 0 15 32\" preserveAspectRatio=\"xMidYMid meet\" aria-labelledby='av-svg-title-2' aria-describedby='av-svg-desc-2' role=\"graphics-symbol\" aria-hidden=\"true\">\n<title id='av-svg-title-2'>Next<\/title>\n<desc id='av-svg-desc-2'>Next<\/desc>\n<path d=\"M0.416 27.84l11.456-11.84-11.456-11.904q-0.832-0.832 0-1.536 0.832-0.832 1.536 0l12.544 12.608q0.768 0.832 0 1.6l-12.544 12.608q-0.704 0.832-1.536 0-0.832-0.704 0-1.536z\"><\/path>\n<\/svg><span class='avia_hidden_link_text'>Next<\/span><\/a><\/div><\/div><div class=\"avia-content-slider-inner\"><div class=\"slide-entry-wrap\"><div  class='slide-entry av-c0iyevm-a8daa9331c315d67d9490d217e5b5c1a flex_column no_margin av_one_fifth real-thumbnail post-entry slide-entry-overview slide-loop-1 slide-parity-odd  first'><\/div><div  class='slide-entry av-21hi1zm-d9f234114cd374ed4a79c2bd9172e4f2 flex_column no_margin av_one_fifth real-thumbnail post-entry slide-entry-overview slide-loop-2 slide-parity-even  '><\/div><div  class='slide-entry av-b2u004y-a245b9096e5e3061dd7955dd9363367c flex_column no_margin av_one_fifth real-thumbnail post-entry slide-entry-overview slide-loop-3 slide-parity-odd  '><\/div><div  class='slide-entry av-aybp8mq-e3fe7969b2f1ddbf31efa0fa2792b04d flex_column no_margin av_one_fifth real-thumbnail post-entry slide-entry-overview slide-loop-4 slide-parity-even  '><\/div><div  class='slide-entry av-1otg0lu-0ed0c5c92f586ed9582f94d1cf303955 flex_column no_margin av_one_fifth real-thumbnail post-entry slide-entry-overview slide-loop-5 slide-parity-odd  '><\/div><\/div><div class=\"slide-entry-wrap\"><div  class='slide-entry av-11gliya-32993685d55c3119b59d1ddd84147dfc flex_column no_margin av_one_fifth real-thumbnail post-entry slide-entry-overview slide-loop-6 slide-parity-odd  first'><\/div><div  class='slide-entry av-9reto4y-b21f69e6f5f3aff1f1ed80eb82427afc flex_column no_margin av_one_fifth real-thumbnail post-entry slide-entry-overview slide-loop-7 slide-parity-even  '><\/div><div  class='slide-entry av-9agkd2q-aaddefc2698e413f2720555311b66f6d flex_column no_margin av_one_fifth real-thumbnail post-entry slide-entry-overview slide-loop-8 slide-parity-odd  '><\/div><div  class='slide-entry av-8xa1vxu-e685fbd84d2fb242ccc60330c10386f9 flex_column no_margin av_one_fifth real-thumbnail post-entry slide-entry-overview slide-loop-9 slide-parity-even  '><\/div><div  class='slide-entry av-1boh9n6-bfa5c99859eb6a137b1a9e0f60c72035 flex_column no_margin av_one_fifth real-thumbnail post-entry slide-entry-overview slide-loop-10 slide-parity-odd  '><\/div><\/div><div class=\"slide-entry-wrap\"><div  class='slide-entry av-v2nx4i-36583de6256f2d2f504934eab1a1b53b flex_column no_margin av_one_fifth real-thumbnail post-entry slide-entry-overview slide-loop-11 slide-parity-odd  first'><\/div><div  class='slide-entry av-7xx9ewi-8348f1030eccf4a9c982fc3e21531959 flex_column no_margin av_one_fifth real-thumbnail post-entry slide-entry-overview slide-loop-12 slide-parity-even  '><\/div><div  class='slide-entry av-7om4ihe-06023466088729bc2ba401ba337b23b6 flex_column no_margin av_one_fifth real-thumbnail post-entry slide-entry-overview slide-loop-13 slide-parity-odd  '><\/div><div  class='slide-entry av-72snc36-a61126ec36b730f974048ccf8391d82b flex_column no_margin av_one_fifth real-thumbnail post-entry slide-entry-overview slide-loop-14 slide-parity-even  '><\/div><div  class='slide-entry av-6l9wpte-e56f92f943c95e48bf410cc7f8025721 flex_column no_margin av_one_fifth real-thumbnail post-entry slide-entry-overview slide-loop-15 slide-parity-odd  '><\/div><\/div><div class=\"slide-entry-wrap\"><div  class='slide-entry av-66b1a6q-a2ff7e0f82fdc6c99971365c4ad10272 flex_column no_margin av_one_fifth real-thumbnail post-entry slide-entry-overview slide-loop-16 slide-parity-odd  first'><\/div><div  class='slide-entry av-kbm0r6-db2d0352553dbaa0b7f49f92f1e7e112 flex_column no_margin av_one_fifth real-thumbnail post-entry slide-entry-overview slide-loop-17 slide-parity-even  '><\/div><div  class='slide-entry av-5i23j0y-1b5fc8d73f49ec6d710c5ee5b852ddcb flex_column no_margin av_one_fifth real-thumbnail post-entry slide-entry-overview slide-loop-18 slide-parity-odd  '><\/div><div  class='slide-entry av-gx55ma-26a4a195ab680472db9cd9f53aff59c9 flex_column no_margin av_one_fifth real-thumbnail post-entry slide-entry-overview slide-loop-19 slide-parity-even  '><\/div><div  class='slide-entry av-4hp3weq-d2865279f04818832939c4adf071e34f flex_column no_margin av_one_fifth real-thumbnail post-entry slide-entry-overview slide-loop-20 slide-parity-odd  '><\/div><\/div><div class=\"slide-entry-wrap\"><div  class='slide-entry av-3xhz7aq-768e4a1a81c55c9052b0c86d4e5e59a2 flex_column no_margin av_one_fifth real-thumbnail post-entry slide-entry-overview slide-loop-21 slide-parity-odd  first'><\/div><div  class='slide-entry av-3aczmtu-01c81c1219a00812bbc115083ab790cf flex_column no_margin av_one_fifth real-thumbnail post-entry slide-entry-overview slide-loop-22 slide-parity-even  '><\/div><div  class='slide-entry av-2syprle-97e20ab446b8af03e465c3f733aa04ef flex_column no_margin av_one_fifth real-thumbnail post-entry slide-entry-overview slide-loop-23 slide-parity-odd  '><\/div><div  class='slide-entry av-2p4trw2-d6f750ce741e4e21cea8a4a8d38cae33 flex_column no_margin av_one_fifth real-thumbnail post-entry slide-entry-overview slide-loop-24 slide-parity-even  '><\/div><div  class='slide-entry av-235c4aa-0d5ab7b6f32dfd3c5fcb574b4f4cbb26 flex_column no_margin av_one_fifth real-thumbnail post-entry slide-entry-overview slide-loop-25 slide-parity-odd  '><\/div><\/div><div class=\"slide-entry-wrap\"><div  class='slide-entry av-1p4r93m-4a0becd8de7105dfcdc89fb245f0449a flex_column no_margin av_one_fifth real-thumbnail post-entry slide-entry-overview slide-loop-26 slide-parity-odd  first'><\/div><div  class='slide-entry av-13is4xe-bbac9c948cab3462bfa3db7ac6eb3e3e flex_column no_margin av_one_fifth real-thumbnail post-entry slide-entry-overview slide-loop-27 slide-parity-even  '><\/div><div  class='slide-entry av-33erw2-0fd7c2612338872bfd72dca33a5b6aee flex_column no_margin av_one_fifth real-thumbnail post-entry slide-entry-overview slide-loop-28 slide-parity-odd post-entry-last '><\/div><\/div><\/div><div class='avia-slideshow-dots avia-slideshow-controls'><a href='#1' class='goto-slide active' >1<\/a><a href='#2' class='goto-slide ' >2<\/a><a href='#3' class='goto-slide ' >3<\/a><a href='#4' class='goto-slide ' >4<\/a><a href='#5' class='goto-slide ' >5<\/a><a href='#6' class='goto-slide ' >6<\/a><\/div><\/div><\/div>\n","protected":false},"excerpt":{"rendered":"<p>This is a Page excerpt. It will be displayed for search results<\/p>\n","protected":false},"author":1,"featured_media":0,"parent":0,"menu_order":0,"comment_status":"open","ping_status":"closed","template":"","meta":{"footnotes":""},"class_list":["post-29642","page","type-page","status-publish","hentry"],"aioseo_notices":[],"jetpack_sharing_enabled":true,"_links":{"self":[{"href":"https:\/\/www.altei.cz\/hifi\/wp-json\/wp\/v2\/pages\/29642","targetHints":{"allow":["GET"]}}],"collection":[{"href":"https:\/\/www.altei.cz\/hifi\/wp-json\/wp\/v2\/pages"}],"about":[{"href":"https:\/\/www.altei.cz\/hifi\/wp-json\/wp\/v2\/types\/page"}],"author":[{"embeddable":true,"href":"https:\/\/www.altei.cz\/hifi\/wp-json\/wp\/v2\/users\/1"}],"replies":[{"embeddable":true,"href":"https:\/\/www.altei.cz\/hifi\/wp-json\/wp\/v2\/comments?post=29642"}],"version-history":[{"count":0,"href":"https:\/\/www.altei.cz\/hifi\/wp-json\/wp\/v2\/pages\/29642\/revisions"}],"wp:attachment":[{"href":"https:\/\/www.altei.cz\/hifi\/wp-json\/wp\/v2\/media?parent=29642"}],"curies":[{"name":"wp","href":"https:\/\/api.w.org\/{rel}","templated":true}]}}