{"id":34485,"date":"2021-01-18T21:15:12","date_gmt":"2021-01-18T20:15:12","guid":{"rendered":"https:\/\/www.altei.cz\/sony-vpl-vw760es-2\/"},"modified":"2021-01-18T21:15:12","modified_gmt":"2021-01-18T20:15:12","slug":"sony-vpl-vw790es","status":"publish","type":"page","link":"https:\/\/www.altei.cz\/hifi\/sony-vpl-vw790es\/","title":{"rendered":"Sony VPL-VW790ES"},"content":{"rendered":"<div id='layer_slider_1'  class='avia-layerslider main_color avia-shadow  avia-builder-el-0  el_before_av_hr  avia-builder-el-first  container_wrap sidebar_right'  style='height: 471px;'  ><\/div><div id='after_layer_slider_1'  class='main_color av_default_container_wrap container_wrap sidebar_right'  ><div class='container av-section-cont-open' ><div class='template-page content  av-content-small alpha units'><div class='post-entry post-entry-type-page post-entry-34485'><div class='entry-content-wrapper clearfix'>\n\n<style type=\"text\/css\" data-created_by=\"avia_inline_auto\" id=\"style-css-av-dmu8p2j-1133705e531a19a74924b3027574c409\">\n#top .hr.hr-invisible.av-dmu8p2j-1133705e531a19a74924b3027574c409{\nmargin-top:-55px;\nheight:1px;\n}\n<\/style>\n<div  class='hr av-dmu8p2j-1133705e531a19a74924b3027574c409 hr-invisible  avia-builder-el-1  el_after_av_layerslider  el_before_av_partner  avia-builder-el-first '><span class='hr-inner '><span class=\"hr-inner-style\"><\/span><\/span><\/div>\n<div  class='avia-logo-element-container av-ckw7qhb-db20844bac186d5842e472ab18343391 av-border-deactivate avia-logo-slider avia-content-slider avia-smallarrow-slider avia-content-slider-active noHover avia-content-slider-even  avia-builder-el-2  el_after_av_hr  el_before_av_heading  av-slideshow-ui av-control-hidden av-nav-arrows-visible av-nav-dots-visible av-no-slider-navigation av-hide-nav-arrows av-slideshow-manual av-loop-once av-loop-manual-endless avia-content-slider1' data-slideshow-options=\"{&quot;animation&quot;:&quot;slide&quot;,&quot;autoplay&quot;:false,&quot;loop_autoplay&quot;:&quot;once&quot;,&quot;interval&quot;:5,&quot;loop_manual&quot;:&quot;manual-endless&quot;,&quot;autoplay_stopper&quot;:false,&quot;noNavigation&quot;:true,&quot;bg_slider&quot;:false,&quot;keep_padding&quot;:&quot;&quot;,&quot;hoverpause&quot;:false,&quot;show_slide_delay&quot;:0}\"><div class='avia-smallarrow-slider-heading  no-logo-slider-heading '><\/div><div class=\"avia-content-slider-inner\"><div class=\"slide-entry-wrap\"><div  class='slide-entry av-1prsw79-646a419725bbab5cfb3bec1ec11f95e1 flex_column no_margin av_one_eighth real-thumbnail post-entry slide-entry-overview slide-loop-1 slide-parity-odd  first'><\/div><div  class='slide-entry av-9a0lxr-14d1df26a7ed47139aa5082bb9b795fe flex_column no_margin av_one_eighth real-thumbnail post-entry slide-entry-overview slide-loop-2 slide-parity-even  '><\/div><div  class='slide-entry av-3astxit-919f52c4f6ca16aa911ea7fba5cdcdb9 flex_column no_margin av_one_eighth real-thumbnail post-entry slide-entry-overview slide-loop-3 slide-parity-odd  '><\/div><div  class='slide-entry av-34hmx2t-768bf9b26559f8ecbcd5b5fb0a829f66 flex_column no_margin av_one_eighth real-thumbnail post-entry slide-entry-overview slide-loop-4 slide-parity-even  '><\/div><div  class='slide-entry av-2gcv75h-2ad70fd3049392ada87e7f098feeb4df flex_column no_margin av_one_eighth real-thumbnail post-entry slide-entry-overview slide-loop-5 slide-parity-odd  '><\/div><div  class='slide-entry av-29622hh-9ef427cafbb5e5b995b05dff9297bc80 flex_column no_margin av_one_eighth real-thumbnail post-entry slide-entry-overview slide-loop-6 slide-parity-even  '><\/div><div  class='slide-entry av-1pquln9-e59d6e003aedca09a764496bd25e5111 flex_column no_margin av_one_eighth real-thumbnail post-entry slide-entry-overview slide-loop-7 slide-parity-odd  '><\/div><div  class='slide-entry av-1azlik5-cf3f79a1d845c5d4dd5d0ae8879cf230 flex_column no_margin av_one_eighth real-thumbnail post-entry slide-entry-overview slide-loop-8 slide-parity-even post-entry-last '><\/div><\/div><\/div><\/div>\n\n<style type=\"text\/css\" data-created_by=\"avia_inline_auto\" id=\"style-css-av-mzvz9x-016123ad50ae010356ab49b26edfba00\">\n#top .av-special-heading.av-mzvz9x-016123ad50ae010356ab49b26edfba00{\npadding-bottom:10px;\n}\nbody .av-special-heading.av-mzvz9x-016123ad50ae010356ab49b26edfba00 .av-special-heading-tag .heading-char{\nfont-size:25px;\n}\n.av-special-heading.av-mzvz9x-016123ad50ae010356ab49b26edfba00 .av-subheading{\nfont-size:15px;\n}\n<\/style>\n<div  class='av-special-heading av-mzvz9x-016123ad50ae010356ab49b26edfba00 av-special-heading-h4  avia-builder-el-3  el_after_av_partner  el_before_av_one_half '><h4 class='av-special-heading-tag '  itemprop=\"headline\"  >SONY VPL-VW790ES &#8211; Nekompromisn\u00ed True 4K projektor<\/h4><div class=\"special-heading-border\"><div class=\"special-heading-inner-border\"><\/div><\/div><\/div>\n<div  class='flex_column av-8osoiy3-621178a4cf8d34adda4f6b01120c93bf av_one_half  avia-builder-el-4  el_after_av_heading  el_before_av_one_half  first flex_column_div  '     ><section  class='av_textblock_section av-7yzwb8r-dde2b0bdc252f3989d6d4b3dfd7a18f1 '   itemscope=\"itemscope\" itemtype=\"https:\/\/schema.org\/CreativeWork\" ><div class='avia_textblock'  itemprop=\"text\" ><p>U\u017eijte si film a hry naplno.\u00a0 VPL-VW790ES reprezentuje nov\u00fd stupe\u0148 v technologii pro dom\u00e1c\u00ed kino. Dosahuje neoby\u010dejn\u00fdch \u00farovn\u00ed obrazov\u00e9ho v\u00fdkonu, kter\u00fd byste o\u010dek\u00e1vali od v\u011bt\u0161\u00edho a dra\u017e\u0161\u00edho projektoru. Laserov\u00fd sv\u011bteln\u00fd zdroj s dlouhou \u017eivotnost\u00ed nab\u00edz\u00ed v\u00fdstup 2,000 lumen\u016f a jeho sv\u00edtivost je \u0159\u00edzena v re\u00e1ln\u00e9m \u010dase tak, aby byl zaji\u0161t\u011bn maxim\u00e1n\u00ed dynamick\u00fd kontrast pot\u0159ebn\u00fd pro zobrazen\u00ed 4K HDR obsahu.<\/p>\n<p>Tento projektor nab\u00edz\u00ed p\u0159edev\u0161\u00edm pln\u00e9 4K rozli\u0161en\u00ed, tedy 4.096 \u00d7 2.160 obrazov\u00fdch bod\u016f, zn\u00e1m\u00e9 doposud pouze z oblasti velk\u00fdch digit\u00e1ln\u00edch kin. V pln\u00e9m rozli\u0161en\u00ed umo\u017e\u0148uje jak projekci 2D tak i 3D s vyu\u017eit\u00edm aktivn\u00edch br\u00fdl\u00ed. Projektor si porad\u00ed i s anamorfn\u00edm obrazov\u00fdm form\u00e1tem, k jeho\u017e sledov\u00e1n\u00ed si ukl\u00e1d\u00e1 r\u016fzn\u00e1 nastaven\u00ed optiky pro rozd\u00edln\u00e9 pom\u011bry stran obrazu.<\/p>\n<p>Projektor vyu\u017e\u00edv\u00e1 technologii SXRD s novou generac\u00ed zobrazova\u010de 4K, kter\u00fd excelentn\u011b zvl\u00e1d\u00e1 hlubok\u00e9 odst\u00edny \u010dern\u00e9. Jako zdroj se d\u00e1 pou\u017e\u00edt nejen 4K A HD video, ale i video s SD rozli\u0161en\u00edm, nebo\u0165 projektor je vybaven funkc\u00ed \u201cSuper Resolution 4K Upscaler\u201d, tedy p\u0159epo\u010dtem t\u011bchto form\u00e1t\u016f na rozli\u0161en\u00ed 4K, \u010d\u00edm\u017e dok\u00e1\u017ee dramaticky zv\u00fd\u0161it kvalitu dvojrozm\u011brn\u00e9ho i trojrozm\u011brn\u00e9ho obsahu.<\/p>\n<\/div><\/section><\/div>\n\n<style type=\"text\/css\" data-created_by=\"avia_inline_auto\" id=\"style-css-av-7jwsp7v-25b1414975cb71e138b18e505d417538\">\n.flex_column.av-7jwsp7v-25b1414975cb71e138b18e505d417538{\nborder-radius:0px 0px 0px 0px;\npadding:0px 0px 0px 0px;\n}\n<\/style>\n<div  class='flex_column av-7jwsp7v-25b1414975cb71e138b18e505d417538 av_one_half  avia-builder-el-6  el_after_av_one_half  el_before_av_one_half  flex_column_div av-zero-column-padding  '     ><p><br \/>\n<section  class='av_textblock_section av-6rax2zv-d29d8fc98601bd1d18b0557396e2c7c0 '   itemscope=\"itemscope\" itemtype=\"https:\/\/schema.org\/CreativeWork\" ><div class='avia_textblock'  itemprop=\"text\" ><p>Projektor VPL-VW790ES nab\u00edz\u00ed sv\u011bteln\u00fd tok 2.000 lumen\u016f, \u010d\u00edm\u017e umo\u017en\u00ed prom\u00edtat obraz na v\u011bt\u0161\u00ed plochu ne\u017e p\u0159edchoz\u00ed projektory spole\u010dnosti SONY a lze jej tak bez omezen\u00ed kvality pou\u017e\u00edt pro obraz o \u00fahlop\u0159\u00ed\u010dce a\u017e 200 palc\u016f, tedy zhruba 5 metr\u016f. V kombinaci s technologi\u00ed \u201cIris 3\u201d pak projektor dosahuje dynamick\u00e9ho kontrastu v\u011bt\u0161\u00ed ne\u017e 1.000.000 : 1.<\/p>\n<\/div><\/section><br \/>\n<div  class='avia-button-wrap av-kk5m8jyv-54a99a09e25d087df7a3cd85ed3cfe8b-wrap avia-button-center  avia-builder-el-9  el_after_av_textblock  avia-builder-el-last '><a href=''  class='avia-button av-kk5m8jyv-54a99a09e25d087df7a3cd85ed3cfe8b av-link-btn avia-icon_select-no avia-size-small avia-position-center avia-color-theme-color'   aria-label=\"do obchodu\"><span class='avia_iconbox_title' >do obchodu<\/span><\/a><\/div><\/p><\/div>\n<div  class='flex_column av-642273f-3cc01dded8a6a0a987af991190860638 av_one_half  avia-builder-el-10  el_after_av_one_half  el_before_av_one_half  first flex_column_div  column-top-margin'     ><p>\n<style type=\"text\/css\" data-created_by=\"avia_inline_auto\" id=\"style-css-av-5ut4lm3-933a2bc7dea10b3e51fcbf5478a33677\">\n#top .av-special-heading.av-5ut4lm3-933a2bc7dea10b3e51fcbf5478a33677{\npadding-bottom:10px;\n}\nbody .av-special-heading.av-5ut4lm3-933a2bc7dea10b3e51fcbf5478a33677 .av-special-heading-tag .heading-char{\nfont-size:25px;\n}\n.av-special-heading.av-5ut4lm3-933a2bc7dea10b3e51fcbf5478a33677 .av-subheading{\nfont-size:15px;\n}\n<\/style>\n<div  class='av-special-heading av-5ut4lm3-933a2bc7dea10b3e51fcbf5478a33677 av-special-heading-h3  avia-builder-el-11  el_before_av_textblock  avia-builder-el-first '><h3 class='av-special-heading-tag '  itemprop=\"headline\"  >Rozhran\u00ed<\/h3><div class=\"special-heading-border\"><div class=\"special-heading-inner-border\"><\/div><\/div><\/div><br \/>\n<section  class='av_textblock_section av-imcdsb-44e520072dd3f0bcf0a78f17c000923f '   itemscope=\"itemscope\" itemtype=\"https:\/\/schema.org\/CreativeWork\" ><div class='avia_textblock'  itemprop=\"text\" ><div>2x HDMI 18GBps<br \/>\n1x RJ45 pro LAN<br \/>\n1x IR vstup<br \/>\n2x sp\u00edn\u00e1n\u00ed (12V)<br \/>\n1x RS-232C<\/div>\n<div>1xUSB<\/div>\n<div><\/div>\n<div><\/div>\n<\/div><\/section><br \/>\n\n<style type=\"text\/css\" data-created_by=\"avia_inline_auto\" id=\"style-css-av-4ofnrfv-6c774c566ab253a2b37698d3caed711f\">\n.avia-image-container.av-4ofnrfv-6c774c566ab253a2b37698d3caed711f img.avia_image{\nbox-shadow:none;\n}\n.avia-image-container.av-4ofnrfv-6c774c566ab253a2b37698d3caed711f .av-image-caption-overlay-center{\ncolor:#ffffff;\n}\n<\/style>\n<div  class='avia-image-container av-4ofnrfv-6c774c566ab253a2b37698d3caed711f av-styling- av-img-linked avia-align-center  avia-builder-el-13  el_after_av_textblock  avia-builder-el-last '   itemprop=\"image\" itemscope=\"itemscope\" itemtype=\"https:\/\/schema.org\/ImageObject\" ><div class=\"avia-image-container-inner\"><div class=\"avia-image-overlay-wrap\"><img decoding=\"async\" fetchpriority=\"high\" class='wp-image- avia-img-lazy-loading-not- avia_image ' src=\"https:\/\/www.altei.cz\/wp-content\/uploads\/2017\/01\/vplvw760es_inputs-1030x191.png\" alt='' title=''   itemprop=\"thumbnailUrl\"  \/><\/div><\/div><\/div><\/p><\/div>\n\n<style type=\"text\/css\" data-created_by=\"avia_inline_auto\" id=\"style-css-av-4ezkyp7-d79a4ba834d8a851abb5446f314d6c53\">\n.flex_column.av-4ezkyp7-d79a4ba834d8a851abb5446f314d6c53{\nborder-radius:0px 0px 0px 0px;\npadding:0px 0px 0px 0px;\n}\n<\/style>\n<div  class='flex_column av-4ezkyp7-d79a4ba834d8a851abb5446f314d6c53 av_one_half  avia-builder-el-14  el_after_av_one_half  el_before_av_partner  flex_column_div av-zero-column-padding  column-top-margin'     ><p>\n<style type=\"text\/css\" data-created_by=\"avia_inline_auto\" id=\"style-css-av-uaia7p-f80297515f4b801cde83b0ca38e2b369\">\n#top .av-special-heading.av-uaia7p-f80297515f4b801cde83b0ca38e2b369{\npadding-bottom:10px;\n}\nbody .av-special-heading.av-uaia7p-f80297515f4b801cde83b0ca38e2b369 .av-special-heading-tag .heading-char{\nfont-size:25px;\n}\n.av-special-heading.av-uaia7p-f80297515f4b801cde83b0ca38e2b369 .av-subheading{\nfont-size:15px;\n}\n<\/style>\n<div  class='av-special-heading av-uaia7p-f80297515f4b801cde83b0ca38e2b369 av-special-heading-h3  avia-builder-el-15  el_before_av_textblock  avia-builder-el-first '><h3 class='av-special-heading-tag '  itemprop=\"headline\"  >Parametry<\/h3><div class=\"special-heading-border\"><div class=\"special-heading-inner-border\"><\/div><\/div><\/div><br \/>\n<section  class='av_textblock_section av-3bt0sa3-c28be27ea295290a97ddc20fcd15ee91 '   itemscope=\"itemscope\" itemtype=\"https:\/\/schema.org\/CreativeWork\" ><div class='avia_textblock'  itemprop=\"text\" ><ul>\n<li>Unik\u00e1tn\u00ed technologie zobrazova\u010de SXRD (Silicon Crystal Reflective Display)<\/li>\n<li>Projek\u010dn\u00ed syst\u00e9m se t\u0159emi panely HFR (High Frame Rate) SXRD<\/li>\n<li>Zobrazov\u00e1n\u00ed a\u017e 60 sn\u00edmk\u016f \/ s<\/li>\n<li>Rozm\u011br zobrazova\u010de (\u00fahlop\u0159\u00ed\u010dka) 0,74\u201c<\/li>\n<li>Nativn\u00ed rozli\u0161en\u00ed v\u00edce ne\u017e 8 milon\u016f obrazov\u00fdch bod\u016f (\u0161\u00ed\u0159ka 4.096 x v\u00fd\u0161ka 2.160 bod\u016f)<\/li>\n<li>Objektiv s motorick\u00fdm zoomem 2,1 x<\/li>\n<li>Posun optick\u00e9 osy vertik\u00e1ln\u011b (85%) a horizont\u00e1ln\u011b (80%)<\/li>\n<li>Pam\u011b\u0165 pozice obrazu<\/li>\n<li>Automatick\u00e1 i manu\u00e1ln\u00ed kalibrace<\/li>\n<li>Laserov\u00fd sv\u011bteln\u00fd zdroj<\/li>\n<li>Dynamick\u00fd kontrast \u00a0\u221e : 1<\/li>\n<li>Sv\u011bteln\u00fd tok 2.000 lm<\/li>\n<li>Kompatibilita HDR<\/li>\n<li>Kompatibilita HDR10 HLG<\/li>\n<li>3D \u2013 vestav\u011bn\u00fd RF \u00a0vys\u00edla\u010d<\/li>\n<li>Akustick\u00fd \u0161um : 24 dB<\/li>\n<li>Spot\u0159eba energie : Max. 430 W<\/li>\n<li>Rozm\u011bry (\u0161 x v x h) 560 x 223 x 496 mm<\/li>\n<li>Hmotnost 20 kg<\/li>\n<\/ul>\n<\/div><\/section><\/p><\/div>\n\n<style type=\"text\/css\" data-created_by=\"avia_inline_auto\" id=\"style-css-av-2tgox8r-531f6eedbb5ce72a95a75263de1aa128\">\n.avia-logo-element-container.av-2tgox8r-531f6eedbb5ce72a95a75263de1aa128 .av-partner-fake-img{\nbackground-size:cover;\n}\n<\/style>\n<div  class='avia-logo-element-container av-2tgox8r-531f6eedbb5ce72a95a75263de1aa128 avia-logo-slider avia-content-slider avia-smallarrow-slider avia-content-slider-active noHover avia-content-slider-odd  avia-builder-el-17  el_after_av_one_half  avia-builder-el-last  av-slideshow-ui av-control-default av-nav-arrows-visible av-nav-dots-visible av-no-slider-navigation av-slideshow-manual av-loop-once av-loop-manual-endless avia-content-slider2' data-slideshow-options=\"{&quot;animation&quot;:&quot;slide&quot;,&quot;autoplay&quot;:false,&quot;loop_autoplay&quot;:&quot;once&quot;,&quot;interval&quot;:5,&quot;loop_manual&quot;:&quot;manual-endless&quot;,&quot;autoplay_stopper&quot;:false,&quot;noNavigation&quot;:false,&quot;bg_slider&quot;:false,&quot;keep_padding&quot;:&quot;&quot;,&quot;hoverpause&quot;:false,&quot;show_slide_delay&quot;:0}\"><div class='avia-smallarrow-slider-heading '><div class='new-special-heading'><h3 class='av-logo-special-heading-text '>Dal\u0161\u00ed produkty SONY<\/h3><\/div><\/div><div class=\"avia-content-slider-inner\"><div class=\"slide-entry-wrap\"><div  class='slide-entry av-2dluiff-5a8dd6410e97acba06f15d76236e1e24 flex_column no_margin av_one_fifth real-thumbnail post-entry slide-entry-overview slide-loop-1 slide-parity-odd  first'><\/div><div  class='slide-entry av-29agdjf-12a87cd5d69aaa6547d4dc6308fecaf6 flex_column no_margin av_one_fifth real-thumbnail post-entry slide-entry-overview slide-loop-2 slide-parity-even  '><\/div><div  class='slide-entry av-1p9gfyj-8b3cf6d7c75a05c5ca04835fe9366bfb flex_column no_margin av_one_fifth real-thumbnail post-entry slide-entry-overview slide-loop-3 slide-parity-odd  '><\/div><div  class='slide-entry av-178ftez-97c5c60ee67f9559413b2c2de4fa1f3b flex_column no_margin av_one_fifth real-thumbnail post-entry slide-entry-overview slide-loop-4 slide-parity-even  '><\/div><div  class='slide-entry av-v668rv-a6f7145ea42b207e528ab73dc02fe725 flex_column no_margin av_one_fifth real-thumbnail post-entry slide-entry-overview slide-loop-5 slide-parity-odd post-entry-last '><\/div><\/div><\/div><\/div>\n","protected":false},"excerpt":{"rendered":"","protected":false},"author":1,"featured_media":0,"parent":0,"menu_order":0,"comment_status":"open","ping_status":"open","template":"","meta":{"footnotes":""},"class_list":["post-34485","page","type-page","status-publish","hentry"],"aioseo_notices":[],"jetpack_sharing_enabled":true,"_links":{"self":[{"href":"https:\/\/www.altei.cz\/hifi\/wp-json\/wp\/v2\/pages\/34485","targetHints":{"allow":["GET"]}}],"collection":[{"href":"https:\/\/www.altei.cz\/hifi\/wp-json\/wp\/v2\/pages"}],"about":[{"href":"https:\/\/www.altei.cz\/hifi\/wp-json\/wp\/v2\/types\/page"}],"author":[{"embeddable":true,"href":"https:\/\/www.altei.cz\/hifi\/wp-json\/wp\/v2\/users\/1"}],"replies":[{"embeddable":true,"href":"https:\/\/www.altei.cz\/hifi\/wp-json\/wp\/v2\/comments?post=34485"}],"version-history":[{"count":0,"href":"https:\/\/www.altei.cz\/hifi\/wp-json\/wp\/v2\/pages\/34485\/revisions"}],"wp:attachment":[{"href":"https:\/\/www.altei.cz\/hifi\/wp-json\/wp\/v2\/media?parent=34485"}],"curies":[{"name":"wp","href":"https:\/\/api.w.org\/{rel}","templated":true}]}}