{"id":34490,"date":"2021-01-18T21:28:09","date_gmt":"2021-01-18T20:28:09","guid":{"rendered":"https:\/\/www.altei.cz\/sony-vpl-vw570es-2\/"},"modified":"2021-01-18T21:28:09","modified_gmt":"2021-01-18T20:28:09","slug":"sony-vpl-vw590es","status":"publish","type":"page","link":"https:\/\/www.altei.cz\/hifi\/sony-vpl-vw590es\/","title":{"rendered":"Sony VPL-VW590ES"},"content":{"rendered":"<div id='layer_slider_1'  class='avia-layerslider main_color avia-shadow  avia-builder-el-0  el_before_av_partner  avia-builder-el-first  container_wrap sidebar_right'  style='height: 471px;'  ><\/div><div id='after_layer_slider_1'  class='main_color av_default_container_wrap container_wrap sidebar_right'  ><div class='container av-section-cont-open' ><div class='template-page content  av-content-small alpha units'><div class='post-entry post-entry-type-page post-entry-34490'><div class='entry-content-wrapper clearfix'>\n<div  class='avia-logo-element-container av-ckw7qhb-db20844bac186d5842e472ab18343391 av-border-deactivate avia-logo-slider avia-content-slider avia-smallarrow-slider avia-content-slider-active noHover avia-content-slider-even  avia-builder-el-1  el_after_av_layerslider  el_before_av_heading  avia-builder-el-first  av-slideshow-ui av-control-hidden av-nav-arrows-visible av-nav-dots-visible av-no-slider-navigation av-hide-nav-arrows av-slideshow-manual av-loop-once av-loop-manual-endless avia-content-slider1' data-slideshow-options=\"{&quot;animation&quot;:&quot;slide&quot;,&quot;autoplay&quot;:false,&quot;loop_autoplay&quot;:&quot;once&quot;,&quot;interval&quot;:5,&quot;loop_manual&quot;:&quot;manual-endless&quot;,&quot;autoplay_stopper&quot;:false,&quot;noNavigation&quot;:true,&quot;bg_slider&quot;:false,&quot;keep_padding&quot;:&quot;&quot;,&quot;hoverpause&quot;:false,&quot;show_slide_delay&quot;:0}\"><div class='avia-smallarrow-slider-heading  no-logo-slider-heading '><\/div><div class=\"avia-content-slider-inner\"><div class=\"slide-entry-wrap\"><div  class='slide-entry av-1prsw79-646a419725bbab5cfb3bec1ec11f95e1 flex_column no_margin av_one_eighth real-thumbnail post-entry slide-entry-overview slide-loop-1 slide-parity-odd  first'><\/div><div  class='slide-entry av-9a0lxr-14d1df26a7ed47139aa5082bb9b795fe flex_column no_margin av_one_eighth real-thumbnail post-entry slide-entry-overview slide-loop-2 slide-parity-even  '><\/div><div  class='slide-entry av-3fzu6my-7e192addbc42240e0d8bb5e0edac8f35 flex_column no_margin av_one_eighth real-thumbnail post-entry slide-entry-overview slide-loop-3 slide-parity-odd  '><\/div><div  class='slide-entry av-34dtqt6-12a0198e759d6e5a165079ef610823c7 flex_column no_margin av_one_eighth real-thumbnail post-entry slide-entry-overview slide-loop-4 slide-parity-even  '><\/div><div  class='slide-entry av-2oy5vx6-34cba5ca36b594e3e965aa46b97a4172 flex_column no_margin av_one_eighth real-thumbnail post-entry slide-entry-overview slide-loop-5 slide-parity-odd  '><\/div><div  class='slide-entry av-21qhv8a-9c905e73746472335a883c676491fe73 flex_column no_margin av_one_eighth real-thumbnail post-entry slide-entry-overview slide-loop-6 slide-parity-even  '><\/div><div  class='slide-entry av-1fz1kai-2de33481557698405bab7244a5c62c74 flex_column no_margin av_one_eighth real-thumbnail post-entry slide-entry-overview slide-loop-7 slide-parity-odd  '><\/div><div  class='slide-entry av-12jjfx6-ce35468b932bf5ef874a3fa995dc2ae4 flex_column no_margin av_one_eighth real-thumbnail post-entry slide-entry-overview slide-loop-8 slide-parity-even post-entry-last '><\/div><\/div><\/div><\/div>\n\n<style type=\"text\/css\" data-created_by=\"avia_inline_auto\" id=\"style-css-av-vw51kq-11cad505077f553422b0bc994b4b2224\">\n#top .av-special-heading.av-vw51kq-11cad505077f553422b0bc994b4b2224{\npadding-bottom:10px;\n}\nbody .av-special-heading.av-vw51kq-11cad505077f553422b0bc994b4b2224 .av-special-heading-tag .heading-char{\nfont-size:25px;\n}\n.av-special-heading.av-vw51kq-11cad505077f553422b0bc994b4b2224 .av-subheading{\nfont-size:15px;\n}\n<\/style>\n<div  class='av-special-heading av-vw51kq-11cad505077f553422b0bc994b4b2224 av-special-heading-h4  avia-builder-el-2  el_after_av_partner  el_before_av_one_half '><h4 class='av-special-heading-tag '  itemprop=\"headline\"  >SONY VPL-VW590ES &#8211; \u0160pi\u010dkov\u00fd True 4K projektor s podporou HDR <\/h4><div class=\"special-heading-border\"><div class=\"special-heading-inner-border\"><\/div><\/div><\/div>\n<div  class='flex_column av-8oa88vg-e3303765e4aa438ff770556182c3ec6b av_one_half  avia-builder-el-3  el_after_av_heading  el_before_av_one_half  first flex_column_div  '     ><section  class='av_textblock_section av-7yoaimk-efdbb629895102865a655515b80abdde '   itemscope=\"itemscope\" itemtype=\"https:\/\/schema.org\/CreativeWork\" ><div class='avia_textblock'  itemprop=\"text\" ><p>SONY neust\u00e1le roz\u0161i\u0159uje\u00a0\u0159adu projektor\u016f na b\u00e1zi technologie True 4K SXRD s nekompromisn\u00ed technologickou inovac\u00ed TRILUMINOS\u2122 pro dom\u00e1c\u00ed kina.<\/p>\n<p>U\u017eijte si v dom\u00e1c\u00edch podm\u00ednk\u00e1ch projekci s rozli\u0161en\u00edm 4K jako v kin\u011b \u2013 \u010dty\u0159ikr\u00e1t lep\u0161\u00ed ne\u017e Full HD s dynamick\u00fdm kontrastn\u00edm pom\u011brem 350.000 : 1, sv\u011bteln\u00fdm tokem 1.800 lumen\u016f a HDR.<\/p>\n<p>Tento projektor nab\u00edz\u00ed p\u0159edev\u0161\u00edm pln\u00e9 4K rozli\u0161en\u00ed, tedy 4.096 \u00d7 2.160 obrazov\u00fdch bod\u016f, zn\u00e1m\u00e9 doposud pouze z oblasti velk\u00fdch digit\u00e1ln\u00edch kin. V pln\u00e9m rozli\u0161en\u00ed umo\u017e\u0148uje jak projekci 2D tak i 3D s vyu\u017eit\u00edm aktivn\u00edch br\u00fdl\u00ed.<\/p>\n<p>Projektor vyu\u017e\u00edv\u00e1 technologii SXRD s novou generac\u00ed zobrazova\u010de 4K, kter\u00fd excelentn\u011b zvl\u00e1d\u00e1 hlubok\u00e9 odst\u00edny \u010dern\u00e9. Jako zdroj se d\u00e1 pou\u017e\u00edt nejen HD video, ale i video s SD rozli\u0161en\u00edm, nebo\u0165 projektor je vybaven funkc\u00ed \u00a0sofistikovan\u00e9ho p\u0159epo\u010dtu\u00a0t\u011bchto form\u00e1t\u016f na rozli\u0161en\u00ed 4K, \u010d\u00edm\u017e dok\u00e1\u017ee dramaticky zv\u00fd\u0161it kvalitu dvojrozm\u011brn\u00e9ho i trojrozm\u011brn\u00e9ho obsahu.<\/p>\n<p>Projektor VPL-VW590ES je vybaven technologi\u00ed 4K Motionflow a HDMI vstupy s podporou pln\u00e9 \u0161\u00ed\u0159ky p\u00e1sma 18 Gb\/s.<\/p>\n<p>Projektor podporuje standard HDR\/HDR10HLG (High Dynamic Range), kter\u00fd p\u0159edstavuje novou dimenzi v zachov\u00e1n\u00ed p\u016fvodn\u00edho dynamick\u00e9ho rozsahu sc\u00e9ny.<\/p>\n<p>Dod\u00e1v\u00e1 se v \u010dern\u00e9 a b\u00edl\u00e9 barv\u011b.<\/p>\n<\/div><\/section><\/div>\n<style type=\"text\/css\" data-created_by=\"avia_inline_auto\" id=\"style-css-av-7ochbcc-c58c37d1731cc30c8bdd68babe789e01\">\n.flex_column.av-7ochbcc-c58c37d1731cc30c8bdd68babe789e01{\nborder-radius:0px 0px 0px 0px;\npadding:0px 0px 0px 0px;\n}\n<\/style>\n<div  class='flex_column av-7ochbcc-c58c37d1731cc30c8bdd68babe789e01 av_one_half  avia-builder-el-5  el_after_av_one_half  el_before_av_one_half  flex_column_div av-zero-column-padding  '     ><p><br \/>\n<div  class='avia-button-wrap av-kk5lu2e3-b537b0061975311b256c91d158e953a0-wrap avia-button-center  avia-builder-el-7  el_after_av_gallery  avia-builder-el-last '><a href=''  class='avia-button av-kk5lu2e3-b537b0061975311b256c91d158e953a0 av-link-btn avia-icon_select-no avia-size-small avia-position-center avia-color-theme-color'   aria-label=\"do obchodu\"><span class='avia_iconbox_title' >do obchodu<\/span><\/a><\/div><\/p><\/div><div  class='flex_column av-6qr7sjw-7d179c53090510600d0bc1110cc88935 av_one_half  avia-builder-el-8  el_after_av_one_half  el_before_av_one_half  first flex_column_div  column-top-margin'     ><p>\n<style type=\"text\/css\" data-created_by=\"avia_inline_auto\" id=\"style-css-av-64rff58-fc1ee1b62e8c26795858bfe464284eae\">\n#top .av-special-heading.av-64rff58-fc1ee1b62e8c26795858bfe464284eae{\npadding-bottom:10px;\n}\nbody .av-special-heading.av-64rff58-fc1ee1b62e8c26795858bfe464284eae .av-special-heading-tag .heading-char{\nfont-size:25px;\n}\n.av-special-heading.av-64rff58-fc1ee1b62e8c26795858bfe464284eae .av-subheading{\nfont-size:15px;\n}\n<\/style>\n<div  class='av-special-heading av-64rff58-fc1ee1b62e8c26795858bfe464284eae av-special-heading-h3  avia-builder-el-9  el_before_av_textblock  avia-builder-el-first '><h3 class='av-special-heading-tag '  itemprop=\"headline\"  >Rozhran\u00ed<\/h3><div class=\"special-heading-border\"><div class=\"special-heading-inner-border\"><\/div><\/div><\/div><br \/>\n<section  class='av_textblock_section av-5nhbl58-3ecc3f48eb8799ec393ee16fea60a7ce '   itemscope=\"itemscope\" itemtype=\"https:\/\/schema.org\/CreativeWork\" ><div class='avia_textblock'  itemprop=\"text\" ><div>2x HDMI 2.0<br \/>\n1x\u00a0USB<br \/>\n1x RJ45 pro 3D, 1x RJ45 pro LAN<br \/>\n1x IR vstup<br \/>\n2x sp\u00edn\u00e1n\u00ed (12V)<br \/>\n1x RS-232C<\/div>\n<div><\/div>\n<div><\/div>\n<\/div><\/section><br \/>\n\n<style type=\"text\/css\" data-created_by=\"avia_inline_auto\" id=\"style-css-av-5gt36jw-ec469f0bfda31cb8dfce5d4f0fd8b190\">\n#top .hr.hr-invisible.av-5gt36jw-ec469f0bfda31cb8dfce5d4f0fd8b190{\nheight:50px;\n}\n<\/style>\n<div  class='hr av-5gt36jw-ec469f0bfda31cb8dfce5d4f0fd8b190 hr-invisible  avia-builder-el-11  el_after_av_textblock  el_before_av_image '><span class='hr-inner '><span class=\"hr-inner-style\"><\/span><\/span><\/div><br \/>\n\n<style type=\"text\/css\" data-created_by=\"avia_inline_auto\" id=\"style-css-av-4v2cljg-b5c0dee150a4cb653a22ed8e7fc9853e\">\n.avia-image-container.av-4v2cljg-b5c0dee150a4cb653a22ed8e7fc9853e img.avia_image{\nbox-shadow:none;\n}\n.avia-image-container.av-4v2cljg-b5c0dee150a4cb653a22ed8e7fc9853e .av-image-caption-overlay-center{\ncolor:#ffffff;\n}\n<\/style>\n<div  class='avia-image-container av-4v2cljg-b5c0dee150a4cb653a22ed8e7fc9853e av-styling- avia-align-center  avia-builder-el-12  el_after_av_hr  avia-builder-el-last '   itemprop=\"image\" itemscope=\"itemscope\" itemtype=\"https:\/\/schema.org\/ImageObject\" ><div class=\"avia-image-container-inner\"><div class=\"avia-image-overlay-wrap\"><img decoding=\"async\" fetchpriority=\"high\" class='wp-image- avia-img-lazy-loading-not- avia_image ' src=\"https:\/\/www.altei.cz\/wp-content\/uploads\/2018\/10\/VPL-VW270ES-panel.jpg\" alt='' title=''   itemprop=\"thumbnailUrl\"  \/><\/div><\/div><\/div><\/p><\/div><\/p>\n\n<style type=\"text\/css\" data-created_by=\"avia_inline_auto\" id=\"style-css-av-4hzvvbg-b8bf4b1735618f1f9b5a849d5573fc07\">\n.flex_column.av-4hzvvbg-b8bf4b1735618f1f9b5a849d5573fc07{\nborder-radius:0px 0px 0px 0px;\npadding:0px 0px 0px 0px;\n}\n<\/style>\n<div  class='flex_column av-4hzvvbg-b8bf4b1735618f1f9b5a849d5573fc07 av_one_half  avia-builder-el-13  el_after_av_one_half  el_before_av_partner  flex_column_div av-zero-column-padding  column-top-margin'     ><p>\n<style type=\"text\/css\" data-created_by=\"avia_inline_auto\" id=\"style-css-av-ukt2ze-44887cfd20aaaa3d50a3717ea3b536a9\">\n#top .av-special-heading.av-ukt2ze-44887cfd20aaaa3d50a3717ea3b536a9{\npadding-bottom:10px;\n}\nbody .av-special-heading.av-ukt2ze-44887cfd20aaaa3d50a3717ea3b536a9 .av-special-heading-tag .heading-char{\nfont-size:25px;\n}\n.av-special-heading.av-ukt2ze-44887cfd20aaaa3d50a3717ea3b536a9 .av-subheading{\nfont-size:15px;\n}\n<\/style>\n<div  class='av-special-heading av-ukt2ze-44887cfd20aaaa3d50a3717ea3b536a9 av-special-heading-h3  avia-builder-el-14  el_before_av_textblock  avia-builder-el-first '><h3 class='av-special-heading-tag '  itemprop=\"headline\"  >Parametry<\/h3><div class=\"special-heading-border\"><div class=\"special-heading-inner-border\"><\/div><\/div><\/div><br \/>\n<section  class='av_textblock_section av-3mx6dn0-be0fb363b68a056b893111a5261d76a1 '   itemscope=\"itemscope\" itemtype=\"https:\/\/schema.org\/CreativeWork\" ><div class='avia_textblock'  itemprop=\"text\" ><p>\u2022 Sv\u011bteln\u00fd tok : 1.800 lm<br \/>\n\u2022 Kontrastn\u00ed pom\u011br : 350.000 : 1<br \/>\n\u2022 Zdroj sv\u011btla : vysokotlak\u00e1 v\u00fdbojka\u00a0s p\u0159\u00edkonem 280 W<br \/>\n\u2022 Automatick\u00e1 i manu\u00e1ln\u00ed kalibrace<br \/>\n\u2022 Pam\u011b\u0165 pozice obrazu<\/p>\n<p>\u2022 Obrazov\u00fd procesor X1<\/p>\n<p>\u2022 Velikost obrazu : 1,52 m a\u017e 7,62 m<br \/>\n\u2022 Mo\u017enost 3D projekce (s aktivn\u00edmi br\u00fdlemi)<br \/>\n\u2022 Akustick\u00fd hluk : 26 dB<br \/>\n\u2022 Vstupy \/ v\u00fdstupy:<br \/>\n&#8211; HDMI (2 vstupy): Digit\u00e1ln\u00ed RGB\/Y Pb\/Cb Pr\/Cr<br \/>\n&#8211; VSTUP A : 15kol\u00edkov\u00fd mini D-sub (RGB)<br \/>\n&#8211; \u0158\u00edzen\u00ed : RS-232C, 9kol\u00edkov\u00fd D-sub (z\u00e1suvka)<br \/>\n&#8211; Sp\u00edn\u00e1n\u00ed\u00a0: Minikonektor, 12 V DC, max. 100 mA<br \/>\n&#8211; Vestav\u011bn\u00fd vys\u00edla\u010d IR nebo p\u0159es port RJ-45 (extern\u00ed vys\u00edla\u010d IR TMR-PJ2 nebo vys\u00edla\u010d RF)<br \/>\n\u2022 Spot\u0159eba energie : max. 460 W<br \/>\n\u2022 Vn\u011bj\u0161\u00ed rozm\u011bry : (h x v x \u0160) 496 x 205 x 464 mm<br \/>\n\u2022 Hmotnost : P\u0159ibli\u017en\u011b 14 kg<br \/>\n\u2022 D\u00e1lkov\u00e9 ovl\u00e1d\u00e1n\u00ed : RM-PJ24<\/p>\n<\/div><\/section><\/p><\/div>\n\n<style type=\"text\/css\" data-created_by=\"avia_inline_auto\" id=\"style-css-av-axz4gc-e8673fb4616a9d2b0f638582eb07520e\">\n.avia-logo-element-container.av-axz4gc-e8673fb4616a9d2b0f638582eb07520e .av-partner-fake-img{\nbackground-size:cover;\n}\n<\/style>\n<div  class='avia-logo-element-container av-axz4gc-e8673fb4616a9d2b0f638582eb07520e avia-logo-slider avia-content-slider avia-smallarrow-slider avia-content-slider-active noHover avia-content-slider-odd  avia-builder-el-16  el_after_av_one_half  avia-builder-el-last  av-slideshow-ui av-control-default av-nav-arrows-visible av-nav-dots-visible av-no-slider-navigation av-slideshow-manual av-loop-once av-loop-manual-endless avia-content-slider2' data-slideshow-options=\"{&quot;animation&quot;:&quot;slide&quot;,&quot;autoplay&quot;:false,&quot;loop_autoplay&quot;:&quot;once&quot;,&quot;interval&quot;:5,&quot;loop_manual&quot;:&quot;manual-endless&quot;,&quot;autoplay_stopper&quot;:false,&quot;noNavigation&quot;:false,&quot;bg_slider&quot;:false,&quot;keep_padding&quot;:&quot;&quot;,&quot;hoverpause&quot;:false,&quot;show_slide_delay&quot;:0}\"><div class='avia-smallarrow-slider-heading '><div class='new-special-heading'><h3 class='av-logo-special-heading-text '>Dal\u0161\u00ed produkty SONY<\/h3><\/div><\/div><div class=\"avia-content-slider-inner\"><div class=\"slide-entry-wrap\"><div  class='slide-entry av-2dxcc30-2076477a9a4ea219c2bd10ba0d118520 flex_column no_margin av_one_fifth real-thumbnail post-entry slide-entry-overview slide-loop-1 slide-parity-odd  first'><\/div><div  class='slide-entry av-2601ezw-27f0664c66b91728b3b812149985f1a9 flex_column no_margin av_one_fifth real-thumbnail post-entry slide-entry-overview slide-loop-2 slide-parity-even  '><\/div><div  class='slide-entry av-1h0ug24-b5fa1b7eda9863b2cd718fc91505d4f9 flex_column no_margin av_one_fifth real-thumbnail post-entry slide-entry-overview slide-loop-3 slide-parity-odd  '><\/div><div  class='slide-entry av-1917xpo-3a609f282e66661eeaae574843e15d83 flex_column no_margin av_one_fifth real-thumbnail post-entry slide-entry-overview slide-loop-4 slide-parity-even  '><\/div><div  class='slide-entry av-ln4fos-a6bf2b17628bbd98e758e94bd7c268e6 flex_column no_margin av_one_fifth real-thumbnail post-entry slide-entry-overview slide-loop-5 slide-parity-odd post-entry-last '><\/div><\/div><\/div><\/div>\n","protected":false},"excerpt":{"rendered":"","protected":false},"author":1,"featured_media":0,"parent":0,"menu_order":0,"comment_status":"open","ping_status":"open","template":"","meta":{"footnotes":""},"class_list":["post-34490","page","type-page","status-publish","hentry"],"aioseo_notices":[],"jetpack_sharing_enabled":true,"_links":{"self":[{"href":"https:\/\/www.altei.cz\/hifi\/wp-json\/wp\/v2\/pages\/34490","targetHints":{"allow":["GET"]}}],"collection":[{"href":"https:\/\/www.altei.cz\/hifi\/wp-json\/wp\/v2\/pages"}],"about":[{"href":"https:\/\/www.altei.cz\/hifi\/wp-json\/wp\/v2\/types\/page"}],"author":[{"embeddable":true,"href":"https:\/\/www.altei.cz\/hifi\/wp-json\/wp\/v2\/users\/1"}],"replies":[{"embeddable":true,"href":"https:\/\/www.altei.cz\/hifi\/wp-json\/wp\/v2\/comments?post=34490"}],"version-history":[{"count":0,"href":"https:\/\/www.altei.cz\/hifi\/wp-json\/wp\/v2\/pages\/34490\/revisions"}],"wp:attachment":[{"href":"https:\/\/www.altei.cz\/hifi\/wp-json\/wp\/v2\/media?parent=34490"}],"curies":[{"name":"wp","href":"https:\/\/api.w.org\/{rel}","templated":true}]}}