{"id":3498,"date":"2014-07-29T18:43:45","date_gmt":"2014-07-29T16:43:45","guid":{"rendered":"http:\/\/www.altei.cz\/?page_id=3498"},"modified":"2014-07-29T18:43:45","modified_gmt":"2014-07-29T16:43:45","slug":"glanz","status":"publish","type":"page","link":"https:\/\/www.altei.cz\/hifi\/glanz\/","title":{"rendered":"GLANZ"},"content":{"rendered":"<div id='layer_slider_1'  class='avia-layerslider main_color avia-shadow  avia-builder-el-0  el_before_av_one_half  avia-builder-el-first  container_wrap sidebar_right'  style='height: 471px;'  ><\/div><div id='after_layer_slider_1'  class='main_color av_default_container_wrap container_wrap sidebar_right'  ><div class='container av-section-cont-open' ><div class='template-page content  av-content-small alpha units'><div class='post-entry post-entry-type-page post-entry-3498'><div class='entry-content-wrapper clearfix'>\n<div  class='flex_column av-av_one_half-2a9015ff38129c418a3f2eafba3e9512 av_one_half  avia-builder-el-1  el_after_av_layerslider  el_before_av_one_half  avia-builder-el-first  first flex_column_div  '     ><section  class='av_textblock_section av-av_textblock-0366cc7376be6c9e82a3e9cc8987b64f '   itemscope=\"itemscope\" itemtype=\"https:\/\/schema.org\/CreativeWork\" ><div class='avia_textblock'  itemprop=\"text\" ><p>Roz\u0161i\u0159ujeme na\u0161i nab\u00eddku analogov\u00fdch za\u0159\u00edzen\u00ed ze Zem\u011b Vych\u00e1zej\u00edc\u00edho Slunce.<\/p>\n<p>Japonsk\u00e1 firma GLANZ nen\u00ed v oboru High End audia \u017e\u00e1dn\u00fdm nov\u00e1\u010dkem. Spole\u010dnost byla zalo\u017eena konstrukt\u00e9rem panem Masataka Hamadou ji\u017e v roce 1953\u00a0jako sou\u010d\u00e1st spole\u010dnosti Mitachi Acoustics. \u00a0V\u00a0roce 1980\u00a0pak zalo\u017eil vlastn\u00ed spole\u010dnost Hamada Electric ve m\u011bst\u011b\u00a0\u00a0Shizuoka a zajistil si licen\u010dn\u00ed pr\u00e1va na jm\u00e9no GLANZ od rodiny Mitachi. D\u00edky jeho osob\u011b je zaji\u0161t\u011bna kontinuita konstruk\u010dn\u00edho \u0159e\u0161en\u00ed i v\u00fdrobn\u00edch postup\u016f, kter\u00e9 v p\u0159\u00edpad\u011b oceli pro ram\u00e9nko p\u0159ipom\u00ednaj\u00ed v\u00fdrobu samurajsk\u00fdch me\u010d\u016f. Jedn\u00e1 se\u00a0gramofonov\u00e1 ram\u00e9nka nejvy\u0161\u0161\u00ed kategorie\u00a0konstruovan\u00e1 a ru\u010dn\u011b vyr\u00e1b\u011bn\u00e1 prominentn\u00edm japonsk\u00fdm specialistou v oboru analogov\u00fdch sn\u00edmac\u00edch za\u0159\u00edzen\u00ed panem Hamadou p\u0159\u00edmo pod horou Fud\u017ei. Legenda znovu o\u017eila.<\/p>\n<p><i>High-Endov\u00e1 nekompromisn\u00ed kvalita, kter\u00e9 odpov\u00edd\u00e1 i cena\u00a0<\/i><\/p>\n<\/div><\/section><\/div>\n<div  class='flex_column av-av_one_half-cfff0efecf7c4eebc1d85514445d59be av_one_half  avia-builder-el-3  el_after_av_one_half  el_before_av_one_full  flex_column_div  '     ><\/div>\n<div  class='flex_column av-av_one_full-2a9015ff38129c418a3f2eafba3e9512 av_one_full  avia-builder-el-5  el_after_av_one_half  el_before_av_one_full  first flex_column_div  column-top-margin'     ><style type=\"text\/css\" data-created_by=\"avia_inline_auto\" id=\"style-css-av-av_heading-34757b685bfcfa511307c9af4ebf5397\">\n#top .av-special-heading.av-av_heading-34757b685bfcfa511307c9af4ebf5397{\npadding-bottom:0;\n}\nbody .av-special-heading.av-av_heading-34757b685bfcfa511307c9af4ebf5397 .av-special-heading-tag .heading-char{\nfont-size:25px;\n}\n.av-special-heading.av-av_heading-34757b685bfcfa511307c9af4ebf5397 .av-subheading{\nfont-size:15px;\n}\n<\/style>\n<div  class='av-special-heading av-av_heading-34757b685bfcfa511307c9af4ebf5397 av-special-heading-h3  avia-builder-el-6  avia-builder-el-no-sibling '><h3 class='av-special-heading-tag '  itemprop=\"headline\"  >Ram\u00e9nka<\/h3><div class=\"special-heading-border\"><div class=\"special-heading-inner-border\"><\/div><\/div><\/div><\/div>\n<div  class='flex_column av-av_one_full-2a9015ff38129c418a3f2eafba3e9512 av_one_full  avia-builder-el-7  el_after_av_one_full  el_before_av_one_half  first flex_column_div  column-top-margin'     ><div  class='avia-table av-av_table-29b84be4665541b028c37748a4732e57 main_color avia-pricing-table-container avia_pricing_default  avia-builder-el-8  avia-builder-el-no-sibling  avia-table-1'  itemscope=\"itemscope\" itemtype=\"https:\/\/schema.org\/Table\" ><div class=\"pricing-table-wrap\"><ul class='pricing-table '><li class='avia-heading-row'><div class='first-table-item'>Model<\/div><span class='pricing-extra'><\/span><\/li><li class=''>Type<\/li><li class=''>Effective\/Active Length<\/li><li class=''>Offset Angle<\/li><li class=''>Overhang<\/li><li class=''>Stylus Pressure Adjustable Range<\/li><li class=''>Suitable Phono Cartridge( w\/headshell)<\/li><li class=''>Height Adjustable Range<\/li><li class=''>Mounting Hole<\/li><li class=''>Mounting Depth<\/li><li class=''>Mass<\/li><li class=''>Accessories<\/li><\/ul><\/div><div class=\"pricing-table-wrap\"><ul class='pricing-table '><li class='avia-heading-row'><div class='first-table-item'>MH-104S<\/div><span class='pricing-extra'><\/span><\/li><li class=''>static balance<\/li><li class=''>245mm\/230mm<\/li><li class=''>22\u309c<\/li><li class=''>15mm<\/li><li class=''>0.25g (minimum scale) ~ 3g (1 circle)<\/li><li class=''>9~40g<\/li><li class=''>41~ 70mm<\/li><li class=''>30mm dia. (option: 24mm dia.)<\/li><li class=''>~ 30mm<\/li><li class=''>1,00 kg<\/li><li class=''>head-shell, mounting screw x 4, hex wrench x 2<\/li><\/ul><\/div><div class=\"pricing-table-wrap\"><ul class='pricing-table '><li class='avia-heading-row'><div class='first-table-item'>MH-124S<\/div><span class='pricing-extra'><\/span><\/li><li class=''>static balance<\/li><li class=''>305mm\/290mm<\/li><li class=''>20\u309c<\/li><li class=''>15mm<\/li><li class=''>0.25g (minimum scale) ~ 3g (1 circle)<\/li><li class=''>7~42g<\/li><li class=''>41~ 70mm<\/li><li class=''>30mm dia. (option: 24mm dia.)<\/li><li class=''>~ 30mm<\/li><li class=''>1,05 kg<\/li><li class=''>head-shell, mounting screw x 4, hex wrench x 2<\/li><\/ul><\/div><\/div><\/div>\n<div  class='flex_column av-av_one_half-2a9015ff38129c418a3f2eafba3e9512 av_one_half  avia-builder-el-9  el_after_av_one_full  el_before_av_one_half  first flex_column_div  column-top-margin'     ><p>\n<style type=\"text\/css\" data-created_by=\"avia_inline_auto\" id=\"style-css-av-av_heading-1d84d110db3bda5a86187dc8dc2b4062\">\n#top .av-special-heading.av-av_heading-1d84d110db3bda5a86187dc8dc2b4062{\npadding-bottom:1px;\n}\nbody .av-special-heading.av-av_heading-1d84d110db3bda5a86187dc8dc2b4062 .av-special-heading-tag .heading-char{\nfont-size:25px;\n}\n.av-special-heading.av-av_heading-1d84d110db3bda5a86187dc8dc2b4062 .av-subheading{\nfont-size:15px;\n}\n<\/style>\n<div  class='av-special-heading av-av_heading-1d84d110db3bda5a86187dc8dc2b4062 av-special-heading-h3 blockquote modern-quote modern-centered  avia-builder-el-10  el_before_av_image  avia-builder-el-first '><h3 class='av-special-heading-tag '  itemprop=\"headline\"  >MH-4S Head-shell<\/h3><div class=\"special-heading-border\"><div class=\"special-heading-inner-border\"><\/div><\/div><\/div><br \/>\n\n<style type=\"text\/css\" data-created_by=\"avia_inline_auto\" id=\"style-css-av-av_image-64a1cad8e9020bfcba71aba48dabb004\">\n.avia-image-container.av-av_image-64a1cad8e9020bfcba71aba48dabb004 img.avia_image{\nbox-shadow:none;\n}\n.avia-image-container.av-av_image-64a1cad8e9020bfcba71aba48dabb004 .av-image-caption-overlay-center{\ncolor:#ffffff;\n}\n<\/style>\n<div  class='avia-image-container av-av_image-64a1cad8e9020bfcba71aba48dabb004 av-styling- avia-align-center  avia-builder-el-11  el_after_av_heading  avia-builder-el-last '   itemprop=\"image\" itemscope=\"itemscope\" itemtype=\"https:\/\/schema.org\/ImageObject\" ><div class=\"avia-image-container-inner\"><div class=\"avia-image-overlay-wrap\"><img decoding=\"async\" fetchpriority=\"high\" class='wp-image- avia-img-lazy-loading-not- avia_image ' src=\"http:\/\/www.altei.cz\/wp-content\/uploads\/2014\/07\/system1.jpg\" alt='' title=''   itemprop=\"thumbnailUrl\"  \/><\/div><\/div><\/div><\/p><\/div>\n<div  class='flex_column av-av_one_half-cfff0efecf7c4eebc1d85514445d59be av_one_half  avia-builder-el-12  el_after_av_one_half  el_before_av_one_half  flex_column_div  column-top-margin'     ><div  class='avia-table av-av_table-29b84be4665541b028c37748a4732e57 main_color avia-pricing-table-container avia_pricing_default  avia-builder-el-13  avia-builder-el-no-sibling  avia-table-2'  itemscope=\"itemscope\" itemtype=\"https:\/\/schema.org\/Table\" ><div class=\"pricing-table-wrap\"><ul class='pricing-table '><li class='avia-heading-row'><div class='first-table-item'>Specifikace<\/div><span class='pricing-extra'><\/span><\/li><li class=''>Material: Integral shell and plug of machined stainless steel<\/li><li class=''>Leadwire: Stranded OFC<\/li><li class=''>Mass:12g (including leadwires and screws)<\/li><li class=''>Mounting Screws: stainless steel 2.6mm dia. X 16mm x 2 pcs.\/stainless steel 2.6mm dia. X 12mm x 2 pcs.,\/stainless steel nut 2.6mm dia. X 2 pcs.<\/li><\/ul><\/div><\/div><\/div><div  class='flex_column av-av_one_half-2a9015ff38129c418a3f2eafba3e9512 av_one_half  avia-builder-el-14  el_after_av_one_half  el_before_av_one_half  first flex_column_div  column-top-margin'     ><p>\n<style type=\"text\/css\" data-created_by=\"avia_inline_auto\" id=\"style-css-av-av_heading-998a62ff9c3fb20a87fea8c59c68921d\">\n#top .av-special-heading.av-av_heading-998a62ff9c3fb20a87fea8c59c68921d{\npadding-bottom:1px;\n}\nbody .av-special-heading.av-av_heading-998a62ff9c3fb20a87fea8c59c68921d .av-special-heading-tag .heading-char{\nfont-size:25px;\n}\n.av-special-heading.av-av_heading-998a62ff9c3fb20a87fea8c59c68921d .av-subheading{\nfont-size:15px;\n}\n<\/style>\n<div  class='av-special-heading av-av_heading-998a62ff9c3fb20a87fea8c59c68921d av-special-heading-h3 blockquote modern-quote modern-centered  avia-builder-el-15  el_before_av_image  avia-builder-el-first '><h3 class='av-special-heading-tag '  itemprop=\"headline\"  >MH-B244S 24mm dia. Base<\/h3><div class=\"special-heading-border\"><div class=\"special-heading-inner-border\"><\/div><\/div><\/div><br \/>\n\n<style type=\"text\/css\" data-created_by=\"avia_inline_auto\" id=\"style-css-av-av_image-b075a2caa735d90580a1923e63b3afa4\">\n.avia-image-container.av-av_image-b075a2caa735d90580a1923e63b3afa4 img.avia_image{\nbox-shadow:none;\n}\n.avia-image-container.av-av_image-b075a2caa735d90580a1923e63b3afa4 .av-image-caption-overlay-center{\ncolor:#ffffff;\n}\n<\/style>\n<div  class='avia-image-container av-av_image-b075a2caa735d90580a1923e63b3afa4 av-styling- avia-align-center  avia-builder-el-16  el_after_av_heading  avia-builder-el-last '   itemprop=\"image\" itemscope=\"itemscope\" itemtype=\"https:\/\/schema.org\/ImageObject\" ><div class=\"avia-image-container-inner\"><div class=\"avia-image-overlay-wrap\"><img decoding=\"async\" fetchpriority=\"high\" class='wp-image- avia-img-lazy-loading-not- avia_image ' src=\"http:\/\/www.altei.cz\/wp-content\/uploads\/2014\/07\/system2.jpg\" alt='' title=''   itemprop=\"thumbnailUrl\"  \/><\/div><\/div><\/div><\/p><\/div><\/p>\n<div  class='flex_column av-av_one_half-cfff0efecf7c4eebc1d85514445d59be av_one_half  avia-builder-el-17  el_after_av_one_half  el_before_av_partner  flex_column_div  column-top-margin'     ><div  class='avia-table av-av_table-29b84be4665541b028c37748a4732e57 main_color avia-pricing-table-container avia_pricing_default  avia-builder-el-18  avia-builder-el-no-sibling  avia-table-3'  itemscope=\"itemscope\" itemtype=\"https:\/\/schema.org\/Table\" ><div class=\"pricing-table-wrap\"><ul class='pricing-table '><li class='avia-heading-row'><div class='first-table-item'>Specifikace<\/div><span class='pricing-extra'><\/span><\/li><li class=''>Material: Machined stainless steel<\/li><li class=''>Mass: 340g<\/li><\/ul><\/div><\/div><\/div><div  class='avia-logo-element-container av-av_partner-8932645fe54eb8624c7a845f91208bc7 av-border-deactivate avia-logo-slider avia-content-slider avia-smallarrow-slider avia-content-slider-active noHover avia-content-slider-odd  avia-builder-el-19  el_after_av_one_half  avia-builder-el-last  av-slideshow-ui av-control-default av-nav-arrows-visible av-nav-dots-visible av-hide-nav-arrows av-slideshow-autoplay av-loop-endless av-loop-manual-endless avia-content-slider1' data-slideshow-options=\"{&quot;animation&quot;:&quot;slide&quot;,&quot;autoplay&quot;:true,&quot;loop_autoplay&quot;:&quot;endless&quot;,&quot;interval&quot;:5,&quot;loop_manual&quot;:&quot;manual-endless&quot;,&quot;autoplay_stopper&quot;:false,&quot;noNavigation&quot;:false,&quot;bg_slider&quot;:false,&quot;keep_padding&quot;:&quot;&quot;,&quot;hoverpause&quot;:false,&quot;show_slide_delay&quot;:0}\"><div class='avia-smallarrow-slider-heading  no-logo-slider-heading '><div class='new-special-heading'>&nbsp;<\/div><div class='avia-slideshow-arrows avia-slideshow-controls' ><a href='#prev' class='prev-slide  avia-svg-icon avia-font-svg_entypo-fontello' data-av_svg_icon='left-open-big' data-av_iconset='svg_entypo-fontello' tabindex='-1' title=\"Previous\"><svg version=\"1.1\" xmlns=\"http:\/\/www.w3.org\/2000\/svg\" width=\"15\" height=\"32\" viewBox=\"0 0 15 32\" preserveAspectRatio=\"xMidYMid meet\" aria-labelledby='av-svg-title-1' aria-describedby='av-svg-desc-1' role=\"graphics-symbol\" aria-hidden=\"true\">\n<title id='av-svg-title-1'>Previous<\/title>\n<desc id='av-svg-desc-1'>Previous<\/desc>\n<path d=\"M14.464 27.84q0.832 0.832 0 1.536-0.832 0.832-1.536 0l-12.544-12.608q-0.768-0.768 0-1.6l12.544-12.608q0.704-0.832 1.536 0 0.832 0.704 0 1.536l-11.456 11.904z\"><\/path>\n<\/svg><span class='avia_hidden_link_text'>Previous<\/span><\/a><a href='#next' class='next-slide  avia-svg-icon avia-font-svg_entypo-fontello' data-av_svg_icon='right-open-big' data-av_iconset='svg_entypo-fontello' tabindex='-1' title=\"Next\"><svg version=\"1.1\" xmlns=\"http:\/\/www.w3.org\/2000\/svg\" width=\"15\" height=\"32\" viewBox=\"0 0 15 32\" preserveAspectRatio=\"xMidYMid meet\" aria-labelledby='av-svg-title-2' aria-describedby='av-svg-desc-2' role=\"graphics-symbol\" aria-hidden=\"true\">\n<title id='av-svg-title-2'>Next<\/title>\n<desc id='av-svg-desc-2'>Next<\/desc>\n<path d=\"M0.416 27.84l11.456-11.84-11.456-11.904q-0.832-0.832 0-1.536 0.832-0.832 1.536 0l12.544 12.608q0.768 0.832 0 1.6l-12.544 12.608q-0.704 0.832-1.536 0-0.832-0.704 0-1.536z\"><\/path>\n<\/svg><span class='avia_hidden_link_text'>Next<\/span><\/a><\/div><\/div><div class=\"avia-content-slider-inner\"><div class=\"slide-entry-wrap\"><div  class='slide-entry av-av_partner_logo-621224f49f4b1f9a6721869aa5d7f6d3 flex_column no_margin av_one_fifth real-thumbnail post-entry slide-entry-overview slide-loop-1 slide-parity-odd  first'><\/div><div  class='slide-entry av-av_partner_logo-ba8baf1b5c444e8a6c30115682b4281c flex_column no_margin av_one_fifth real-thumbnail post-entry slide-entry-overview slide-loop-2 slide-parity-even  '><\/div><div  class='slide-entry av-av_partner_logo-3121e7327b3e817620504d10b97d885d flex_column no_margin av_one_fifth real-thumbnail post-entry slide-entry-overview slide-loop-3 slide-parity-odd  '><\/div><div  class='slide-entry av-av_partner_logo-3f9e5381abfd133c77a38e849fddccaf flex_column no_margin av_one_fifth real-thumbnail post-entry slide-entry-overview slide-loop-4 slide-parity-even  '><\/div><div  class='slide-entry av-av_partner_logo-62dca0be8ce9945b8551ae4b383bea79 flex_column no_margin av_one_fifth real-thumbnail post-entry slide-entry-overview slide-loop-5 slide-parity-odd  '><\/div><\/div><div class=\"slide-entry-wrap\"><div  class='slide-entry av-av_partner_logo-ef1197919b77542a2f31ab1660ffbc6b flex_column no_margin av_one_fifth real-thumbnail post-entry slide-entry-overview slide-loop-6 slide-parity-odd  first'><\/div><div  class='slide-entry av-av_partner_logo-3f840c0e7c4aa2a41cd6e70eace530ff flex_column no_margin av_one_fifth real-thumbnail post-entry slide-entry-overview slide-loop-7 slide-parity-even  '><\/div><div  class='slide-entry av-av_partner_logo-93db2171e06b1b80bef6a52c87f555d3 flex_column no_margin av_one_fifth real-thumbnail post-entry slide-entry-overview slide-loop-8 slide-parity-odd  '><\/div><div  class='slide-entry av-av_partner_logo-440214fae8a915eafa7f0b2499449064 flex_column no_margin av_one_fifth real-thumbnail post-entry slide-entry-overview slide-loop-9 slide-parity-even  '><\/div><div  class='slide-entry av-av_partner_logo-7e9c443530c18e23f55014d3b07d584d flex_column no_margin av_one_fifth real-thumbnail post-entry slide-entry-overview slide-loop-10 slide-parity-odd  '><\/div><\/div><div class=\"slide-entry-wrap\"><div  class='slide-entry av-av_partner_logo-8fc8eebe8d415334954f07aafcbc0cd4 flex_column no_margin av_one_fifth real-thumbnail post-entry slide-entry-overview slide-loop-11 slide-parity-odd  first'><\/div><div  class='slide-entry av-av_partner_logo-fdb930938f3e1dfd7851e524466aba80 flex_column no_margin av_one_fifth real-thumbnail post-entry slide-entry-overview slide-loop-12 slide-parity-even  '><\/div><div  class='slide-entry av-av_partner_logo-873c03acb26c7efbd41eea21711b247d flex_column no_margin av_one_fifth real-thumbnail post-entry slide-entry-overview slide-loop-13 slide-parity-odd  '><\/div><div  class='slide-entry av-av_partner_logo-1cbdb9383e2f3e4782ea44fffb4a2c21 flex_column no_margin av_one_fifth real-thumbnail post-entry slide-entry-overview slide-loop-14 slide-parity-even  '><\/div><div  class='slide-entry av-av_partner_logo-0b80392efcaa6f70ea19d5cdb3a54af7 flex_column no_margin av_one_fifth real-thumbnail post-entry slide-entry-overview slide-loop-15 slide-parity-odd  '><\/div><\/div><div class=\"slide-entry-wrap\"><div  class='slide-entry av-av_partner_logo-7c0b5b2d00d4284999fb4f4b2970884f flex_column no_margin av_one_fifth real-thumbnail post-entry slide-entry-overview slide-loop-16 slide-parity-odd  first'><\/div><div  class='slide-entry av-av_partner_logo-207e27cc0f6a53acb3b40fc7910b88f3 flex_column no_margin av_one_fifth real-thumbnail post-entry slide-entry-overview slide-loop-17 slide-parity-even  '><\/div><div  class='slide-entry av-av_partner_logo-4346d46bf4458356f2b098b0a3e35766 flex_column no_margin av_one_fifth real-thumbnail post-entry slide-entry-overview slide-loop-18 slide-parity-odd  '><\/div><div  class='slide-entry av-av_partner_logo-ca04e3321cee776c70ba416994eb1916 flex_column no_margin av_one_fifth real-thumbnail post-entry slide-entry-overview slide-loop-19 slide-parity-even  '><\/div><div  class='slide-entry av-av_partner_logo-bb4232830cd8beedc250a6d8c9e6ef29 flex_column no_margin av_one_fifth real-thumbnail post-entry slide-entry-overview slide-loop-20 slide-parity-odd post-entry-last '><\/div><\/div><\/div><div class='avia-slideshow-dots avia-slideshow-controls'><a href='#1' class='goto-slide active' >1<\/a><a href='#2' class='goto-slide ' >2<\/a><a href='#3' class='goto-slide ' >3<\/a><a href='#4' class='goto-slide ' >4<\/a><\/div><\/div><\/p>\n","protected":false},"excerpt":{"rendered":"<p>This is a Page excerpt. It will be displayed for search results<\/p>\n","protected":false},"author":1,"featured_media":0,"parent":0,"menu_order":0,"comment_status":"open","ping_status":"open","template":"","meta":{"footnotes":""},"class_list":["post-3498","page","type-page","status-publish","hentry"],"aioseo_notices":[],"jetpack_sharing_enabled":true,"_links":{"self":[{"href":"https:\/\/www.altei.cz\/hifi\/wp-json\/wp\/v2\/pages\/3498","targetHints":{"allow":["GET"]}}],"collection":[{"href":"https:\/\/www.altei.cz\/hifi\/wp-json\/wp\/v2\/pages"}],"about":[{"href":"https:\/\/www.altei.cz\/hifi\/wp-json\/wp\/v2\/types\/page"}],"author":[{"embeddable":true,"href":"https:\/\/www.altei.cz\/hifi\/wp-json\/wp\/v2\/users\/1"}],"replies":[{"embeddable":true,"href":"https:\/\/www.altei.cz\/hifi\/wp-json\/wp\/v2\/comments?post=3498"}],"version-history":[{"count":0,"href":"https:\/\/www.altei.cz\/hifi\/wp-json\/wp\/v2\/pages\/3498\/revisions"}],"wp:attachment":[{"href":"https:\/\/www.altei.cz\/hifi\/wp-json\/wp\/v2\/media?parent=3498"}],"curies":[{"name":"wp","href":"https:\/\/api.w.org\/{rel}","templated":true}]}}