{"id":43436,"date":"2025-07-01T16:08:41","date_gmt":"2025-07-01T14:08:41","guid":{"rendered":"https:\/\/www.altei.cz\/hifi\/?page_id=43436"},"modified":"2025-07-01T16:12:35","modified_gmt":"2025-07-01T14:12:35","slug":"reed-prenosky","status":"publish","type":"page","link":"https:\/\/www.altei.cz\/hifi\/reed-prenosky\/","title":{"rendered":"Reed P\u0159enosky"},"content":{"rendered":"<div id='layer_slider_1'  class='avia-layerslider main_color avia-shadow  avia-builder-el-0  el_before_av_submenu  avia-builder-el-first  container_wrap sidebar_right'  style='height: 471px;'  ><\/div>\n<div class='clear'><\/div><div id='sub_menu1'  class='av-submenu-container av-rlz4rt2-1d5e5668df972b5b3df6238788ca2073 main_color  avia-builder-el-1  el_after_av_layerslider  el_before_av_section  av-sticky-submenu submenu-not-first container_wrap sidebar_right' style='z-index:301' ><div class='container av-menu-mobile-disabled av-submenu-pos-center'><ul id=\"menu-reed-submenu\" class=\"av-subnav-menu\" role=\"menu\"><li role=\"menuitem\" id=\"menu-item-38363\" class=\"menu-item menu-item-type-post_type menu-item-object-page menu-item-top-level menu-item-top-level-1\"><a href=\"https:\/\/www.altei.cz\/hifi\/reed\/\" itemprop=\"url\" tabindex=\"0\"><span class=\"avia-bullet\"><\/span><span class=\"avia-menu-text\">Ramena<\/span><span class=\"avia-menu-fx\"><span class=\"avia-arrow-wrap\"><span class=\"avia-arrow\"><\/span><\/span><\/span><\/a><\/li>\n<li role=\"menuitem\" id=\"menu-item-38364\" class=\"menu-item menu-item-type-post_type menu-item-object-page menu-item-top-level menu-item-top-level-2\"><a href=\"https:\/\/www.altei.cz\/hifi\/reed-gramofony\/\" itemprop=\"url\" tabindex=\"0\"><span class=\"avia-bullet\"><\/span><span class=\"avia-menu-text\">Gramofony<\/span><span class=\"avia-menu-fx\"><span class=\"avia-arrow-wrap\"><span class=\"avia-arrow\"><\/span><\/span><\/span><\/a><\/li>\n<li role=\"menuitem\" id=\"menu-item-43439\" class=\"menu-item menu-item-type-post_type menu-item-object-page menu-item-top-level menu-item-top-level-3\"><a href=\"https:\/\/www.altei.cz\/hifi\/reed-prenosky\/\" itemprop=\"url\" tabindex=\"0\"><span class=\"avia-bullet\"><\/span><span class=\"avia-menu-text\">P\u0159enosky<\/span><span class=\"avia-menu-fx\"><span class=\"avia-arrow-wrap\"><span class=\"avia-arrow\"><\/span><\/span><\/span><\/a><\/li>\n<li role=\"menuitem\" id=\"menu-item-38365\" class=\"menu-item menu-item-type-custom menu-item-object-custom menu-item-top-level menu-item-top-level-4\"><a href=\"#reedhistory\" itemprop=\"url\" tabindex=\"0\"><span class=\"avia-bullet\"><\/span><span class=\"avia-menu-text\">Historie<\/span><span class=\"avia-menu-fx\"><span class=\"avia-arrow-wrap\"><span class=\"avia-arrow\"><\/span><\/span><\/span><\/a><\/li>\n<li role=\"menuitem\" id=\"menu-item-39713\" class=\"menu-item menu-item-type-custom menu-item-object-custom menu-item-top-level menu-item-top-level-5\"><a href=\"https:\/\/www.altei.cz\/hifi\/shop\/?pwb-brand-filter=reed\" itemprop=\"url\" tabindex=\"0\"><span class=\"avia-bullet\"><\/span><span class=\"avia-menu-text\">Reed-shop<\/span><span class=\"avia-menu-fx\"><span class=\"avia-arrow-wrap\"><span class=\"avia-arrow\"><\/span><\/span><\/span><\/a><\/li>\n<\/ul><\/div><\/div><div class='sticky_placeholder'><\/div>\n<div id='av_section_1'  class='avia-section av-qhclg9y-e48671d49b55d7f1ddbb7249216ee71e main_color avia-section-default avia-no-shadow  avia-builder-el-2  el_after_av_submenu  el_before_av_partner  avia-bg-style-scroll container_wrap sidebar_right'  ><div class='container av-section-cont-open' ><div class='template-page content  av-content-small alpha units'><div class='post-entry post-entry-type-page post-entry-43436'><div class='entry-content-wrapper clearfix'>\n<section  class='av_textblock_section av-mckllvi5-4cd388c3bbc205d792c8713858d7f524 '   itemscope=\"itemscope\" itemtype=\"https:\/\/schema.org\/CreativeWork\" ><div class='avia_textblock'  itemprop=\"text\" ><div dir=\"auto\">Spole\u010dnost Reed p\u0159edstavuje novou p\u0159enosku a phono p\u0159edzesilova\u010d, nebo chcete-li Equalizer s bateriov\u00fdm nap\u00e1jec\u00edm zdrojem. REED SF je optick\u00e1 gramofonov\u00e1 p\u0159enoska vyvinut\u00e1 spole\u010dnost\u00ed Reed ve spolupr\u00e1ci s renomovanou japonskou spole\u010dnost\u00ed DS Audio (ano tou, jej\u00ed\u017e mate\u0159sk\u00e1 firma Digital Stream Corp. stoj\u00ed za v\u00fdvojem optick\u00e9 my\u0161i a dal\u0161\u00edch pokro\u010dil\u00fdch technologi\u00ed) . REED EQ a REED PS jsou z vlastn\u00ed v\u00fdvojov\u00e9 d\u00edlny firmy.<\/div>\n<div dir=\"auto\">S t\u011bmito produkty zam\u00ed\u0159ili do nejvy\u0161\u0161\u00edch pater opto elektrick\u00e9ho sn\u00edm\u00e1n\u00ed. P\u0159enoska m\u00e1 chv\u011bjku vyrobenou ze saf\u00edru ve kter\u00e9m je zasazen hrot z p\u0159\u00edrodn\u00edho diamantu s v\u00fdbrusem MicroRidge. Bateriov\u00fd nap\u00e1jec\u00ed zdroj p\u0159edzesilova\u010de pak odd\u011bluje syst\u00e9m od ne\u017e\u00e1douc\u00edch vliv\u016f nap\u00e1jec\u00ed s\u00edt\u011b 230V.<\/div>\n<p>Na rozd\u00edl od tradi\u010dn\u00edch MC nebo MM p\u0159enosek nab\u00edz\u00ed technologie optick\u00fdch p\u0159enosek jedine\u010dn\u00e9 v\u00fdhody, kter\u00e9 povy\u0161uj\u00ed z\u00e1\u017eitek z poslechu. Jsou zcela bez magnetick\u00e9ho odporu a vyzna\u010duj\u00ed se mimo\u0159\u00e1dn\u011b n\u00edzkou\u00a0pohyblivou hmotnost\u00ed d\u00edky n\u00ed\u017e se se hrot pohybuje s pozoruhodnou hladkost\u00ed a p\u0159esnost\u00ed.<\/p>\n<\/div><\/section>\n\n<style type=\"text\/css\" data-created_by=\"avia_inline_auto\" id=\"style-css-av-jwgzpl2-6501705468ce4e46f410317d2d329eaa\">\n.flex_column.av-jwgzpl2-6501705468ce4e46f410317d2d329eaa{\nborder-radius:0px 0px 0px 0px;\npadding:0px 0px 0px 0px;\n}\n<\/style>\n<div  class='flex_column av-jwgzpl2-6501705468ce4e46f410317d2d329eaa av_one_half  avia-builder-el-4  el_after_av_textblock  el_before_av_one_half  first flex_column_div av-zero-column-padding  column-top-margin'     ><p>\n<style type=\"text\/css\" data-created_by=\"avia_inline_auto\" id=\"style-css-av-jjxipk6-7100a402de8c9cd3e68db9a3be7a6d2e\">\n#top .av-special-heading.av-jjxipk6-7100a402de8c9cd3e68db9a3be7a6d2e{\npadding-bottom:10px;\n}\nbody .av-special-heading.av-jjxipk6-7100a402de8c9cd3e68db9a3be7a6d2e .av-special-heading-tag .heading-char{\nfont-size:25px;\n}\n.av-special-heading.av-jjxipk6-7100a402de8c9cd3e68db9a3be7a6d2e .av-subheading{\nfont-size:15px;\n}\n<\/style>\n<div  class='av-special-heading av-jjxipk6-7100a402de8c9cd3e68db9a3be7a6d2e av-special-heading-h3 blockquote classic-quote  avia-builder-el-5  el_before_av_image  avia-builder-el-first '><h3 class='av-special-heading-tag '  itemprop=\"headline\"  >Reed SF<\/h3><div class=\"special-heading-border\"><div class=\"special-heading-inner-border\"><\/div><\/div><\/div><br \/>\n\n<style type=\"text\/css\" data-created_by=\"avia_inline_auto\" id=\"style-css-av-j2qe1l2-696aa4a59a485730b91412dddca9845a\">\n.avia-image-container.av-j2qe1l2-696aa4a59a485730b91412dddca9845a img.avia_image{\nbox-shadow:none;\n}\n.avia-image-container.av-j2qe1l2-696aa4a59a485730b91412dddca9845a .av-image-caption-overlay-center{\ncolor:#ffffff;\n}\n<\/style>\n<div  class='avia-image-container av-j2qe1l2-696aa4a59a485730b91412dddca9845a av-styling- av-img-linked avia-align-center  avia-builder-el-6  el_after_av_heading  el_before_av_textblock '   itemprop=\"image\" itemscope=\"itemscope\" itemtype=\"https:\/\/schema.org\/ImageObject\" ><div class=\"avia-image-container-inner\"><div class=\"avia-image-overlay-wrap\"><a href=\"https:\/\/www.altei.cz\/hifi\/produkt\/reed-sf\/\" class='avia_image '  aria-label='REED-SF-SHOP'><img decoding=\"async\" fetchpriority=\"high\" class='wp-image-43268 avia-img-lazy-loading-not-43268 avia_image ' src=\"https:\/\/www.altei.cz\/hifi\/wp-content\/uploads\/2025\/05\/REED-SF-SHOP-495x400.jpg\" alt='' title='REED-SF-SHOP'  height=\"400\" width=\"495\"  itemprop=\"thumbnailUrl\" srcset=\"https:\/\/www.altei.cz\/hifi\/wp-content\/uploads\/2025\/05\/REED-SF-SHOP-495x400.jpg 495w, https:\/\/www.altei.cz\/hifi\/wp-content\/uploads\/2025\/05\/REED-SF-SHOP-845x684.jpg 845w\" sizes=\"(max-width: 495px) 100vw, 495px\" \/><\/a><\/div><\/div><\/div><br \/>\n<section  class='av_textblock_section av-iruij7q-398e7827b2efdbb642b15d86e0d85122 '   itemscope=\"itemscope\" itemtype=\"https:\/\/schema.org\/CreativeWork\" ><div class='avia_textblock'  itemprop=\"text\" ><p>Chv\u011bjka p\u0159enosky je ze saf\u00edrov\u00e9 ty\u010dinky do kter\u00e9 je laserem vyp\u00e1len otvor do kter\u00e9ho je zasazen hrot z p\u0159\u00edrodn\u00edho diamantu vybrou\u0161en\u00fd do tvaru MicroRidge (MicroLine).<\/p>\n<p>P\u0159enoska je kompatibiln\u00ed s p\u0159edzesilova\u010dem <a title=\"REED EQ B\" href=\"https:\/\/www.altei.cz\/hifi\/produkt\/reed-eq\/\">REED EQ<\/a> a s dal\u0161\u00edmi.<\/p>\n<p>Reed SF a <a href=\"https:\/\/www.altei.cz\/hifi\/produkt\/reed-eq\/\" target=\"_blank\" rel=\"noopener\">Reed EQ<\/a> jsou pln\u011b kompatibiln\u00ed se v\u0161emi produkty DS Audio i s dal\u0161\u00edmi za\u0159\u00edzen\u00edmi kompatibiln\u00edmi s optick\u00fdmi p\u0159enoskami.<\/p>\n<\/div><\/section><\/p><\/div>\n<style type=\"text\/css\" data-created_by=\"avia_inline_auto\" id=\"style-css-av-24tixwm-7e3d439685c7149d37e0979df596167c\">\n.flex_column.av-24tixwm-7e3d439685c7149d37e0979df596167c{\nborder-radius:0px 0px 0px 0px;\npadding:0px 0px 0px 0px;\n}\n<\/style>\n<div  class='flex_column av-24tixwm-7e3d439685c7149d37e0979df596167c av_one_half  avia-builder-el-8  el_after_av_one_half  avia-builder-el-last  flex_column_div av-zero-column-padding  column-top-margin'     ><p>\n<style type=\"text\/css\" data-created_by=\"avia_inline_auto\" id=\"style-css-av-1h3gmme-c5a4e0244d27355547e61fc2f3f41f2a\">\n#top .av-special-heading.av-1h3gmme-c5a4e0244d27355547e61fc2f3f41f2a{\npadding-bottom:10px;\n}\nbody .av-special-heading.av-1h3gmme-c5a4e0244d27355547e61fc2f3f41f2a .av-special-heading-tag .heading-char{\nfont-size:25px;\n}\n.av-special-heading.av-1h3gmme-c5a4e0244d27355547e61fc2f3f41f2a .av-subheading{\nfont-size:15px;\n}\n<\/style>\n<div  class='av-special-heading av-1h3gmme-c5a4e0244d27355547e61fc2f3f41f2a av-special-heading-h3 blockquote classic-quote  avia-builder-el-9  el_before_av_image  avia-builder-el-first '><h3 class='av-special-heading-tag '  itemprop=\"headline\"  >Reed EQ<\/h3><div class=\"special-heading-border\"><div class=\"special-heading-inner-border\"><\/div><\/div><\/div><br \/>\n\n<style type=\"text\/css\" data-created_by=\"avia_inline_auto\" id=\"style-css-av-mckla9uf-50fce66e8c2f16f70df7289ba9b81dd9\">\n.avia-image-container.av-mckla9uf-50fce66e8c2f16f70df7289ba9b81dd9 img.avia_image{\nbox-shadow:none;\n}\n.avia-image-container.av-mckla9uf-50fce66e8c2f16f70df7289ba9b81dd9 .av-image-caption-overlay-center{\ncolor:#ffffff;\n}\n<\/style>\n<div  class='avia-image-container av-mckla9uf-50fce66e8c2f16f70df7289ba9b81dd9 av-styling- av-img-linked avia-align-center  avia-builder-el-10  el_after_av_heading  el_before_av_textblock '   itemprop=\"image\" itemscope=\"itemscope\" itemtype=\"https:\/\/schema.org\/ImageObject\" ><div class=\"avia-image-container-inner\"><div class=\"avia-image-overlay-wrap\"><a href=\"https:\/\/www.altei.cz\/hifi\/produkt\/reed-eq\/\" class='avia_image '  aria-label='REED-eq-shop'><img decoding=\"async\" fetchpriority=\"high\" class='wp-image-43273 avia-img-lazy-loading-not-43273 avia_image ' src=\"https:\/\/www.altei.cz\/hifi\/wp-content\/uploads\/2025\/05\/REED-eq-shop-495x400.jpg\" alt='' title='REED-eq-shop'  height=\"400\" width=\"495\"  itemprop=\"thumbnailUrl\" srcset=\"https:\/\/www.altei.cz\/hifi\/wp-content\/uploads\/2025\/05\/REED-eq-shop-495x400.jpg 495w, https:\/\/www.altei.cz\/hifi\/wp-content\/uploads\/2025\/05\/REED-eq-shop-845x684.jpg 845w\" sizes=\"(max-width: 495px) 100vw, 495px\" \/><\/a><\/div><\/div><\/div><br \/>\n<section  class='av_textblock_section av-jkr9qe-f174f93e686538d7124c5f936214ba28 '   itemscope=\"itemscope\" itemtype=\"https:\/\/schema.org\/CreativeWork\" ><div class='avia_textblock'  itemprop=\"text\" ><p>REED EQ p\u0159edzesilova\u010d pro optickou gramofonovou p\u0159enosku <a title=\"REED SF\" href=\"https:\/\/www.altei.cz\/hifi\/produkt\/reed-sf\/\" target=\"_blank\" rel=\"noopener\">REED SF<\/a> vyvinutou ve spolupr\u00e1ci s renomovanou japonskou spole\u010dnost\u00ed DS Audio. Sou\u010d\u00e1st\u00ed dod\u00e1vky je bateriov\u00fd nap\u00e1jec\u00ed zdroj REED PS.<\/p>\n<p>P\u0159edzesilova\u010d pro optickou gramofonovou p\u0159enosku Reed EQ je navr\u017een pro spolupr\u00e1ci s optickou p\u0159enoskou Reed SF a podobn\u00fdmi sn\u00edma\u010di tak zajistil optim\u00e1ln\u00ed v\u00fdkon. Technici <a href=\"https:\/\/www.reed.lt\/product\/reed-eq\" target=\"_blank\" rel=\"noopener\">Reed<\/a> vytvo\u0159ili ekvaliz\u00e9r, kter\u00fd odr\u00e1\u017e\u00ed hlubok\u00e9 znalosti princip\u016f a technik konstrukce \u0161pi\u010dkov\u00fdch zvukov\u00fdch za\u0159\u00edzen\u00ed. V\u00fdsledkem je zvukov\u00fd z\u00e1\u017eitek, kter\u00fd p\u0159in\u00e1\u0161\u00ed bezkonkuren\u010dn\u00ed kvalitu, \u010distotu a pohlt\u00ed v\u00e1s na prvn\u00ed poslech. Nab\u00edz\u00ed jedine\u010dn\u00e9 v\u00fdhody, kter\u00e9 m\u016f\u017ee poskytnout pouze optick\u00e1 p\u0159enoska.<\/p>\n<\/div><\/section><\/p><\/div><\/div><\/div><\/div><!-- close content main div --><\/div><\/div><div id='after_section_1'  class='main_color av_default_container_wrap container_wrap sidebar_right'  ><div class='container av-section-cont-open' ><div class='template-page content  av-content-small alpha units'><div class='post-entry post-entry-type-page post-entry-43436'><div class='entry-content-wrapper clearfix'><div  class='avia-logo-element-container av-adwy3c6-d481c59bb533811cee83bb0735ad64f0 av-border-deactivate avia-logo-slider avia-content-slider avia-smallarrow-slider avia-content-slider-active noHover avia-content-slider-odd  avia-builder-el-12  el_after_av_section  avia-builder-el-no-sibling  av-slideshow-ui av-control-default av-nav-arrows-visible av-nav-dots-visible av-hide-nav-arrows av-slideshow-autoplay av-loop-endless av-loop-manual-endless avia-content-slider1' data-slideshow-options=\"{&quot;animation&quot;:&quot;slide&quot;,&quot;autoplay&quot;:true,&quot;loop_autoplay&quot;:&quot;endless&quot;,&quot;interval&quot;:5,&quot;loop_manual&quot;:&quot;manual-endless&quot;,&quot;autoplay_stopper&quot;:false,&quot;noNavigation&quot;:false,&quot;bg_slider&quot;:false,&quot;keep_padding&quot;:&quot;&quot;,&quot;hoverpause&quot;:false,&quot;show_slide_delay&quot;:0}\"><div class='avia-smallarrow-slider-heading  no-logo-slider-heading '><div class='new-special-heading'>&nbsp;<\/div><div class='avia-slideshow-arrows avia-slideshow-controls' ><a href='#prev' class='prev-slide  avia-svg-icon avia-font-svg_entypo-fontello' data-av_svg_icon='left-open-big' data-av_iconset='svg_entypo-fontello' tabindex='-1' title=\"Previous\"><svg version=\"1.1\" xmlns=\"http:\/\/www.w3.org\/2000\/svg\" width=\"15\" height=\"32\" viewBox=\"0 0 15 32\" preserveAspectRatio=\"xMidYMid meet\" aria-labelledby='av-svg-title-1' aria-describedby='av-svg-desc-1' role=\"graphics-symbol\" aria-hidden=\"true\">\n<title id='av-svg-title-1'>Previous<\/title>\n<desc id='av-svg-desc-1'>Previous<\/desc>\n<path d=\"M14.464 27.84q0.832 0.832 0 1.536-0.832 0.832-1.536 0l-12.544-12.608q-0.768-0.768 0-1.6l12.544-12.608q0.704-0.832 1.536 0 0.832 0.704 0 1.536l-11.456 11.904z\"><\/path>\n<\/svg><span class='avia_hidden_link_text'>Previous<\/span><\/a><a href='#next' class='next-slide  avia-svg-icon avia-font-svg_entypo-fontello' data-av_svg_icon='right-open-big' data-av_iconset='svg_entypo-fontello' tabindex='-1' title=\"Next\"><svg version=\"1.1\" xmlns=\"http:\/\/www.w3.org\/2000\/svg\" width=\"15\" height=\"32\" viewBox=\"0 0 15 32\" preserveAspectRatio=\"xMidYMid meet\" aria-labelledby='av-svg-title-2' aria-describedby='av-svg-desc-2' role=\"graphics-symbol\" aria-hidden=\"true\">\n<title id='av-svg-title-2'>Next<\/title>\n<desc id='av-svg-desc-2'>Next<\/desc>\n<path d=\"M0.416 27.84l11.456-11.84-11.456-11.904q-0.832-0.832 0-1.536 0.832-0.832 1.536 0l12.544 12.608q0.768 0.832 0 1.6l-12.544 12.608q-0.704 0.832-1.536 0-0.832-0.704 0-1.536z\"><\/path>\n<\/svg><span class='avia_hidden_link_text'>Next<\/span><\/a><\/div><\/div><div class=\"avia-content-slider-inner\"><div class=\"slide-entry-wrap\"><div  class='slide-entry av-9yyb8cm-ad1f9a9ad70988f01cf1641b91cd975c flex_column no_margin av_one_fifth real-thumbnail post-entry slide-entry-overview slide-loop-1 slide-parity-odd  first'><\/div><div  class='slide-entry av-9fxxgh2-3bc86e9f889d7534b28694641e47c567 flex_column no_margin av_one_fifth real-thumbnail post-entry slide-entry-overview slide-loop-2 slide-parity-even  '><\/div><div  class='slide-entry av-37kphi-dc8bd1f0561b7f08601b4886e3ab9bef flex_column no_margin av_one_fifth real-thumbnail post-entry slide-entry-overview slide-loop-3 slide-parity-odd  '><\/div><div  class='slide-entry av-8iyc43q-96bce4c1094e34889b038d413a474256 flex_column no_margin av_one_fifth real-thumbnail post-entry slide-entry-overview slide-loop-4 slide-parity-even  '><\/div><div  class='slide-entry av-86sdnie-e846d51fcffd7d2b6c18742d3c0464db flex_column no_margin av_one_fifth real-thumbnail post-entry slide-entry-overview slide-loop-5 slide-parity-odd  '><\/div><\/div><div class=\"slide-entry-wrap\"><div  class='slide-entry av-7ihjb7q-1937e8213188edfff4d6d144389c3ea1 flex_column no_margin av_one_fifth real-thumbnail post-entry slide-entry-overview slide-loop-6 slide-parity-odd  first'><\/div><div  class='slide-entry av-70y9ehy-e174b380345e2eeb4c364b95e53455ec flex_column no_margin av_one_fifth real-thumbnail post-entry slide-entry-overview slide-loop-7 slide-parity-even  '><\/div><div  class='slide-entry av-6ox8u86-6df5dbe0a3c6c9de2bbc3f73de3c08a6 flex_column no_margin av_one_fifth real-thumbnail post-entry slide-entry-overview slide-loop-8 slide-parity-odd  '><\/div><div  class='slide-entry av-6dv8kbq-842b2bc987e80922a0a908083ebc638b flex_column no_margin av_one_fifth real-thumbnail post-entry slide-entry-overview slide-loop-9 slide-parity-even  '><\/div><div  class='slide-entry av-5t6fajq-f580ecea44925dd6d244a44f70c0e735 flex_column no_margin av_one_fifth real-thumbnail post-entry slide-entry-overview slide-loop-10 slide-parity-odd  '><\/div><\/div><div class=\"slide-entry-wrap\"><div  class='slide-entry av-5f1wyrq-08f45431a825f275591ec40a650045d0 flex_column no_margin av_one_fifth real-thumbnail post-entry slide-entry-overview slide-loop-11 slide-parity-odd  first'><\/div><div  class='slide-entry av-508ipwm-93b0e974f4bb64cbc2a98b6d00299ad7 flex_column no_margin av_one_fifth real-thumbnail post-entry slide-entry-overview slide-loop-12 slide-parity-even  '><\/div><div  class='slide-entry av-4beoneu-17ff6bcb56db90773f0b18cf9f26e016 flex_column no_margin av_one_fifth real-thumbnail post-entry slide-entry-overview slide-loop-13 slide-parity-odd  '><\/div><div  class='slide-entry av-3pzhvja-23b636b1a904c6d4b16e985aa2da118a flex_column no_margin av_one_fifth real-thumbnail post-entry slide-entry-overview slide-loop-14 slide-parity-even  '><\/div><div  class='slide-entry av-3ncpo12-2b36f0367721a71f8315688b7aff9701 flex_column no_margin av_one_fifth real-thumbnail post-entry slide-entry-overview slide-loop-15 slide-parity-odd  '><\/div><\/div><div class=\"slide-entry-wrap\"><div  class='slide-entry av-2vjy5ae-0e98752ba8b8c32c982796ab74556cbe flex_column no_margin av_one_fifth real-thumbnail post-entry slide-entry-overview slide-loop-16 slide-parity-odd  first'><\/div><div  class='slide-entry av-2hgg98m-453fc7a9f2fa99dcc9c41c45d674b1ac flex_column no_margin av_one_fifth real-thumbnail post-entry slide-entry-overview slide-loop-17 slide-parity-even  '><\/div><div  class='slide-entry av-1ytpb46-11a15e0ac2eba546eb7717dc7e58fcad flex_column no_margin av_one_fifth real-thumbnail post-entry slide-entry-overview slide-loop-18 slide-parity-odd  '><\/div><div  class='slide-entry av-1ijwx0m-59606c3b55835c7d20888380f3d695b1 flex_column no_margin av_one_fifth real-thumbnail post-entry slide-entry-overview slide-loop-19 slide-parity-even  '><\/div><div  class='slide-entry av-122sw6e-754def23b39eee7f18000de5b654d57b flex_column no_margin av_one_fifth real-thumbnail post-entry slide-entry-overview slide-loop-20 slide-parity-odd  '><\/div><\/div><div class=\"slide-entry-wrap\"><div  class='slide-entry av-re0fwm-c154013711c7e43dbcba5edba7a06c59 flex_column no_margin av_one_fifth real-thumbnail post-entry slide-entry-overview slide-loop-21 slide-parity-odd post-entry-last first'><\/div><\/div><\/div><div class='avia-slideshow-dots avia-slideshow-controls'><a href='#1' class='goto-slide active' >1<\/a><a href='#2' class='goto-slide ' >2<\/a><a href='#3' class='goto-slide ' >3<\/a><a href='#4' class='goto-slide ' >4<\/a><a href='#5' class='goto-slide ' >5<\/a><\/div><\/div><\/p>\n","protected":false},"excerpt":{"rendered":"<p>This is a Page excerpt. It will be displayed for search results<\/p>\n","protected":false},"author":1,"featured_media":0,"parent":0,"menu_order":0,"comment_status":"open","ping_status":"open","template":"","meta":{"footnotes":""},"class_list":["post-43436","page","type-page","status-publish","hentry"],"aioseo_notices":[],"jetpack_sharing_enabled":true,"_links":{"self":[{"href":"https:\/\/www.altei.cz\/hifi\/wp-json\/wp\/v2\/pages\/43436","targetHints":{"allow":["GET"]}}],"collection":[{"href":"https:\/\/www.altei.cz\/hifi\/wp-json\/wp\/v2\/pages"}],"about":[{"href":"https:\/\/www.altei.cz\/hifi\/wp-json\/wp\/v2\/types\/page"}],"author":[{"embeddable":true,"href":"https:\/\/www.altei.cz\/hifi\/wp-json\/wp\/v2\/users\/1"}],"replies":[{"embeddable":true,"href":"https:\/\/www.altei.cz\/hifi\/wp-json\/wp\/v2\/comments?post=43436"}],"version-history":[{"count":2,"href":"https:\/\/www.altei.cz\/hifi\/wp-json\/wp\/v2\/pages\/43436\/revisions"}],"predecessor-version":[{"id":43440,"href":"https:\/\/www.altei.cz\/hifi\/wp-json\/wp\/v2\/pages\/43436\/revisions\/43440"}],"wp:attachment":[{"href":"https:\/\/www.altei.cz\/hifi\/wp-json\/wp\/v2\/media?parent=43436"}],"curies":[{"name":"wp","href":"https:\/\/api.w.org\/{rel}","templated":true}]}}