{"id":4991,"date":"2014-12-18T18:11:28","date_gmt":"2014-12-18T17:11:28","guid":{"rendered":"http:\/\/www.altei.cz\/home-v2-3-col-images-contact-2\/blue-2\/"},"modified":"2014-12-18T18:11:28","modified_gmt":"2014-12-18T17:11:28","slug":"bricasti","status":"publish","type":"page","link":"https:\/\/www.altei.cz\/hifi\/hifi-high-end-av\/bricasti\/","title":{"rendered":"Bricasti Design"},"content":{"rendered":"<div id='layer_slider_1'  class='avia-layerslider main_color avia-shadow  avia-builder-el-0  el_before_av_heading  avia-builder-el-first  container_wrap sidebar_right'  style='height: 471px;'  ><\/div><div id='after_layer_slider_1'  class='main_color av_default_container_wrap container_wrap sidebar_right'  ><div class='container av-section-cont-open' ><div class='template-page content  av-content-small alpha units'><div class='post-entry post-entry-type-page post-entry-4991'><div class='entry-content-wrapper clearfix'>\n\n<style type=\"text\/css\" data-created_by=\"avia_inline_auto\" id=\"style-css-av-av_heading-9e5198305744ac6cc6b3dede6561212c\">\n#top .av-special-heading.av-av_heading-9e5198305744ac6cc6b3dede6561212c{\npadding-bottom:10px;\n}\nbody .av-special-heading.av-av_heading-9e5198305744ac6cc6b3dede6561212c .av-special-heading-tag .heading-char{\nfont-size:25px;\n}\n.av-special-heading.av-av_heading-9e5198305744ac6cc6b3dede6561212c .av-subheading{\nfont-size:15px;\n}\n<\/style>\n<div  class='av-special-heading av-av_heading-9e5198305744ac6cc6b3dede6561212c av-special-heading-h3  avia-builder-el-1  el_after_av_layerslider  avia-builder-el-no-sibling '><h3 class='av-special-heading-tag '  itemprop=\"headline\"  >High End pro n\u00e1ro\u010dn\u00e9<\/h3><div class=\"special-heading-border\"><div class=\"special-heading-inner-border\"><\/div><\/div><\/div>\n<div  class='flex_column av-av_one_full-2a9015ff38129c418a3f2eafba3e9512 av_one_full first flex_column_div  '     ><\/div>\n<div  class='flex_column av-av_one_half-2a9015ff38129c418a3f2eafba3e9512 av_one_half first flex_column_div  '     ><p><section  class='av_textblock_section av-av_textblock-0366cc7376be6c9e82a3e9cc8987b64f '   itemscope=\"itemscope\" itemtype=\"https:\/\/schema.org\/CreativeWork\" ><div class='avia_textblock'  itemprop=\"text\" ><p>Bricasti Design nen\u00ed ve sv\u011bt\u011b profesion\u00e1ln\u00edho audia \u017e\u00e1dn\u00fdm nov\u00e1\u010dkem. President spole\u010dnosti Bian Zolner a v\u00fdvoj\u00e1\u0159 Casey Dowdell\u00a0byli dlouh\u00e1 l\u00e9ta \u010dleny t\u00fdmu Lexicon, dal\u0161\u00ed spolupracovn\u00edci potom pracovali ve v\u00fdvoji Mark Levinson\u2026 V\u00fdvojov\u00fd t\u00fdm\u00a0americk\u00e9 firmy\u00a0Bricasti \u00a0navazuje na svoje p\u0159edchoz\u00ed \u00fasp\u011bchy ve v\u00fdvoji digit\u00e1ln\u00edch i analogov\u00fdch za\u0159\u00edzen\u00ed jako nap\u0159. efektov\u00fdch procesor\u016f a zesilova\u010d\u016f. a uv\u00e9st na trh p\u0159\u00edstroj, je\u017e by byl d\u016fstojn\u00fdm n\u00e1sledn\u00edkem takov\u00fdch legend jak\u00fdmi byly Lexicon 480L a PCM91. D\u00edky sv\u00fdm zku\u0161enostem, ale tak\u00e9 d\u00edky znalosti nejnov\u011bj\u0161\u00edch technologi\u00ed se jim da\u0159\u00ed vyv\u00edjet za\u0159\u00edzen\u00ed, kter\u00e1 podle u\u017eivatelsk\u00fdch ohlas\u016f sv\u00fdm zvukem i parametry vysoko p\u0159evy\u0161uj\u00ed \u00a0v\u0161echny sv\u00e9 sou\u010dasn\u00e9 konkurenty. Ve\u0161ker\u00e1 za\u0159\u00edzen\u00ed jsou vyr\u00e1b\u011bna v USA.<\/p>\n<\/div><\/section><br \/>\n<section  class='av_textblock_section av-av_textblock-0366cc7376be6c9e82a3e9cc8987b64f '   itemscope=\"itemscope\" itemtype=\"https:\/\/schema.org\/CreativeWork\" ><div class='avia_textblock'  itemprop=\"text\" ><p><strong><a href=\"http:\/\/www.stereophile.com\/content\/fifth-element-67\">Recenze na Bricasti Design M1 ze Stereophile nazvan\u00e1 &#8222;P\u00e1t\u00fd element&#8220;<\/a><\/strong><\/p>\n<\/div><\/section><\/p><\/div>\n<div  class='flex_column av-av_one_half-cfff0efecf7c4eebc1d85514445d59be av_one_half  avia-builder-el-3  el_after_av_textblock  avia-builder-el-last  flex_column_div  '     ><\/div>\n<div  class='flex_column av-av_one_full-2a9015ff38129c418a3f2eafba3e9512 av_one_full first flex_column_div  '     ><style type=\"text\/css\" data-created_by=\"avia_inline_auto\" id=\"style-css-av-av_heading-7063bc93fc08632b96a65ed71f7b2cbc\">\n#top .av-special-heading.av-av_heading-7063bc93fc08632b96a65ed71f7b2cbc{\npadding-bottom:0;\n}\nbody .av-special-heading.av-av_heading-7063bc93fc08632b96a65ed71f7b2cbc .av-special-heading-tag .heading-char{\nfont-size:25px;\n}\n.av-special-heading.av-av_heading-7063bc93fc08632b96a65ed71f7b2cbc .av-subheading{\nfont-size:15px;\n}\n<\/style>\n<div  class='av-special-heading av-av_heading-7063bc93fc08632b96a65ed71f7b2cbc av-special-heading-h3  avia-builder-el-4  el_before_av_one_full  avia-builder-el-first '><h3 class='av-special-heading-tag '  itemprop=\"headline\"  >Dal\u0161\u00ed zna\u010dky<\/h3><div class=\"special-heading-border\"><div class=\"special-heading-inner-border\"><\/div><\/div><\/div><\/div>\n<div  class='avia-logo-element-container av-av_partner-937233f9b3c064500f892de1a4e81f20 av-border-deactivate avia-logo-slider avia-content-slider avia-smallarrow-slider avia-content-slider-active noHover avia-content-slider-odd av-slideshow-ui av-control-default av-nav-arrows-visible av-nav-dots-visible av-hide-nav-arrows av-slideshow-autoplay av-loop-endless av-loop-manual-endless avia-content-slider1' data-slideshow-options=\"{&quot;animation&quot;:&quot;slide&quot;,&quot;autoplay&quot;:true,&quot;loop_autoplay&quot;:&quot;endless&quot;,&quot;interval&quot;:10,&quot;loop_manual&quot;:&quot;manual-endless&quot;,&quot;autoplay_stopper&quot;:false,&quot;noNavigation&quot;:false,&quot;bg_slider&quot;:false,&quot;keep_padding&quot;:&quot;&quot;,&quot;hoverpause&quot;:false,&quot;show_slide_delay&quot;:0}\"><div class='avia-smallarrow-slider-heading  no-logo-slider-heading '><div class='new-special-heading'>&nbsp;<\/div><div class='avia-slideshow-arrows avia-slideshow-controls' ><a href='#prev' class='prev-slide  avia-svg-icon avia-font-svg_entypo-fontello' data-av_svg_icon='left-open-big' data-av_iconset='svg_entypo-fontello' tabindex='-1' title=\"Previous\"><svg version=\"1.1\" xmlns=\"http:\/\/www.w3.org\/2000\/svg\" width=\"15\" height=\"32\" viewBox=\"0 0 15 32\" preserveAspectRatio=\"xMidYMid meet\" aria-labelledby='av-svg-title-1' aria-describedby='av-svg-desc-1' role=\"graphics-symbol\" aria-hidden=\"true\">\n<title id='av-svg-title-1'>Previous<\/title>\n<desc id='av-svg-desc-1'>Previous<\/desc>\n<path d=\"M14.464 27.84q0.832 0.832 0 1.536-0.832 0.832-1.536 0l-12.544-12.608q-0.768-0.768 0-1.6l12.544-12.608q0.704-0.832 1.536 0 0.832 0.704 0 1.536l-11.456 11.904z\"><\/path>\n<\/svg><span class='avia_hidden_link_text'>Previous<\/span><\/a><a href='#next' class='next-slide  avia-svg-icon avia-font-svg_entypo-fontello' data-av_svg_icon='right-open-big' data-av_iconset='svg_entypo-fontello' tabindex='-1' title=\"Next\"><svg version=\"1.1\" xmlns=\"http:\/\/www.w3.org\/2000\/svg\" width=\"15\" height=\"32\" viewBox=\"0 0 15 32\" preserveAspectRatio=\"xMidYMid meet\" aria-labelledby='av-svg-title-2' aria-describedby='av-svg-desc-2' role=\"graphics-symbol\" aria-hidden=\"true\">\n<title id='av-svg-title-2'>Next<\/title>\n<desc id='av-svg-desc-2'>Next<\/desc>\n<path d=\"M0.416 27.84l11.456-11.84-11.456-11.904q-0.832-0.832 0-1.536 0.832-0.832 1.536 0l12.544 12.608q0.768 0.832 0 1.6l-12.544 12.608q-0.704 0.832-1.536 0-0.832-0.704 0-1.536z\"><\/path>\n<\/svg><span class='avia_hidden_link_text'>Next<\/span><\/a><\/div><\/div><div class=\"avia-content-slider-inner\"><div class=\"slide-entry-wrap\"><div  class='slide-entry av-av_partner_logo-5d61ab1bcc97289154a7de5596f50a05 flex_column no_margin av_one_fifth real-thumbnail post-entry slide-entry-overview slide-loop-1 slide-parity-odd  first'><\/div><div  class='slide-entry av-av_partner_logo-2d47338454fedbfc72a0bc08c758db91 flex_column no_margin av_one_fifth real-thumbnail post-entry slide-entry-overview slide-loop-2 slide-parity-even  '><\/div><div  class='slide-entry av-av_partner_logo-93db2171e06b1b80bef6a52c87f555d3 flex_column no_margin av_one_fifth real-thumbnail post-entry slide-entry-overview slide-loop-3 slide-parity-odd  '><\/div><div  class='slide-entry av-av_partner_logo-8e3cbd69c3844769685b24df5e8dd582 flex_column no_margin av_one_fifth real-thumbnail post-entry slide-entry-overview slide-loop-4 slide-parity-even  '><\/div><div  class='slide-entry av-av_partner_logo-fdb930938f3e1dfd7851e524466aba80 flex_column no_margin av_one_fifth real-thumbnail post-entry slide-entry-overview slide-loop-5 slide-parity-odd  '><\/div><\/div><div class=\"slide-entry-wrap\"><div  class='slide-entry av-av_partner_logo-a0cbb2c02281ac7d1c87b76e8e300f60 flex_column no_margin av_one_fifth real-thumbnail post-entry slide-entry-overview slide-loop-6 slide-parity-odd  first'><\/div><div  class='slide-entry av-av_partner_logo-207e27cc0f6a53acb3b40fc7910b88f3 flex_column no_margin av_one_fifth real-thumbnail post-entry slide-entry-overview slide-loop-7 slide-parity-even  '><\/div><div  class='slide-entry av-av_partner_logo-4346d46bf4458356f2b098b0a3e35766 flex_column no_margin av_one_fifth real-thumbnail post-entry slide-entry-overview slide-loop-8 slide-parity-odd  '><\/div><div  class='slide-entry av-av_partner_logo-46bf0dee635b548246f63328a924cdcc flex_column no_margin av_one_fifth real-thumbnail post-entry slide-entry-overview slide-loop-9 slide-parity-even  '><\/div><div  class='slide-entry av-av_partner_logo-34fef24afc3cfcd5726355f6948e6dd3 flex_column no_margin av_one_fifth real-thumbnail post-entry slide-entry-overview slide-loop-10 slide-parity-odd  '><\/div><\/div><div class=\"slide-entry-wrap\"><div  class='slide-entry av-av_partner_logo-dae39916b1d888e5219ee578e5dab78b flex_column no_margin av_one_fifth real-thumbnail post-entry slide-entry-overview slide-loop-11 slide-parity-odd  first'><\/div><div  class='slide-entry av-av_partner_logo-7c26a7fc914f8fa62d25b1aa8fdefbce flex_column no_margin av_one_fifth real-thumbnail post-entry slide-entry-overview slide-loop-12 slide-parity-even  '><\/div><div  class='slide-entry av-av_partner_logo-5dd268d15171243d76310699fcd86c31 flex_column no_margin av_one_fifth real-thumbnail post-entry slide-entry-overview slide-loop-13 slide-parity-odd  '><\/div><div  class='slide-entry av-av_partner_logo-4134beca0f054de741124157bb8461d6 flex_column no_margin av_one_fifth real-thumbnail post-entry slide-entry-overview slide-loop-14 slide-parity-even  '><\/div><div  class='slide-entry av-av_partner_logo-e9bc3f6c37bd0a31c4f1ee44a9d2d5fd flex_column no_margin av_one_fifth real-thumbnail post-entry slide-entry-overview slide-loop-15 slide-parity-odd  '><\/div><\/div><div class=\"slide-entry-wrap\"><div  class='slide-entry av-av_partner_logo-8672f7ff49539733c3de40a04e08ba51 flex_column no_margin av_one_fifth real-thumbnail post-entry slide-entry-overview slide-loop-16 slide-parity-odd  first'><\/div><div  class='slide-entry av-av_partner_logo-9c2daa7e80bb961769a092246892e1b1 flex_column no_margin av_one_fifth real-thumbnail post-entry slide-entry-overview slide-loop-17 slide-parity-even  '><\/div><div  class='slide-entry av-av_partner_logo-44ffc2b99bb5afd674f6a70db6ab6e11 flex_column no_margin av_one_fifth real-thumbnail post-entry slide-entry-overview slide-loop-18 slide-parity-odd post-entry-last '><\/div><\/div><\/div><div class='avia-slideshow-dots avia-slideshow-controls'><a href='#1' class='goto-slide active' >1<\/a><a href='#2' class='goto-slide ' >2<\/a><a href='#3' class='goto-slide ' >3<\/a><a href='#4' class='goto-slide ' >4<\/a><\/div><\/div>\n<div  class='flex_column av-av_one_full-2a9015ff38129c418a3f2eafba3e9512 av_one_full  avia-builder-el-5  el_after_av_heading  el_before_av_one_half  first flex_column_div  '     ><style type=\"text\/css\" data-created_by=\"avia_inline_auto\" id=\"style-css-av-av_heading-44b8dd205d428e6963234cc4bc5e6cc2\">\n#top .av-special-heading.av-av_heading-44b8dd205d428e6963234cc4bc5e6cc2{\npadding-bottom:0;\n}\nbody .av-special-heading.av-av_heading-44b8dd205d428e6963234cc4bc5e6cc2 .av-special-heading-tag .heading-char{\nfont-size:25px;\n}\n.av-special-heading.av-av_heading-44b8dd205d428e6963234cc4bc5e6cc2 .av-subheading{\nfont-size:15px;\n}\n<\/style>\n<div  class='av-special-heading av-av_heading-44b8dd205d428e6963234cc4bc5e6cc2 av-special-heading-h3'><h3 class='av-special-heading-tag '  itemprop=\"headline\"  >Kategorie AV produkt\u016f<\/h3><div class=\"special-heading-border\"><div class=\"special-heading-inner-border\"><\/div><\/div><\/div><\/div>\n<div  class='avia-logo-element-container av-av_partner-1459a6eb10c741a5a85eb4a35eef52e6 av-border-deactivate avia-logo-slider avia-content-slider avia-smallarrow-slider avia-content-slider-active noHover avia-content-slider-odd av-slideshow-ui av-control-default av-nav-arrows-visible av-nav-dots-visible av-no-slider-navigation av-slideshow-autoplay av-loop-endless av-loop-manual-endless avia-content-slider2' data-slideshow-options=\"{&quot;animation&quot;:&quot;slide&quot;,&quot;autoplay&quot;:true,&quot;loop_autoplay&quot;:&quot;endless&quot;,&quot;interval&quot;:15,&quot;loop_manual&quot;:&quot;manual-endless&quot;,&quot;autoplay_stopper&quot;:false,&quot;noNavigation&quot;:false,&quot;bg_slider&quot;:false,&quot;keep_padding&quot;:&quot;&quot;,&quot;hoverpause&quot;:false,&quot;show_slide_delay&quot;:0}\"><div class='avia-smallarrow-slider-heading  no-logo-slider-heading '><div class='new-special-heading'>&nbsp;<\/div><div class='avia-slideshow-arrows avia-slideshow-controls' ><a href='#prev' class='prev-slide  avia-svg-icon avia-font-svg_entypo-fontello' data-av_svg_icon='left-open-big' data-av_iconset='svg_entypo-fontello' tabindex='-1' title=\"Previous\"><svg version=\"1.1\" xmlns=\"http:\/\/www.w3.org\/2000\/svg\" width=\"15\" height=\"32\" viewBox=\"0 0 15 32\" preserveAspectRatio=\"xMidYMid meet\" aria-labelledby='av-svg-title-3' aria-describedby='av-svg-desc-3' role=\"graphics-symbol\" aria-hidden=\"true\">\n<title id='av-svg-title-3'>Previous<\/title>\n<desc id='av-svg-desc-3'>Previous<\/desc>\n<path d=\"M14.464 27.84q0.832 0.832 0 1.536-0.832 0.832-1.536 0l-12.544-12.608q-0.768-0.768 0-1.6l12.544-12.608q0.704-0.832 1.536 0 0.832 0.704 0 1.536l-11.456 11.904z\"><\/path>\n<\/svg><span class='avia_hidden_link_text'>Previous<\/span><\/a><a href='#next' class='next-slide  avia-svg-icon avia-font-svg_entypo-fontello' data-av_svg_icon='right-open-big' data-av_iconset='svg_entypo-fontello' tabindex='-1' title=\"Next\"><svg version=\"1.1\" xmlns=\"http:\/\/www.w3.org\/2000\/svg\" width=\"15\" height=\"32\" viewBox=\"0 0 15 32\" preserveAspectRatio=\"xMidYMid meet\" aria-labelledby='av-svg-title-4' aria-describedby='av-svg-desc-4' role=\"graphics-symbol\" aria-hidden=\"true\">\n<title id='av-svg-title-4'>Next<\/title>\n<desc id='av-svg-desc-4'>Next<\/desc>\n<path d=\"M0.416 27.84l11.456-11.84-11.456-11.904q-0.832-0.832 0-1.536 0.832-0.832 1.536 0l12.544 12.608q0.768 0.832 0 1.6l-12.544 12.608q-0.704 0.832-1.536 0-0.832-0.704 0-1.536z\"><\/path>\n<\/svg><span class='avia_hidden_link_text'>Next<\/span><\/a><\/div><\/div><div class=\"avia-content-slider-inner\"><div class=\"slide-entry-wrap\"><div  class='slide-entry av-av_partner_logo-e8f55cbdee453b4018fe21ebda55d91e flex_column no_margin av_one_seventh real-thumbnail post-entry slide-entry-overview slide-loop-1 slide-parity-odd  first'><\/div><div  class='slide-entry av-av_partner_logo-5f7d1bc965efb06e661d8a2303dccea6 flex_column no_margin av_one_seventh real-thumbnail post-entry slide-entry-overview slide-loop-2 slide-parity-even  '><\/div><div  class='slide-entry av-av_partner_logo-c7615a0045c165cadca50a7a303310a7 flex_column no_margin av_one_seventh real-thumbnail post-entry slide-entry-overview slide-loop-3 slide-parity-odd  '><\/div><div  class='slide-entry av-av_partner_logo-83cb30dac4191c7ab9b060c4dd98c34b flex_column no_margin av_one_seventh real-thumbnail post-entry slide-entry-overview slide-loop-4 slide-parity-even  '><\/div><div  class='slide-entry av-av_partner_logo-5dcc993cdb0d6f9bddc2093feca929cc flex_column no_margin av_one_seventh real-thumbnail post-entry slide-entry-overview slide-loop-5 slide-parity-odd  '><\/div><div  class='slide-entry av-av_partner_logo-c01c815f2a0de80ff1e1706fcc366159 flex_column no_margin av_one_seventh real-thumbnail post-entry slide-entry-overview slide-loop-6 slide-parity-even  '><\/div><div  class='slide-entry av-av_partner_logo-a2e65fed8fcdd0f851c0327af40179e9 flex_column no_margin av_one_seventh real-thumbnail post-entry slide-entry-overview slide-loop-7 slide-parity-odd  '><\/div><\/div><div class=\"slide-entry-wrap\"><div  class='slide-entry av-av_partner_logo-ec3d7b03dfb9b5ea276b163df0858163 flex_column no_margin av_one_seventh real-thumbnail post-entry slide-entry-overview slide-loop-8 slide-parity-odd  first'><\/div><div  class='slide-entry av-av_partner_logo-f1d9a8220ab41af80a680c87d1636586 flex_column no_margin av_one_seventh real-thumbnail post-entry slide-entry-overview slide-loop-9 slide-parity-even  '><\/div><div  class='slide-entry av-av_partner_logo-f3279cfa47e8999707f571065ce9fc1b flex_column no_margin av_one_seventh real-thumbnail post-entry slide-entry-overview slide-loop-10 slide-parity-odd  '><\/div><div  class='slide-entry av-av_partner_logo-c235dd372b6a3edcb597462c7a04cb2b flex_column no_margin av_one_seventh real-thumbnail post-entry slide-entry-overview slide-loop-11 slide-parity-even  '><\/div><div  class='slide-entry av-av_partner_logo-059684381172302b09804e77954f70e5 flex_column no_margin av_one_seventh real-thumbnail post-entry slide-entry-overview slide-loop-12 slide-parity-odd  '><\/div><div  class='slide-entry av-av_partner_logo-fb53815d78ee33b5c0945e27ab726c33 flex_column no_margin av_one_seventh real-thumbnail post-entry slide-entry-overview slide-loop-13 slide-parity-even  '><\/div><div  class='slide-entry av-av_partner_logo-22820505c1db41fc0b7e789ae941068d flex_column no_margin av_one_seventh real-thumbnail post-entry slide-entry-overview slide-loop-14 slide-parity-odd  '><\/div><\/div><div class=\"slide-entry-wrap\"><div  class='slide-entry av-av_partner_logo-e281b7af139545ffbf3ebb4de59e518d flex_column no_margin av_one_seventh real-thumbnail post-entry slide-entry-overview slide-loop-15 slide-parity-odd  first'><\/div><div  class='slide-entry av-av_partner_logo-54014891b70fc7c3ba50c1c8e34a3d62 flex_column no_margin av_one_seventh real-thumbnail post-entry slide-entry-overview slide-loop-16 slide-parity-even  '><\/div><div  class='slide-entry av-av_partner_logo-69623ba5f9bcab33fc615cdba4979754 flex_column no_margin av_one_seventh real-thumbnail post-entry slide-entry-overview slide-loop-17 slide-parity-odd  '><\/div><div  class='slide-entry av-av_partner_logo-4b3baed336756e5749cf208d9179d5ad flex_column no_margin av_one_seventh real-thumbnail post-entry slide-entry-overview slide-loop-18 slide-parity-even  '><\/div><div  class='slide-entry av-av_partner_logo-bba0d2c772bc3174216944d318666396 flex_column no_margin av_one_seventh real-thumbnail post-entry slide-entry-overview slide-loop-19 slide-parity-odd  '><\/div><div  class='slide-entry av-av_partner_logo-1196680127e24a26e47931777d7a49e7 flex_column no_margin av_one_seventh real-thumbnail post-entry slide-entry-overview slide-loop-20 slide-parity-even  '><\/div><div  class='slide-entry av-av_partner_logo-f3446f82621ac37cfcbc1ea9175ba6b7 flex_column no_margin av_one_seventh real-thumbnail post-entry slide-entry-overview slide-loop-21 slide-parity-odd  '><\/div><\/div><div class=\"slide-entry-wrap\"><div  class='slide-entry av-av_partner_logo-93d9d11f264c411d0352b02bec335549 flex_column no_margin av_one_seventh real-thumbnail post-entry slide-entry-overview slide-loop-22 slide-parity-odd  first'><\/div><div  class='slide-entry av-av_partner_logo-77701d4689c7d113b9a02cfbfced00d4 flex_column no_margin av_one_seventh real-thumbnail post-entry slide-entry-overview slide-loop-23 slide-parity-even  '><\/div><div  class='slide-entry av-av_partner_logo-9455e47dc6f68476088ea897460762a9 flex_column no_margin av_one_seventh real-thumbnail post-entry slide-entry-overview slide-loop-24 slide-parity-odd post-entry-last '><\/div><\/div><\/div><\/div>\n","protected":false},"excerpt":{"rendered":"<p>This is a Page excerpt. It will be displayed for search results<\/p>\n","protected":false},"author":1,"featured_media":0,"parent":2951,"menu_order":0,"comment_status":"open","ping_status":"closed","template":"","meta":{"footnotes":""},"class_list":["post-4991","page","type-page","status-publish","hentry"],"aioseo_notices":[],"jetpack_sharing_enabled":true,"_links":{"self":[{"href":"https:\/\/www.altei.cz\/hifi\/wp-json\/wp\/v2\/pages\/4991","targetHints":{"allow":["GET"]}}],"collection":[{"href":"https:\/\/www.altei.cz\/hifi\/wp-json\/wp\/v2\/pages"}],"about":[{"href":"https:\/\/www.altei.cz\/hifi\/wp-json\/wp\/v2\/types\/page"}],"author":[{"embeddable":true,"href":"https:\/\/www.altei.cz\/hifi\/wp-json\/wp\/v2\/users\/1"}],"replies":[{"embeddable":true,"href":"https:\/\/www.altei.cz\/hifi\/wp-json\/wp\/v2\/comments?post=4991"}],"version-history":[{"count":0,"href":"https:\/\/www.altei.cz\/hifi\/wp-json\/wp\/v2\/pages\/4991\/revisions"}],"up":[{"embeddable":true,"href":"https:\/\/www.altei.cz\/hifi\/wp-json\/wp\/v2\/pages\/2951"}],"wp:attachment":[{"href":"https:\/\/www.altei.cz\/hifi\/wp-json\/wp\/v2\/media?parent=4991"}],"curies":[{"name":"wp","href":"https:\/\/api.w.org\/{rel}","templated":true}]}}