{"id":8258,"date":"2015-03-30T18:21:15","date_gmt":"2015-03-30T16:21:15","guid":{"rendered":"http:\/\/www.altei.cz\/kroma-2\/"},"modified":"2015-03-30T18:21:15","modified_gmt":"2015-03-30T16:21:15","slug":"project","status":"publish","type":"page","link":"https:\/\/www.altei.cz\/hifi\/project\/","title":{"rendered":"Pro-Ject"},"content":{"rendered":"<div id='layer_slider_1'  class='avia-layerslider main_color avia-shadow  avia-builder-el-0  el_before_av_partner  avia-builder-el-first  container_wrap sidebar_right'  style='height: 471px;'  ><\/div><div id='after_layer_slider_1'  class='main_color av_default_container_wrap container_wrap sidebar_right'  ><div class='container av-section-cont-open' ><div class='template-page content  av-content-small alpha units'><div class='post-entry post-entry-type-page post-entry-8258'><div class='entry-content-wrapper clearfix'>\n<div  class='avia-logo-element-container av-av_partner-89678661ef51b832465f798177b9fe3c av-border-deactivate avia-logo-slider avia-content-slider avia-smallarrow-slider avia-content-slider-active noHover avia-content-slider-odd  avia-builder-el-1  el_after_av_layerslider  el_before_av_one_full  avia-builder-el-first  av-slideshow-ui av-control-default av-nav-arrows-visible av-nav-dots-visible av-no-slider-navigation av-slideshow-manual av-loop-once av-loop-manual-endless avia-content-slider1' data-slideshow-options=\"{&quot;animation&quot;:&quot;slide&quot;,&quot;autoplay&quot;:false,&quot;loop_autoplay&quot;:&quot;once&quot;,&quot;interval&quot;:5,&quot;loop_manual&quot;:&quot;manual-endless&quot;,&quot;autoplay_stopper&quot;:false,&quot;noNavigation&quot;:false,&quot;bg_slider&quot;:false,&quot;keep_padding&quot;:&quot;&quot;,&quot;hoverpause&quot;:false,&quot;show_slide_delay&quot;:0}\"><div class='avia-smallarrow-slider-heading  no-logo-slider-heading '><div class='new-special-heading'>&nbsp;<\/div><\/div><div class=\"avia-content-slider-inner\"><div class=\"slide-entry-wrap\"><div  class='slide-entry av-av_partner_logo-c767e8ae5344b81223729e2f896b4107 flex_column no_margin av_one_seventh real-thumbnail post-entry slide-entry-overview slide-loop-1 slide-parity-odd  first'><\/div><div  class='slide-entry av-av_partner_logo-fe8bf680e270fb423f6edf3d5ca9c249 flex_column no_margin av_one_seventh real-thumbnail post-entry slide-entry-overview slide-loop-2 slide-parity-even  '><\/div><div  class='slide-entry av-av_partner_logo-272b5dae12dff758b0c4514135353df8 flex_column no_margin av_one_seventh real-thumbnail post-entry slide-entry-overview slide-loop-3 slide-parity-odd  '><\/div><div  class='slide-entry av-av_partner_logo-04c85bafa16fe6570ed24eedeb4a8683 flex_column no_margin av_one_seventh real-thumbnail post-entry slide-entry-overview slide-loop-4 slide-parity-even  '><\/div><div  class='slide-entry av-av_partner_logo-f904cb702628f9da303f647c5396d1ad flex_column no_margin av_one_seventh real-thumbnail post-entry slide-entry-overview slide-loop-5 slide-parity-odd  '><\/div><div  class='slide-entry av-av_partner_logo-889d80aaccaffdf777340014a0505dd0 flex_column no_margin av_one_seventh real-thumbnail post-entry slide-entry-overview slide-loop-6 slide-parity-even  '><\/div><div  class='slide-entry av-av_partner_logo-334e17e74c964801b08e94476098e550 flex_column no_margin av_one_seventh real-thumbnail post-entry slide-entry-overview slide-loop-7 slide-parity-odd post-entry-last '><\/div><\/div><\/div><\/div>\n<div  class='flex_column av-av_one_full-2a9015ff38129c418a3f2eafba3e9512 av_one_full  avia-builder-el-2  el_after_av_partner  el_before_av_one_full  first flex_column_div  '     ><section  class='av_textblock_section av-av_textblock-0366cc7376be6c9e82a3e9cc8987b64f '   itemscope=\"itemscope\" itemtype=\"https:\/\/schema.org\/CreativeWork\" ><div class='avia_textblock'  itemprop=\"text\" ><p>Navzdory modern\u00edm digit\u00e1ln\u00edm technologi\u00edm a trend\u016fm \u010di obl\u00edben\u00e9mu prostorov\u00e9mu ozvu\u010den\u00ed\u00a0doba vynilov\u00fdch desek, gramofon\u016f a analogov\u00e9ho zvuku\u00a0neskon\u010dila. Naopak doch\u00e1z\u00ed k renesanci ob\u0159adu manipulace a poslechu vinylov\u00fdch desek.<\/p>\n<p>Rakousk\u00e1 firma Pro-Ject pat\u0159\u00ed k absolutn\u00ed sv\u011btov\u00e9 \u0161pi\u010dce ve v\u00fdrob\u011b gramofon\u016f pro hifi a high end aplikace. Majiteli a zakladateli firmy Heinzi Lichteneggerovi se poda\u0159ilo nav\u00e1zat na tradici v\u00fdroby gramofon\u016f v Litovli v \u010cesk\u00e9 republice. Naleznete zde velmi \u0161irok\u00fd sortiment technicky velmi vysp\u011bl\u00fdch gramofon\u016f. Filozofie konstrukce je maxim\u00e1ln\u011b pod\u0159\u00edzena co nejlep\u0161\u00edmu v\u00fdsledn\u00e9mu zvuku.<\/p>\n<\/div><\/section><\/div>\n<div  class='flex_column av-av_one_full-2a9015ff38129c418a3f2eafba3e9512 av_one_full  avia-builder-el-4  el_after_av_one_full  el_before_av_partner  first flex_column_div  column-top-margin'     ><style type=\"text\/css\" data-created_by=\"avia_inline_auto\" id=\"style-css-av-av_heading-9f3658d4ea52d1dbeb5c3fc34694dc52\">\n#top .av-special-heading.av-av_heading-9f3658d4ea52d1dbeb5c3fc34694dc52{\npadding-bottom:0;\n}\nbody .av-special-heading.av-av_heading-9f3658d4ea52d1dbeb5c3fc34694dc52 .av-special-heading-tag .heading-char{\nfont-size:25px;\n}\n.av-special-heading.av-av_heading-9f3658d4ea52d1dbeb5c3fc34694dc52 .av-subheading{\nfont-size:15px;\n}\n<\/style>\n<div  class='av-special-heading av-av_heading-9f3658d4ea52d1dbeb5c3fc34694dc52 av-special-heading-h3  avia-builder-el-5  avia-builder-el-no-sibling '><h3 class='av-special-heading-tag '  itemprop=\"headline\"  >Dal\u0161\u00ed zna\u010dky<\/h3><div class=\"special-heading-border\"><div class=\"special-heading-inner-border\"><\/div><\/div><\/div><\/div>\n<div  class='avia-logo-element-container av-av_partner-937233f9b3c064500f892de1a4e81f20 av-border-deactivate avia-logo-slider avia-content-slider avia-smallarrow-slider avia-content-slider-active noHover avia-content-slider-odd  avia-builder-el-6  el_after_av_one_full  el_before_av_one_full  av-slideshow-ui av-control-default av-nav-arrows-visible av-nav-dots-visible av-hide-nav-arrows av-slideshow-autoplay av-loop-endless av-loop-manual-endless avia-content-slider2' data-slideshow-options=\"{&quot;animation&quot;:&quot;slide&quot;,&quot;autoplay&quot;:true,&quot;loop_autoplay&quot;:&quot;endless&quot;,&quot;interval&quot;:10,&quot;loop_manual&quot;:&quot;manual-endless&quot;,&quot;autoplay_stopper&quot;:false,&quot;noNavigation&quot;:false,&quot;bg_slider&quot;:false,&quot;keep_padding&quot;:&quot;&quot;,&quot;hoverpause&quot;:false,&quot;show_slide_delay&quot;:0}\"><div class='avia-smallarrow-slider-heading  no-logo-slider-heading '><div class='new-special-heading'>&nbsp;<\/div><div class='avia-slideshow-arrows avia-slideshow-controls' ><a href='#prev' class='prev-slide  avia-svg-icon avia-font-svg_entypo-fontello' data-av_svg_icon='left-open-big' data-av_iconset='svg_entypo-fontello' tabindex='-1' title=\"Previous\"><svg version=\"1.1\" xmlns=\"http:\/\/www.w3.org\/2000\/svg\" width=\"15\" height=\"32\" viewBox=\"0 0 15 32\" preserveAspectRatio=\"xMidYMid meet\" aria-labelledby='av-svg-title-1' aria-describedby='av-svg-desc-1' role=\"graphics-symbol\" aria-hidden=\"true\">\n<title id='av-svg-title-1'>Previous<\/title>\n<desc id='av-svg-desc-1'>Previous<\/desc>\n<path d=\"M14.464 27.84q0.832 0.832 0 1.536-0.832 0.832-1.536 0l-12.544-12.608q-0.768-0.768 0-1.6l12.544-12.608q0.704-0.832 1.536 0 0.832 0.704 0 1.536l-11.456 11.904z\"><\/path>\n<\/svg><span class='avia_hidden_link_text'>Previous<\/span><\/a><a href='#next' class='next-slide  avia-svg-icon avia-font-svg_entypo-fontello' data-av_svg_icon='right-open-big' data-av_iconset='svg_entypo-fontello' tabindex='-1' title=\"Next\"><svg version=\"1.1\" xmlns=\"http:\/\/www.w3.org\/2000\/svg\" width=\"15\" height=\"32\" viewBox=\"0 0 15 32\" preserveAspectRatio=\"xMidYMid meet\" aria-labelledby='av-svg-title-2' aria-describedby='av-svg-desc-2' role=\"graphics-symbol\" aria-hidden=\"true\">\n<title id='av-svg-title-2'>Next<\/title>\n<desc id='av-svg-desc-2'>Next<\/desc>\n<path d=\"M0.416 27.84l11.456-11.84-11.456-11.904q-0.832-0.832 0-1.536 0.832-0.832 1.536 0l12.544 12.608q0.768 0.832 0 1.6l-12.544 12.608q-0.704 0.832-1.536 0-0.832-0.704 0-1.536z\"><\/path>\n<\/svg><span class='avia_hidden_link_text'>Next<\/span><\/a><\/div><\/div><div class=\"avia-content-slider-inner\"><div class=\"slide-entry-wrap\"><div  class='slide-entry av-av_partner_logo-2d47338454fedbfc72a0bc08c758db91 flex_column no_margin av_one_fifth real-thumbnail post-entry slide-entry-overview slide-loop-1 slide-parity-odd  first'><\/div><div  class='slide-entry av-av_partner_logo-22bfb8068b57527a2db1a42107b5a055 flex_column no_margin av_one_fifth real-thumbnail post-entry slide-entry-overview slide-loop-2 slide-parity-even  '><\/div><div  class='slide-entry av-av_partner_logo-05bfeec976e6b522f0c8512a5e6fdeca flex_column no_margin av_one_fifth real-thumbnail post-entry slide-entry-overview slide-loop-3 slide-parity-odd  '><\/div><div  class='slide-entry av-av_partner_logo-8e3cbd69c3844769685b24df5e8dd582 flex_column no_margin av_one_fifth real-thumbnail post-entry slide-entry-overview slide-loop-4 slide-parity-even  '><\/div><div  class='slide-entry av-av_partner_logo-fdb930938f3e1dfd7851e524466aba80 flex_column no_margin av_one_fifth real-thumbnail post-entry slide-entry-overview slide-loop-5 slide-parity-odd  '><\/div><\/div><div class=\"slide-entry-wrap\"><div  class='slide-entry av-av_partner_logo-a0cbb2c02281ac7d1c87b76e8e300f60 flex_column no_margin av_one_fifth real-thumbnail post-entry slide-entry-overview slide-loop-6 slide-parity-odd  first'><\/div><div  class='slide-entry av-av_partner_logo-ab82effc3e84e37f1f1d8f7a169cc161 flex_column no_margin av_one_fifth real-thumbnail post-entry slide-entry-overview slide-loop-7 slide-parity-even  '><\/div><div  class='slide-entry av-av_partner_logo-4346d46bf4458356f2b098b0a3e35766 flex_column no_margin av_one_fifth real-thumbnail post-entry slide-entry-overview slide-loop-8 slide-parity-odd  '><\/div><div  class='slide-entry av-av_partner_logo-46bf0dee635b548246f63328a924cdcc flex_column no_margin av_one_fifth real-thumbnail post-entry slide-entry-overview slide-loop-9 slide-parity-even  '><\/div><div  class='slide-entry av-av_partner_logo-136a21a7934feb788e4d9e5f1167c837 flex_column no_margin av_one_fifth real-thumbnail post-entry slide-entry-overview slide-loop-10 slide-parity-odd  '><\/div><\/div><div class=\"slide-entry-wrap\"><div  class='slide-entry av-av_partner_logo-94c4ba200a961c25b9787b770f492385 flex_column no_margin av_one_fifth real-thumbnail post-entry slide-entry-overview slide-loop-11 slide-parity-odd  first'><\/div><div  class='slide-entry av-av_partner_logo-d65150d833b0e1dffaed1496a3c0ca20 flex_column no_margin av_one_fifth real-thumbnail post-entry slide-entry-overview slide-loop-12 slide-parity-even  '><\/div><div  class='slide-entry av-av_partner_logo-dae39916b1d888e5219ee578e5dab78b flex_column no_margin av_one_fifth real-thumbnail post-entry slide-entry-overview slide-loop-13 slide-parity-odd  '><\/div><div  class='slide-entry av-av_partner_logo-2f5017f7a7cf9a1c942b3d580db5011b flex_column no_margin av_one_fifth real-thumbnail post-entry slide-entry-overview slide-loop-14 slide-parity-even  '><\/div><div  class='slide-entry av-av_partner_logo-5dd268d15171243d76310699fcd86c31 flex_column no_margin av_one_fifth real-thumbnail post-entry slide-entry-overview slide-loop-15 slide-parity-odd  '><\/div><\/div><div class=\"slide-entry-wrap\"><div  class='slide-entry av-av_partner_logo-4134beca0f054de741124157bb8461d6 flex_column no_margin av_one_fifth real-thumbnail post-entry slide-entry-overview slide-loop-16 slide-parity-odd  first'><\/div><div  class='slide-entry av-av_partner_logo-e9bc3f6c37bd0a31c4f1ee44a9d2d5fd flex_column no_margin av_one_fifth real-thumbnail post-entry slide-entry-overview slide-loop-17 slide-parity-even  '><\/div><div  class='slide-entry av-av_partner_logo-8672f7ff49539733c3de40a04e08ba51 flex_column no_margin av_one_fifth real-thumbnail post-entry slide-entry-overview slide-loop-18 slide-parity-odd  '><\/div><div  class='slide-entry av-av_partner_logo-9c2daa7e80bb961769a092246892e1b1 flex_column no_margin av_one_fifth real-thumbnail post-entry slide-entry-overview slide-loop-19 slide-parity-even  '><\/div><div  class='slide-entry av-av_partner_logo-d25d3cd766e2e06e2970308723268a29 flex_column no_margin av_one_fifth real-thumbnail post-entry slide-entry-overview slide-loop-20 slide-parity-odd  '><\/div><\/div><div class=\"slide-entry-wrap\"><div  class='slide-entry av-av_partner_logo-06d3c52df0cb1ee1203b8ef91b6f6dcd flex_column no_margin av_one_fifth real-thumbnail post-entry slide-entry-overview slide-loop-21 slide-parity-odd  first'><\/div><div  class='slide-entry av-av_partner_logo-f2ca272ae156c6426abe52d50d6f37a1 flex_column no_margin av_one_fifth real-thumbnail post-entry slide-entry-overview slide-loop-22 slide-parity-even  '><\/div><div  class='slide-entry av-av_partner_logo-63de3dbf2a8b67f2b826b807386f33aa flex_column no_margin av_one_fifth real-thumbnail post-entry slide-entry-overview slide-loop-23 slide-parity-odd  '><\/div><div  class='slide-entry av-av_partner_logo-5d61ab1bcc97289154a7de5596f50a05 flex_column no_margin av_one_fifth real-thumbnail post-entry slide-entry-overview slide-loop-24 slide-parity-even  '><\/div><div  class='slide-entry av-av_partner_logo-b20c3a4fbfb5eb7919aaeb798b055c14 flex_column no_margin av_one_fifth real-thumbnail post-entry slide-entry-overview slide-loop-25 slide-parity-odd  '><\/div><\/div><div class=\"slide-entry-wrap\"><div  class='slide-entry av-av_partner_logo-3a31c9d1107319083517fe26447098f3 flex_column no_margin av_one_fifth real-thumbnail post-entry slide-entry-overview slide-loop-26 slide-parity-odd  first'><\/div><div  class='slide-entry av-av_partner_logo-d88f8271fc863ae007a54c266068b10b flex_column no_margin av_one_fifth real-thumbnail post-entry slide-entry-overview slide-loop-27 slide-parity-even  '><\/div><div  class='slide-entry av-av_partner_logo-dacec76ce0331310f2fa01fc9d2abab3 flex_column no_margin av_one_fifth real-thumbnail post-entry slide-entry-overview slide-loop-28 slide-parity-odd  '><\/div><div  class='slide-entry av-av_partner_logo-fb3197e261192ae582f0a46c2de2a780 flex_column no_margin av_one_fifth real-thumbnail post-entry slide-entry-overview slide-loop-29 slide-parity-even  '><\/div><div  class='slide-entry av-av_partner_logo-28ea675865d6b8827c918431f1890932 flex_column no_margin av_one_fifth real-thumbnail post-entry slide-entry-overview slide-loop-30 slide-parity-odd  '><\/div><\/div><div class=\"slide-entry-wrap\"><div  class='slide-entry av-av_partner_logo-11221f168ee8b87b0314463ef3a0d4bd flex_column no_margin av_one_fifth real-thumbnail post-entry slide-entry-overview slide-loop-31 slide-parity-odd  first'><\/div><div  class='slide-entry av-av_partner_logo-3b6083f3206e07d41c489721a1b734ff flex_column no_margin av_one_fifth real-thumbnail post-entry slide-entry-overview slide-loop-32 slide-parity-even  '><\/div><div  class='slide-entry av-av_partner_logo-33b63d93682279c716db48a6d9066c51 flex_column no_margin av_one_fifth real-thumbnail post-entry slide-entry-overview slide-loop-33 slide-parity-odd post-entry-last '><\/div><\/div><\/div><div class='avia-slideshow-dots avia-slideshow-controls'><a href='#1' class='goto-slide active' >1<\/a><a href='#2' class='goto-slide ' >2<\/a><a href='#3' class='goto-slide ' >3<\/a><a href='#4' class='goto-slide ' >4<\/a><a href='#5' class='goto-slide ' >5<\/a><a href='#6' class='goto-slide ' >6<\/a><a href='#7' class='goto-slide ' >7<\/a><\/div><\/div>\n<div  class='flex_column av-av_one_full-2a9015ff38129c418a3f2eafba3e9512 av_one_full  avia-builder-el-7  el_after_av_partner  el_before_av_partner  first flex_column_div  '     ><style type=\"text\/css\" data-created_by=\"avia_inline_auto\" id=\"style-css-av-av_heading-44b8dd205d428e6963234cc4bc5e6cc2\">\n#top .av-special-heading.av-av_heading-44b8dd205d428e6963234cc4bc5e6cc2{\npadding-bottom:0;\n}\nbody .av-special-heading.av-av_heading-44b8dd205d428e6963234cc4bc5e6cc2 .av-special-heading-tag .heading-char{\nfont-size:25px;\n}\n.av-special-heading.av-av_heading-44b8dd205d428e6963234cc4bc5e6cc2 .av-subheading{\nfont-size:15px;\n}\n<\/style>\n<div  class='av-special-heading av-av_heading-44b8dd205d428e6963234cc4bc5e6cc2 av-special-heading-h3  avia-builder-el-8  avia-builder-el-no-sibling '><h3 class='av-special-heading-tag '  itemprop=\"headline\"  >Kategorie AV produkt\u016f<\/h3><div class=\"special-heading-border\"><div class=\"special-heading-inner-border\"><\/div><\/div><\/div><\/div>\n<div  class='avia-logo-element-container av-av_partner-1459a6eb10c741a5a85eb4a35eef52e6 av-border-deactivate avia-logo-slider avia-content-slider avia-smallarrow-slider avia-content-slider-active noHover avia-content-slider-odd  avia-builder-el-9  el_after_av_one_full  avia-builder-el-last  av-slideshow-ui av-control-default av-nav-arrows-visible av-nav-dots-visible av-no-slider-navigation av-slideshow-autoplay av-loop-endless av-loop-manual-endless avia-content-slider3' data-slideshow-options=\"{&quot;animation&quot;:&quot;slide&quot;,&quot;autoplay&quot;:true,&quot;loop_autoplay&quot;:&quot;endless&quot;,&quot;interval&quot;:15,&quot;loop_manual&quot;:&quot;manual-endless&quot;,&quot;autoplay_stopper&quot;:false,&quot;noNavigation&quot;:false,&quot;bg_slider&quot;:false,&quot;keep_padding&quot;:&quot;&quot;,&quot;hoverpause&quot;:false,&quot;show_slide_delay&quot;:0}\"><div class='avia-smallarrow-slider-heading  no-logo-slider-heading '><div class='new-special-heading'>&nbsp;<\/div><div class='avia-slideshow-arrows avia-slideshow-controls' ><a href='#prev' class='prev-slide  avia-svg-icon avia-font-svg_entypo-fontello' data-av_svg_icon='left-open-big' data-av_iconset='svg_entypo-fontello' tabindex='-1' title=\"Previous\"><svg version=\"1.1\" xmlns=\"http:\/\/www.w3.org\/2000\/svg\" width=\"15\" height=\"32\" viewBox=\"0 0 15 32\" preserveAspectRatio=\"xMidYMid meet\" aria-labelledby='av-svg-title-3' aria-describedby='av-svg-desc-3' role=\"graphics-symbol\" aria-hidden=\"true\">\n<title id='av-svg-title-3'>Previous<\/title>\n<desc id='av-svg-desc-3'>Previous<\/desc>\n<path d=\"M14.464 27.84q0.832 0.832 0 1.536-0.832 0.832-1.536 0l-12.544-12.608q-0.768-0.768 0-1.6l12.544-12.608q0.704-0.832 1.536 0 0.832 0.704 0 1.536l-11.456 11.904z\"><\/path>\n<\/svg><span class='avia_hidden_link_text'>Previous<\/span><\/a><a href='#next' class='next-slide  avia-svg-icon avia-font-svg_entypo-fontello' data-av_svg_icon='right-open-big' data-av_iconset='svg_entypo-fontello' tabindex='-1' title=\"Next\"><svg version=\"1.1\" xmlns=\"http:\/\/www.w3.org\/2000\/svg\" width=\"15\" height=\"32\" viewBox=\"0 0 15 32\" preserveAspectRatio=\"xMidYMid meet\" aria-labelledby='av-svg-title-4' aria-describedby='av-svg-desc-4' role=\"graphics-symbol\" aria-hidden=\"true\">\n<title id='av-svg-title-4'>Next<\/title>\n<desc id='av-svg-desc-4'>Next<\/desc>\n<path d=\"M0.416 27.84l11.456-11.84-11.456-11.904q-0.832-0.832 0-1.536 0.832-0.832 1.536 0l12.544 12.608q0.768 0.832 0 1.6l-12.544 12.608q-0.704 0.832-1.536 0-0.832-0.704 0-1.536z\"><\/path>\n<\/svg><span class='avia_hidden_link_text'>Next<\/span><\/a><\/div><\/div><div class=\"avia-content-slider-inner\"><div class=\"slide-entry-wrap\"><div  class='slide-entry av-av_partner_logo-e8f55cbdee453b4018fe21ebda55d91e flex_column no_margin av_one_seventh real-thumbnail post-entry slide-entry-overview slide-loop-1 slide-parity-odd  first'><\/div><div  class='slide-entry av-av_partner_logo-5f7d1bc965efb06e661d8a2303dccea6 flex_column no_margin av_one_seventh real-thumbnail post-entry slide-entry-overview slide-loop-2 slide-parity-even  '><\/div><div  class='slide-entry av-av_partner_logo-c7615a0045c165cadca50a7a303310a7 flex_column no_margin av_one_seventh real-thumbnail post-entry slide-entry-overview slide-loop-3 slide-parity-odd  '><\/div><div  class='slide-entry av-av_partner_logo-83cb30dac4191c7ab9b060c4dd98c34b flex_column no_margin av_one_seventh real-thumbnail post-entry slide-entry-overview slide-loop-4 slide-parity-even  '><\/div><div  class='slide-entry av-av_partner_logo-5dcc993cdb0d6f9bddc2093feca929cc flex_column no_margin av_one_seventh real-thumbnail post-entry slide-entry-overview slide-loop-5 slide-parity-odd  '><\/div><div  class='slide-entry av-av_partner_logo-c01c815f2a0de80ff1e1706fcc366159 flex_column no_margin av_one_seventh real-thumbnail post-entry slide-entry-overview slide-loop-6 slide-parity-even  '><\/div><div  class='slide-entry av-av_partner_logo-a2e65fed8fcdd0f851c0327af40179e9 flex_column no_margin av_one_seventh real-thumbnail post-entry slide-entry-overview slide-loop-7 slide-parity-odd  '><\/div><\/div><div class=\"slide-entry-wrap\"><div  class='slide-entry av-av_partner_logo-ec3d7b03dfb9b5ea276b163df0858163 flex_column no_margin av_one_seventh real-thumbnail post-entry slide-entry-overview slide-loop-8 slide-parity-odd  first'><\/div><div  class='slide-entry av-av_partner_logo-f1d9a8220ab41af80a680c87d1636586 flex_column no_margin av_one_seventh real-thumbnail post-entry slide-entry-overview slide-loop-9 slide-parity-even  '><\/div><div  class='slide-entry av-av_partner_logo-f3279cfa47e8999707f571065ce9fc1b flex_column no_margin av_one_seventh real-thumbnail post-entry slide-entry-overview slide-loop-10 slide-parity-odd  '><\/div><div  class='slide-entry av-av_partner_logo-c235dd372b6a3edcb597462c7a04cb2b flex_column no_margin av_one_seventh real-thumbnail post-entry slide-entry-overview slide-loop-11 slide-parity-even  '><\/div><div  class='slide-entry av-av_partner_logo-059684381172302b09804e77954f70e5 flex_column no_margin av_one_seventh real-thumbnail post-entry slide-entry-overview slide-loop-12 slide-parity-odd  '><\/div><div  class='slide-entry av-av_partner_logo-fb53815d78ee33b5c0945e27ab726c33 flex_column no_margin av_one_seventh real-thumbnail post-entry slide-entry-overview slide-loop-13 slide-parity-even  '><\/div><div  class='slide-entry av-av_partner_logo-22820505c1db41fc0b7e789ae941068d flex_column no_margin av_one_seventh real-thumbnail post-entry slide-entry-overview slide-loop-14 slide-parity-odd  '><\/div><\/div><div class=\"slide-entry-wrap\"><div  class='slide-entry av-av_partner_logo-e281b7af139545ffbf3ebb4de59e518d flex_column no_margin av_one_seventh real-thumbnail post-entry slide-entry-overview slide-loop-15 slide-parity-odd  first'><\/div><div  class='slide-entry av-av_partner_logo-54014891b70fc7c3ba50c1c8e34a3d62 flex_column no_margin av_one_seventh real-thumbnail post-entry slide-entry-overview slide-loop-16 slide-parity-even  '><\/div><div  class='slide-entry av-av_partner_logo-69623ba5f9bcab33fc615cdba4979754 flex_column no_margin av_one_seventh real-thumbnail post-entry slide-entry-overview slide-loop-17 slide-parity-odd  '><\/div><div  class='slide-entry av-av_partner_logo-4b3baed336756e5749cf208d9179d5ad flex_column no_margin av_one_seventh real-thumbnail post-entry slide-entry-overview slide-loop-18 slide-parity-even  '><\/div><div  class='slide-entry av-av_partner_logo-bba0d2c772bc3174216944d318666396 flex_column no_margin av_one_seventh real-thumbnail post-entry slide-entry-overview slide-loop-19 slide-parity-odd  '><\/div><div  class='slide-entry av-av_partner_logo-1196680127e24a26e47931777d7a49e7 flex_column no_margin av_one_seventh real-thumbnail post-entry slide-entry-overview slide-loop-20 slide-parity-even  '><\/div><div  class='slide-entry av-av_partner_logo-f3446f82621ac37cfcbc1ea9175ba6b7 flex_column no_margin av_one_seventh real-thumbnail post-entry slide-entry-overview slide-loop-21 slide-parity-odd  '><\/div><\/div><div class=\"slide-entry-wrap\"><div  class='slide-entry av-av_partner_logo-93d9d11f264c411d0352b02bec335549 flex_column no_margin av_one_seventh real-thumbnail post-entry slide-entry-overview slide-loop-22 slide-parity-odd  first'><\/div><div  class='slide-entry av-av_partner_logo-77701d4689c7d113b9a02cfbfced00d4 flex_column no_margin av_one_seventh real-thumbnail post-entry slide-entry-overview slide-loop-23 slide-parity-even  '><\/div><div  class='slide-entry av-av_partner_logo-9455e47dc6f68476088ea897460762a9 flex_column no_margin av_one_seventh real-thumbnail post-entry slide-entry-overview slide-loop-24 slide-parity-odd post-entry-last '><\/div><\/div><\/div><\/div>\n","protected":false},"excerpt":{"rendered":"<p>This is a Page excerpt. It will be displayed for search results<\/p>\n","protected":false},"author":1,"featured_media":0,"parent":0,"menu_order":0,"comment_status":"open","ping_status":"open","template":"","meta":{"footnotes":""},"class_list":["post-8258","page","type-page","status-publish","hentry"],"aioseo_notices":[],"jetpack_sharing_enabled":true,"_links":{"self":[{"href":"https:\/\/www.altei.cz\/hifi\/wp-json\/wp\/v2\/pages\/8258","targetHints":{"allow":["GET"]}}],"collection":[{"href":"https:\/\/www.altei.cz\/hifi\/wp-json\/wp\/v2\/pages"}],"about":[{"href":"https:\/\/www.altei.cz\/hifi\/wp-json\/wp\/v2\/types\/page"}],"author":[{"embeddable":true,"href":"https:\/\/www.altei.cz\/hifi\/wp-json\/wp\/v2\/users\/1"}],"replies":[{"embeddable":true,"href":"https:\/\/www.altei.cz\/hifi\/wp-json\/wp\/v2\/comments?post=8258"}],"version-history":[{"count":0,"href":"https:\/\/www.altei.cz\/hifi\/wp-json\/wp\/v2\/pages\/8258\/revisions"}],"wp:attachment":[{"href":"https:\/\/www.altei.cz\/hifi\/wp-json\/wp\/v2\/media?parent=8258"}],"curies":[{"name":"wp","href":"https:\/\/api.w.org\/{rel}","templated":true}]}}