{"id":9575,"date":"2015-03-23T10:40:06","date_gmt":"2015-03-23T09:40:06","guid":{"rendered":"http:\/\/www.altei.cz\/stax-srs-2170\/"},"modified":"2015-03-23T10:40:06","modified_gmt":"2015-03-23T09:40:06","slug":"stax-srs002","status":"publish","type":"page","link":"https:\/\/www.altei.cz\/hifi\/stax-srs002\/","title":{"rendered":"STAX SRS-002"},"content":{"rendered":"<div id='layer_slider_1'  class='avia-layerslider main_color avia-shadow  avia-builder-el-0  el_before_av_one_half  avia-builder-el-first  container_wrap sidebar_right'  style='height: 471px;'  ><\/div><div id='after_layer_slider_1'  class='main_color av_default_container_wrap container_wrap sidebar_right'  ><div class='container av-section-cont-open' ><div class='template-page content  av-content-small alpha units'><div class='post-entry post-entry-type-page post-entry-9575'><div class='entry-content-wrapper clearfix'>\n<div  class='flex_column av-av_one_half-2a9015ff38129c418a3f2eafba3e9512 av_one_half  avia-builder-el-1  el_after_av_layerslider  el_before_av_one_half  avia-builder-el-first  first flex_column_div  '     ><section  class='av_textblock_section av-av_textblock-2de302bf1aa3cf4c9157dbe6f50ac7eb '   itemscope=\"itemscope\" itemtype=\"https:\/\/schema.org\/CreativeWork\" ><div class='avia_textblock'  itemprop=\"text\" ><p><b>Mobiln\u00ed elektrostatick\u00e1 sluch\u00e1tka s bateriov\u00fdm nap\u00e1jec\u00edm zesilova\u010dem\u00a0\u00a0<\/b><\/p>\n<p>Extr\u00e9mn\u011b pohodln\u00e1 a lehk\u00e1 sluch\u00e1tka s roz\u0161\u00ed\u0159enou reprodukc\u00ed hloubek. Sluch\u00e1tka\u00a0<b>SR-002<\/b>\u00a0jsou produktem v\u00fdvojov\u00e9ho pokra\u010dov\u00e1n\u00ed osv\u011bd\u010den\u00fdch sluch\u00e1tek S-001 a S-001_Mk-II, oproti kter\u00fdm do\u0161lo ke zmen\u0161en\u00ed rozm\u011br\u016f a sn\u00ed\u017een\u00ed v\u00e1hy. Odleh\u010den\u00e1 membr\u00e1na siln\u00e1 pouh\u00fdch 1,5 mikrometru zaji\u0161\u0165uje vysokou transparentnost a \u010distotu poslechov\u00e9ho pro\u017eitku. Sluch\u00e1tka\u00a0<a href=\"https:\/\/www.altei.cz\/altei-shop\/stax-sr-002\/\"><b>SR-002<\/b><\/a>\u00a0jsou lehk\u00e1 a dovoluj\u00ed poslucha\u010di mobilitu s proslul\u00fdm zvukem od STAXu. Dv\u011bma AA bateriemi nap\u00e1jen\u00fd zesilova\u010d SRM-002 v\u00e1\u017e\u00ed pouh\u00fdch 100 gram\u016f (bez bateri\u00ed) a v kapse je zcela nen\u00e1padn\u00fd. K sad\u011b\u00a0<b>SRS-002<\/b>\u00a0lze p\u0159\u00edmo p\u0159ipojit libovoln\u00fd p\u0159enosn\u00fd CD, DAT, MD nebo MP3 p\u0159ehr\u00e1va\u010d v\u010detn\u011b tradi\u010dn\u00edho Walkmana. Zesilova\u010d\u00a0<a href=\"https:\/\/www.altei.cz\/altei-shop\/stax-srm-002\/\"><b>SRM-002<\/b><\/a>\u00a0m\u016f\u017ee nep\u0159etr\u017eit\u011b pracovat v\u00edce ne\u017e 5 hodin v z\u00e1vislosti na pou\u017eit\u00fdch bateri\u00edch a zp\u016fsobu provozu. B\u011b\u017en\u00fdm s\u00ed\u0165ov\u00fdm adapt\u00e9rem (4,5 V \/ 300 mA) lze zesilova\u010d nap\u00e1jet t\u00e9\u017e ze s\u00edt\u011b. STAX je p\u0159esv\u011bd\u010den, \u017ee sada\u00a0<a href=\"https:\/\/www.altei.cz\/altei-shop\/stax-srs-002\/\"><b>SRS-002<\/b><\/a>\u00a0poskytne ka\u017ed\u00e9mu poslucha\u010di uspokojen\u00ed z nejkvalitn\u011bj\u0161\u00edho elektrostatick\u00e9ho poslechu p\u0159i maxim\u00e1ln\u00ed mobilit\u011b.<\/p>\n<p><i>Standardn\u011b se v sad\u011b\u00a0<b>SRS-002<\/b>\u00a0dod\u00e1vaj\u00ed sluch\u00e1tka\u00a0<b>SR-002<\/b>\u00a0spole\u010dn\u011b s bateriov\u00fdm nap\u00e1jec\u00edm zesilova\u010dem\u00a0<b>SRM-002<\/b><\/i>.<\/p>\n<\/div><\/section><\/div>\n\n<style type=\"text\/css\" data-created_by=\"avia_inline_auto\" id=\"style-css-av-av_one_half-9c1d454dc06f7247226bc4e8f931daae\">\n.flex_column.av-av_one_half-9c1d454dc06f7247226bc4e8f931daae{\nborder-radius:0px 0px 0px 0px;\npadding:0px 0px 0px 0px;\n}\n<\/style>\n<div  class='flex_column av-av_one_half-9c1d454dc06f7247226bc4e8f931daae av_one_half  avia-builder-el-3  el_after_av_one_half  el_before_av_one_half  flex_column_div av-zero-column-padding  '     ><style type=\"text\/css\" data-created_by=\"avia_inline_auto\" id=\"style-css-av-av_image-0e4db5b7c115b39eae9c91ea52a6d746\">\n.avia-image-container.av-av_image-0e4db5b7c115b39eae9c91ea52a6d746 img.avia_image{\nbox-shadow:none;\n}\n.avia-image-container.av-av_image-0e4db5b7c115b39eae9c91ea52a6d746 .av-image-caption-overlay-center{\ncolor:#ffffff;\n}\n<\/style>\n<div  class='avia-image-container av-av_image-0e4db5b7c115b39eae9c91ea52a6d746 av-styling- avia-align-center  avia-builder-el-4  avia-builder-el-no-sibling '   itemprop=\"image\" itemscope=\"itemscope\" itemtype=\"https:\/\/schema.org\/ImageObject\" ><div class=\"avia-image-container-inner\"><div class=\"avia-image-overlay-wrap\"><img decoding=\"async\" fetchpriority=\"high\" class='wp-image- avia-img-lazy-loading-not- avia_image ' src=\"http:\/\/www.altei.cz\/wp-content\/uploads\/2015\/03\/Stax_Set_SRS-002_127mm_300.jpg\" alt='' title=''   itemprop=\"thumbnailUrl\"  \/><\/div><\/div><\/div><\/div>\n<div  class='flex_column av-av_one_half-2a9015ff38129c418a3f2eafba3e9512 av_one_half  avia-builder-el-5  el_after_av_one_half  el_before_av_one_half  first flex_column_div  column-top-margin'     ><section  class='av_textblock_section av-av_textblock-0366cc7376be6c9e82a3e9cc8987b64f '   itemscope=\"itemscope\" itemtype=\"https:\/\/schema.org\/CreativeWork\" ><div class='avia_textblock'  itemprop=\"text\" ><p>P\u0159i koupi elektrostatick\u00fdch sluch\u00e1tek STAX a jejich p\u0159\u00edslu\u0161enstv\u00ed se v\u017edy p\u0159esv\u011bd\u010dte, zda je obal produktu opat\u0159en touto n\u00e1lepkou, kter\u00e1 potvrzuje autenticitu produktu a je posl\u00e9ze d\u016fle\u017eit\u00e1 pro uplatn\u011bn\u00ed z\u00e1ruky a podpory v \u010cesk\u00e9 republice.<\/p>\n<\/div><\/section><\/div>\n\n<style type=\"text\/css\" data-created_by=\"avia_inline_auto\" id=\"style-css-av-av_one_half-9c1d454dc06f7247226bc4e8f931daae\">\n.flex_column.av-av_one_half-9c1d454dc06f7247226bc4e8f931daae{\nborder-radius:0px 0px 0px 0px;\npadding:0px 0px 0px 0px;\n}\n<\/style>\n<div  class='flex_column av-av_one_half-9c1d454dc06f7247226bc4e8f931daae av_one_half  avia-builder-el-7  el_after_av_one_half  el_before_av_one_full  flex_column_div av-zero-column-padding  column-top-margin'     ><style type=\"text\/css\" data-created_by=\"avia_inline_auto\" id=\"style-css-av-av_image-e60cf051721dc28591aff844b6d512e2\">\n.avia-image-container.av-av_image-e60cf051721dc28591aff844b6d512e2 img.avia_image{\nbox-shadow:none;\n}\n.avia-image-container.av-av_image-e60cf051721dc28591aff844b6d512e2 .av-image-caption-overlay-center{\ncolor:#ffffff;\n}\n<\/style>\n<div  class='avia-image-container av-av_image-e60cf051721dc28591aff844b6d512e2 av-styling- avia-align-center  avia-builder-el-8  avia-builder-el-no-sibling '   itemprop=\"image\" itemscope=\"itemscope\" itemtype=\"https:\/\/schema.org\/ImageObject\" ><div class=\"avia-image-container-inner\"><div class=\"avia-image-overlay-wrap\"><img decoding=\"async\" fetchpriority=\"high\" class='wp-image- avia-img-lazy-loading-not- avia_image ' src=\"http:\/\/www.altei.cz\/wp-content\/uploads\/2014\/04\/8_Authorized-Czech.jpg\" alt='' title=''   itemprop=\"thumbnailUrl\"  \/><\/div><\/div><\/div><\/div>\n<div  class='flex_column av-av_one_full-2a9015ff38129c418a3f2eafba3e9512 av_one_full  avia-builder-el-9  el_after_av_one_half  el_before_av_partner  first flex_column_div  column-top-margin'     ><style type=\"text\/css\" data-created_by=\"avia_inline_auto\" id=\"style-css-av-av_heading-5eb062d66386bca08530f1e150bfb0c8\">\n#top .av-special-heading.av-av_heading-5eb062d66386bca08530f1e150bfb0c8{\npadding-bottom:0;\n}\nbody .av-special-heading.av-av_heading-5eb062d66386bca08530f1e150bfb0c8 .av-special-heading-tag .heading-char{\nfont-size:25px;\n}\n.av-special-heading.av-av_heading-5eb062d66386bca08530f1e150bfb0c8 .av-subheading{\nfont-size:15px;\n}\n<\/style>\n<div  class='av-special-heading av-av_heading-5eb062d66386bca08530f1e150bfb0c8 av-special-heading-h3  avia-builder-el-10  avia-builder-el-no-sibling '><h3 class='av-special-heading-tag '  itemprop=\"headline\"  >Produkty STAX<\/h3><div class=\"special-heading-border\"><div class=\"special-heading-inner-border\"><\/div><\/div><\/div><\/div>\n\n<style type=\"text\/css\" data-created_by=\"avia_inline_auto\" id=\"style-css-av-av_partner-0c785f4bd040edd93438f289d015759e\">\n.avia-logo-element-container.av-av_partner-0c785f4bd040edd93438f289d015759e .av-partner-fake-img{\nbackground-size:cover;\n}\n<\/style>\n<div  class='avia-logo-element-container av-av_partner-0c785f4bd040edd93438f289d015759e avia-logo-slider avia-content-slider avia-smallarrow-slider avia-content-slider-active noHover avia-content-slider-even  avia-builder-el-11  el_after_av_one_full  el_before_av_one_full  av-slideshow-ui av-control-default av-nav-arrows-visible av-nav-dots-visible av-no-slider-navigation av-slideshow-manual av-loop-once av-loop-manual-endless avia-content-slider1' data-slideshow-options=\"{&quot;animation&quot;:&quot;slide&quot;,&quot;autoplay&quot;:false,&quot;loop_autoplay&quot;:&quot;once&quot;,&quot;interval&quot;:5,&quot;loop_manual&quot;:&quot;manual-endless&quot;,&quot;autoplay_stopper&quot;:false,&quot;noNavigation&quot;:false,&quot;bg_slider&quot;:false,&quot;keep_padding&quot;:&quot;&quot;,&quot;hoverpause&quot;:false,&quot;show_slide_delay&quot;:0}\"><div class='avia-smallarrow-slider-heading  no-logo-slider-heading '><div class='new-special-heading'>&nbsp;<\/div><div class='avia-slideshow-arrows avia-slideshow-controls' ><a href='#prev' class='prev-slide  avia-svg-icon avia-font-svg_entypo-fontello' data-av_svg_icon='left-open-big' data-av_iconset='svg_entypo-fontello' tabindex='-1' title=\"Previous\"><svg version=\"1.1\" xmlns=\"http:\/\/www.w3.org\/2000\/svg\" width=\"15\" height=\"32\" viewBox=\"0 0 15 32\" preserveAspectRatio=\"xMidYMid meet\" aria-labelledby='av-svg-title-1' aria-describedby='av-svg-desc-1' role=\"graphics-symbol\" aria-hidden=\"true\">\n<title id='av-svg-title-1'>Previous<\/title>\n<desc id='av-svg-desc-1'>Previous<\/desc>\n<path d=\"M14.464 27.84q0.832 0.832 0 1.536-0.832 0.832-1.536 0l-12.544-12.608q-0.768-0.768 0-1.6l12.544-12.608q0.704-0.832 1.536 0 0.832 0.704 0 1.536l-11.456 11.904z\"><\/path>\n<\/svg><span class='avia_hidden_link_text'>Previous<\/span><\/a><a href='#next' class='next-slide  avia-svg-icon avia-font-svg_entypo-fontello' data-av_svg_icon='right-open-big' data-av_iconset='svg_entypo-fontello' tabindex='-1' title=\"Next\"><svg version=\"1.1\" xmlns=\"http:\/\/www.w3.org\/2000\/svg\" width=\"15\" height=\"32\" viewBox=\"0 0 15 32\" preserveAspectRatio=\"xMidYMid meet\" aria-labelledby='av-svg-title-2' aria-describedby='av-svg-desc-2' role=\"graphics-symbol\" aria-hidden=\"true\">\n<title id='av-svg-title-2'>Next<\/title>\n<desc id='av-svg-desc-2'>Next<\/desc>\n<path d=\"M0.416 27.84l11.456-11.84-11.456-11.904q-0.832-0.832 0-1.536 0.832-0.832 1.536 0l12.544 12.608q0.768 0.832 0 1.6l-12.544 12.608q-0.704 0.832-1.536 0-0.832-0.704 0-1.536z\"><\/path>\n<\/svg><span class='avia_hidden_link_text'>Next<\/span><\/a><\/div><\/div><div class=\"avia-content-slider-inner\"><div class=\"slide-entry-wrap\"><div  class='slide-entry av-av_partner_logo-a8ab202265cbcd1bf57dde2bb215b26e flex_column no_margin av_one_sixth real-thumbnail post-entry slide-entry-overview slide-loop-1 slide-parity-odd  first'><\/div><div  class='slide-entry av-av_partner_logo-91fe28a340baeda2dcd5d42eefbbdb2a flex_column no_margin av_one_sixth real-thumbnail post-entry slide-entry-overview slide-loop-2 slide-parity-even  '><\/div><div  class='slide-entry av-av_partner_logo-bfea75bc93aa767da7cf2ab53c1625fe flex_column no_margin av_one_sixth real-thumbnail post-entry slide-entry-overview slide-loop-3 slide-parity-odd  '><\/div><div  class='slide-entry av-av_partner_logo-533f3771f528d5026fffebb21cec147f flex_column no_margin av_one_sixth real-thumbnail post-entry slide-entry-overview slide-loop-4 slide-parity-even  '><\/div><div  class='slide-entry av-av_partner_logo-ae37900e11f18cbb088af100c924ba33 flex_column no_margin av_one_sixth real-thumbnail post-entry slide-entry-overview slide-loop-5 slide-parity-odd  '><\/div><div  class='slide-entry av-av_partner_logo-9fbdf2c324a157192d43993762bdbd2e flex_column no_margin av_one_sixth real-thumbnail post-entry slide-entry-overview slide-loop-6 slide-parity-even  '><\/div><\/div><div class=\"slide-entry-wrap\"><div  class='slide-entry av-av_partner_logo-c3bfc215b912dde4f81f8f473fdb5d41 flex_column no_margin av_one_sixth real-thumbnail post-entry slide-entry-overview slide-loop-7 slide-parity-odd  first'><\/div><div  class='slide-entry av-av_partner_logo-a3f543e678bd6c28c535878f87557ca7 flex_column no_margin av_one_sixth real-thumbnail post-entry slide-entry-overview slide-loop-8 slide-parity-even  '><\/div><div  class='slide-entry av-av_partner_logo-6b9225ca7c0bf01d14895d62d49e2474 flex_column no_margin av_one_sixth real-thumbnail post-entry slide-entry-overview slide-loop-9 slide-parity-odd  '><\/div><div  class='slide-entry av-av_partner_logo-f92fc35bab6856975d691cbbcc8bd44f flex_column no_margin av_one_sixth real-thumbnail post-entry slide-entry-overview slide-loop-10 slide-parity-even  '><\/div><div  class='slide-entry av-av_partner_logo-1933712b2db22e562c8dbe99132d9f7a flex_column no_margin av_one_sixth real-thumbnail post-entry slide-entry-overview slide-loop-11 slide-parity-odd  '><\/div><div  class='slide-entry av-av_partner_logo-4c98582ab68364b3bd117d55ece20372 flex_column no_margin av_one_sixth real-thumbnail post-entry slide-entry-overview slide-loop-12 slide-parity-even  '><\/div><\/div><div class=\"slide-entry-wrap\"><div  class='slide-entry av-av_partner_logo-3179e0e684ee3c6e495174f56763e446 flex_column no_margin av_one_sixth real-thumbnail post-entry slide-entry-overview slide-loop-13 slide-parity-odd  first'><\/div><div  class='slide-entry av-av_partner_logo-0e54ebd12c1b1fa8bf92b8e61c6d5df1 flex_column no_margin av_one_sixth real-thumbnail post-entry slide-entry-overview slide-loop-14 slide-parity-even  '><\/div><div  class='slide-entry av-av_partner_logo-e84b44b1e11d75f1ac2dfd837b22c8c0 flex_column no_margin av_one_sixth real-thumbnail post-entry slide-entry-overview slide-loop-15 slide-parity-odd  '><\/div><div  class='slide-entry av-av_partner_logo-43b619ca8ba6d8043da526131000ee75 flex_column no_margin av_one_sixth real-thumbnail post-entry slide-entry-overview slide-loop-16 slide-parity-even  '><\/div><div  class='slide-entry av-av_partner_logo-7640211f80b26521f21e2ff7341d1a34 flex_column no_margin av_one_sixth real-thumbnail post-entry slide-entry-overview slide-loop-17 slide-parity-odd  '><\/div><div  class='slide-entry av-av_partner_logo-64b02e4b1c9eb168a0ea0fd115baaca3 flex_column no_margin av_one_sixth real-thumbnail post-entry slide-entry-overview slide-loop-18 slide-parity-even  '><\/div><\/div><div class=\"slide-entry-wrap\"><div  class='slide-entry av-av_partner_logo-db63e06af6267985a3ae29e70b7bb87e flex_column no_margin av_one_sixth real-thumbnail post-entry slide-entry-overview slide-loop-19 slide-parity-odd  first'><\/div><div  class='slide-entry av-av_partner_logo-3f9ddf76bd3954b89814f6dd2324a331 flex_column no_margin av_one_sixth real-thumbnail post-entry slide-entry-overview slide-loop-20 slide-parity-even  '><\/div><div  class='slide-entry av-av_partner_logo-600dd3c4ed8b885015026b05701696be flex_column no_margin av_one_sixth real-thumbnail post-entry slide-entry-overview slide-loop-21 slide-parity-odd  '><\/div><div  class='slide-entry av-av_partner_logo-7367551fe30f5e0f6cc0bf07d379c4a7 flex_column no_margin av_one_sixth real-thumbnail post-entry slide-entry-overview slide-loop-22 slide-parity-even  '><\/div><div  class='slide-entry av-av_partner_logo-98e60fa5e2f1e3d694f4fe5c408def2c flex_column no_margin av_one_sixth real-thumbnail post-entry slide-entry-overview slide-loop-23 slide-parity-odd post-entry-last '><\/div><\/div><\/div><\/div>\n<div  class='flex_column av-av_one_full-2a9015ff38129c418a3f2eafba3e9512 av_one_full  avia-builder-el-12  el_after_av_partner  el_before_av_partner  first flex_column_div  '     ><style type=\"text\/css\" data-created_by=\"avia_inline_auto\" id=\"style-css-av-av_heading-44b8dd205d428e6963234cc4bc5e6cc2\">\n#top .av-special-heading.av-av_heading-44b8dd205d428e6963234cc4bc5e6cc2{\npadding-bottom:0;\n}\nbody .av-special-heading.av-av_heading-44b8dd205d428e6963234cc4bc5e6cc2 .av-special-heading-tag .heading-char{\nfont-size:25px;\n}\n.av-special-heading.av-av_heading-44b8dd205d428e6963234cc4bc5e6cc2 .av-subheading{\nfont-size:15px;\n}\n<\/style>\n<div  class='av-special-heading av-av_heading-44b8dd205d428e6963234cc4bc5e6cc2 av-special-heading-h3  avia-builder-el-13  avia-builder-el-no-sibling '><h3 class='av-special-heading-tag '  itemprop=\"headline\"  >Kategorie AV produkt\u016f<\/h3><div class=\"special-heading-border\"><div class=\"special-heading-inner-border\"><\/div><\/div><\/div><\/div>\n<div  class='avia-logo-element-container av-av_partner-1459a6eb10c741a5a85eb4a35eef52e6 av-border-deactivate avia-logo-slider avia-content-slider avia-smallarrow-slider avia-content-slider-active noHover avia-content-slider-odd  avia-builder-el-14  el_after_av_one_full  avia-builder-el-last  av-slideshow-ui av-control-default av-nav-arrows-visible av-nav-dots-visible av-no-slider-navigation av-slideshow-autoplay av-loop-endless av-loop-manual-endless avia-content-slider2' data-slideshow-options=\"{&quot;animation&quot;:&quot;slide&quot;,&quot;autoplay&quot;:true,&quot;loop_autoplay&quot;:&quot;endless&quot;,&quot;interval&quot;:15,&quot;loop_manual&quot;:&quot;manual-endless&quot;,&quot;autoplay_stopper&quot;:false,&quot;noNavigation&quot;:false,&quot;bg_slider&quot;:false,&quot;keep_padding&quot;:&quot;&quot;,&quot;hoverpause&quot;:false,&quot;show_slide_delay&quot;:0}\"><div class='avia-smallarrow-slider-heading  no-logo-slider-heading '><div class='new-special-heading'>&nbsp;<\/div><div class='avia-slideshow-arrows avia-slideshow-controls' ><a href='#prev' class='prev-slide  avia-svg-icon avia-font-svg_entypo-fontello' data-av_svg_icon='left-open-big' data-av_iconset='svg_entypo-fontello' tabindex='-1' title=\"Previous\"><svg version=\"1.1\" xmlns=\"http:\/\/www.w3.org\/2000\/svg\" width=\"15\" height=\"32\" viewBox=\"0 0 15 32\" preserveAspectRatio=\"xMidYMid meet\" aria-labelledby='av-svg-title-3' aria-describedby='av-svg-desc-3' role=\"graphics-symbol\" aria-hidden=\"true\">\n<title id='av-svg-title-3'>Previous<\/title>\n<desc id='av-svg-desc-3'>Previous<\/desc>\n<path d=\"M14.464 27.84q0.832 0.832 0 1.536-0.832 0.832-1.536 0l-12.544-12.608q-0.768-0.768 0-1.6l12.544-12.608q0.704-0.832 1.536 0 0.832 0.704 0 1.536l-11.456 11.904z\"><\/path>\n<\/svg><span class='avia_hidden_link_text'>Previous<\/span><\/a><a href='#next' class='next-slide  avia-svg-icon avia-font-svg_entypo-fontello' data-av_svg_icon='right-open-big' data-av_iconset='svg_entypo-fontello' tabindex='-1' title=\"Next\"><svg version=\"1.1\" xmlns=\"http:\/\/www.w3.org\/2000\/svg\" width=\"15\" height=\"32\" viewBox=\"0 0 15 32\" preserveAspectRatio=\"xMidYMid meet\" aria-labelledby='av-svg-title-4' aria-describedby='av-svg-desc-4' role=\"graphics-symbol\" aria-hidden=\"true\">\n<title id='av-svg-title-4'>Next<\/title>\n<desc id='av-svg-desc-4'>Next<\/desc>\n<path d=\"M0.416 27.84l11.456-11.84-11.456-11.904q-0.832-0.832 0-1.536 0.832-0.832 1.536 0l12.544 12.608q0.768 0.832 0 1.6l-12.544 12.608q-0.704 0.832-1.536 0-0.832-0.704 0-1.536z\"><\/path>\n<\/svg><span class='avia_hidden_link_text'>Next<\/span><\/a><\/div><\/div><div class=\"avia-content-slider-inner\"><div class=\"slide-entry-wrap\"><div  class='slide-entry av-av_partner_logo-e8f55cbdee453b4018fe21ebda55d91e flex_column no_margin av_one_seventh real-thumbnail post-entry slide-entry-overview slide-loop-1 slide-parity-odd  first'><\/div><div  class='slide-entry av-av_partner_logo-5f7d1bc965efb06e661d8a2303dccea6 flex_column no_margin av_one_seventh real-thumbnail post-entry slide-entry-overview slide-loop-2 slide-parity-even  '><\/div><div  class='slide-entry av-av_partner_logo-c7615a0045c165cadca50a7a303310a7 flex_column no_margin av_one_seventh real-thumbnail post-entry slide-entry-overview slide-loop-3 slide-parity-odd  '><\/div><div  class='slide-entry av-av_partner_logo-83cb30dac4191c7ab9b060c4dd98c34b flex_column no_margin av_one_seventh real-thumbnail post-entry slide-entry-overview slide-loop-4 slide-parity-even  '><\/div><div  class='slide-entry av-av_partner_logo-5dcc993cdb0d6f9bddc2093feca929cc flex_column no_margin av_one_seventh real-thumbnail post-entry slide-entry-overview slide-loop-5 slide-parity-odd  '><\/div><div  class='slide-entry av-av_partner_logo-c01c815f2a0de80ff1e1706fcc366159 flex_column no_margin av_one_seventh real-thumbnail post-entry slide-entry-overview slide-loop-6 slide-parity-even  '><\/div><div  class='slide-entry av-av_partner_logo-a2e65fed8fcdd0f851c0327af40179e9 flex_column no_margin av_one_seventh real-thumbnail post-entry slide-entry-overview slide-loop-7 slide-parity-odd  '><\/div><\/div><div class=\"slide-entry-wrap\"><div  class='slide-entry av-av_partner_logo-ec3d7b03dfb9b5ea276b163df0858163 flex_column no_margin av_one_seventh real-thumbnail post-entry slide-entry-overview slide-loop-8 slide-parity-odd  first'><\/div><div  class='slide-entry av-av_partner_logo-f1d9a8220ab41af80a680c87d1636586 flex_column no_margin av_one_seventh real-thumbnail post-entry slide-entry-overview slide-loop-9 slide-parity-even  '><\/div><div  class='slide-entry av-av_partner_logo-f3279cfa47e8999707f571065ce9fc1b flex_column no_margin av_one_seventh real-thumbnail post-entry slide-entry-overview slide-loop-10 slide-parity-odd  '><\/div><div  class='slide-entry av-av_partner_logo-c235dd372b6a3edcb597462c7a04cb2b flex_column no_margin av_one_seventh real-thumbnail post-entry slide-entry-overview slide-loop-11 slide-parity-even  '><\/div><div  class='slide-entry av-av_partner_logo-059684381172302b09804e77954f70e5 flex_column no_margin av_one_seventh real-thumbnail post-entry slide-entry-overview slide-loop-12 slide-parity-odd  '><\/div><div  class='slide-entry av-av_partner_logo-fb53815d78ee33b5c0945e27ab726c33 flex_column no_margin av_one_seventh real-thumbnail post-entry slide-entry-overview slide-loop-13 slide-parity-even  '><\/div><div  class='slide-entry av-av_partner_logo-22820505c1db41fc0b7e789ae941068d flex_column no_margin av_one_seventh real-thumbnail post-entry slide-entry-overview slide-loop-14 slide-parity-odd  '><\/div><\/div><div class=\"slide-entry-wrap\"><div  class='slide-entry av-av_partner_logo-e281b7af139545ffbf3ebb4de59e518d flex_column no_margin av_one_seventh real-thumbnail post-entry slide-entry-overview slide-loop-15 slide-parity-odd  first'><\/div><div  class='slide-entry av-av_partner_logo-54014891b70fc7c3ba50c1c8e34a3d62 flex_column no_margin av_one_seventh real-thumbnail post-entry slide-entry-overview slide-loop-16 slide-parity-even  '><\/div><div  class='slide-entry av-av_partner_logo-69623ba5f9bcab33fc615cdba4979754 flex_column no_margin av_one_seventh real-thumbnail post-entry slide-entry-overview slide-loop-17 slide-parity-odd  '><\/div><div  class='slide-entry av-av_partner_logo-4b3baed336756e5749cf208d9179d5ad flex_column no_margin av_one_seventh real-thumbnail post-entry slide-entry-overview slide-loop-18 slide-parity-even  '><\/div><div  class='slide-entry av-av_partner_logo-bba0d2c772bc3174216944d318666396 flex_column no_margin av_one_seventh real-thumbnail post-entry slide-entry-overview slide-loop-19 slide-parity-odd  '><\/div><div  class='slide-entry av-av_partner_logo-1196680127e24a26e47931777d7a49e7 flex_column no_margin av_one_seventh real-thumbnail post-entry slide-entry-overview slide-loop-20 slide-parity-even  '><\/div><div  class='slide-entry av-av_partner_logo-f3446f82621ac37cfcbc1ea9175ba6b7 flex_column no_margin av_one_seventh real-thumbnail post-entry slide-entry-overview slide-loop-21 slide-parity-odd  '><\/div><\/div><div class=\"slide-entry-wrap\"><div  class='slide-entry av-av_partner_logo-93d9d11f264c411d0352b02bec335549 flex_column no_margin av_one_seventh real-thumbnail post-entry slide-entry-overview slide-loop-22 slide-parity-odd  first'><\/div><div  class='slide-entry av-av_partner_logo-77701d4689c7d113b9a02cfbfced00d4 flex_column no_margin av_one_seventh real-thumbnail post-entry slide-entry-overview slide-loop-23 slide-parity-even  '><\/div><div  class='slide-entry av-av_partner_logo-9455e47dc6f68476088ea897460762a9 flex_column no_margin av_one_seventh real-thumbnail post-entry slide-entry-overview slide-loop-24 slide-parity-odd post-entry-last '><\/div><\/div><\/div><\/div>\n","protected":false},"excerpt":{"rendered":"<p>This is a Page excerpt. It will be displayed for search results<\/p>\n","protected":false},"author":1,"featured_media":0,"parent":0,"menu_order":0,"comment_status":"closed","ping_status":"closed","template":"","meta":{"footnotes":""},"class_list":["post-9575","page","type-page","status-publish","hentry"],"aioseo_notices":[],"jetpack_sharing_enabled":true,"_links":{"self":[{"href":"https:\/\/www.altei.cz\/hifi\/wp-json\/wp\/v2\/pages\/9575","targetHints":{"allow":["GET"]}}],"collection":[{"href":"https:\/\/www.altei.cz\/hifi\/wp-json\/wp\/v2\/pages"}],"about":[{"href":"https:\/\/www.altei.cz\/hifi\/wp-json\/wp\/v2\/types\/page"}],"author":[{"embeddable":true,"href":"https:\/\/www.altei.cz\/hifi\/wp-json\/wp\/v2\/users\/1"}],"replies":[{"embeddable":true,"href":"https:\/\/www.altei.cz\/hifi\/wp-json\/wp\/v2\/comments?post=9575"}],"version-history":[{"count":0,"href":"https:\/\/www.altei.cz\/hifi\/wp-json\/wp\/v2\/pages\/9575\/revisions"}],"wp:attachment":[{"href":"https:\/\/www.altei.cz\/hifi\/wp-json\/wp\/v2\/media?parent=9575"}],"curies":[{"name":"wp","href":"https:\/\/api.w.org\/{rel}","templated":true}]}}