{"id":36990,"date":"2022-02-08T23:09:37","date_gmt":"2022-02-08T22:09:37","guid":{"rendered":"https:\/\/www.altei.cz\/hifi\/?post_type=product&#038;p=36990"},"modified":"2026-02-24T15:32:14","modified_gmt":"2026-02-24T14:32:14","slug":"roon-nucleus","status":"publish","type":"product","link":"https:\/\/www.altei.cz\/hifi\/produkt\/roon-nucleus\/","title":{"rendered":"Roon Nucleus"},"content":{"rendered":"<p class=\"\">Roon Nucleus je hudebn\u00ed server, kter\u00fd poskytuje tich\u00e9, vysoce v\u00fdkonn\u00e9 a energeticky \u00fasporn\u00e9 j\u00e1dro <a href=\"https:\/\/roon.app\/en\/pricing\" target=\"_blank\" rel=\"noopener\">Roon<\/a>. <span class=\"\" lang=\"cs\">Toto za\u0159\u00edzen\u00ed je vyj\u00edme\u010dn\u00e9 v\u00fdkonem, flexibilitou a robustnost\u00ed podpory metadat. <\/span><span class=\"\" lang=\"cs\">Nucleus je t\u00edm nejjednodu\u0161\u0161\u00edm a nejrychlej\u0161\u00edm zp\u016fsobem, jak rozb\u011bhnout v\u00e1\u0161 Roon syst\u00e9m. Nepot\u0159ebujete \u017e\u00e1dn\u00e9 po\u010d\u00edta\u010dov\u00e9 nebo s\u00ed\u0165ov\u00e9 znalosti. Do va\u0161eho <\/span><span class=\"\" lang=\"cs\">multiroom ozvu\u010den\u00ed je mo\u017eno integrovat jak\u00e9koli audio za\u0159\u00edzen\u00ed nebo reproduktory s nativn\u00ed podporou Bluetooth, Roon RAAT, AirPlay, GoogleCast, Chromecast. \u0160pi\u010dkov\u00e9 streamovac\u00ed hudebn\u00ed slu\u017eby Tidal a Qobuz jsou takt\u00e9\u017e pln\u011b podporov\u00e1ny, tak\u017ee jejich p\u0159edplatitel\u00e9 mohou t\u011b\u017eit z u\u017eivatelsk\u00e9ho rozhran\u00ed Roonu a jeho bezedn\u00e9 studnice metadat (recenze, texty, biografie um\u011blc\u016f, \u017e\u00e1nrov\u00e9 klasifikace, alba, data vyd\u00e1n\u00ed, data nahr\u00e1v\u00e1n\u00ed, a dokonce i \u017eiv\u00e9 koncerty). Pokud vlastn\u00edte AV receiver nebo podobn\u00e9 za\u0159\u00edzen\u00ed s HDMI vstupem, m\u016f\u017eete vyu\u017e\u00edt jednoho ze dvou HDMI konektor\u016f, kter\u00e9 podporuj\u00ed stereofonn\u00ed i v\u00edcekan\u00e1lov\u00fd audio v\u00fdstup. Samoz\u0159ejmost\u00ed je schopnost p\u0159ehr\u00e1vat hudbu i ze st\u00e1vaj\u00edc\u00edho lok\u00e1ln\u00edho \u00falo\u017ei\u0161t\u011b, jak\u00fdm je t\u0159eba NAS. Nucleus je vybaven DSP, ale n\u011bkter\u00e9 DSP funkce nemus\u00ed b\u00fdt v t\u00e9to verzi dostupn\u00e9. Pro plnou DSP + DSD funk\u010dnost pot\u0159ebujete model Roon Nucleus Titan. Cel\u00fd syst\u00e9m se snadno ovl\u00e1d\u00e1 pomoc\u00ed aplikace pro mobiln\u00ed za\u0159\u00edzen\u00ed (iOS, Android) a po\u010d\u00edta\u010de Mac, Windows, Linux. Sou\u010d\u00e1st\u00ed produktu je ro\u010dn\u00ed p\u0159edplatn\u00e9 licence softwaru Roon.<\/span><\/p>\n<p class=\"\">Roon Nucleus nab\u00edz\u00ed kapacitu digit\u00e1ln\u00ed hudebn\u00ed knihovny a\u017e do max. 10 000 alb nebo do 100 000 skladeb, multiroom funkci a\u017e do maxim\u00e1ln\u011b 6 simult\u00e1nn\u011b funguj\u00edc\u00edch z\u00f3n. Server je mo\u017eno dovybavit za p\u0159\u00edplatek intern\u00edm \u00falo\u017ei\u0161t\u011bm (HDD nebo SSD 2,5&#8243;), kter\u00e9 v\u00e1m r\u00e1di namontujeme.<\/p>\n<p>&nbsp;<\/p>\n","protected":false},"excerpt":{"rendered":"<h4 class=\"ls-l-1\">S\u00ed\u0165ov\u00fd hudebn\u00ed server s DSP<\/h4>\n","protected":false},"featured_media":36992,"comment_status":"closed","ping_status":"closed","template":"","meta":[],"pwb-brand":[174],"product_brand":[],"product_cat":[21,23,24,25],"product_tag":[26,27,28],"class_list":{"0":"post-36990","1":"product","2":"type-product","3":"status-publish","4":"has-post-thumbnail","6":"pwb-brand-roon","7":"product_cat-roon","8":"product_cat-roon-ready","9":"product_cat-roon-tested","10":"product_cat-streamovaci-prehravace","11":"product_tag-dsp","12":"product_tag-hudebni-server","13":"product_tag-sitove-prehravace","15":"first","16":"instock","17":"sale","18":"taxable","19":"shipping-taxable","20":"purchasable","21":"product-type-simple"},"aioseo_notices":[],"jetpack_sharing_enabled":true,"brands":[{"id":174,"name":"Roon","slug":"roon"}],"_links":{"self":[{"href":"https:\/\/www.altei.cz\/hifi\/wp-json\/wp\/v2\/product\/36990","targetHints":{"allow":["GET"]}}],"collection":[{"href":"https:\/\/www.altei.cz\/hifi\/wp-json\/wp\/v2\/product"}],"about":[{"href":"https:\/\/www.altei.cz\/hifi\/wp-json\/wp\/v2\/types\/product"}],"replies":[{"embeddable":true,"href":"https:\/\/www.altei.cz\/hifi\/wp-json\/wp\/v2\/comments?post=36990"}],"wp:featuredmedia":[{"embeddable":true,"href":"https:\/\/www.altei.cz\/hifi\/wp-json\/wp\/v2\/media\/36992"}],"wp:attachment":[{"href":"https:\/\/www.altei.cz\/hifi\/wp-json\/wp\/v2\/media?parent=36990"}],"wp:term":[{"taxonomy":"pwb-brand","embeddable":true,"href":"https:\/\/www.altei.cz\/hifi\/wp-json\/wp\/v2\/pwb-brand?post=36990"},{"taxonomy":"product_brand","embeddable":true,"href":"https:\/\/www.altei.cz\/hifi\/wp-json\/wp\/v2\/product_brand?post=36990"},{"taxonomy":"product_cat","embeddable":true,"href":"https:\/\/www.altei.cz\/hifi\/wp-json\/wp\/v2\/product_cat?post=36990"},{"taxonomy":"product_tag","embeddable":true,"href":"https:\/\/www.altei.cz\/hifi\/wp-json\/wp\/v2\/product_tag?post=36990"}],"curies":[{"name":"wp","href":"https:\/\/api.w.org\/{rel}","templated":true}]}}