{"id":37099,"date":"2022-02-09T16:42:00","date_gmt":"2022-02-09T15:42:00","guid":{"rendered":"https:\/\/www.altei.cz\/hifi\/?post_type=product&#038;p=37099"},"modified":"2026-03-18T22:50:13","modified_gmt":"2026-03-18T21:50:13","slug":"ta-a-3000-hv","status":"publish","type":"product","link":"https:\/\/www.altei.cz\/hifi\/produkt\/ta-a-3000-hv\/","title":{"rendered":"T+A A 3000 HV"},"content":{"rendered":"\n<style type=\"text\/css\" data-created_by=\"avia_inline_auto\" id=\"style-css-av-ufomsc-3778971887161dfd76a604c62d6a7fd0\">\n.flex_column.av-ufomsc-3778971887161dfd76a604c62d6a7fd0{\nborder-radius:0px 0px 0px 0px;\npadding:0px 0px 0px 0px;\n}\n<\/style>\n<div  class='flex_column av-ufomsc-3778971887161dfd76a604c62d6a7fd0 av_one_full  avia-builder-el-0  avia-builder-el-no-sibling  first flex_column_div av-zero-column-padding  '     ><section  class='av_textblock_section av-jrqk2ajk-3801cb87af272ec5305a12b5981d3d06 '   itemscope=\"itemscope\" itemtype=\"https:\/\/schema.org\/CreativeWork\" ><div class='avia_textblock'  itemprop=\"text\" ><p>A 3000 HV je v\u00fdkonov\u00fd zesilova\u010d (2 x 500 W) a ide\u00e1ln\u00ed dopln\u011bk p\u0159edzesilova\u010de <a title=\"T+A P 3100HV\" href=\"https:\/\/www.altei.cz\/altei-shop\/ta-p-3100-hv\/\">P 3100 HV<\/a>. Je navr\u017een jako stereofonn\u00ed v\u00fdkonov\u00fd zesilova\u010d, ale lze jej tak\u00e9 nakonfigurovat tak, aby pracoval v mono re\u017eimu, ve kter\u00e9m je schopen dod\u00e1vat dvojn\u00e1sobn\u00fd proud a zdvojn\u00e1sobuje \u010dist\u00fd re\u017eim t\u0159\u00eddy A. D\u00edky technologii HV nab\u00edz\u00ed tento koncov\u00fd stupe\u0148 vynikaj\u00edc\u00ed zvukov\u00e9 vlastnosti, stejn\u011b jako neuv\u011b\u0159iteln\u00fd v\u00fdkon a p\u0159ednes &#8211; standard, kter\u00fd nep\u0159ekonaj\u00ed ani mnohem dra\u017e\u0161\u00ed zesilova\u010de. Princip rozd\u011blen\u00ed syst\u00e9mu na samostatn\u00fd p\u0159edzesilova\u010d a v\u00fdkonov\u00fd zesilova\u010d dal v\u00fdvojov\u00e9mu t\u00fdmu T+A p\u0159\u00edle\u017eitost implementovat ty nejlep\u0161\u00ed mo\u017en\u00e9 n\u00e1vrhy obvod\u016f a vyu\u017eit\u00ed technologie, ani\u017e by bylo nutn\u00e9 br\u00e1t v \u00favahu prostorov\u00e1 omezen\u00ed a rozm\u011bry. To plat\u00ed jak pro elektronick\u00e9 sou\u010d\u00e1stky, tak pro mechanickou konstrukci sk\u0159\u00edn\u011b, proto\u017ee &#8211; pokud je c\u00edlem dos\u00e1hnout co nejlep\u0161\u00edho zvuku &#8211; po\u017eadavky p\u0159edzesilova\u010de se z\u00e1sadn\u011b li\u0161\u00ed od po\u017eadavk\u016f v\u00fdkonov\u00e9ho zesilova\u010de: p\u0159edzesilova\u010de zpracov\u00e1vaj\u00ed relativn\u011b slab\u00e9 sign\u00e1ly a rozhoduj\u00edc\u00edm aspektem jejich konstrukce je zamezen\u00ed indukovan\u00e9mu a jin\u00e9mu ru\u0161en\u00ed; v\u00fdkonov\u00fd zesilova\u010d se naopak mus\u00ed vyrovnat s relativn\u011b siln\u00fdmi sign\u00e1ly a mnohem d\u016fle\u017eit\u011bj\u0161\u00ed je stabilita nap\u00e1jec\u00edho zdroje, jeho aktu\u00e1ln\u00ed kapacita a v\u00fdkon nez\u00e1visl\u00fd na z\u00e1t\u011b\u017ei. Mo\u017enosti roz\u0161\u00ed\u0159en\u00ed: Extern\u00ed nap\u00e1jec\u00ed zdroj <strong><a title=\"T+A PS 3000HV\" href=\"https:\/\/www.altei.cz\/altei-shop\/ta-ps-3000-hv\/\">PS 3000 HV<\/a><\/strong> , <a title=\"T+A HV-INDIVIDUAL\" href=\"https:\/\/www.altei.cz\/ta-hifi-hv-individual\/\">individu\u00e1ln\u00ed povrchov\u00e1 \u00faprava<\/a> (<a title=\"T+A HV Individual\" href=\"https:\/\/www.altei.cz\/altei-shop\/ta-individual-ral\/\">T+A HV Individual<\/a> a <a title=\"T+A HV Individual Metal\" href=\"https:\/\/www.altei.cz\/altei-shop\/ta-individual-metal\/\">metalick\u00e9 barvy<\/a>), tvrd\u00fd transportn\u00ed kufr (flight case). Bez d\u00e1lkov\u00e9ho ovl\u00e1d\u00e1n\u00ed.<\/p>\n<div class=\"text-wrap tlid-copy-target\">\n<div><\/div>\n<div><\/div>\n<div class=\"result-shield-container tlid-copy-target\"><span class=\"tlid-translation translation\"><span class=\"tlid-translation translation\">\u0158ada HV (High Voltage) je skute\u010dn\u00fdm zt\u011blesn\u011bn\u00edm p\u016fvodn\u00edho v\u00fdznamu v\u00fdrazu &#8222;high-end&#8220;: inovativn\u00ed technologie, nekompromisn\u00ed konstrukce a absolutn\u011b \u0161pi\u010dkov\u00fd v\u00fdkon.<\/span><\/span><\/div>\n<div class=\"result-shield-container tlid-copy-target\"><span class=\"tlid-translation translation\"><span class=\"tlid-translation translation\"><br \/>\nPro s\u00e9rii HV byla vyvinuta cel\u00e1 \u0159ada unik\u00e1tn\u00edch \u0161pi\u010dkov\u00fdch technologi\u00ed, kter\u00e9 nab\u00edz\u00ed v\u00fdhradn\u011b T+A: zesilova\u010de pracuj\u00ed p\u0159i velmi vysok\u00e9m nap\u011bt\u00ed a maj\u00ed tedy podstatn\u011b v\u00edce line\u00e1rn\u00ed charakter ne\u017e tradi\u010dn\u00ed obvodov\u00e9 \u0159e\u0161en\u00ed, p\u0159ehr\u00e1va\u010de jsou vybaveny samostatn\u00fdmi vysoce v\u00fdkonn\u00fdmi m\u011bni\u010di pro PCM a DSD, obvody pro digit\u00e1ln\u00ed a analogov\u00e9 zpracov\u00e1n\u00ed sign\u00e1lu jsou konzistentn\u011b odd\u011bleny od sebe a specifick\u00e9 podsestavy jsou odd\u011bleny i galvanicky. V\u0161echna za\u0159\u00edzen\u00ed maj\u00ed pln\u011b separovan\u00e9 kan\u00e1ly a jsou navr\u017eena na principu dual mono. Zapojen\u00ed jsou pln\u011b diskr\u00e9tn\u00ed, bez vyu\u017eit\u00ed opera\u010dn\u00edch zesilova\u010d\u016f. V\u00fdstupn\u00ed v\u00fdkon zesilova\u010d\u016f je a\u017e 500 watt\u016f na kan\u00e1l. Mechanick\u00e1 konstrukce v\u0161ech pouzder je mimo\u0159\u00e1dn\u011b sofistikovan\u00e1, zalo\u017een\u00e1 na vnit\u0159n\u00edm r\u00e1mu o tlou\u0161\u0165ce 10 mm vyroben\u00e9m z hlin\u00edkov\u00e9 desky. V\u0161echny sou\u010d\u00e1sti pouzdra jsou vyrobeny z \u010dist\u00e9ho hlin\u00edku, n\u011bkter\u00e9 jsou vyfr\u00e9zov\u00e1ny z masivn\u00edho bloku. Z\u00e1sadn\u011b nejsou pou\u017e\u00edv\u00e1ny \u017e\u00e1dn\u00e9 feromagnetick\u00e9 sou\u010d\u00e1sti.<\/span><\/span><\/div>\n<\/div>\n<div>\n<div class=\"table-body active\" data-toggle-target=\"table-5-1\">\n<div class=\"table-row\"><\/div>\n<\/div>\n<div class=\"table-body active\" data-toggle-target=\"table-5-1\">\n<div class=\"table-row\">\n<div class=\"table-cell t-cell-6\"><\/div>\n<\/div>\n<\/div>\n<\/div>\n<div class=\"tlid-result-transliteration-container result-transliteration-container transliteration-container\">\n<div class=\"tlid-transliteration-content transliteration-content full\"><\/div>\n<\/div>\n<\/div><\/section><\/div>\n","protected":false},"excerpt":{"rendered":"<h4 class=\"ls-l-1\">V\u00fdkonov\u00fd zesilova\u010d<\/h4>\n","protected":false},"featured_media":37156,"comment_status":"closed","ping_status":"closed","template":"","meta":[],"pwb-brand":[152],"product_brand":[],"product_cat":[31,41,133],"product_tag":[66,67,68,38,69],"class_list":{"0":"post-37099","1":"product","2":"type-product","3":"status-publish","4":"has-post-thumbnail","6":"pwb-brand-ta","7":"product_cat-ta","8":"product_cat-ta-hv","9":"product_cat-zesilovace-high-end-audio","10":"product_tag-hi-fi","11":"product_tag-high-voltage","12":"product_tag-hv-technologie","13":"product_tag-ta-hifi","14":"product_tag-zesilovac","16":"first","17":"onbackorder","18":"taxable","19":"shipping-taxable","20":"purchasable","21":"product-type-simple"},"aioseo_notices":[],"jetpack_sharing_enabled":true,"brands":[{"id":152,"name":"T+A","slug":"ta"}],"_links":{"self":[{"href":"https:\/\/www.altei.cz\/hifi\/wp-json\/wp\/v2\/product\/37099","targetHints":{"allow":["GET"]}}],"collection":[{"href":"https:\/\/www.altei.cz\/hifi\/wp-json\/wp\/v2\/product"}],"about":[{"href":"https:\/\/www.altei.cz\/hifi\/wp-json\/wp\/v2\/types\/product"}],"replies":[{"embeddable":true,"href":"https:\/\/www.altei.cz\/hifi\/wp-json\/wp\/v2\/comments?post=37099"}],"wp:featuredmedia":[{"embeddable":true,"href":"https:\/\/www.altei.cz\/hifi\/wp-json\/wp\/v2\/media\/37156"}],"wp:attachment":[{"href":"https:\/\/www.altei.cz\/hifi\/wp-json\/wp\/v2\/media?parent=37099"}],"wp:term":[{"taxonomy":"pwb-brand","embeddable":true,"href":"https:\/\/www.altei.cz\/hifi\/wp-json\/wp\/v2\/pwb-brand?post=37099"},{"taxonomy":"product_brand","embeddable":true,"href":"https:\/\/www.altei.cz\/hifi\/wp-json\/wp\/v2\/product_brand?post=37099"},{"taxonomy":"product_cat","embeddable":true,"href":"https:\/\/www.altei.cz\/hifi\/wp-json\/wp\/v2\/product_cat?post=37099"},{"taxonomy":"product_tag","embeddable":true,"href":"https:\/\/www.altei.cz\/hifi\/wp-json\/wp\/v2\/product_tag?post=37099"}],"curies":[{"name":"wp","href":"https:\/\/api.w.org\/{rel}","templated":true}]}}