{"id":37108,"date":"2022-02-09T16:42:01","date_gmt":"2022-02-09T15:42:01","guid":{"rendered":"https:\/\/www.altei.cz\/hifi\/?post_type=product&#038;p=37108"},"modified":"2026-03-18T23:00:39","modified_gmt":"2026-03-18T22:00:39","slug":"ta-mp-3100-hv","status":"publish","type":"product","link":"https:\/\/www.altei.cz\/hifi\/produkt\/ta-mp-3100-hv\/","title":{"rendered":"T+A MP 3100 HV G3"},"content":{"rendered":"\n<style type=\"text\/css\" data-created_by=\"avia_inline_auto\" id=\"style-css-av-ufomsc-3778971887161dfd76a604c62d6a7fd0\">\n.flex_column.av-ufomsc-3778971887161dfd76a604c62d6a7fd0{\nborder-radius:0px 0px 0px 0px;\npadding:0px 0px 0px 0px;\n}\n<\/style>\n<div  class='flex_column av-ufomsc-3778971887161dfd76a604c62d6a7fd0 av_one_full  avia-builder-el-0  avia-builder-el-no-sibling  first flex_column_div av-zero-column-padding  '     ><section  class='av_textblock_section av-jrqk2ajk-3801cb87af272ec5305a12b5981d3d06 '   itemscope=\"itemscope\" itemtype=\"https:\/\/schema.org\/CreativeWork\" ><div class='avia_textblock'  itemprop=\"text\" ><div class=\"text-wrap tlid-copy-target\">\n<div>T+A MP 3100 HV je multizdrojov\u00fd SACD\/CD p\u0159ehr\u00e1va\u010d s DSD\/PCM DA p\u0159evodn\u00edkem. Zdroje: SACD\/CD, tuner FM\/FM-HD\/DAB+, internetov\u00fd rozhlas, G3 klient pro streamy s vysok\u00fdm rozli\u0161en\u00edm s podporou slu\u017eeb Quobuz a Tidal a pro streamov\u00e1n\u00ed p\u0159es Bluetooth a digit\u00e1ln\u00ed audio vstupy. DA p\u0159evodn\u00edk: PCM dvojit\u00fd diferenci\u00e1ln\u00ed \u010dty\u0159n\u00e1sobn\u00fd p\u0159evodn\u00edk a\u017e do 32bit\/384 kHz, DSD 512 (22 MHz) s nativn\u00edm 1 bitov\u00fdm T+A p\u0159evodem. V\u00fdstupn\u00ed obvody v proveden\u00ed &#8222;double mono&#8220; s omezovac\u00edm HP filtrem 120kHz<\/div>\n<div class=\"result-shield-container tlid-copy-target\"><span class=\"tlid-translation translation\"><span class=\"tlid-translation translation\">DA p\u0159evodn\u00edk: PCM 32 bit \/ 768 kHz dvojit\u00fd diferenci\u00e1ln\u00ed \u010dty\u0159n\u00e1sobn\u00fd p\u0159evodn\u00edk, DSD 1024 (49,2 MHz) nativn\u00ed 1 bitov\u00fd p\u0159evod | Odstup s\/\u0161 &gt; 117 dB | Zdroje: tuner FM\/FM-HD\/DAB+, internetov\u00fd rozhlas, klient pro streamy s vysok\u00fdm rozli\u0161en\u00edm s podporou slu\u017eeb Tidal, Qobuz a Deezer | Vstupy: AES-EBU, BNC, koaxi\u00e1l, Toslink, USB DAC (USB Audio t\u0159\u00eddy 3.0), USB Host (HDD), HDMI, LAN (NAA Network Audio Adapter), W-LAN, High Res IPApro spojen\u00ed s PDT 3100 HV | Sluch\u00e1tkov\u00fd zesilova\u010d s konektory PENTACON a Jack 6,3mm | Rel\u00e9ov\u00fd regul\u00e1tor hlasitosti | Hmotnost 26 kg | Rozm\u011bry (V x \u0160 x H): 17 x 46 x 46 cm | I\u010c d\u00e1lkov\u00e9 ovl\u00e1d\u00e1n\u00ed F3001 | Tvrd\u00fd transportn\u00ed kufr. \u0158ada HV (High Voltage) je skute\u010dn\u00fdm zt\u011blesn\u011bn\u00edm p\u016fvodn\u00edho v\u00fdznamu v\u00fdrazu &#8222;high-end&#8220;: inovativn\u00ed technologie, nekompromisn\u00ed konstrukce a absolutn\u011b \u0161pi\u010dkov\u00fd v\u00fdkon.<\/span><\/span><\/div>\n<div class=\"result-shield-container tlid-copy-target\"><span class=\"tlid-translation translation\"><span class=\"tlid-translation translation\"><br \/>\nPro s\u00e9rii HV byla vyvinuta cel\u00e1 \u0159ada unik\u00e1tn\u00edch \u0161pi\u010dkov\u00fdch technologi\u00ed, kter\u00e9 nab\u00edz\u00ed v\u00fdhradn\u011b T+A: zesilova\u010de pracuj\u00ed p\u0159i velmi vysok\u00e9m nap\u011bt\u00ed a maj\u00ed tedy podstatn\u011b v\u00edce line\u00e1rn\u00ed charakter ne\u017e tradi\u010dn\u00ed obvodov\u00e9 \u0159e\u0161en\u00ed; p\u0159ehr\u00e1va\u010de jsou vybaveny samostatn\u00fdmi vysoce v\u00fdkonn\u00fdmi m\u011bni\u010di pro PCM a DSD, obvody pro digit\u00e1ln\u00ed a analogov\u00e9 zpracov\u00e1n\u00ed sign\u00e1lu jsou konzistentn\u011b odd\u011bleny od sebe a specifick\u00e9 podsestavy jsou odd\u011bleny i galvanicky. V\u0161echna za\u0159\u00edzen\u00ed maj\u00ed pln\u011b separovan\u00e9 kan\u00e1ly a jsou navr\u017eena na principu dual mono. Zapojen\u00ed jsou pln\u011b diskr\u00e9tn\u00ed, bez vyu\u017eit\u00ed opera\u010dn\u00edch zesilova\u010d\u016f. V\u00fdstupn\u00ed v\u00fdkon zesilova\u010d\u016f je a\u017e 500 watt\u016f na kan\u00e1l. Mechanick\u00e1 konstrukce v\u0161ech pouzder je mimo\u0159\u00e1dn\u011b sofistikovan\u00e1, zalo\u017een\u00e1 na vnit\u0159n\u00edm r\u00e1mu o tlou\u0161\u0165ce 10 mm vyroben\u00e9m z hlin\u00edkov\u00e9 desky. V\u0161echny sou\u010d\u00e1sti pouzdra jsou vyrobeny z \u010dist\u00e9ho hlin\u00edku, n\u011bkter\u00e9 jsou vyfr\u00e9zov\u00e1ny z masivn\u00edho bloku. Z\u00e1sadn\u011b nejsou pou\u017e\u00edv\u00e1ny \u017e\u00e1dn\u00e9 feromagnetick\u00e9 sou\u010d\u00e1sti.<\/span><\/span><\/div>\n<\/div>\n<div><\/div>\n<div><span class=\"tlid-translation translation\" lang=\"cs\">Za\u0159\u00edzen\u00ed je takt\u00e9\u017e mo\u017en\u00e9 ovl\u00e1dat pomoc\u00ed aplikace T+A MusicNavigator, kter\u00e1 je k dispozici v <a href=\"https:\/\/apps.apple.com\/cz\/app\/t-a-musicnavigator\/id1326150970?l=cs\">App Store<\/a> a <a href=\"https:\/\/play.google.com\/store\/apps\/details?id=de.tahifi.musicnavigator.ui\">Google Play<\/a>.<\/span><\/div>\n<div>\n<div class=\"table-body active\" data-toggle-target=\"table-5-1\">\n<div class=\"table-row\"><\/div>\n<\/div>\n<div class=\"table-body active\" data-toggle-target=\"table-5-1\">\n<div class=\"table-row\">\n<div class=\"table-cell t-cell-6\"><\/div>\n<\/div>\n<\/div>\n<\/div>\n<div class=\"tlid-result-transliteration-container result-transliteration-container transliteration-container\">\n<div class=\"tlid-transliteration-content transliteration-content full\"><\/div>\n<\/div>\n<\/div><\/section><\/div>\n","protected":false},"excerpt":{"rendered":"<h4 class=\"ls-l-1\">Multizdrojov\u00fd SACD\/CD p\u0159ehr\u00e1va\u010d s DSD\/PCM DA p\u0159evodn\u00edkem<\/h4>\n","protected":false},"featured_media":37149,"comment_status":"closed","ping_status":"closed","template":"","meta":[],"pwb-brand":[152],"product_brand":[],"product_cat":[40,39,23,24,95,25,31,41,32],"product_tag":[42,43,44,45,46,47,48,33,49,50,51,52,53,54,55,36,56,57,58,38,59,60,61,62],"class_list":{"0":"post-37108","1":"product","2":"type-product","3":"status-publish","4":"has-post-thumbnail","6":"pwb-brand-ta","7":"product_cat-audio-prevodniky","8":"product_cat-cd-prehravace","9":"product_cat-roon-ready","10":"product_cat-roon-tested","11":"product_cat-sacd-prehravace","12":"product_cat-streamovaci-prehravace","13":"product_cat-ta","14":"product_cat-ta-hv","15":"product_cat-ta-roon","16":"product_tag-aac","17":"product_tag-aiff","18":"product_tag-alac","19":"product_tag-asynchronni","20":"product_tag-bluetooth","21":"product_tag-cd-prehravac","22":"product_tag-dab","23":"product_tag-dac","24":"product_tag-dsd","25":"product_tag-flac","26":"product_tag-fm-tuner","27":"product_tag-internetove-radio","28":"product_tag-mp3","29":"product_tag-pcm","30":"product_tag-qobuz","31":"product_tag-roon-ready","32":"product_tag-sacd-prehravac","33":"product_tag-streaming","34":"product_tag-symetricky","35":"product_tag-ta-hifi","36":"product_tag-tidal","37":"product_tag-usb","38":"product_tag-wav","39":"product_tag-wma","41":"first","42":"onbackorder","43":"taxable","44":"shipping-taxable","45":"purchasable","46":"product-type-simple"},"aioseo_notices":[],"jetpack_sharing_enabled":true,"brands":[{"id":152,"name":"T+A","slug":"ta"}],"_links":{"self":[{"href":"https:\/\/www.altei.cz\/hifi\/wp-json\/wp\/v2\/product\/37108","targetHints":{"allow":["GET"]}}],"collection":[{"href":"https:\/\/www.altei.cz\/hifi\/wp-json\/wp\/v2\/product"}],"about":[{"href":"https:\/\/www.altei.cz\/hifi\/wp-json\/wp\/v2\/types\/product"}],"replies":[{"embeddable":true,"href":"https:\/\/www.altei.cz\/hifi\/wp-json\/wp\/v2\/comments?post=37108"}],"wp:featuredmedia":[{"embeddable":true,"href":"https:\/\/www.altei.cz\/hifi\/wp-json\/wp\/v2\/media\/37149"}],"wp:attachment":[{"href":"https:\/\/www.altei.cz\/hifi\/wp-json\/wp\/v2\/media?parent=37108"}],"wp:term":[{"taxonomy":"pwb-brand","embeddable":true,"href":"https:\/\/www.altei.cz\/hifi\/wp-json\/wp\/v2\/pwb-brand?post=37108"},{"taxonomy":"product_brand","embeddable":true,"href":"https:\/\/www.altei.cz\/hifi\/wp-json\/wp\/v2\/product_brand?post=37108"},{"taxonomy":"product_cat","embeddable":true,"href":"https:\/\/www.altei.cz\/hifi\/wp-json\/wp\/v2\/product_cat?post=37108"},{"taxonomy":"product_tag","embeddable":true,"href":"https:\/\/www.altei.cz\/hifi\/wp-json\/wp\/v2\/product_tag?post=37108"}],"curies":[{"name":"wp","href":"https:\/\/api.w.org\/{rel}","templated":true}]}}