{"id":37109,"date":"2022-02-09T16:42:01","date_gmt":"2022-02-09T15:42:01","guid":{"rendered":"https:\/\/www.altei.cz\/hifi\/?post_type=product&#038;p=37109"},"modified":"2026-03-18T22:49:30","modified_gmt":"2026-03-18T21:49:30","slug":"ta-pa-3100-hv","status":"publish","type":"product","link":"https:\/\/www.altei.cz\/hifi\/produkt\/ta-pa-3100-hv\/","title":{"rendered":"T+A PA 3100 HV"},"content":{"rendered":"\n<style type=\"text\/css\" data-created_by=\"avia_inline_auto\" id=\"style-css-av-ufomsc-3778971887161dfd76a604c62d6a7fd0\">\n.flex_column.av-ufomsc-3778971887161dfd76a604c62d6a7fd0{\nborder-radius:0px 0px 0px 0px;\npadding:0px 0px 0px 0px;\n}\n<\/style>\n<div  class='flex_column av-ufomsc-3778971887161dfd76a604c62d6a7fd0 av_one_full  avia-builder-el-0  avia-builder-el-no-sibling  first flex_column_div av-zero-column-padding  '     ><section  class='av_textblock_section av-jrqk2ajk-3801cb87af272ec5305a12b5981d3d06 '   itemscope=\"itemscope\" itemtype=\"https:\/\/schema.org\/CreativeWork\" ><div class='avia_textblock'  itemprop=\"text\" ><p>Integrovan\u00fd zesilova\u010d T+A PA 3100 HV je tak\u00e9 solidn\u011b rychl\u00fd stroj \u2013 pracovn\u00ed p\u00e1smo v\u00fdstupn\u00ed \u010d\u00e1sti je 1 \u2013 150 000 Hz, p\u0159edzesilova\u010d m\u00e1 pracovn\u00ed rozsah dokonce 0,5 \u2013 300 000 Hz. Rychlost p\u0159eb\u011bhu v koncov\u00e9m stupni v\u00fdrobce ud\u00e1v\u00e1 na 60 V \/ uS, odstup sign\u00e1lu a \u0161umu je v\u011bt\u0161\u00ed ne\u017e 115 dB, separaci kan\u00e1l\u016f na v\u00edce ne\u017e 90 dB a zkreslen\u00ed men\u0161\u00ed, ne\u017e 0,03% (v p\u0159edzesilova\u010di 0,001%). Zesilova\u010d trvale dod\u00e1v\u00e1 v\u00fdkon 500 Watt\u016f na kan\u00e1l do z\u00e1t\u011b\u017ee 4 Ohm (ve \u0161pi\u010dk\u00e1ch 700 W), do 8 Ohm 300 Watt\u016f (ve \u0161pi\u010dk\u00e1ch 380 W).<\/p>\n<p>Mechanick\u00e1 konstrukce sk\u0159\u00edn\u011b je mimo\u0159\u00e1dn\u011b sofistikovan\u00e1, zalo\u017een\u00e1 na vnit\u0159n\u00edm r\u00e1mu o tlou\u0161\u0165ce 10 mm vyroben\u00e9m z hlin\u00edkov\u00e9 desky. V\u0161echny sou\u010d\u00e1sti sk\u0159\u00edn\u011b jsou vyrobeny z \u010dist\u00e9ho hlin\u00edku, n\u011bkter\u00e9 jsou vyfr\u00e9zov\u00e1ny z masivn\u00edho bloku &#8211; nap\u0159\u00edklad \u010deln\u00ed panel o tlou\u0161\u0165ce 40 mm. Z\u00e1sadn\u011b nejsou pou\u017e\u00edv\u00e1ny \u017e\u00e1dn\u00e9 feromagnetick\u00e9 sou\u010d\u00e1sti (ani spojovac\u00ed \u0161rouby a pod). \u010celn\u00edmu panelu v\u00e9vod\u00ed tmav\u00fd obd\u00e9ln\u00edk, skr\u00fdvaj\u00edc\u00ed perfektn\u011b \u010diteln\u00fd v\u00edce\u0159\u00e1dkov\u00fd displej s ovlada\u010di a VU metry zobrazuj\u00edc\u00edmi v\u00fdkon generovan\u00fd na kan\u00e1l v logaritmick\u00e9m form\u00e1tu do 4 Ohm\u016f. Vlevo na panelu mohutn\u00fd hlin\u00edkov\u00fd ovlada\u010d, kter\u00fdm si m\u016f\u017eete vybrat zdroj sign\u00e1lu, vpravo pak stejn\u00fd ovlada\u010d, kter\u00fdm m\u011bn\u00edte hlasitost. V\u0161echna ovl\u00e1d\u00e1n\u00ed jsou zalo\u017eena na p\u0159ep\u00edn\u00e1n\u00ed pomoc\u00ed plynot\u011bsn\u00fdch rel\u00e9 se zlat\u00fdmi kontakty a to v\u010detn\u011b hlasitosti. Zesilova\u010d je mo\u017eno roz\u0161\u00ed\u0159it moduly gramofonov\u00e9ho p\u0159edzesilova\u010de (MM nebo MC) a modul ekvalizace, kter\u00fd umo\u017en\u00ed spolu se softwarem HVEQ kalibraci poslechov\u00e9ho \u0159et\u011bzce v z\u00e1vislosti na prost\u0159ed\u00ed. Samoz\u0159ejmost\u00ed jako u cel\u00e9 \u0159ady HV je mo\u017enost individu\u00e1ln\u00ed povrchov\u00e9 \u00fapravy za p\u0159\u00edplatek, v\u010detn\u011b metalick\u00fdch lak\u016f. Standardn\u011b se dod\u00e1v\u00e1 v barv\u00e1ch st\u0159\u00edbrn\u00e9, titanov\u00e9 nebo \u010dern\u00e9.<\/p>\n<div class=\"text-wrap tlid-copy-target\">\n<div><\/div>\n<div class=\"result-shield-container tlid-copy-target\"><span class=\"tlid-translation translation\"><span class=\"tlid-translation translation\">\u0158ada HV (High Voltage) je skute\u010dn\u00fdm zt\u011blesn\u011bn\u00edm p\u016fvodn\u00edho v\u00fdznamu v\u00fdrazu &#8222;high-end&#8220;: inovativn\u00ed technologie, nekompromisn\u00ed konstrukce a absolutn\u011b \u0161pi\u010dkov\u00fd v\u00fdkon.<\/span><\/span><\/div>\n<div class=\"result-shield-container tlid-copy-target\"><span class=\"tlid-translation translation\"><span class=\"tlid-translation translation\">Pro s\u00e9rii HV byla vyvinuta cel\u00e1 \u0159ada unik\u00e1tn\u00edch \u0161pi\u010dkov\u00fdch technologi\u00ed, kter\u00e9 nab\u00edz\u00ed v\u00fdhradn\u011b T+A: zesilova\u010de pracuj\u00ed p\u0159i velmi vysok\u00e9m nap\u011bt\u00ed a maj\u00ed tedy podstatn\u011b v\u00edce line\u00e1rn\u00ed charakter ne\u017e tradi\u010dn\u00ed obvodov\u00e9 \u0159e\u0161en\u00ed; p\u0159ehr\u00e1va\u010de jsou vybaveny samostatn\u00fdmi vysoce v\u00fdkonn\u00fdmi m\u011bni\u010di pro PCM a DSD, obvody pro digit\u00e1ln\u00ed a analogov\u00e9 zpracov\u00e1n\u00ed sign\u00e1lu jsou konzistentn\u011b odd\u011bleny od sebe a specifick\u00e9 podsestavy jsou odd\u011bleny i galvanicky. V\u0161echna za\u0159\u00edzen\u00ed maj\u00ed pln\u011b separovan\u00e9 kan\u00e1ly a jsou navr\u017eena na principu dual mono. Zapojen\u00ed jsou pln\u011b diskr\u00e9tn\u00ed, bez vyu\u017eit\u00ed opera\u010dn\u00edch zesilova\u010d\u016f. V\u00fdstupn\u00ed v\u00fdkon zesilova\u010d\u016f je a\u017e 500 watt\u016f na kan\u00e1l. PA 3100 HV tak\u00e9 nyn\u00ed nab\u00edz\u00ed mo\u017enost p\u0159ipojen\u00ed extern\u00edho nap\u00e1jec\u00edho zdroje PS 3000 HV s kapacitou 240000 \u03bcF.<\/span><\/span><\/div>\n<\/div>\n<div>\n<div class=\"table-body active\" data-toggle-target=\"table-5-1\">\n<div class=\"table-row\"><\/div>\n<\/div>\n<div class=\"table-body active\" data-toggle-target=\"table-5-1\">\n<div class=\"table-row\">\n<div class=\"table-cell t-cell-6\"><\/div>\n<\/div>\n<\/div>\n<\/div>\n<div class=\"tlid-result-transliteration-container result-transliteration-container transliteration-container\">\n<div class=\"tlid-transliteration-content transliteration-content full\"><\/div>\n<\/div>\n<\/div><\/section><\/div>\n","protected":false},"excerpt":{"rendered":"<h4 class=\"ls-l-1\">Integrovan\u00fd zesilova\u010d<\/h4>\n","protected":false},"featured_media":37154,"comment_status":"closed","ping_status":"closed","template":"","meta":[],"pwb-brand":[152],"product_brand":[],"product_cat":[63,31,41],"product_tag":[64,38],"class_list":{"0":"post-37109","1":"product","2":"type-product","3":"status-publish","4":"has-post-thumbnail","6":"pwb-brand-ta","7":"product_cat-integrovane-zesilovace","8":"product_cat-ta","9":"product_cat-ta-hv","10":"product_tag-integrovany-zesilovac","11":"product_tag-ta-hifi","13":"first","14":"onbackorder","15":"taxable","16":"shipping-taxable","17":"purchasable","18":"product-type-simple"},"aioseo_notices":[],"jetpack_sharing_enabled":true,"brands":[{"id":152,"name":"T+A","slug":"ta"}],"_links":{"self":[{"href":"https:\/\/www.altei.cz\/hifi\/wp-json\/wp\/v2\/product\/37109","targetHints":{"allow":["GET"]}}],"collection":[{"href":"https:\/\/www.altei.cz\/hifi\/wp-json\/wp\/v2\/product"}],"about":[{"href":"https:\/\/www.altei.cz\/hifi\/wp-json\/wp\/v2\/types\/product"}],"replies":[{"embeddable":true,"href":"https:\/\/www.altei.cz\/hifi\/wp-json\/wp\/v2\/comments?post=37109"}],"wp:featuredmedia":[{"embeddable":true,"href":"https:\/\/www.altei.cz\/hifi\/wp-json\/wp\/v2\/media\/37154"}],"wp:attachment":[{"href":"https:\/\/www.altei.cz\/hifi\/wp-json\/wp\/v2\/media?parent=37109"}],"wp:term":[{"taxonomy":"pwb-brand","embeddable":true,"href":"https:\/\/www.altei.cz\/hifi\/wp-json\/wp\/v2\/pwb-brand?post=37109"},{"taxonomy":"product_brand","embeddable":true,"href":"https:\/\/www.altei.cz\/hifi\/wp-json\/wp\/v2\/product_brand?post=37109"},{"taxonomy":"product_cat","embeddable":true,"href":"https:\/\/www.altei.cz\/hifi\/wp-json\/wp\/v2\/product_cat?post=37109"},{"taxonomy":"product_tag","embeddable":true,"href":"https:\/\/www.altei.cz\/hifi\/wp-json\/wp\/v2\/product_tag?post=37109"}],"curies":[{"name":"wp","href":"https:\/\/api.w.org\/{rel}","templated":true}]}}