{"id":37111,"date":"2022-02-09T16:42:02","date_gmt":"2022-02-09T15:42:02","guid":{"rendered":"https:\/\/www.altei.cz\/hifi\/?post_type=product&#038;p=37111"},"modified":"2026-03-18T22:45:47","modified_gmt":"2026-03-18T21:45:47","slug":"ta-ps-3000-hv","status":"publish","type":"product","link":"https:\/\/www.altei.cz\/hifi\/produkt\/ta-ps-3000-hv\/","title":{"rendered":"T+A PS 3000 HV"},"content":{"rendered":"\n<style type=\"text\/css\" data-created_by=\"avia_inline_auto\" id=\"style-css-av-ufomsc-3778971887161dfd76a604c62d6a7fd0\">\n.flex_column.av-ufomsc-3778971887161dfd76a604c62d6a7fd0{\nborder-radius:0px 0px 0px 0px;\npadding:0px 0px 0px 0px;\n}\n<\/style>\n<div  class='flex_column av-ufomsc-3778971887161dfd76a604c62d6a7fd0 av_one_full  avia-builder-el-0  avia-builder-el-no-sibling  first flex_column_div av-zero-column-padding  '     ><section  class='av_textblock_section av-jrqk2ajk-3801cb87af272ec5305a12b5981d3d06 '   itemscope=\"itemscope\" itemtype=\"https:\/\/schema.org\/CreativeWork\" ><div class='avia_textblock'  itemprop=\"text\" ><p>Dopl\u0148kov\u00fd nap\u00e1jec\u00ed zdroj pro <a title=\"T+A A 3000HV\" href=\"https:\/\/www.altei.cz\/hifi\/produkt\/ta-a-3000-hv\/\">A 3000 HV<\/a> a <a title=\"T+A PA 3100HV\" href=\"https:\/\/www.altei.cz\/hifi\/produkt\/ta-pa-3100-hv\/\">PA 3100 HV<\/a><\/p>\n<p>Mo\u017enosti roz\u0161\u00ed\u0159en\u00ed: Individu\u00e1ln\u00ed povrchov\u00e1 \u00faprava | Tvrd\u00fd transportn\u00ed kufr | \u0158\u00edzen\u00ed p\u0159es IP<\/p>\n<p>\u0158ada HV (High Voltage) je skute\u010dn\u00fdm zt\u011blesn\u011bn\u00edm p\u016fvodn\u00edho v\u00fdznamu v\u00fdrazu &#8222;high-end&#8220;: inovativn\u00ed technologie, nekompromisn\u00ed konstrukce a absolutn\u011b \u0161pi\u010dkov\u00fd v\u00fdkon.<\/p>\n<div class=\"text-wrap tlid-copy-target\">\n<div class=\"result-shield-container tlid-copy-target\"><span class=\"tlid-translation translation\"><span class=\"tlid-translation translation\">Pro s\u00e9rii HV byla vyvinuta cel\u00e1 \u0159ada unik\u00e1tn\u00edch \u0161pi\u010dkov\u00fdch technologi\u00ed, kter\u00e9 nab\u00edz\u00ed v\u00fdhradn\u011b T+A: zesilova\u010de pracuj\u00ed p\u0159i velmi vysok\u00e9m nap\u011bt\u00ed a maj\u00ed tedy podstatn\u011b v\u00edce line\u00e1rn\u00ed charakter ne\u017e tradi\u010dn\u00ed obvodov\u00e9 \u0159e\u0161en\u00ed; p\u0159ehr\u00e1va\u010de jsou vybaveny samostatn\u00fdmi vysoce v\u00fdkonn\u00fdmi m\u011bni\u010di pro PCM a DSD, obvody pro digit\u00e1ln\u00ed a analogov\u00e9 zpracov\u00e1n\u00ed sign\u00e1lu jsou konzistentn\u011b odd\u011bleny od sebe a specifick\u00e9 podsestavy jsou odd\u011bleny i galvanicky. V\u0161echna za\u0159\u00edzen\u00ed maj\u00ed pln\u011b separovan\u00e9 kan\u00e1ly a jsou navr\u017eena na principu dual mono. Zapojen\u00ed jsou pln\u011b diskr\u00e9tn\u00ed, bez vyu\u017eit\u00ed opera\u010dn\u00edch zesilova\u010d\u016f. V\u00fdstupn\u00ed v\u00fdkon zesilova\u010d\u016f je a\u017e 500 watt\u016f na kan\u00e1l. Mechanick\u00e1 konstrukce v\u0161ech pouzder je mimo\u0159\u00e1dn\u011b sofistikovan\u00e1, zalo\u017een\u00e1 na vnit\u0159n\u00edm r\u00e1mu o tlou\u0161\u0165ce 10 mm vyroben\u00e9m z hlin\u00edkov\u00e9 desky. V\u0161echny sou\u010d\u00e1sti pouzdra jsou vyrobeny z \u010dist\u00e9ho hlin\u00edku, n\u011bkter\u00e9 jsou vyfr\u00e9zov\u00e1ny z masivn\u00edho bloku. Z\u00e1sadn\u011b nejsou pou\u017e\u00edv\u00e1ny \u017e\u00e1dn\u00e9 feromagnetick\u00e9 sou\u010d\u00e1sti.<\/span><\/span><\/div>\n<\/div>\n<div>\n<div class=\"table-body active\" data-toggle-target=\"table-5-1\">\n<div class=\"table-row\"><\/div>\n<\/div>\n<div class=\"table-body active\" data-toggle-target=\"table-5-1\">\n<div class=\"table-row\">\n<div class=\"table-cell t-cell-6\"><\/div>\n<\/div>\n<\/div>\n<\/div>\n<div class=\"tlid-result-transliteration-container result-transliteration-container transliteration-container\">\n<div class=\"tlid-transliteration-content transliteration-content full\"><\/div>\n<\/div>\n<\/div><\/section><\/div>\n","protected":false},"excerpt":{"rendered":"<h4 class=\"ls-l-1\">Nap\u00e1jec\u00ed zdroj<\/h4>\n","protected":false},"featured_media":37160,"comment_status":"closed","ping_status":"closed","template":"","meta":[],"pwb-brand":[152],"product_brand":[],"product_cat":[70,31],"product_tag":[38],"class_list":{"0":"post-37111","1":"product","2":"type-product","3":"status-publish","4":"has-post-thumbnail","6":"pwb-brand-ta","7":"product_cat-napajeci-zdroje","8":"product_cat-ta","9":"product_tag-ta-hifi","11":"first","12":"onbackorder","13":"taxable","14":"shipping-taxable","15":"purchasable","16":"product-type-simple"},"aioseo_notices":[],"jetpack_sharing_enabled":true,"brands":[{"id":152,"name":"T+A","slug":"ta"}],"_links":{"self":[{"href":"https:\/\/www.altei.cz\/hifi\/wp-json\/wp\/v2\/product\/37111","targetHints":{"allow":["GET"]}}],"collection":[{"href":"https:\/\/www.altei.cz\/hifi\/wp-json\/wp\/v2\/product"}],"about":[{"href":"https:\/\/www.altei.cz\/hifi\/wp-json\/wp\/v2\/types\/product"}],"replies":[{"embeddable":true,"href":"https:\/\/www.altei.cz\/hifi\/wp-json\/wp\/v2\/comments?post=37111"}],"wp:featuredmedia":[{"embeddable":true,"href":"https:\/\/www.altei.cz\/hifi\/wp-json\/wp\/v2\/media\/37160"}],"wp:attachment":[{"href":"https:\/\/www.altei.cz\/hifi\/wp-json\/wp\/v2\/media?parent=37111"}],"wp:term":[{"taxonomy":"pwb-brand","embeddable":true,"href":"https:\/\/www.altei.cz\/hifi\/wp-json\/wp\/v2\/pwb-brand?post=37111"},{"taxonomy":"product_brand","embeddable":true,"href":"https:\/\/www.altei.cz\/hifi\/wp-json\/wp\/v2\/product_brand?post=37111"},{"taxonomy":"product_cat","embeddable":true,"href":"https:\/\/www.altei.cz\/hifi\/wp-json\/wp\/v2\/product_cat?post=37111"},{"taxonomy":"product_tag","embeddable":true,"href":"https:\/\/www.altei.cz\/hifi\/wp-json\/wp\/v2\/product_tag?post=37111"}],"curies":[{"name":"wp","href":"https:\/\/api.w.org\/{rel}","templated":true}]}}