{"id":37130,"date":"2022-02-09T16:42:03","date_gmt":"2022-02-09T15:42:03","guid":{"rendered":"https:\/\/www.altei.cz\/hifi\/?post_type=product&#038;p=37130"},"modified":"2024-12-11T13:30:35","modified_gmt":"2024-12-11T12:30:35","slug":"ta-pulsar-st-20-b","status":"publish","type":"product","link":"https:\/\/www.altei.cz\/hifi\/produkt\/ta-pulsar-st-20-b\/","title":{"rendered":"T+A Pulsar ST 20 B"},"content":{"rendered":"\n<style type=\"text\/css\" data-created_by=\"avia_inline_auto\" id=\"style-css-av-ufomsc-3778971887161dfd76a604c62d6a7fd0\">\n.flex_column.av-ufomsc-3778971887161dfd76a604c62d6a7fd0{\nborder-radius:0px 0px 0px 0px;\npadding:0px 0px 0px 0px;\n}\n<\/style>\n<div  class='flex_column av-ufomsc-3778971887161dfd76a604c62d6a7fd0 av_one_full  avia-builder-el-0  avia-builder-el-no-sibling  first flex_column_div av-zero-column-padding  '     ><section  class='av_textblock_section av-jrqk2ajk-3801cb87af272ec5305a12b5981d3d06 '   itemscope=\"itemscope\" itemtype=\"https:\/\/schema.org\/CreativeWork\" ><div class='avia_textblock'  itemprop=\"text\" ><p><strong>EX-DEMO<\/strong><\/p>\n<div class=\"text-wrap tlid-copy-target\">\n<div class=\"result-shield-container tlid-copy-target\"><span class=\"tlid-translation translation\"><span class=\"tlid-translation translation\">PULSAR t\u0159\u00edp\u00e1smov\u00e1 sloupov\u00e1 reprosoustava s basreflexem, hudebn\u00edm v\u00fdkonem 180 W a kmito\u010dtov\u00fdm rozsahem 32 Hz a\u017e 30 kHz. <\/span><\/span><span class=\"tlid-translation translation\"><span class=\"tlid-translation translation\">Vybavena hlubokot\u00f3nov\u00fdmi vysokozdvihov\u00fdmi m\u011bni\u010di s membr\u00e1nou o pr\u016fm\u011bru 150 mm.<br \/>\n<\/span><\/span><\/div>\n<div><\/div>\n<\/div>\n<div><strong>Parametry<\/strong><\/div>\n<div class=\"text-wrap tlid-copy-target\">\n<div><\/div>\n<div>Citlivost: 87 dB<\/div>\n<div>Impedance: 4 \u03a9<\/div>\n<div>Kmito\u010dtov\u00fd rozsah: 32 Hz &#8211; 30 kHz<\/div>\n<\/div>\n<div>D\u011bl\u00edc\u00ed frekvence v\u00fdhybek: 300 Hz, 2200 Hz<\/div>\n<div>Basov\u00e9 reproduktory &#8211; 2 x 150 mm<\/div>\n<div>St\u0159edot\u00f3nov\u00fd reproduktor &#8211; 1 x 120 mm<\/div>\n<div>V\u00fd\u0161kov\u00fd reproduktor &#8211; 1 x 25 mm<\/div>\n<div class=\"text-wrap tlid-copy-target\">\n<div class=\"result-shield-container tlid-copy-target\"><span class=\"tlid-translation translation\"><span class=\"tlid-translation translation\">Hmotnost: 17 kg<\/span><\/span><\/div>\n<div class=\"result-shield-container tlid-copy-target\"><span class=\"tlid-translation translation\"><span class=\"tlid-translation translation\">Rozm\u011bry (V x \u0160 x H): 92 x 19 x 32 cm<\/span><\/span><\/div>\n<div class=\"result-shield-container tlid-copy-target\"><span class=\"tlid-translation translation\"><span class=\"tlid-translation translation\">Barva \u010dern\u00e1, vysok\u00fd lesk<br \/>\nCena za p\u00e1r<\/span><\/span><\/div>\n<div><\/div>\n<\/div>\n<div>\n<div class=\"table-body active\">\n<div class=\"table-row\"><\/div>\n<\/div>\n<div class=\"table-body active\">\n<div class=\"table-row\">\n<div class=\"table-cell t-cell-6\"><\/div>\n<\/div>\n<\/div>\n<\/div>\n<div class=\"tlid-result-transliteration-container result-transliteration-container transliteration-container\">\n<div class=\"tlid-transliteration-content transliteration-content full\"><\/div>\n<\/div>\n<\/div><\/section><\/div>\n","protected":false},"excerpt":{"rendered":"<h4 class=\"ls-l-1\">Reprosoustava sloupov\u00e1<\/h4>\n","protected":false},"featured_media":37181,"comment_status":"closed","ping_status":"closed","template":"","meta":[],"pwb-brand":[152],"product_brand":[],"product_cat":[369,258,81,82,31],"product_tag":[66,84,85,38],"class_list":{"0":"post-37130","1":"product","2":"type-product","3":"status-publish","4":"has-post-thumbnail","6":"pwb-brand-ta","7":"product_cat-akce","8":"product_cat-b-stock","9":"product_cat-pulsar","10":"product_cat-reprosoustavy","11":"product_cat-ta","12":"product_tag-hi-fi","13":"product_tag-reprosoustavy","14":"product_tag-sloupova","15":"product_tag-ta-hifi","17":"first","18":"outofstock","19":"sale","20":"taxable","21":"shipping-taxable","22":"purchasable","23":"product-type-simple"},"aioseo_notices":[],"jetpack_sharing_enabled":true,"brands":[{"id":152,"name":"T+A","slug":"ta"}],"_links":{"self":[{"href":"https:\/\/www.altei.cz\/hifi\/wp-json\/wp\/v2\/product\/37130","targetHints":{"allow":["GET"]}}],"collection":[{"href":"https:\/\/www.altei.cz\/hifi\/wp-json\/wp\/v2\/product"}],"about":[{"href":"https:\/\/www.altei.cz\/hifi\/wp-json\/wp\/v2\/types\/product"}],"replies":[{"embeddable":true,"href":"https:\/\/www.altei.cz\/hifi\/wp-json\/wp\/v2\/comments?post=37130"}],"wp:featuredmedia":[{"embeddable":true,"href":"https:\/\/www.altei.cz\/hifi\/wp-json\/wp\/v2\/media\/37181"}],"wp:attachment":[{"href":"https:\/\/www.altei.cz\/hifi\/wp-json\/wp\/v2\/media?parent=37130"}],"wp:term":[{"taxonomy":"pwb-brand","embeddable":true,"href":"https:\/\/www.altei.cz\/hifi\/wp-json\/wp\/v2\/pwb-brand?post=37130"},{"taxonomy":"product_brand","embeddable":true,"href":"https:\/\/www.altei.cz\/hifi\/wp-json\/wp\/v2\/product_brand?post=37130"},{"taxonomy":"product_cat","embeddable":true,"href":"https:\/\/www.altei.cz\/hifi\/wp-json\/wp\/v2\/product_cat?post=37130"},{"taxonomy":"product_tag","embeddable":true,"href":"https:\/\/www.altei.cz\/hifi\/wp-json\/wp\/v2\/product_tag?post=37130"}],"curies":[{"name":"wp","href":"https:\/\/api.w.org\/{rel}","templated":true}]}}