{"id":37138,"date":"2022-02-09T16:42:04","date_gmt":"2022-02-09T15:42:04","guid":{"rendered":"https:\/\/www.altei.cz\/hifi\/?post_type=product&#038;p=37138"},"modified":"2026-03-18T22:38:54","modified_gmt":"2026-03-18T21:38:54","slug":"ta-talis-ls-300","status":"publish","type":"product","link":"https:\/\/www.altei.cz\/hifi\/produkt\/ta-talis-ls-300\/","title":{"rendered":"T+A Talis LS 300"},"content":{"rendered":"\n<style type=\"text\/css\" data-created_by=\"avia_inline_auto\" id=\"style-css-av-ufomsc-3778971887161dfd76a604c62d6a7fd0\">\n.flex_column.av-ufomsc-3778971887161dfd76a604c62d6a7fd0{\nborder-radius:0px 0px 0px 0px;\npadding:0px 0px 0px 0px;\n}\n<\/style>\n<div  class='flex_column av-ufomsc-3778971887161dfd76a604c62d6a7fd0 av_one_full  avia-builder-el-0  avia-builder-el-no-sibling  first flex_column_div av-zero-column-padding  '     ><section  class='av_textblock_section av-jrqk2ajk-3801cb87af272ec5305a12b5981d3d06 '   itemscope=\"itemscope\" itemtype=\"https:\/\/schema.org\/CreativeWork\" ><div class='avia_textblock'  itemprop=\"text\" ><div class=\"text-wrap tlid-copy-target\">\n<div class=\"result-shield-container tlid-copy-target\"><span class=\"tlid-translation translation\"><span class=\"tlid-translation translation\">Talis hlin\u00edkov\u00fd stojan k reprosoustav\u011b <a href=\"https:\/\/www.altei.cz\/altei-shop\/ta-talis-r-300\/\">R 300<\/a> (cena za p\u00e1r)<br \/>\n<\/span><\/span><\/div>\n<div><\/div>\n<\/div>\n<div><strong>Parametry<\/strong><\/div>\n<div class=\"text-wrap tlid-copy-target\">\n<div><\/div>\n<\/div>\n<div class=\"text-wrap tlid-copy-target\">\n<div class=\"result-shield-container tlid-copy-target\"><span class=\"tlid-translation translation\"><span class=\"tlid-translation translation\">Rozm\u011bry (V x \u0160 x H): 67 x 26 x 33 cm <\/span><\/span><\/div>\n<div class=\"result-shield-container tlid-copy-target\"><span class=\"tlid-translation translation\"><span class=\"tlid-translation translation\">Povrchov\u00e1 \u00faprava: anodizovan\u00fd kart\u00e1\u010dovan\u00fd hlin\u00edk<br \/>\n<strong>Cena za p\u00e1r\u00a0<\/strong><\/span><\/span><\/div>\n<div><\/div>\n<\/div>\n<div>\n<div class=\"table-body active\" data-toggle-target=\"table-5-1\">\n<div class=\"table-row\"><\/div>\n<\/div>\n<div class=\"table-body active\" data-toggle-target=\"table-5-1\">\n<div class=\"table-row\">\n<div class=\"table-cell t-cell-6\"><\/div>\n<\/div>\n<\/div>\n<\/div>\n<div class=\"tlid-result-transliteration-container result-transliteration-container transliteration-container\">\n<div class=\"tlid-transliteration-content transliteration-content full\"><\/div>\n<\/div>\n<\/div><\/section><\/div>\n","protected":false},"excerpt":{"rendered":"<h4 class=\"ls-l-1\">Stojan pro reprosoustavy<\/h4>\n","protected":false},"featured_media":37256,"comment_status":"closed","ping_status":"closed","template":"","meta":[],"pwb-brand":[152],"product_brand":[],"product_cat":[82,111,31,87],"product_tag":[66,88,84,38,89],"class_list":{"0":"post-37138","1":"product","2":"type-product","3":"status-publish","4":"has-post-thumbnail","6":"pwb-brand-ta","7":"product_cat-reprosoustavy","8":"product_cat-reprosoustavy-prislusenstvi","9":"product_cat-ta","10":"product_cat-talis","11":"product_tag-hi-fi","12":"product_tag-high-end","13":"product_tag-reprosoustavy","14":"product_tag-ta-hifi","15":"product_tag-talis","17":"first","18":"onbackorder","19":"taxable","20":"shipping-taxable","21":"purchasable","22":"product-type-simple"},"aioseo_notices":[],"jetpack_sharing_enabled":true,"brands":[{"id":152,"name":"T+A","slug":"ta"}],"_links":{"self":[{"href":"https:\/\/www.altei.cz\/hifi\/wp-json\/wp\/v2\/product\/37138","targetHints":{"allow":["GET"]}}],"collection":[{"href":"https:\/\/www.altei.cz\/hifi\/wp-json\/wp\/v2\/product"}],"about":[{"href":"https:\/\/www.altei.cz\/hifi\/wp-json\/wp\/v2\/types\/product"}],"replies":[{"embeddable":true,"href":"https:\/\/www.altei.cz\/hifi\/wp-json\/wp\/v2\/comments?post=37138"}],"wp:featuredmedia":[{"embeddable":true,"href":"https:\/\/www.altei.cz\/hifi\/wp-json\/wp\/v2\/media\/37256"}],"wp:attachment":[{"href":"https:\/\/www.altei.cz\/hifi\/wp-json\/wp\/v2\/media?parent=37138"}],"wp:term":[{"taxonomy":"pwb-brand","embeddable":true,"href":"https:\/\/www.altei.cz\/hifi\/wp-json\/wp\/v2\/pwb-brand?post=37138"},{"taxonomy":"product_brand","embeddable":true,"href":"https:\/\/www.altei.cz\/hifi\/wp-json\/wp\/v2\/product_brand?post=37138"},{"taxonomy":"product_cat","embeddable":true,"href":"https:\/\/www.altei.cz\/hifi\/wp-json\/wp\/v2\/product_cat?post=37138"},{"taxonomy":"product_tag","embeddable":true,"href":"https:\/\/www.altei.cz\/hifi\/wp-json\/wp\/v2\/product_tag?post=37138"}],"curies":[{"name":"wp","href":"https:\/\/api.w.org\/{rel}","templated":true}]}}