{"id":37206,"date":"2022-02-09T16:43:06","date_gmt":"2022-02-09T15:43:06","guid":{"rendered":"https:\/\/www.altei.cz\/hifi\/?post_type=product&#038;p=37206"},"modified":"2026-03-18T22:34:59","modified_gmt":"2026-03-18T21:34:59","slug":"ta-hv-individual","status":"publish","type":"product","link":"https:\/\/www.altei.cz\/hifi\/produkt\/ta-hv-individual\/","title":{"rendered":"T+A HV Individual"},"content":{"rendered":"\n<style type=\"text\/css\" data-created_by=\"avia_inline_auto\" id=\"style-css-av-ufomsc-3778971887161dfd76a604c62d6a7fd0\">\n.flex_column.av-ufomsc-3778971887161dfd76a604c62d6a7fd0{\nborder-radius:0px 0px 0px 0px;\npadding:0px 0px 0px 0px;\n}\n<\/style>\n<div  class='flex_column av-ufomsc-3778971887161dfd76a604c62d6a7fd0 av_one_full  avia-builder-el-0  avia-builder-el-no-sibling  first flex_column_div av-zero-column-padding  '     ><section  class='av_textblock_section av-jrqk2ajk-3801cb87af272ec5305a12b5981d3d06 '   itemscope=\"itemscope\" itemtype=\"https:\/\/schema.org\/CreativeWork\" ><div class='avia_textblock'  itemprop=\"text\" ><p>Povrchov\u00e9 \u00fapravy \u0159ady HV* na p\u0159\u00e1n\u00ed: barvy dle RAL vzorn\u00edku. <span class=\"text-lg\"><span class=\"tlid-translation translation\"><span class=\"\" title=\"\"><span class=\"VIiyi\" lang=\"cs\"><span class=\"JLqJ4b ChMk0b\" data-language-for-alternatives=\"cs\" data-language-to-translate-into=\"en\" data-phrase-index=\"1\">M\u00e1te mo\u017enost popustit uzdu fantazii a navrhnout si va\u0161i T+A HV sestavu v p\u0159esn\u00e9m odst\u00ednu, aby ladil s barevnost\u00ed va\u0161eho interi\u00e9ru a vyhov\u011bl tak nejen p\u0159edstav\u00e1m va\u0161eho architekta, ale i va\u0161\u00ed rodiny. Je na v\u00e1s, abyste se rozhodli, jakou barvu pou\u017eijete na sou\u010d\u00e1sti sk\u0159\u00edn\u011b, jakou na chladi\u010de zesilova\u010de nebo kryty. Mus\u00edte si tak\u00e9 vybrat nejp\u0159\u00edjemn\u011bj\u0161\u00ed barvu pro potisk popisek na p\u0159edn\u00edm panelu.<\/span><\/span><\/span><\/span><\/span><\/p>\n<p>*Jedn\u00e1 se o komplexn\u00ed soubor barevn\u00fdch kombinac\u00ed, proto n\u00e1s kontaktujte pro cenovou nab\u00eddku. Ceny se mohou li\u0161it dle barev a p\u0159\u00edstroj\u016f.<\/p>\n<div class=\"tlid-result-transliteration-container result-transliteration-container transliteration-container\">\n<div class=\"tlid-transliteration-content transliteration-content full\"><\/div>\n<\/div>\n<\/div><\/section><\/div>\n","protected":false},"excerpt":{"rendered":"<h4 class=\"ls-l-1\">T+A\u00a0 Barevn\u00e1 povrchov\u00e1 \u00faprava RAL<\/h4>\n","protected":false},"featured_media":37265,"comment_status":"closed","ping_status":"closed","template":"","meta":[],"pwb-brand":[152],"product_brand":[],"product_cat":[31],"product_tag":[115,116,38],"class_list":{"0":"post-37206","1":"product","2":"type-product","3":"status-publish","4":"has-post-thumbnail","6":"pwb-brand-ta","7":"product_cat-ta","8":"product_tag-barva","9":"product_tag-individualni-povrchova-uprava","10":"product_tag-ta-hifi","12":"first","13":"instock","14":"taxable","15":"shipping-taxable","16":"purchasable","17":"product-type-simple"},"aioseo_notices":[],"jetpack_sharing_enabled":true,"brands":[{"id":152,"name":"T+A","slug":"ta"}],"_links":{"self":[{"href":"https:\/\/www.altei.cz\/hifi\/wp-json\/wp\/v2\/product\/37206","targetHints":{"allow":["GET"]}}],"collection":[{"href":"https:\/\/www.altei.cz\/hifi\/wp-json\/wp\/v2\/product"}],"about":[{"href":"https:\/\/www.altei.cz\/hifi\/wp-json\/wp\/v2\/types\/product"}],"replies":[{"embeddable":true,"href":"https:\/\/www.altei.cz\/hifi\/wp-json\/wp\/v2\/comments?post=37206"}],"wp:featuredmedia":[{"embeddable":true,"href":"https:\/\/www.altei.cz\/hifi\/wp-json\/wp\/v2\/media\/37265"}],"wp:attachment":[{"href":"https:\/\/www.altei.cz\/hifi\/wp-json\/wp\/v2\/media?parent=37206"}],"wp:term":[{"taxonomy":"pwb-brand","embeddable":true,"href":"https:\/\/www.altei.cz\/hifi\/wp-json\/wp\/v2\/pwb-brand?post=37206"},{"taxonomy":"product_brand","embeddable":true,"href":"https:\/\/www.altei.cz\/hifi\/wp-json\/wp\/v2\/product_brand?post=37206"},{"taxonomy":"product_cat","embeddable":true,"href":"https:\/\/www.altei.cz\/hifi\/wp-json\/wp\/v2\/product_cat?post=37206"},{"taxonomy":"product_tag","embeddable":true,"href":"https:\/\/www.altei.cz\/hifi\/wp-json\/wp\/v2\/product_tag?post=37206"}],"curies":[{"name":"wp","href":"https:\/\/api.w.org\/{rel}","templated":true}]}}