{"id":37208,"date":"2022-02-09T16:43:06","date_gmt":"2022-02-09T15:43:06","guid":{"rendered":"https:\/\/www.altei.cz\/hifi\/?post_type=product&#038;p=37208"},"modified":"2026-03-18T22:35:54","modified_gmt":"2026-03-18T21:35:54","slug":"ta-solitaire-p","status":"publish","type":"product","link":"https:\/\/www.altei.cz\/hifi\/produkt\/ta-solitaire-p\/","title":{"rendered":"T+A Solitaire P"},"content":{"rendered":"<p><a title=\"Solitaire P sluch\u00e1tka T+A\" href=\"https:\/\/www.altei.cz\/hifi\/solitaire-p-sluchatka\/\" target=\"_blank\" rel=\"noopener\">T+A Solitaire P<\/a> jsou referen\u010dn\u00ed otev\u0159en\u00e1 magnetostatick\u00e1 plan\u00e1rn\u00ed sluch\u00e1tka pro nejn\u00e1ro\u010dn\u011bj\u0161\u00ed audiofily. Pro poskytnut\u00ed maxim\u00e1ln\u00edho komfortu a \u017eivostnosti jsou pou\u017eity pouze \u0161pi\u010dkov\u00e9 materi\u00e1ly<br \/>\njako leteck\u00fd hlin\u00edk, nerezov\u00e1 ocel, hypoalergenn\u00ed um\u011bl\u00e1 k\u016f\u017ee a p\u0159\u00edrodn\u00ed k\u016f\u017ee Alcantara. Kmito\u010dtov\u00fd rozsah 5 Hz a\u017e 54 kHz, impedance 80 Ohm\u016f.<\/p>\n<p><a href=\"https:\/\/www.hifi-voice.com\/testy-a-recenze\/sluchatka\/2988-t-a-solitaire-p\"><strong>Hi-Fi Voice recenze T+A Solitaire P<\/strong><\/a><\/p>\n<div  class='avia-button-wrap av-sryz07-ba8d2a3365032c4e8dd499c0dec448b9-wrap avia-button-center  avia-builder-el-0  avia-builder-el-no-sibling '><a href='https:\/\/www.altei.cz\/hifi\/solitaire-p-sluchatka\/'  class='avia-button av-sryz07-ba8d2a3365032c4e8dd499c0dec448b9 av-link-btn avia-icon_select-no avia-size-small avia-position-center avia-color-theme-color'   aria-label=\"V\u00edce\"><span class='avia_iconbox_title' >V\u00edce<\/span><\/a><\/div>\n<p>&nbsp;<\/p>\n","protected":false},"excerpt":{"rendered":"<h4 class=\"ls-l-1\">Magnetoplan\u00e1rn\u00ed sluch\u00e1tka<\/h4>\n","protected":false},"featured_media":43211,"comment_status":"closed","ping_status":"closed","template":"","meta":[],"pwb-brand":[152],"product_brand":[],"product_cat":[117,31],"product_tag":[118,119,120,38],"class_list":{"0":"post-37208","1":"product","2":"type-product","3":"status-publish","4":"has-post-thumbnail","6":"pwb-brand-ta","7":"product_cat-sluchatka","8":"product_cat-ta","9":"product_tag-magnetoplanarni","10":"product_tag-sluchatka","11":"product_tag-solitaire-p","12":"product_tag-ta-hifi","14":"first","15":"onbackorder","16":"taxable","17":"shipping-taxable","18":"purchasable","19":"product-type-simple"},"aioseo_notices":[],"jetpack_sharing_enabled":true,"brands":[{"id":152,"name":"T+A","slug":"ta"}],"_links":{"self":[{"href":"https:\/\/www.altei.cz\/hifi\/wp-json\/wp\/v2\/product\/37208","targetHints":{"allow":["GET"]}}],"collection":[{"href":"https:\/\/www.altei.cz\/hifi\/wp-json\/wp\/v2\/product"}],"about":[{"href":"https:\/\/www.altei.cz\/hifi\/wp-json\/wp\/v2\/types\/product"}],"replies":[{"embeddable":true,"href":"https:\/\/www.altei.cz\/hifi\/wp-json\/wp\/v2\/comments?post=37208"}],"wp:featuredmedia":[{"embeddable":true,"href":"https:\/\/www.altei.cz\/hifi\/wp-json\/wp\/v2\/media\/43211"}],"wp:attachment":[{"href":"https:\/\/www.altei.cz\/hifi\/wp-json\/wp\/v2\/media?parent=37208"}],"wp:term":[{"taxonomy":"pwb-brand","embeddable":true,"href":"https:\/\/www.altei.cz\/hifi\/wp-json\/wp\/v2\/pwb-brand?post=37208"},{"taxonomy":"product_brand","embeddable":true,"href":"https:\/\/www.altei.cz\/hifi\/wp-json\/wp\/v2\/product_brand?post=37208"},{"taxonomy":"product_cat","embeddable":true,"href":"https:\/\/www.altei.cz\/hifi\/wp-json\/wp\/v2\/product_cat?post=37208"},{"taxonomy":"product_tag","embeddable":true,"href":"https:\/\/www.altei.cz\/hifi\/wp-json\/wp\/v2\/product_tag?post=37208"}],"curies":[{"name":"wp","href":"https:\/\/api.w.org\/{rel}","templated":true}]}}