{"id":37209,"date":"2022-02-09T16:43:06","date_gmt":"2022-02-09T15:43:06","guid":{"rendered":"https:\/\/www.altei.cz\/hifi\/?post_type=product&#038;p=37209"},"modified":"2026-03-18T22:36:22","modified_gmt":"2026-03-18T21:36:22","slug":"ta-ha-200","status":"publish","type":"product","link":"https:\/\/www.altei.cz\/hifi\/produkt\/ta-ha-200\/","title":{"rendered":"T+A HA 200"},"content":{"rendered":"<p>T+A HA 200 je nekompromisn\u00ed sluch\u00e1tkov\u00fd zesilova\u010d ve t\u0159\u00edd\u011b A s DA p\u0159evodn\u00edkem. Vstupy 1x nesymetrick\u00fd analogovy\u0301 (RCA), 1x symetrick\u00fd analogov\u00fd (XLR), 2x digita\u0301lni\u0301 SPDIF (RCA), 1x digit\u00e1ln\u00ed AES\/EBU (XLR), 1x digit\u00e1ln\u00ed SPDIF (BNC), 2x digita\u0301lni\u0301 TOSLINK, 1x USB A, 2x HDMI, 1x Bluetooth. V\u00fdstupy: 1x sluch\u00e1tka (Jack 3,5mm), 1x sluch\u00e1tka (XLR), 1x sluch\u00e1tka (Jack 1\/2\u201c). Ostatn\u00ed rozhran\u00ed 2x T+A E2 Link (RJ45), 1x Sys IN (RJ45), 1x CTRL (RJ45), 1x USB Sys (B), 1x v\u00fdstup HDMI, 1x nab\u00edjec\u00ed v\u00fdstup USB (A). Nez\u00e1visl\u00e9 p\u0159evodn\u00edky PCM (32bit\/786kHz) a DSD (1024). Sign\u00e1lov\u00e9 obvodov\u00e9 \u0159e\u0161en\u00ed v\u00fdhradn\u011b na b\u00e1zi HV technologie. Odd\u011blen\u00e9 line\u00e1rn\u00ed nap\u00e1jec\u00ed zdroje pro analogovou a digit\u00e1ln\u00ed \u010d\u00e1st.<\/p>\n<p><strong>D\/A p\u0159evodn\u00edk<\/strong><\/p>\n<p>PCM: 32bit\/768kHz dvojit\u00fd diferenci\u00e1ln\u00ed<\/p>\n<p>\u010dty\u0159n\u00e1sobn\u00fd p\u0159evodn\u00edk<\/p>\n<p>DSD: 1024 (49,2 MHz) nativn\u00ed 1 bitov\u00fd p\u0159evod<\/p>\n<p><strong>Digit\u00e1ln\u00ed vstupy<\/strong><\/p>\n<p>USB Audio vstup, AES-EBU, BNC, koax, TOS-Link, HDMI (na p\u0159\u00e1n\u00ed za p\u0159\u00edplatek),<br \/>\nUSB odpov\u00edd\u00e1 norm\u00e1m UAC2 a UAC3<\/p>\n<p><strong>Digit\u00e1ln\u00ed sekce<\/strong><\/p>\n<p>Separovan\u00e9 PCM a DSD sign\u00e1lov\u00e9 cesty a zpracov\u00e1n\u00ed sign\u00e1lu<br \/>\nP\u0159idan\u00fd \u201eNon Oversampling\u201c DAC m\u00f3d (NOS-DAC)<\/p>\n<p><strong>Zesilova\u010d<\/strong><\/p>\n<p>Double Mono diskr\u00e9tn\u00ed HV Amp technologie<br \/>\nZapojen\u00ed ve t\u0159\u00edd\u011b A<br \/>\n3 odd\u011blen\u00ed p\u0159ep\u00ednateln\u00e9 v\u00fdstupy (Pentaconn, XLR, 6.3 barrel socket)<br \/>\nNastaviteln\u00e1 v\u00fdstupn\u00ed impedance<\/p>\n<p><strong>Frekven\u010dn\u00ed rozsah<\/strong><\/p>\n<p>0,1 Hz\u2009\u2013\u2009200\u2009kHz<\/p>\n<p>&nbsp;<\/p>\n","protected":false},"excerpt":{"rendered":"<h4 class=\"ls-l-1\">Sluch\u00e1tkov\u00fd zesilova\u010d a DAC<\/h4>\n","protected":false},"featured_media":37272,"comment_status":"closed","ping_status":"closed","template":"","meta":[],"pwb-brand":[152],"product_brand":[],"product_cat":[40,121,31,32],"product_tag":[33,122,54,123,38],"class_list":{"0":"post-37209","1":"product","2":"type-product","3":"status-publish","4":"has-post-thumbnail","6":"pwb-brand-ta","7":"product_cat-audio-prevodniky","8":"product_cat-sluchatkove-zesilovace","9":"product_cat-ta","10":"product_cat-ta-roon","11":"product_tag-dac","12":"product_tag-dsd1024","13":"product_tag-pcm","14":"product_tag-sluchatkovy-zesilovac","15":"product_tag-ta-hifi","16":"product_shipping_class-z-10-kg","18":"first","19":"onbackorder","20":"taxable","21":"shipping-taxable","22":"purchasable","23":"product-type-simple"},"aioseo_notices":[],"jetpack_sharing_enabled":true,"brands":[{"id":152,"name":"T+A","slug":"ta"}],"_links":{"self":[{"href":"https:\/\/www.altei.cz\/hifi\/wp-json\/wp\/v2\/product\/37209","targetHints":{"allow":["GET"]}}],"collection":[{"href":"https:\/\/www.altei.cz\/hifi\/wp-json\/wp\/v2\/product"}],"about":[{"href":"https:\/\/www.altei.cz\/hifi\/wp-json\/wp\/v2\/types\/product"}],"replies":[{"embeddable":true,"href":"https:\/\/www.altei.cz\/hifi\/wp-json\/wp\/v2\/comments?post=37209"}],"wp:featuredmedia":[{"embeddable":true,"href":"https:\/\/www.altei.cz\/hifi\/wp-json\/wp\/v2\/media\/37272"}],"wp:attachment":[{"href":"https:\/\/www.altei.cz\/hifi\/wp-json\/wp\/v2\/media?parent=37209"}],"wp:term":[{"taxonomy":"pwb-brand","embeddable":true,"href":"https:\/\/www.altei.cz\/hifi\/wp-json\/wp\/v2\/pwb-brand?post=37209"},{"taxonomy":"product_brand","embeddable":true,"href":"https:\/\/www.altei.cz\/hifi\/wp-json\/wp\/v2\/product_brand?post=37209"},{"taxonomy":"product_cat","embeddable":true,"href":"https:\/\/www.altei.cz\/hifi\/wp-json\/wp\/v2\/product_cat?post=37209"},{"taxonomy":"product_tag","embeddable":true,"href":"https:\/\/www.altei.cz\/hifi\/wp-json\/wp\/v2\/product_tag?post=37209"}],"curies":[{"name":"wp","href":"https:\/\/api.w.org\/{rel}","templated":true}]}}