{"id":37215,"date":"2022-02-09T16:43:07","date_gmt":"2022-02-09T15:43:07","guid":{"rendered":"https:\/\/www.altei.cz\/hifi\/?post_type=product&#038;p=37215"},"modified":"2026-03-18T22:32:43","modified_gmt":"2026-03-18T21:32:43","slug":"ta-solitaire-p-se","status":"publish","type":"product","link":"https:\/\/www.altei.cz\/hifi\/produkt\/ta-solitaire-p-se\/","title":{"rendered":"T+A Solitaire P-SE"},"content":{"rendered":"\n<style type=\"text\/css\" data-created_by=\"avia_inline_auto\" id=\"style-css-av-ufomsc-3778971887161dfd76a604c62d6a7fd0\">\n.flex_column.av-ufomsc-3778971887161dfd76a604c62d6a7fd0{\nborder-radius:0px 0px 0px 0px;\npadding:0px 0px 0px 0px;\n}\n<\/style>\n<div  class='flex_column av-ufomsc-3778971887161dfd76a604c62d6a7fd0 av_one_full  avia-builder-el-0  avia-builder-el-no-sibling  first flex_column_div av-zero-column-padding  '     ><section  class='av_textblock_section av-jrqk2ajk-3801cb87af272ec5305a12b5981d3d06 '   itemscope=\"itemscope\" itemtype=\"https:\/\/schema.org\/CreativeWork\" ><div class='avia_textblock'  itemprop=\"text\" ><p>Referen\u010dn\u00ed otev\u0159en\u00e1 magnetostatick\u00e1 plan\u00e1rn\u00ed sluch\u00e1tka pro n\u00e1ro\u010dn\u00e9 audiofily. Pro poskytnut\u00ed maxim\u00e1ln\u00edho komfortu a \u017eivostnosti jsou pou\u017eity kvalitn\u00ed materi\u00e1ly<br \/>\njako nerezov\u00e1 ocel, hypoalergenn\u00ed um\u011bl\u00e1 k\u016f\u017ee a p\u0159\u00edrodn\u00ed k\u016f\u017ee. Kmito\u010dtov\u00fd rozsah od 8 Hz a\u017e po 45 kHz, impedance 45 Ohm\u016f.<\/p>\n<div  class='avia-button-wrap av-sryz07-f8d20ce8595b73cdb5287e12738e7dba-wrap avia-button-center  avia-builder-el-2  avia-builder-el-no-sibling '><a href='https:\/\/www.altei.cz\/hifi\/solitaire-p-se-ta-hifi-headphones\/'  class='avia-button av-sryz07-f8d20ce8595b73cdb5287e12738e7dba av-link-btn avia-icon_select-no avia-size-small avia-position-center avia-color-theme-color'   aria-label=\"V\u00edce\"><span class='avia_iconbox_title' >V\u00edce<\/span><\/a><\/div>\n<\/div><\/section><\/div>\n","protected":false},"excerpt":{"rendered":"<h4 class=\"ls-l-1\">Magnetoplan\u00e1rn\u00ed sluch\u00e1tka<\/h4>\n","protected":false},"featured_media":37285,"comment_status":"closed","ping_status":"closed","template":"","meta":[],"pwb-brand":[152],"product_brand":[],"product_cat":[117,31],"product_tag":[118,119,38],"class_list":{"0":"post-37215","1":"product","2":"type-product","3":"status-publish","4":"has-post-thumbnail","6":"pwb-brand-ta","7":"product_cat-sluchatka","8":"product_cat-ta","9":"product_tag-magnetoplanarni","10":"product_tag-sluchatka","11":"product_tag-ta-hifi","13":"first","14":"onbackorder","15":"taxable","16":"shipping-taxable","17":"purchasable","18":"product-type-simple"},"aioseo_notices":[],"jetpack_sharing_enabled":true,"brands":[{"id":152,"name":"T+A","slug":"ta"}],"_links":{"self":[{"href":"https:\/\/www.altei.cz\/hifi\/wp-json\/wp\/v2\/product\/37215","targetHints":{"allow":["GET"]}}],"collection":[{"href":"https:\/\/www.altei.cz\/hifi\/wp-json\/wp\/v2\/product"}],"about":[{"href":"https:\/\/www.altei.cz\/hifi\/wp-json\/wp\/v2\/types\/product"}],"replies":[{"embeddable":true,"href":"https:\/\/www.altei.cz\/hifi\/wp-json\/wp\/v2\/comments?post=37215"}],"wp:featuredmedia":[{"embeddable":true,"href":"https:\/\/www.altei.cz\/hifi\/wp-json\/wp\/v2\/media\/37285"}],"wp:attachment":[{"href":"https:\/\/www.altei.cz\/hifi\/wp-json\/wp\/v2\/media?parent=37215"}],"wp:term":[{"taxonomy":"pwb-brand","embeddable":true,"href":"https:\/\/www.altei.cz\/hifi\/wp-json\/wp\/v2\/pwb-brand?post=37215"},{"taxonomy":"product_brand","embeddable":true,"href":"https:\/\/www.altei.cz\/hifi\/wp-json\/wp\/v2\/product_brand?post=37215"},{"taxonomy":"product_cat","embeddable":true,"href":"https:\/\/www.altei.cz\/hifi\/wp-json\/wp\/v2\/product_cat?post=37215"},{"taxonomy":"product_tag","embeddable":true,"href":"https:\/\/www.altei.cz\/hifi\/wp-json\/wp\/v2\/product_tag?post=37215"}],"curies":[{"name":"wp","href":"https:\/\/api.w.org\/{rel}","templated":true}]}}