{"id":37252,"date":"2022-02-09T16:43:32","date_gmt":"2022-02-09T15:43:32","guid":{"rendered":"https:\/\/www.altei.cz\/hifi\/?post_type=product&#038;p=37252"},"modified":"2025-12-03T19:11:50","modified_gmt":"2025-12-03T18:11:50","slug":"ta-mp-200","status":"publish","type":"product","link":"https:\/\/www.altei.cz\/hifi\/produkt\/ta-mp-200\/","title":{"rendered":"T+A MP 200"},"content":{"rendered":"<p>T+A MP 200 dok\u00e1\u017ee kombinovat skute\u010dn\u011b kompaktn\u00ed rozm\u011bry a v\u0161estrannost jako m\u00e1lokter\u00fd jin\u00fd p\u0159\u00edstroj. Za\u0159\u00edzen\u00ed naplno vyu\u017e\u00edv\u00e1 potenci\u00e1l ka\u017ed\u00e9ho zdroje, od klasick\u00e9 reprodukce CD a r\u00e1dia a\u017e po nejnov\u011bj\u0161\u00ed streamovac\u00ed zdroje a Bluetooth. Z technick\u00e9ho hlediska vych\u00e1z\u00ed MP 200 z<a href=\"https:\/\/www.ta-hifi.de\" target=\"_blank\" rel=\"noopener\"> T+A<\/a> modul\u00e1rn\u00ed architektury MHA (Modular High End Architecture), jej\u00ed\u017e komponenty byly poprv\u00e9 p\u0159edstaveny v obl\u00edben\u00fdch \u0159ad\u00e1ch HV a R. MP 200 jako klasick\u00fd v\u00edcezdrojov\u00fd p\u0159ehr\u00e1va\u010d tvo\u0159\u00ed srdce ka\u017ed\u00e9ho modern\u00edho syst\u00e9mu, kter\u00e9mu p\u0159ed\u00e1v\u00e1 zdrojov\u00e9 sign\u00e1ly a p\u0159\u00edkazy aplikace MusicNavigator. Dokonale lad\u00ed s p\u0159evodn\u00edkem <a title=\"T+A DAC 200\" href=\"https:\/\/www.altei.cz\/hifi\/produkt\/ta-dac-200\/\">DAC 200<\/a> nebo <a title=\"T+A HA 200\" href=\"https:\/\/www.altei.cz\/hifi\/produkt\/ta-ha-200\/\">HA 200<\/a>.<\/p>\n<p>Je to \u0161pi\u010dkov\u00fd multizdrojov\u00fd p\u0159ehr\u00e1va\u010d. Zdroje: CD, tuner FM\/FM-HD\/DAB+, internetov\u00fd rozhlas, klient pro streamy s vysok\u00fdm rozli\u0161en\u00edm a podporou slu\u017eeb Quobuz a Tidal.<span class=\"Apple-converted-space\">\u00a0 <\/span>Roon Ready, streamov\u00e1n\u00ed p\u0159es Bluetooth a digit\u00e1ln\u00ed audio vstupy SPDIF\/optika, LAN, WLAN, USB. Podporovan\u00e9 form\u00e1ty MP3, AAC, FLAC, OGG-Vorbis, FLAC, WAV, AIFF, ALAC.<\/p>\n<p>Krom\u011b p\u0159\u00edstupu k internetov\u00e9mu r\u00e1diu, kter\u00e9 je ned\u00edlnou sou\u010d\u00e1st\u00ed streamovac\u00edho klienta MP 200, poskytuje za\u0159\u00edzen\u00ed t\u0159i dal\u0161\u00ed formy r\u00e1diov\u00e9ho p\u0159\u00edstupu: FM, FM-HD a DAB+. Za vynikaj\u00edc\u00ed kvalitu zvuku je \u010d\u00e1ste\u010dn\u011b zodpov\u011bdn\u00e1 vysok\u00e1 vstupn\u00ed citlivost jednotky, ale d\u016fle\u017eitou roli hraj\u00ed tak\u00e9 pou\u017eit\u00e9 digit\u00e1ln\u00ed mezifrekven\u010dn\u00ed, demodula\u010dn\u00ed a stereofonn\u00ed dek\u00f3dovac\u00ed v\u00fdstupn\u00ed stupn\u011b. Teprve inteligentn\u00ed kombinace v\u0161ech t\u011bchto vlastnost\u00ed zp\u016fsobuje, \u017ee nejklasi\u010dt\u011bj\u0161\u00ed ze v\u0161ech zdroj\u016f sign\u00e1lu zn\u00ed tak vynikaj\u00edc\u00edm zp\u016fsobem, a\u0165 u\u017e se pou\u017e\u00edv\u00e1 kabel nebo ant\u00e9na.<br \/>\nP\u0159esto\u017ee digit\u00e1ln\u00ed streamovan\u00fd obsah nyn\u00ed z\u00edskal ve sv\u011bt\u011b audia dominantn\u00ed postaven\u00ed, v T+A pokra\u010duj\u00ed v neust\u00e1l\u00e9 pr\u00e1ci na dal\u0161\u00edm v\u00fdvoji jejich CD mechanism\u016f: jen tak si mohou udr\u017eet pozici, ve kter\u00e9 jsou schopni z\u00e1kazn\u00edk\u016fm poskytnout neomezenou svobodu p\u0159i v\u00fdb\u011bru preferovan\u00fdch zdroj\u016f hudby. Velikost integrovan\u00e9 \u0161t\u011brbinov\u00e9 mechaniky MP 200 byla vyvinuta speci\u00e1ln\u011b na m\u00edru prostoru, kter\u00fd je k dispozici v T+A MP 200, kde bez probl\u00e9m\u016f zapad\u00e1 do sk\u0159\u00edn\u011b. D\u00edky kr\u00e1tk\u00e9 p\u0159\u00edstupov\u00e9 dob\u011b a vynikaj\u00edc\u00edmu syst\u00e9mu korekce chyb &#8211; v\u00fdsledku dal\u0161\u00edho v\u00fdvoje &#8211; p\u0159ehr\u00e1v\u00e1 obsah disku prakticky s nulov\u00fdm zpo\u017ed\u011bn\u00edm po vlo\u017een\u00ed CD a funguje zcela bez chyb reprodukce.<\/p>\n<p>V\u00fdstupy: koaxi\u00e1ln\u00ed, SYS-LINK, USB-SYS | Hmotnost: 4,4 kg | Rozm\u011bry (V x \u0160 x H): 10 x 32 x 34 cm. V\u010detn\u011b r\u00e1diov\u00e9ho d\u00e1lkov\u00e9ho ovlada\u010de FM200. Barva st\u0159\u00edbrn\u00e1 a \u010dern\u00e1.<\/p>\n<p><span class=\"tlid-translation translation\" lang=\"cs\">Za\u0159\u00edzen\u00ed T+A MP 200 je takt\u00e9\u017e mo\u017en\u00e9 ovl\u00e1dat pomoc\u00ed aplikace T+A MusicNavigator, kter\u00e1 je k dispozici v <a href=\"https:\/\/apps.apple.com\/cz\/app\/t-a-musicnavigator\/id1326150970?l=cs\">App Store<\/a> a <a href=\"https:\/\/play.google.com\/store\/apps\/details?id=de.tahifi.musicnavigator.ui\">Google Play<\/a>.<\/span><\/p>\n","protected":false},"excerpt":{"rendered":"<h4 class=\"ls-l-1\">Multizdrojov\u00fd p\u0159ehr\u00e1va\u010d<\/h4>\n","protected":false},"featured_media":37349,"comment_status":"closed","ping_status":"closed","template":"","meta":[],"pwb-brand":[152],"product_brand":[],"product_cat":[39,23,25,31,32],"product_tag":[46,47,48,51,135,36,57,38,59,136],"class_list":{"0":"post-37252","1":"product","2":"type-product","3":"status-publish","4":"has-post-thumbnail","6":"pwb-brand-ta","7":"product_cat-cd-prehravace","8":"product_cat-roon-ready","9":"product_cat-streamovaci-prehravace","10":"product_cat-ta","11":"product_cat-ta-roon","12":"product_tag-bluetooth","13":"product_tag-cd-prehravac","14":"product_tag-dab","15":"product_tag-fm-tuner","16":"product_tag-quobuz","17":"product_tag-roon-ready","18":"product_tag-streaming","19":"product_tag-ta-hifi","20":"product_tag-tidal","21":"product_tag-tuner-dab","23":"first","24":"instock","25":"sale","26":"taxable","27":"shipping-taxable","28":"purchasable","29":"product-type-simple"},"aioseo_notices":[],"jetpack_sharing_enabled":true,"brands":[{"id":152,"name":"T+A","slug":"ta"}],"_links":{"self":[{"href":"https:\/\/www.altei.cz\/hifi\/wp-json\/wp\/v2\/product\/37252","targetHints":{"allow":["GET"]}}],"collection":[{"href":"https:\/\/www.altei.cz\/hifi\/wp-json\/wp\/v2\/product"}],"about":[{"href":"https:\/\/www.altei.cz\/hifi\/wp-json\/wp\/v2\/types\/product"}],"replies":[{"embeddable":true,"href":"https:\/\/www.altei.cz\/hifi\/wp-json\/wp\/v2\/comments?post=37252"}],"wp:featuredmedia":[{"embeddable":true,"href":"https:\/\/www.altei.cz\/hifi\/wp-json\/wp\/v2\/media\/37349"}],"wp:attachment":[{"href":"https:\/\/www.altei.cz\/hifi\/wp-json\/wp\/v2\/media?parent=37252"}],"wp:term":[{"taxonomy":"pwb-brand","embeddable":true,"href":"https:\/\/www.altei.cz\/hifi\/wp-json\/wp\/v2\/pwb-brand?post=37252"},{"taxonomy":"product_brand","embeddable":true,"href":"https:\/\/www.altei.cz\/hifi\/wp-json\/wp\/v2\/product_brand?post=37252"},{"taxonomy":"product_cat","embeddable":true,"href":"https:\/\/www.altei.cz\/hifi\/wp-json\/wp\/v2\/product_cat?post=37252"},{"taxonomy":"product_tag","embeddable":true,"href":"https:\/\/www.altei.cz\/hifi\/wp-json\/wp\/v2\/product_tag?post=37252"}],"curies":[{"name":"wp","href":"https:\/\/api.w.org\/{rel}","templated":true}]}}