{"id":37412,"date":"2022-02-11T18:23:34","date_gmt":"2022-02-11T17:23:34","guid":{"rendered":"https:\/\/www.altei.cz\/hifi\/?post_type=product&#038;p=37412"},"modified":"2022-11-23T22:19:18","modified_gmt":"2022-11-23T21:19:18","slug":"zyx-r-50-bloom-mono","status":"publish","type":"product","link":"https:\/\/www.altei.cz\/hifi\/produkt\/zyx-r-50-bloom-mono\/","title":{"rendered":"ZYX R-50-BLOOM Mono"},"content":{"rendered":"<p>MC monofonn\u00ed syst\u00e9m, chv\u011bjka ze slitiny AIMg, sf\u00e9rick\u00fd diamantov\u00fd hrot 25 \u00b5m s dlouhou \u017eivotnost\u00ed, vinut\u00ed z \u010dist\u00e9 m\u011bdi, impedance 10 Ohm\u016f, v\u00fdstupn\u00ed \u00farove\u0148 1,0mV, frekven\u010dn\u00ed rozsah 10Hz a\u017e 25kHz.<\/p>\n<p>.<\/p>\n","protected":false},"excerpt":{"rendered":"<p>&#8222;Mono&#8220; syst\u00e9m, chv\u011bjka ze slou\u010deniny AlMg, diamantov\u00fd sf\u00e9rick\u00fd hrot,v\u00fdstupn\u00ed \u00farove\u0148 1mV<\/p>\n","protected":false},"featured_media":37427,"comment_status":"closed","ping_status":"closed","template":"","meta":[],"pwb-brand":[],"product_brand":[],"product_cat":[157,158],"product_tag":[103,66,159],"class_list":{"0":"post-37412","1":"product","2":"type-product","3":"status-publish","4":"has-post-thumbnail","6":"product_cat-gramofonove-prenosky","7":"product_cat-zyx","8":"product_tag-gramofon","9":"product_tag-hi-fi","10":"product_tag-prenoska","12":"first","13":"onbackorder","14":"taxable","15":"shipping-taxable","16":"purchasable","17":"product-type-simple"},"aioseo_notices":[],"jetpack_sharing_enabled":true,"brands":[],"_links":{"self":[{"href":"https:\/\/www.altei.cz\/hifi\/wp-json\/wp\/v2\/product\/37412","targetHints":{"allow":["GET"]}}],"collection":[{"href":"https:\/\/www.altei.cz\/hifi\/wp-json\/wp\/v2\/product"}],"about":[{"href":"https:\/\/www.altei.cz\/hifi\/wp-json\/wp\/v2\/types\/product"}],"replies":[{"embeddable":true,"href":"https:\/\/www.altei.cz\/hifi\/wp-json\/wp\/v2\/comments?post=37412"}],"wp:featuredmedia":[{"embeddable":true,"href":"https:\/\/www.altei.cz\/hifi\/wp-json\/wp\/v2\/media\/37427"}],"wp:attachment":[{"href":"https:\/\/www.altei.cz\/hifi\/wp-json\/wp\/v2\/media?parent=37412"}],"wp:term":[{"taxonomy":"pwb-brand","embeddable":true,"href":"https:\/\/www.altei.cz\/hifi\/wp-json\/wp\/v2\/pwb-brand?post=37412"},{"taxonomy":"product_brand","embeddable":true,"href":"https:\/\/www.altei.cz\/hifi\/wp-json\/wp\/v2\/product_brand?post=37412"},{"taxonomy":"product_cat","embeddable":true,"href":"https:\/\/www.altei.cz\/hifi\/wp-json\/wp\/v2\/product_cat?post=37412"},{"taxonomy":"product_tag","embeddable":true,"href":"https:\/\/www.altei.cz\/hifi\/wp-json\/wp\/v2\/product_tag?post=37412"}],"curies":[{"name":"wp","href":"https:\/\/api.w.org\/{rel}","templated":true}]}}