{"id":37585,"date":"2022-02-17T22:36:44","date_gmt":"2022-02-17T21:36:44","guid":{"rendered":"https:\/\/www.altei.cz\/hifi\/?post_type=product&#038;p=37585"},"modified":"2026-02-02T21:53:04","modified_gmt":"2026-02-02T20:53:04","slug":"denon-dl-110","status":"publish","type":"product","link":"https:\/\/www.altei.cz\/hifi\/produkt\/denon-dl-110\/","title":{"rendered":"DENON DL-110"},"content":{"rendered":"<p>DENON DL-110 je gramofonov\u00e1 p\u0159enoska typu MC (Moving Coil) s vysokou v\u00fdstupn\u00ed \u00farovn\u00ed pro p\u0159ipojen\u00ed k MM vstupu gramofonov\u00e9ho p\u0159edzesilova\u010de a p\u016flpalcov\u00fdm uchycen\u00edm. V\u00fdstupn\u00ed nap\u011bt\u00ed 1,6mV. Kmito\u010dtov\u00fd rozsah 20Hz &#8211; 45kHz. V\u00fdstupn\u00ed impedance 16 Ohm.<\/p>\n","protected":false},"excerpt":{"rendered":"<h4>Gramofonov\u00e1 p\u0159enoska typu MC s vysokou v\u00fdstupn\u00ed \u00farovn\u00ed<\/h4>\n","protected":false},"featured_media":37627,"comment_status":"closed","ping_status":"closed","template":"","meta":[],"pwb-brand":[460],"product_brand":[],"product_cat":[157],"product_tag":[103,160,159],"class_list":{"0":"post-37585","1":"product","2":"type-product","3":"status-publish","4":"has-post-thumbnail","6":"pwb-brand-denon","7":"product_cat-gramofonove-prenosky","8":"product_tag-gramofon","9":"product_tag-mc-prenoska","10":"product_tag-prenoska","11":"product_shipping_class-z-1-kg","13":"first","14":"onbackorder","15":"taxable","16":"shipping-taxable","17":"purchasable","18":"product-type-simple"},"aioseo_notices":[],"jetpack_sharing_enabled":true,"brands":[{"id":460,"name":"Denon","slug":"denon"}],"_links":{"self":[{"href":"https:\/\/www.altei.cz\/hifi\/wp-json\/wp\/v2\/product\/37585","targetHints":{"allow":["GET"]}}],"collection":[{"href":"https:\/\/www.altei.cz\/hifi\/wp-json\/wp\/v2\/product"}],"about":[{"href":"https:\/\/www.altei.cz\/hifi\/wp-json\/wp\/v2\/types\/product"}],"replies":[{"embeddable":true,"href":"https:\/\/www.altei.cz\/hifi\/wp-json\/wp\/v2\/comments?post=37585"}],"wp:featuredmedia":[{"embeddable":true,"href":"https:\/\/www.altei.cz\/hifi\/wp-json\/wp\/v2\/media\/37627"}],"wp:attachment":[{"href":"https:\/\/www.altei.cz\/hifi\/wp-json\/wp\/v2\/media?parent=37585"}],"wp:term":[{"taxonomy":"pwb-brand","embeddable":true,"href":"https:\/\/www.altei.cz\/hifi\/wp-json\/wp\/v2\/pwb-brand?post=37585"},{"taxonomy":"product_brand","embeddable":true,"href":"https:\/\/www.altei.cz\/hifi\/wp-json\/wp\/v2\/product_brand?post=37585"},{"taxonomy":"product_cat","embeddable":true,"href":"https:\/\/www.altei.cz\/hifi\/wp-json\/wp\/v2\/product_cat?post=37585"},{"taxonomy":"product_tag","embeddable":true,"href":"https:\/\/www.altei.cz\/hifi\/wp-json\/wp\/v2\/product_tag?post=37585"}],"curies":[{"name":"wp","href":"https:\/\/api.w.org\/{rel}","templated":true}]}}