{"id":37586,"date":"2022-02-17T22:36:45","date_gmt":"2022-02-17T21:36:45","guid":{"rendered":"https:\/\/www.altei.cz\/hifi\/?post_type=product&#038;p=37586"},"modified":"2026-02-02T21:52:19","modified_gmt":"2026-02-02T20:52:19","slug":"denon-dl-103","status":"publish","type":"product","link":"https:\/\/www.altei.cz\/hifi\/produkt\/denon-dl-103\/","title":{"rendered":"DENON DL-103"},"content":{"rendered":"<p>DENON DL-103 je gramofonov\u00e1 p\u0159enoska typu MC (Moving Coil) s p\u016flpalcov\u00fdm uchycen\u00edm. V\u00fdstupn\u00ed nap\u011bt\u00ed 0,3mV. Kmito\u010dtov\u00fd rozsah 20Hz &#8211; 45kHz . V\u00fdstupn\u00ed impedance 40 Ohm. P\u0159esto\u017ee jej\u00ed konstrukce poch\u00e1z\u00ed ze 60. let 20. stolet\u00ed, st\u00e1le pat\u0159\u00ed k nejpou\u017e\u00edvan\u011bj\u0161\u00edm p\u0159enosk\u00e1m a m\u016f\u017ee bez probl\u00e9m\u016f konkurovat sou\u010dasn\u00fdm model\u016fm. DENON DL-103 je prost\u011b standard. D\u00edky sv\u00e9 konstrukci je Denon DL-103 doporu\u010dov\u00e1n jako jedna z m\u00e1la p\u0159enosek vhodn\u00fdch pro t\u011b\u017ek\u00e1 ramena. Jako gramofonov\u00e1 p\u0159enoska s n\u00edzk\u00fdm v\u00fdstupn\u00edm nap\u011bt\u00edm vy\u017eaduje MC gramofonov\u00fd p\u0159edzesilova\u010d, nebo p\u0159edzesilova\u010d s vestav\u011bn\u00fdm MC vstupem.<\/p>\n","protected":false},"excerpt":{"rendered":"<h4>Gramofonov\u00e1 p\u0159enoska typu MC s\u00a0p\u016flpalcov\u00fdm uchycen\u00edm<\/h4>\n","protected":false},"featured_media":37628,"comment_status":"closed","ping_status":"closed","template":"","meta":[],"pwb-brand":[460],"product_brand":[],"product_cat":[157],"product_tag":[103,160,159],"class_list":{"0":"post-37586","1":"product","2":"type-product","3":"status-publish","4":"has-post-thumbnail","6":"pwb-brand-denon","7":"product_cat-gramofonove-prenosky","8":"product_tag-gramofon","9":"product_tag-mc-prenoska","10":"product_tag-prenoska","11":"product_shipping_class-z-1-kg","13":"first","14":"onbackorder","15":"taxable","16":"shipping-taxable","17":"purchasable","18":"product-type-simple"},"aioseo_notices":[],"jetpack_sharing_enabled":true,"brands":[{"id":460,"name":"Denon","slug":"denon"}],"_links":{"self":[{"href":"https:\/\/www.altei.cz\/hifi\/wp-json\/wp\/v2\/product\/37586","targetHints":{"allow":["GET"]}}],"collection":[{"href":"https:\/\/www.altei.cz\/hifi\/wp-json\/wp\/v2\/product"}],"about":[{"href":"https:\/\/www.altei.cz\/hifi\/wp-json\/wp\/v2\/types\/product"}],"replies":[{"embeddable":true,"href":"https:\/\/www.altei.cz\/hifi\/wp-json\/wp\/v2\/comments?post=37586"}],"wp:featuredmedia":[{"embeddable":true,"href":"https:\/\/www.altei.cz\/hifi\/wp-json\/wp\/v2\/media\/37628"}],"wp:attachment":[{"href":"https:\/\/www.altei.cz\/hifi\/wp-json\/wp\/v2\/media?parent=37586"}],"wp:term":[{"taxonomy":"pwb-brand","embeddable":true,"href":"https:\/\/www.altei.cz\/hifi\/wp-json\/wp\/v2\/pwb-brand?post=37586"},{"taxonomy":"product_brand","embeddable":true,"href":"https:\/\/www.altei.cz\/hifi\/wp-json\/wp\/v2\/product_brand?post=37586"},{"taxonomy":"product_cat","embeddable":true,"href":"https:\/\/www.altei.cz\/hifi\/wp-json\/wp\/v2\/product_cat?post=37586"},{"taxonomy":"product_tag","embeddable":true,"href":"https:\/\/www.altei.cz\/hifi\/wp-json\/wp\/v2\/product_tag?post=37586"}],"curies":[{"name":"wp","href":"https:\/\/api.w.org\/{rel}","templated":true}]}}