{"id":37587,"date":"2022-02-17T22:36:45","date_gmt":"2022-02-17T21:36:45","guid":{"rendered":"https:\/\/www.altei.cz\/hifi\/?post_type=product&#038;p=37587"},"modified":"2026-02-02T21:52:42","modified_gmt":"2026-02-02T20:52:42","slug":"denon-dl-103r","status":"publish","type":"product","link":"https:\/\/www.altei.cz\/hifi\/produkt\/denon-dl-103r\/","title":{"rendered":"DENON DL-103R"},"content":{"rendered":"<p>DENON DL-103R je ru\u010dn\u011b vyr\u00e1b\u011bn\u00e1 gramofonov\u00e1 p\u0159enoska typu MC (Moving Coil)\u00a0 s p\u016flpalcov\u00fdm uchycen\u00edm. Speci\u00e1ln\u00ed verze legend\u00e1rn\u00edho modelu DL-103, u kter\u00e9 je pou\u017eito vinut\u00ed z extr\u00e9mn\u011b \u010dist\u00e9 m\u011bdi typu 6N (\u010distota 99.9999%). V\u00fdstupn\u00ed nap\u011bt\u00ed 0,25mV. Kmito\u010dtov\u00fd rozsah 20Hz &#8211; 45kHz. V\u00fdstupn\u00ed impedance 40 Ohm.<\/p>\n","protected":false},"excerpt":{"rendered":"<h4>Ru\u010dn\u011b vyr\u00e1b\u011bn\u00e1 gramofonov\u00e1 p\u0159enoska typu MC s p\u016flpalcov\u00fdm uchycen\u00edm<\/h4>\n","protected":false},"featured_media":37629,"comment_status":"closed","ping_status":"closed","template":"","meta":[],"pwb-brand":[460],"product_brand":[],"product_cat":[157],"product_tag":[103,160,159],"class_list":{"0":"post-37587","1":"product","2":"type-product","3":"status-publish","4":"has-post-thumbnail","6":"pwb-brand-denon","7":"product_cat-gramofonove-prenosky","8":"product_tag-gramofon","9":"product_tag-mc-prenoska","10":"product_tag-prenoska","11":"product_shipping_class-z-1-kg","13":"first","14":"onbackorder","15":"taxable","16":"shipping-taxable","17":"purchasable","18":"product-type-simple"},"aioseo_notices":[],"jetpack_sharing_enabled":true,"brands":[{"id":460,"name":"Denon","slug":"denon"}],"_links":{"self":[{"href":"https:\/\/www.altei.cz\/hifi\/wp-json\/wp\/v2\/product\/37587","targetHints":{"allow":["GET"]}}],"collection":[{"href":"https:\/\/www.altei.cz\/hifi\/wp-json\/wp\/v2\/product"}],"about":[{"href":"https:\/\/www.altei.cz\/hifi\/wp-json\/wp\/v2\/types\/product"}],"replies":[{"embeddable":true,"href":"https:\/\/www.altei.cz\/hifi\/wp-json\/wp\/v2\/comments?post=37587"}],"wp:featuredmedia":[{"embeddable":true,"href":"https:\/\/www.altei.cz\/hifi\/wp-json\/wp\/v2\/media\/37629"}],"wp:attachment":[{"href":"https:\/\/www.altei.cz\/hifi\/wp-json\/wp\/v2\/media?parent=37587"}],"wp:term":[{"taxonomy":"pwb-brand","embeddable":true,"href":"https:\/\/www.altei.cz\/hifi\/wp-json\/wp\/v2\/pwb-brand?post=37587"},{"taxonomy":"product_brand","embeddable":true,"href":"https:\/\/www.altei.cz\/hifi\/wp-json\/wp\/v2\/product_brand?post=37587"},{"taxonomy":"product_cat","embeddable":true,"href":"https:\/\/www.altei.cz\/hifi\/wp-json\/wp\/v2\/product_cat?post=37587"},{"taxonomy":"product_tag","embeddable":true,"href":"https:\/\/www.altei.cz\/hifi\/wp-json\/wp\/v2\/product_tag?post=37587"}],"curies":[{"name":"wp","href":"https:\/\/api.w.org\/{rel}","templated":true}]}}