{"id":37632,"date":"2022-02-17T22:37:22","date_gmt":"2022-02-17T21:37:22","guid":{"rendered":"https:\/\/www.altei.cz\/hifi\/?post_type=product&#038;p=37632"},"modified":"2026-03-16T06:53:32","modified_gmt":"2026-03-16T05:53:32","slug":"hana-el","status":"publish","type":"product","link":"https:\/\/www.altei.cz\/hifi\/produkt\/hana-el\/","title":{"rendered":"HANA EL"},"content":{"rendered":"<p>Elektrodynamick\u00e1 p\u0159enoska MC s eliptick\u00fdm hrotem ze syntetick\u00e9ho diamantu a 1\/2&#8243; uchycen\u00edm. Chv\u011bjka z tvrzen\u00e9ho aluminia, v\u00fdstupn\u00ed \u00farove\u0148 0,5mV, kmito\u010dtov\u00fd rozsah 15Hz a\u017e 25kHz, impedance 30\u03a9, hmotnost 5g. Barva mechov\u00e1 zele\u0148.<\/p>\n<p>&nbsp;<\/p>\n<div  class='avia-button-wrap av-l42vxc-b29bdb87ed910ebe96744896e8a228af-wrap avia-button-center  avia-builder-el-0  avia-builder-el-no-sibling '><a href='https:\/\/www.altei.cz\/hifi\/hana\/'  class='avia-button av-l42vxc-b29bdb87ed910ebe96744896e8a228af av-link-btn avia-icon_select-no avia-size-small avia-position-center avia-color-theme-color'   aria-label=\"V\u00edce\"><span class='avia_iconbox_title' >V\u00edce<\/span><\/a><\/div>\n","protected":false},"excerpt":{"rendered":"<h4>Elektrodynamick\u00e1 p\u0159enoska MC s n\u00edzkou\u00a0v\u00fdstupn\u00ed \u00farovn\u00ed<\/h4>\n","protected":false},"featured_media":37730,"comment_status":"closed","ping_status":"closed","template":"","meta":[],"pwb-brand":[155],"product_brand":[],"product_cat":[157],"product_tag":[103,162,159],"class_list":{"0":"post-37632","1":"product","2":"type-product","3":"status-publish","4":"has-post-thumbnail","6":"pwb-brand-hana","7":"product_cat-gramofonove-prenosky","8":"product_tag-gramofon","9":"product_tag-moving-coil","10":"product_tag-prenoska","11":"product_shipping_class-z-1-kg","13":"first","14":"instock","15":"featured","16":"taxable","17":"shipping-taxable","18":"purchasable","19":"product-type-simple"},"aioseo_notices":[],"jetpack_sharing_enabled":true,"brands":[{"id":155,"name":"HANA","slug":"hana"}],"_links":{"self":[{"href":"https:\/\/www.altei.cz\/hifi\/wp-json\/wp\/v2\/product\/37632","targetHints":{"allow":["GET"]}}],"collection":[{"href":"https:\/\/www.altei.cz\/hifi\/wp-json\/wp\/v2\/product"}],"about":[{"href":"https:\/\/www.altei.cz\/hifi\/wp-json\/wp\/v2\/types\/product"}],"replies":[{"embeddable":true,"href":"https:\/\/www.altei.cz\/hifi\/wp-json\/wp\/v2\/comments?post=37632"}],"wp:featuredmedia":[{"embeddable":true,"href":"https:\/\/www.altei.cz\/hifi\/wp-json\/wp\/v2\/media\/37730"}],"wp:attachment":[{"href":"https:\/\/www.altei.cz\/hifi\/wp-json\/wp\/v2\/media?parent=37632"}],"wp:term":[{"taxonomy":"pwb-brand","embeddable":true,"href":"https:\/\/www.altei.cz\/hifi\/wp-json\/wp\/v2\/pwb-brand?post=37632"},{"taxonomy":"product_brand","embeddable":true,"href":"https:\/\/www.altei.cz\/hifi\/wp-json\/wp\/v2\/product_brand?post=37632"},{"taxonomy":"product_cat","embeddable":true,"href":"https:\/\/www.altei.cz\/hifi\/wp-json\/wp\/v2\/product_cat?post=37632"},{"taxonomy":"product_tag","embeddable":true,"href":"https:\/\/www.altei.cz\/hifi\/wp-json\/wp\/v2\/product_tag?post=37632"}],"curies":[{"name":"wp","href":"https:\/\/api.w.org\/{rel}","templated":true}]}}