{"id":37633,"date":"2022-02-17T22:37:22","date_gmt":"2022-02-17T21:37:22","guid":{"rendered":"https:\/\/www.altei.cz\/hifi\/?post_type=product&#038;p=37633"},"modified":"2026-02-17T20:28:33","modified_gmt":"2026-02-17T19:28:33","slug":"hana-sh","status":"publish","type":"product","link":"https:\/\/www.altei.cz\/hifi\/produkt\/hana-sh\/","title":{"rendered":"HANA SH"},"content":{"rendered":"<p>Hana SH je elektrodynamick\u00e1 p\u0159enoska MC s vysokou v\u00fdstupn\u00ed \u00farovn\u00ed, s hrotem typu Shibata z p\u0159\u00edrodn\u00edho diamantu a 1\/2&#8243; uchycen\u00edm. Chv\u011bjka z tvrzen\u00e9ho aluminia, v\u00fdstupn\u00ed \u00farove\u0148 2mV, kmito\u010dtov\u00fd rozsah 15Hz a\u017e 32kHz, impedance 130\u03a9, hmotnost 5g. Barva \u010dern\u00e1.<\/p>\n<p>\u0158ada elektrodynamick\u00fdch MC (moving coil) gramofonov\u00fdch p\u0159enosek \u83ef , neboli \u201eHANA\u201c z Japonska. <a title=\"HANA\" href=\"https:\/\/www.altei.cz\/hifi\/hana\/\" target=\"_blank\" rel=\"noopener\">HANA<\/a> je synonymem pro \u201ebrilantn\u00ed a n\u00e1dhern\u00e9\u201c, co\u017e v\u00fdsti\u017en\u011b charakterizuje zvukov\u00fd projev t\u011bchto produkt\u016f. Gramofonov\u00e1 p\u0159enoska HANA SH vyu\u017e\u00edv\u00e1 aluminiov\u00e9 materi\u00e1ly \u0161pi\u010dkov\u00e9 kvality ve spojen\u00ed se speci\u00e1ln\u00edm zpracov\u00e1n\u00edm, kvalitn\u011b navr\u017een\u00fd magnetick\u00fd obvod a precizn\u011b vyrobenou chv\u011bjku a sn\u00edmac\u00ed hrot. V\u00fdsledkem pak je vskutku \u201ebrilantn\u00ed a n\u00e1dhern\u00fd zvuk\u201c, obvykl\u00fd doposud u cenov\u011b mnohem dra\u017e\u0161\u00edch produkt\u016f. Hana SH pou\u017e\u00edv\u00e1 \u010dist\u00fd p\u0159\u00edrodn\u00ed diamant pro hrot vybrou\u0161en\u00fd do tvaru Shibata, kter\u00fd m\u00e1 vynikaj\u00edc\u00ed kmito\u010dtovou charakteristiku a zaru\u010duje nejvy\u0161\u0161\u00ed transparentnost a vynikaj\u00edc\u00ed \u010ditelnost zvukov\u00fdch nahr\u00e1vek. P\u0159enosky HANA vyr\u00e1b\u00ed spole\u010dnost Excel Sound Corporation Tokyo.<\/p>\n<div  class='avia-button-wrap av-l42vxc-b29bdb87ed910ebe96744896e8a228af-wrap avia-button-center  avia-builder-el-0  avia-builder-el-no-sibling '><a href='https:\/\/www.altei.cz\/hifi\/hana\/'  class='avia-button av-l42vxc-b29bdb87ed910ebe96744896e8a228af av-link-btn avia-icon_select-no avia-size-small avia-position-center avia-color-theme-color'   aria-label=\"V\u00edce\"><span class='avia_iconbox_title' >V\u00edce<\/span><\/a><\/div>\n","protected":false},"excerpt":{"rendered":"<h4>Elektrodynamick\u00e1 p\u0159enoska MC s vysokou\u00a0v\u00fdstupn\u00ed \u00farovn\u00ed<\/h4>\n","protected":false},"featured_media":37731,"comment_status":"closed","ping_status":"closed","template":"","meta":[],"pwb-brand":[155],"product_brand":[],"product_cat":[369,157],"product_tag":[103,159],"class_list":{"0":"post-37633","1":"product","2":"type-product","3":"status-publish","4":"has-post-thumbnail","6":"pwb-brand-hana","7":"product_cat-akce","8":"product_cat-gramofonove-prenosky","9":"product_tag-gramofon","10":"product_tag-prenoska","11":"product_shipping_class-z-1-kg","13":"first","14":"instock","15":"featured","16":"taxable","17":"shipping-taxable","18":"purchasable","19":"product-type-simple"},"aioseo_notices":[],"jetpack_sharing_enabled":true,"brands":[{"id":155,"name":"HANA","slug":"hana"}],"_links":{"self":[{"href":"https:\/\/www.altei.cz\/hifi\/wp-json\/wp\/v2\/product\/37633","targetHints":{"allow":["GET"]}}],"collection":[{"href":"https:\/\/www.altei.cz\/hifi\/wp-json\/wp\/v2\/product"}],"about":[{"href":"https:\/\/www.altei.cz\/hifi\/wp-json\/wp\/v2\/types\/product"}],"replies":[{"embeddable":true,"href":"https:\/\/www.altei.cz\/hifi\/wp-json\/wp\/v2\/comments?post=37633"}],"wp:featuredmedia":[{"embeddable":true,"href":"https:\/\/www.altei.cz\/hifi\/wp-json\/wp\/v2\/media\/37731"}],"wp:attachment":[{"href":"https:\/\/www.altei.cz\/hifi\/wp-json\/wp\/v2\/media?parent=37633"}],"wp:term":[{"taxonomy":"pwb-brand","embeddable":true,"href":"https:\/\/www.altei.cz\/hifi\/wp-json\/wp\/v2\/pwb-brand?post=37633"},{"taxonomy":"product_brand","embeddable":true,"href":"https:\/\/www.altei.cz\/hifi\/wp-json\/wp\/v2\/product_brand?post=37633"},{"taxonomy":"product_cat","embeddable":true,"href":"https:\/\/www.altei.cz\/hifi\/wp-json\/wp\/v2\/product_cat?post=37633"},{"taxonomy":"product_tag","embeddable":true,"href":"https:\/\/www.altei.cz\/hifi\/wp-json\/wp\/v2\/product_tag?post=37633"}],"curies":[{"name":"wp","href":"https:\/\/api.w.org\/{rel}","templated":true}]}}