{"id":37751,"date":"2022-02-17T22:38:57","date_gmt":"2022-02-17T21:38:57","guid":{"rendered":"https:\/\/www.altei.cz\/hifi\/?post_type=product&#038;p=37751"},"modified":"2022-02-18T11:26:55","modified_gmt":"2022-02-18T10:26:55","slug":"reference-recordings-rr-61cd","status":"publish","type":"product","link":"https:\/\/www.altei.cz\/hifi\/produkt\/reference-recordings-rr-61cd\/","title":{"rendered":"Reference Recordings RR-61CD"},"content":{"rendered":"<p>Postcards &#8211; The Turtle Creek Chorale\/Timothy Seelig, conductor<\/p>\n<p>&nbsp;<\/p>\n<p>1. Blow Ye the Trumpet (Kirke Mecham)<br \/>\n2. N&#8217;Kosi Sikelel&#8216; i Afrika (Enoch Sontonga)<br \/>\n3. Spas\u00e9\u00f1iye sod\u00e9lal (Pavel Chesnokov)<br \/>\n4. Wo ai Yang guang (Gang Situ)<br \/>\n5. Sakura (Arr. Will Varner)<br \/>\n6. Gamelan (R. Murray Schafer)<br \/>\n7. Pueri Hebraeorum (Randall Thompson)<br \/>\n8. Gracias a la Vida (Violeta Parra)<br \/>\n9. Cantique de Jean Racine (Gabriel Faur\u00e9)<br \/>\n10. Geist der Liebe (Franz Schubert)<br \/>\n11. Geographical Fugue (Ernst Toch)<br \/>\n12. Betelehemu (Via Olatunji)<br \/>\n13. Insalata Italiana (Richard Gen\u00e9e)<br \/>\n14. Cindy (Arr. Mack Wilberg)<\/p>\n<p>Total Time: 60:00<\/p>\n","protected":false},"excerpt":{"rendered":"<h4 class=\"hr hr-invisible  avia-builder-el-8  el_after_av_section  el_before_av_heading  avia-builder-el-first \">Postcards \/ Turtle Creek Chorale<\/h4>\n","protected":false},"featured_media":37803,"comment_status":"closed","ping_status":"closed","template":"","meta":[],"pwb-brand":[280],"product_brand":[],"product_cat":[247,246],"product_tag":[248,249],"class_list":{"0":"post-37751","1":"product","2":"type-product","3":"status-publish","4":"has-post-thumbnail","6":"pwb-brand-reference-recordings","7":"product_cat-cd","8":"product_cat-zvukovy-nosic","9":"product_tag-hdcd","10":"product_tag-referencerecordings","12":"first","13":"instock","14":"taxable","15":"shipping-taxable","16":"purchasable","17":"product-type-simple"},"aioseo_notices":[],"jetpack_sharing_enabled":true,"brands":[{"id":280,"name":"Reference Recordings","slug":"reference-recordings"}],"_links":{"self":[{"href":"https:\/\/www.altei.cz\/hifi\/wp-json\/wp\/v2\/product\/37751","targetHints":{"allow":["GET"]}}],"collection":[{"href":"https:\/\/www.altei.cz\/hifi\/wp-json\/wp\/v2\/product"}],"about":[{"href":"https:\/\/www.altei.cz\/hifi\/wp-json\/wp\/v2\/types\/product"}],"replies":[{"embeddable":true,"href":"https:\/\/www.altei.cz\/hifi\/wp-json\/wp\/v2\/comments?post=37751"}],"wp:featuredmedia":[{"embeddable":true,"href":"https:\/\/www.altei.cz\/hifi\/wp-json\/wp\/v2\/media\/37803"}],"wp:attachment":[{"href":"https:\/\/www.altei.cz\/hifi\/wp-json\/wp\/v2\/media?parent=37751"}],"wp:term":[{"taxonomy":"pwb-brand","embeddable":true,"href":"https:\/\/www.altei.cz\/hifi\/wp-json\/wp\/v2\/pwb-brand?post=37751"},{"taxonomy":"product_brand","embeddable":true,"href":"https:\/\/www.altei.cz\/hifi\/wp-json\/wp\/v2\/product_brand?post=37751"},{"taxonomy":"product_cat","embeddable":true,"href":"https:\/\/www.altei.cz\/hifi\/wp-json\/wp\/v2\/product_cat?post=37751"},{"taxonomy":"product_tag","embeddable":true,"href":"https:\/\/www.altei.cz\/hifi\/wp-json\/wp\/v2\/product_tag?post=37751"}],"curies":[{"name":"wp","href":"https:\/\/api.w.org\/{rel}","templated":true}]}}