{"id":37787,"date":"2022-02-17T22:39:35","date_gmt":"2022-02-17T21:39:35","guid":{"rendered":"https:\/\/www.altei.cz\/hifi\/?post_type=product&#038;p=37787"},"modified":"2022-02-18T11:26:05","modified_gmt":"2022-02-18T10:26:05","slug":"reference-recordings-rr-79cd","status":"publish","type":"product","link":"https:\/\/www.altei.cz\/hifi\/produkt\/reference-recordings-rr-79cd\/","title":{"rendered":"Reference Recordings RR-79CD"},"content":{"rendered":"<p>Pictures at an Exhibition &#8211; Minnesota Orchestra\/Eiji Oue \u00a0HDCD<\/p>\n<p>1. ravel: alborada del gracioso<\/p>\n<p>2. ravel: sh\u00e9h\u00e9razade, ouverture de f\u00e9erie<\/p>\n<p>3. debussy &#8211; ravel: sarabande<\/p>\n<p>4. debussy &#8211; ravel: danse<\/p>\n<p>5. &#8211; 7. schumann &#8211; ravel: carnaval<br \/>\n5. pr\u00e9ambule<br \/>\n6. valse allemande &#8211; paganini &#8211; valse allemande<br \/>\n7. marche des davidsb\u00fcndler contre les philistins<br \/>\n8. chabrier &#8211; ravel: menuet pompeux<\/p>\n<p>9. &#8211; 23. mussorgsky &#8211; ravel: pictures at an exhibition<br \/>\n9. promenade<br \/>\n10. gnomus<br \/>\n11. promenade<br \/>\n12 the old castle<br \/>\n13. promenade<br \/>\n14. tuileries<br \/>\n15. bydlo<br \/>\n16. promenade<br \/>\n17. ballet of the chicks in their shells<br \/>\n18. samuel goldenberg and schmuyle<br \/>\n19. limoges &#8211; le march\u00e9<br \/>\n20. catacomb\u00e6<br \/>\n21. con mortuis in lingua mortua<br \/>\n22. the hut of baba-yaga<br \/>\n23. the great gate at kiev<\/p>\n","protected":false},"excerpt":{"rendered":"<h4 class=\"hr hr-invisible avia-builder-el-8 el_after_av_section el_before_av_heading avia-builder-el-first \">Pictures at an Exhibition<\/h4>\n","protected":false},"featured_media":37813,"comment_status":"closed","ping_status":"closed","template":"","meta":[],"pwb-brand":[280],"product_brand":[],"product_cat":[247,246],"product_tag":[248,249],"class_list":{"0":"post-37787","1":"product","2":"type-product","3":"status-publish","4":"has-post-thumbnail","6":"pwb-brand-reference-recordings","7":"product_cat-cd","8":"product_cat-zvukovy-nosic","9":"product_tag-hdcd","10":"product_tag-referencerecordings","12":"first","13":"outofstock","14":"taxable","15":"shipping-taxable","16":"purchasable","17":"product-type-simple"},"aioseo_notices":[],"jetpack_sharing_enabled":true,"brands":[{"id":280,"name":"Reference Recordings","slug":"reference-recordings"}],"_links":{"self":[{"href":"https:\/\/www.altei.cz\/hifi\/wp-json\/wp\/v2\/product\/37787","targetHints":{"allow":["GET"]}}],"collection":[{"href":"https:\/\/www.altei.cz\/hifi\/wp-json\/wp\/v2\/product"}],"about":[{"href":"https:\/\/www.altei.cz\/hifi\/wp-json\/wp\/v2\/types\/product"}],"replies":[{"embeddable":true,"href":"https:\/\/www.altei.cz\/hifi\/wp-json\/wp\/v2\/comments?post=37787"}],"wp:featuredmedia":[{"embeddable":true,"href":"https:\/\/www.altei.cz\/hifi\/wp-json\/wp\/v2\/media\/37813"}],"wp:attachment":[{"href":"https:\/\/www.altei.cz\/hifi\/wp-json\/wp\/v2\/media?parent=37787"}],"wp:term":[{"taxonomy":"pwb-brand","embeddable":true,"href":"https:\/\/www.altei.cz\/hifi\/wp-json\/wp\/v2\/pwb-brand?post=37787"},{"taxonomy":"product_brand","embeddable":true,"href":"https:\/\/www.altei.cz\/hifi\/wp-json\/wp\/v2\/product_brand?post=37787"},{"taxonomy":"product_cat","embeddable":true,"href":"https:\/\/www.altei.cz\/hifi\/wp-json\/wp\/v2\/product_cat?post=37787"},{"taxonomy":"product_tag","embeddable":true,"href":"https:\/\/www.altei.cz\/hifi\/wp-json\/wp\/v2\/product_tag?post=37787"}],"curies":[{"name":"wp","href":"https:\/\/api.w.org\/{rel}","templated":true}]}}