{"id":37913,"date":"2022-02-18T11:35:48","date_gmt":"2022-02-18T10:35:48","guid":{"rendered":"https:\/\/www.altei.cz\/hifi\/?post_type=product&#038;p=37913"},"modified":"2026-03-16T06:52:43","modified_gmt":"2026-03-16T05:52:43","slug":"hana-mh","status":"publish","type":"product","link":"https:\/\/www.altei.cz\/hifi\/produkt\/hana-mh\/","title":{"rendered":"HANA MH"},"content":{"rendered":"<p>HANA MH je japonsk\u00e1 elektrodynamick\u00e1 p\u0159enoska MC s vysokou v\u00fdstupn\u00ed \u00farovn\u00ed, s hrotem typu MicroLine z p\u0159\u00edrodn\u00edho diamantu a 1\/2&#8243; uchycen\u00edm. T\u011blo p\u0159enosky vyroben\u00e9 z Delrinu\u00a9 a mosazi. Chv\u011bjka z tvrzen\u00e9ho aluminia, v\u00fdstupn\u00ed \u00farove\u0148 2mV, kmito\u010dtov\u00fd rozsah 12Hz a\u017e 45kHz, impedance 130\u03a9, hmotnost 9,5g. Barva \u010dern\u00e1.<\/p>\n<p><a title=\"HANA ML recenze v HiFi Voice\" href=\"https:\/\/www.altei.cz\/hifi\/2021\/06\/22\/hana-ml-recenze-v-hifi-voice\/\" target=\"_blank\" rel=\"noopener\">P\u0159e\u010dt\u011bte si recenzi HANA ML ze serveru hifi-voice zde<\/a><\/p>\n<div  class='avia-button-wrap av-l42vxc-b29bdb87ed910ebe96744896e8a228af-wrap avia-button-center  avia-builder-el-0  avia-builder-el-no-sibling '><a href='https:\/\/www.altei.cz\/hifi\/hana\/'  class='avia-button av-l42vxc-b29bdb87ed910ebe96744896e8a228af av-link-btn avia-icon_select-no avia-size-small avia-position-center avia-color-theme-color'   aria-label=\"V\u00edce\"><span class='avia_iconbox_title' >V\u00edce<\/span><\/a><\/div>\n","protected":false},"excerpt":{"rendered":"<h4>Elektrodynamick\u00e1 p\u0159enoska MC MicroLine s vysokou\u00a0v\u00fdstupn\u00ed \u00farovn\u00ed<\/h4>\n","protected":false},"featured_media":38012,"comment_status":"closed","ping_status":"closed","template":"","meta":[],"pwb-brand":[155],"product_brand":[],"product_cat":[157],"product_tag":[289,103,290,159],"class_list":{"0":"post-37913","1":"product","2":"type-product","3":"status-publish","4":"has-post-thumbnail","6":"pwb-brand-hana","7":"product_cat-gramofonove-prenosky","8":"product_tag-diamant-prirodni","9":"product_tag-gramofon","10":"product_tag-microline","11":"product_tag-prenoska","12":"product_shipping_class-z-1-kg","14":"first","15":"instock","16":"featured","17":"taxable","18":"shipping-taxable","19":"purchasable","20":"product-type-simple"},"aioseo_notices":[],"jetpack_sharing_enabled":true,"brands":[{"id":155,"name":"HANA","slug":"hana"}],"_links":{"self":[{"href":"https:\/\/www.altei.cz\/hifi\/wp-json\/wp\/v2\/product\/37913","targetHints":{"allow":["GET"]}}],"collection":[{"href":"https:\/\/www.altei.cz\/hifi\/wp-json\/wp\/v2\/product"}],"about":[{"href":"https:\/\/www.altei.cz\/hifi\/wp-json\/wp\/v2\/types\/product"}],"replies":[{"embeddable":true,"href":"https:\/\/www.altei.cz\/hifi\/wp-json\/wp\/v2\/comments?post=37913"}],"wp:featuredmedia":[{"embeddable":true,"href":"https:\/\/www.altei.cz\/hifi\/wp-json\/wp\/v2\/media\/38012"}],"wp:attachment":[{"href":"https:\/\/www.altei.cz\/hifi\/wp-json\/wp\/v2\/media?parent=37913"}],"wp:term":[{"taxonomy":"pwb-brand","embeddable":true,"href":"https:\/\/www.altei.cz\/hifi\/wp-json\/wp\/v2\/pwb-brand?post=37913"},{"taxonomy":"product_brand","embeddable":true,"href":"https:\/\/www.altei.cz\/hifi\/wp-json\/wp\/v2\/product_brand?post=37913"},{"taxonomy":"product_cat","embeddable":true,"href":"https:\/\/www.altei.cz\/hifi\/wp-json\/wp\/v2\/product_cat?post=37913"},{"taxonomy":"product_tag","embeddable":true,"href":"https:\/\/www.altei.cz\/hifi\/wp-json\/wp\/v2\/product_tag?post=37913"}],"curies":[{"name":"wp","href":"https:\/\/api.w.org\/{rel}","templated":true}]}}