{"id":37914,"date":"2022-02-18T11:35:49","date_gmt":"2022-02-18T10:35:49","guid":{"rendered":"https:\/\/www.altei.cz\/hifi\/?post_type=product&#038;p=37914"},"modified":"2026-03-16T06:52:29","modified_gmt":"2026-03-16T05:52:29","slug":"hana-ml","status":"publish","type":"product","link":"https:\/\/www.altei.cz\/hifi\/produkt\/hana-ml\/","title":{"rendered":"HANA ML"},"content":{"rendered":"<p>HANA ML je Elektrodynamick\u00e1 p\u0159enoska MC s n\u00edzkou v\u00fdstupn\u00ed \u00farovn\u00ed, s hrotem typu MicroLine z p\u0159\u00edrodn\u00edho diamantu a 1\/2&#8243; uchycen\u00edm. T\u011blo p\u0159enosky vyroben\u00e9 z Delrinu\u00a9 a mosazi. Chv\u011bjka z tvrzen\u00e9ho aluminia, v\u00fdstupn\u00ed \u00farove\u0148 0,4mV, kmito\u010dtov\u00fd rozsah 12Hz a\u017e 45kHz, impedance 8\u03a9, hmotnost 9,5g. Barva \u010dern\u00e1.<\/p>\n<p>P\u0159enoska <a title=\"HANA\" href=\"https:\/\/www.altei.cz\/hifi\/hana\/\" target=\"_blank\" rel=\"noopener\">Hana<\/a> ML m\u00e1 n\u011bkolik pokro\u010dil\u00fdch vlastnost\u00ed (oproti MC p\u0159enosk\u00e1m HANA \u0159ady E a S), kter\u00e9 posouvaj\u00ed v\u011brnost zvuku a hudebn\u00ed po\u017eitek do nov\u00fdch v\u00fd\u0161in a nad\u00e1le nab\u00edzej\u00ed vynikaj\u00edc\u00ed kvalitu zvuku v pom\u011bru k cen\u011b v t\u00e9to st\u0159edn\u00ed cenov\u00e9 kategorii.<\/p>\n<p>Konstrukce hrotu &#8222;Micro-Line&#8220; (ve tvaru \u0159ezac\u00ed hlavy p\u0159i v\u00fdrob\u011b kovov\u00e9ho masteru LP), p\u0159esn\u011b zapad\u00e1 do dr\u00e1\u017eky vinylu a zachycuje i ty nejmen\u0161\u00ed detaily, nab\u00edz\u00ed lep\u0161\u00ed reprodukci frekvenc\u00ed a men\u0161\u00ed zkreslen\u00ed.<\/p>\n<p>T\u011bla p\u0159enosek \u0159ady Hana M jsou vyrobena z \u010dern\u00e9ho polyoxymethylenu (POM), co\u017e je tvrd\u00fd a extr\u00e9mn\u011b tuh\u00fd termoplast s n\u00edzkou rezonanc\u00ed vyr\u00e1b\u011bn\u00fd spole\u010dnost\u00ed DuPont pod obchodn\u00edm n\u00e1zvem &#8222;Delrin&#8220;. Sou\u010d\u00e1st\u00ed t\u011bla p\u0159enosky je pozlacen\u00e1 m\u011bd\u011bn\u00e1 rezonan\u010dn\u00ed deska, kter\u00e1 d\u00e1le sni\u017euje zkreslen\u00ed zp\u016fsoben\u00e9 vibracemi.<\/p>\n<p>Pro pohybliv\u00e9 c\u00edvky MH\/ML byl vybr\u00e1n velmi kvalitn\u00ed m\u011bd\u011bn\u00fd dr\u00e1t, kter\u00fd d\u00edky ni\u017e\u0161\u00edmu zkreslen\u00ed hudebn\u00edho sign\u00e1lu nab\u00edz\u00ed v\u011bt\u0161\u00ed \u010distotu zvuku. Sou\u010d\u00e1sti, jako je p\u0159edn\u00ed ja\u0159mo, st\u0159edov\u00e9 a zadn\u00ed sou\u010d\u00e1sti magnetick\u00e9ho elektromotorick\u00e9ho obvodu a dr\u00e1ty, jsou zpracov\u00e1ny kryogenn\u011b, jedn\u00e1 se o proces &#8222;\u017e\u00edh\u00e1n\u00ed za studena&#8220; p\u0159i teplot\u011b bl\u00edzk\u00e9 absolutn\u00ed nule, kter\u00fd restrukturalizuje kovy na molekul\u00e1rn\u00ed \u00farovni, co\u017e vede k ni\u017e\u0161\u00edmu zkreslen\u00ed zvuku. V\u00fdsledkem je p\u0159esn\u011bj\u0161\u00ed a muzik\u00e1ln\u011bj\u0161\u00ed zvuk.<\/p>\n<p>V t\u011ble p\u0159enosky jsou zabudov\u00e1ny matice se z\u00e1vitem pro upev\u0148ovac\u00ed \u0161rouby, kter\u00e9 nab\u00edzej\u00ed snadn\u00e9 mechanick\u00e9 upevn\u011bn\u00ed k hlavi\u010dce (headshellu) ramene.<\/p>\n<p>V recenzi doporu\u010duje<a href=\"https:\/\/www.hifi-voice.com\/testy-a-recenze\/gramofony-a-analog\/3190-hana-ml\"> hifi voice<\/a><\/p>\n<p>&nbsp;<\/p>\n<p>&nbsp;<\/p>\n<div  class='avia-button-wrap av-l42vxc-b29bdb87ed910ebe96744896e8a228af-wrap avia-button-center  avia-builder-el-0  avia-builder-el-no-sibling '><a href='https:\/\/www.altei.cz\/hifi\/hana\/'  class='avia-button av-l42vxc-b29bdb87ed910ebe96744896e8a228af av-link-btn avia-icon_select-no avia-size-small avia-position-center avia-color-theme-color'   aria-label=\"V\u00edce\"><span class='avia_iconbox_title' >V\u00edce<\/span><\/a><\/div>\n","protected":false},"excerpt":{"rendered":"<h4>Elektrodynamick\u00e1 p\u0159enoska MC MicroLine s n\u00edzkou v\u00fdstupn\u00ed \u00farovn\u00ed<\/h4>\n","protected":false},"featured_media":38013,"comment_status":"closed","ping_status":"closed","template":"","meta":[],"pwb-brand":[155],"product_brand":[],"product_cat":[157],"product_tag":[289,103,160,290,159],"class_list":{"0":"post-37914","1":"product","2":"type-product","3":"status-publish","4":"has-post-thumbnail","6":"pwb-brand-hana","7":"product_cat-gramofonove-prenosky","8":"product_tag-diamant-prirodni","9":"product_tag-gramofon","10":"product_tag-mc-prenoska","11":"product_tag-microline","12":"product_tag-prenoska","13":"product_shipping_class-z-1-kg","15":"first","16":"outofstock","17":"featured","18":"taxable","19":"shipping-taxable","20":"purchasable","21":"product-type-simple"},"aioseo_notices":[],"jetpack_sharing_enabled":true,"brands":[{"id":155,"name":"HANA","slug":"hana"}],"_links":{"self":[{"href":"https:\/\/www.altei.cz\/hifi\/wp-json\/wp\/v2\/product\/37914","targetHints":{"allow":["GET"]}}],"collection":[{"href":"https:\/\/www.altei.cz\/hifi\/wp-json\/wp\/v2\/product"}],"about":[{"href":"https:\/\/www.altei.cz\/hifi\/wp-json\/wp\/v2\/types\/product"}],"replies":[{"embeddable":true,"href":"https:\/\/www.altei.cz\/hifi\/wp-json\/wp\/v2\/comments?post=37914"}],"wp:featuredmedia":[{"embeddable":true,"href":"https:\/\/www.altei.cz\/hifi\/wp-json\/wp\/v2\/media\/38013"}],"wp:attachment":[{"href":"https:\/\/www.altei.cz\/hifi\/wp-json\/wp\/v2\/media?parent=37914"}],"wp:term":[{"taxonomy":"pwb-brand","embeddable":true,"href":"https:\/\/www.altei.cz\/hifi\/wp-json\/wp\/v2\/pwb-brand?post=37914"},{"taxonomy":"product_brand","embeddable":true,"href":"https:\/\/www.altei.cz\/hifi\/wp-json\/wp\/v2\/product_brand?post=37914"},{"taxonomy":"product_cat","embeddable":true,"href":"https:\/\/www.altei.cz\/hifi\/wp-json\/wp\/v2\/product_cat?post=37914"},{"taxonomy":"product_tag","embeddable":true,"href":"https:\/\/www.altei.cz\/hifi\/wp-json\/wp\/v2\/product_tag?post=37914"}],"curies":[{"name":"wp","href":"https:\/\/api.w.org\/{rel}","templated":true}]}}