{"id":37941,"date":"2022-02-18T11:36:17","date_gmt":"2022-02-18T10:36:17","guid":{"rendered":"https:\/\/www.altei.cz\/hifi\/?post_type=product&#038;p=37941"},"modified":"2026-03-18T20:55:11","modified_gmt":"2026-03-18T19:55:11","slug":"dr-feickert-analogue-firebird","status":"publish","type":"product","link":"https:\/\/www.altei.cz\/hifi\/produkt\/dr-feickert-analogue-firebird\/","title":{"rendered":"Dr. Feickert Analogue &#8211; Firebird"},"content":{"rendered":"<p>Dr. Feickert Analogue &#8211; Firebird je gramofonov\u00e9 \u0161asi s t\u0159\u00edmotorov\u00fdm \u0159em\u00ednkov\u00fdm pohonem, se dv\u011bma suporty pro precizn\u00ed instalaci jednoho ramene o d\u00e9lce 9&#8243; a\u017e 14&#8243; a druh\u00e9ho o d\u00e9lce 9&#8243; a\u017e 12&#8243; je tak\u00e9 vybaveno inverzn\u00edm lo\u017eiskem tal\u00ed\u0159e. Barevn\u00e9 proveden\u00ed horn\u00ed a spodn\u00ed desky st\u0159\u00edbrn\u00fd nebo \u010dern\u00fd eloxovan\u00fdhlin\u00edk \/ obvod \u010dern\u00fd matn\u00fd Nextel. Rameno nen\u00ed sou\u010d\u00e1st\u00ed dod\u00e1vky. Na z\u00e1klad\u011b p\u0159edchoz\u00edch zku\u0161enost\u00ed s gramofony Woodpecker a Blackbird byly oba pou\u017eit\u00e9 koncepty je\u0161t\u011b vylep\u0161eny. Schopnost zvl\u00e1dnout dv\u011b 12 palcov\u00e1 ramena byl jedn\u00edm z hlavn\u00edch konstruk\u010dn\u00edch parametr\u016f spolu se zjednodu\u0161en\u00edm nastaven\u00ed gramofonu. Samoz\u0159ejm\u011b se konstrukt\u00e9\u0159i zam\u011b\u0159ili i na ot\u00e1zku propor\u010dn\u00ed a estetickou. Z hlediska ton\u00e1ln\u00edho Firebird p\u0159edstavuje vrchol produktov\u00e9 \u0159ady Dr. Feickert Analogue, je to prav\u00fd, nefal\u0161ovan\u00fd referen\u010dn\u00ed gramofon.<\/p>\n<div>Nebylo mo\u017en\u00e9 jen upravit a vylep\u0161it elektroniku pou\u017eitou v modelech\u00a0Woodpecker a Blackbird, tak aby byla pou\u017eiteln\u00e1 pro \u0161pi\u010dkov\u00fd model. Bylo nutn\u00e9 navrhnout nov\u00fd hardware i software. A tento v\u00fdvoj je nyn\u00ed zp\u011btn\u011b uplatn\u011bn i v modelech\u00a0Woodpecker a Blackbird, \u010d\u00edm\u017e jsou jejich kvality posunuty je\u0161t\u011b v\u00fd\u0161e.<\/div>\n<p>Jedinou smysluplnou mo\u017enost\u00ed jak poh\u00e1n\u011bt gramofon t\u0159emi motory bylo je uspo\u0159\u00e1dat do rovnostrann\u00e9ho troj\u00faheln\u00edku. Jak bylo ji\u017e ov\u011b\u0159eno u Blackbird vliv troj\u00faheln\u00edkov\u00e9ho uspo\u0159\u00e1d\u00e1n\u00ed motor\u016f m\u00e1 vliv na sn\u00ed\u017een\u00ed ta\u017en\u00fdch sil p\u016fsob\u00edc\u00edch na lo\u017eisko. Vyrovn\u00e1vaj\u00ed se t\u00edm i odst\u0159ediv\u00e9 momenty a stabilizuje se chod tal\u00ed\u0159e. Z\u00e1rove\u0148 se\u00a0zabra\u0148uje p\u0159enosu ru\u0161iv\u00fdch jev\u016f.<\/p>\n<p>Bylo dosa\u017eeno maxim\u00e1ln\u00ed interakce komponent\u016f \u0161asi, aby se celek choval jako jedna hmota. Z\u00e1rove\u0148 tu je st\u00e1le d\u016fraz na \u201esnadnost pou\u017eit\u00ed\u201c s funkcemi, jako je posuvn\u00e1 podlo\u017eka pod ramena se stupnic\u00ed na principu \u010depu a v\u0159etena. Toto \u0159e\u0161en\u00ed umo\u017e\u0148uje v\u00fdm\u011bnu cel\u00e9ho ramena b\u011bhem n\u011bkolika minut, nemluv\u011b o tom, \u017ee i nastaven\u00ed ramena se t\u00edm velmi usnad\u0148uje.<\/p>\n<p>Nad\u010dasov\u00e1 elegance designu <a title=\"Dr. Feickert Analogue\" href=\"https:\/\/www.altei.cz\/hifi\/dr-feickert-analogue\/\">Dr. Feickert Analogue<\/a> &#8211; Firebird gramofonu spl\u0148uje z\u00e1rove\u0148 v\u0161echny po\u017eadavky na vynikaj\u00edc\u00ed zvuk. Byla je\u0161t\u011b vylep\u0161ena osv\u011bd\u010den\u00e1 konstrukce t\u011bla \u0161asi, speci\u00e1ln\u00edho lo\u017eiska i konstrukce gramofonov\u00e9ho tal\u00ed\u0159e, kter\u00fd lze objednat ve t\u0159ech verz\u00edch, akryl\u00e1tov\u00fd, akryl\u00e1tov\u00fd s mosazn\u00fdmi vlo\u017ekami a kovov\u00fd.<\/p>\n<div>Douf\u00e1me, \u017ee v\u00e1s toto skute\u010dn\u011b referen\u010dn\u00ed \u0161asi uspokoj\u00ed \u2013 bez ohledu na to, kter\u00e9 rameno hodl\u00e1te pou\u017e\u00edt (ob\u011b posuvn\u00e9 z\u00e1kladny umo\u017e\u0148uj\u00ed p\u0159ipojit t\u00e9m\u011b\u0159 v\u0161echna dostupn\u00e1 ramena od 9 a\u017e do 14 palc\u016f).<\/div>\n<p>Nechte se un\u00e9st. Zapome\u0148te na technologii, kter\u00e1 v\u00e1m to umo\u017en\u00ed.<\/p>\n<p>Rameno ani p\u0159enoska nen\u00ed sou\u010d\u00e1st\u00ed dod\u00e1vky Dr. Feickert Analogue &#8211; Firebird, foto je pouze ilustra\u010dn\u00ed.<\/p>\n<div id=\"AppleMailSignature\">\n<div class=\"ApplePlainTextBody\"><\/div>\n<\/div>\n","protected":false},"excerpt":{"rendered":"<h4>\u0160pi\u010dkov\u00e9 t\u0159\u00edmotorov\u00e9 gramofonov\u00e9 \u0161asi<\/h4>\n","protected":false},"featured_media":37966,"comment_status":"closed","ping_status":"closed","template":"","meta":[],"pwb-brand":[327],"product_brand":[],"product_cat":[281,100,102,22],"product_tag":[103,467],"class_list":{"0":"post-37941","1":"product","2":"type-product","3":"status-publish","4":"has-post-thumbnail","6":"pwb-brand-feickert","7":"product_cat-feickert","8":"product_cat-gramofonova-chassis","9":"product_cat-gramofony","10":"product_cat-high-end-audio","11":"product_tag-gramofon","12":"product_tag-gramofonove-sasi","14":"first","15":"onbackorder","16":"taxable","17":"shipping-taxable","18":"purchasable","19":"product-type-simple"},"aioseo_notices":[],"jetpack_sharing_enabled":true,"brands":[{"id":327,"name":"Dr. Feickert Analogue","slug":"feickert"}],"_links":{"self":[{"href":"https:\/\/www.altei.cz\/hifi\/wp-json\/wp\/v2\/product\/37941","targetHints":{"allow":["GET"]}}],"collection":[{"href":"https:\/\/www.altei.cz\/hifi\/wp-json\/wp\/v2\/product"}],"about":[{"href":"https:\/\/www.altei.cz\/hifi\/wp-json\/wp\/v2\/types\/product"}],"replies":[{"embeddable":true,"href":"https:\/\/www.altei.cz\/hifi\/wp-json\/wp\/v2\/comments?post=37941"}],"wp:featuredmedia":[{"embeddable":true,"href":"https:\/\/www.altei.cz\/hifi\/wp-json\/wp\/v2\/media\/37966"}],"wp:attachment":[{"href":"https:\/\/www.altei.cz\/hifi\/wp-json\/wp\/v2\/media?parent=37941"}],"wp:term":[{"taxonomy":"pwb-brand","embeddable":true,"href":"https:\/\/www.altei.cz\/hifi\/wp-json\/wp\/v2\/pwb-brand?post=37941"},{"taxonomy":"product_brand","embeddable":true,"href":"https:\/\/www.altei.cz\/hifi\/wp-json\/wp\/v2\/product_brand?post=37941"},{"taxonomy":"product_cat","embeddable":true,"href":"https:\/\/www.altei.cz\/hifi\/wp-json\/wp\/v2\/product_cat?post=37941"},{"taxonomy":"product_tag","embeddable":true,"href":"https:\/\/www.altei.cz\/hifi\/wp-json\/wp\/v2\/product_tag?post=37941"}],"curies":[{"name":"wp","href":"https:\/\/api.w.org\/{rel}","templated":true}]}}