{"id":37950,"date":"2022-02-18T11:36:18","date_gmt":"2022-02-18T10:36:18","guid":{"rendered":"https:\/\/www.altei.cz\/hifi\/?post_type=product&#038;p=37950"},"modified":"2022-02-18T11:36:38","modified_gmt":"2022-02-18T10:36:38","slug":"vivlab-rigid-float-rfs-02ha","status":"publish","type":"product","link":"https:\/\/www.altei.cz\/hifi\/produkt\/vivlab-rigid-float-rfs-02ha\/","title":{"rendered":"VIVLAB Rigid Float RFS-02Ha"},"content":{"rendered":"\n<style type=\"text\/css\" data-created_by=\"avia_inline_auto\" id=\"style-css-av-2uf60xo-efd22e36f56ef22a496066ef6c98d40b\">\n.flex_column.av-2uf60xo-efd22e36f56ef22a496066ef6c98d40b{\nborder-radius:0px 0px 0px 0px;\npadding:0px 0px 0px 0px;\n}\n<\/style>\n<div  class='flex_column av-2uf60xo-efd22e36f56ef22a496066ef6c98d40b av_one_fifth  avia-builder-el-0  el_before_av_four_fifth  avia-builder-el-first  first flex_column_div av-zero-column-padding  '     ><style type=\"text\/css\" data-created_by=\"avia_inline_auto\" id=\"style-css-av-2gg2qrg-af981db9127fee5d7a2f2fd5eac23327\">\n.avia-image-container.av-2gg2qrg-af981db9127fee5d7a2f2fd5eac23327 img.avia_image{\nbox-shadow:none;\n}\n.avia-image-container.av-2gg2qrg-af981db9127fee5d7a2f2fd5eac23327 .av-image-caption-overlay-center{\ncolor:#ffffff;\n}\n<\/style>\n<div  class='avia-image-container av-2gg2qrg-af981db9127fee5d7a2f2fd5eac23327 av-styling- avia-align-center  avia-builder-el-1  avia-builder-el-no-sibling '   itemprop=\"image\" itemscope=\"itemscope\" itemtype=\"https:\/\/schema.org\/ImageObject\" ><div class=\"avia-image-container-inner\"><div class=\"avia-image-overlay-wrap\"><img decoding=\"async\" fetchpriority=\"high\" class='wp-image- avia-img-lazy-loading-not- avia_image ' src=\"https:\/\/www.altei.cz\/wp-content\/uploads\/2015\/04\/vivlablogoslidersm.png\" alt='' title=''   itemprop=\"thumbnailUrl\"  \/><\/div><\/div><\/div><\/div>\n\n<style type=\"text\/css\" data-created_by=\"avia_inline_auto\" id=\"style-css-av-2ami5to-a6fa89a08c718bf5fad5422386ead8e0\">\n.flex_column.av-2ami5to-a6fa89a08c718bf5fad5422386ead8e0{\nborder-radius:0px 0px 0px 0px;\npadding:0px 0px 0px 0px;\n}\n<\/style>\n<div  class='flex_column av-2ami5to-a6fa89a08c718bf5fad5422386ead8e0 av_four_fifth  avia-builder-el-2  el_after_av_one_fifth  el_before_av_button  flex_column_div av-zero-column-padding  '     ><p><div class='av-woo-product-info av-1p4xnj0-d9130cdcf6d1b75ee9f4f86b8a3b8b27  avia-builder-el-3  el_before_av_textblock  avia-builder-el-first '><\/div><br \/>\n<section  class='av_textblock_section av-18pui58-6ed089dcd4b1282e6840ca25e441de32 '   itemscope=\"itemscope\" itemtype=\"https:\/\/schema.org\/CreativeWork\" ><div class='avia_textblock'  itemprop=\"text\" ><\/div><\/section><\/p><\/div>\n<p>Ram\u00e9nko Rigid Float 9&#8243;. Rovn\u00e9 magneticko &#8211; fluidn\u00ed plovouc\u00ed radi\u00e1ln\u00ed gramofonov\u00e9 ram\u00e9nko s &#8222;Nelsonov\u00fdm&#8220; dr\u017e\u00e1kem p\u0159enosky. Barevn\u00e9 proveden\u00ed : \u00a0zlat\u00e1\/\u010dern\u00e1<\/p>\n<p><strong>Ram\u00e9nko v z\u00e1kladn\u00edm proveden\u00ed:<\/strong><\/p>\n<ul>\n<li>D\u00e9lka : 9 \u201d<\/li>\n<li>Povrchov\u00e1 \u00faprava: zlat\u00e1\/\u010dern\u00e1<\/li>\n<li>Trubka ram\u00e9nka: \u010dern\u00e1<\/li>\n<li>V\u00fdm\u011bnn\u00e1 hlavi\u010dka: Nelson hold<\/li>\n<li>Kabel: bez kabelu<\/li>\n<\/ul>\n<p>&nbsp;<\/p>\n<div  class='avia-button-wrap av-s5rba4-be41d4f944aa795cbada833523dbd3fc-wrap avia-button-center  avia-builder-el-5  el_after_av_four_fifth  avia-builder-el-last '><a href='https:\/\/www.altei.cz\/hifi\/vivlab\/'  class='avia-button av-s5rba4-be41d4f944aa795cbada833523dbd3fc av-link-btn avia-icon_select-no avia-size-small avia-position-center avia-color-theme-color'   aria-label=\"V\u00edce\"><span class='avia_iconbox_title' >V\u00edce<\/span><\/a><\/div>\n","protected":false},"excerpt":{"rendered":"<p>Gramofonov\u00e9 ram\u00e9nko magneticko fluidn\u00ed<\/p>\n","protected":false},"featured_media":37984,"comment_status":"closed","ping_status":"closed","template":"","meta":[],"pwb-brand":[],"product_brand":[],"product_cat":[236,22],"product_tag":[238],"class_list":{"0":"post-37950","1":"product","2":"type-product","3":"status-publish","4":"has-post-thumbnail","6":"product_cat-gramofonova-ramena","7":"product_cat-high-end-audio","8":"product_tag-gramofonove-rameno","10":"first","11":"onbackorder","12":"taxable","13":"shipping-taxable","14":"purchasable","15":"product-type-simple"},"aioseo_notices":[],"jetpack_sharing_enabled":true,"brands":[],"_links":{"self":[{"href":"https:\/\/www.altei.cz\/hifi\/wp-json\/wp\/v2\/product\/37950","targetHints":{"allow":["GET"]}}],"collection":[{"href":"https:\/\/www.altei.cz\/hifi\/wp-json\/wp\/v2\/product"}],"about":[{"href":"https:\/\/www.altei.cz\/hifi\/wp-json\/wp\/v2\/types\/product"}],"replies":[{"embeddable":true,"href":"https:\/\/www.altei.cz\/hifi\/wp-json\/wp\/v2\/comments?post=37950"}],"wp:featuredmedia":[{"embeddable":true,"href":"https:\/\/www.altei.cz\/hifi\/wp-json\/wp\/v2\/media\/37984"}],"wp:attachment":[{"href":"https:\/\/www.altei.cz\/hifi\/wp-json\/wp\/v2\/media?parent=37950"}],"wp:term":[{"taxonomy":"pwb-brand","embeddable":true,"href":"https:\/\/www.altei.cz\/hifi\/wp-json\/wp\/v2\/pwb-brand?post=37950"},{"taxonomy":"product_brand","embeddable":true,"href":"https:\/\/www.altei.cz\/hifi\/wp-json\/wp\/v2\/product_brand?post=37950"},{"taxonomy":"product_cat","embeddable":true,"href":"https:\/\/www.altei.cz\/hifi\/wp-json\/wp\/v2\/product_cat?post=37950"},{"taxonomy":"product_tag","embeddable":true,"href":"https:\/\/www.altei.cz\/hifi\/wp-json\/wp\/v2\/product_tag?post=37950"}],"curies":[{"name":"wp","href":"https:\/\/api.w.org\/{rel}","templated":true}]}}