{"id":37951,"date":"2022-02-18T11:36:18","date_gmt":"2022-02-18T10:36:18","guid":{"rendered":"https:\/\/www.altei.cz\/hifi\/?post_type=product&#038;p=37951"},"modified":"2026-03-16T06:52:00","modified_gmt":"2026-03-16T05:52:00","slug":"hana-sl-mono","status":"publish","type":"product","link":"https:\/\/www.altei.cz\/hifi\/produkt\/hana-sl-mono\/","title":{"rendered":"HANA SL MONO"},"content":{"rendered":"<p>HANA SL MONO je elektrodynamick\u00e1 MONO p\u0159enoska MC (moving coil) s hrotem typu Shibata z p\u0159\u00edrodn\u00edho diamantu a 1\/2&#8243; uchycen\u00edm. Chv\u011bjka z tvrzen\u00e9ho aluminia, v\u00fdstupn\u00ed \u00farove\u0148 0,4mV, kmito\u010dtov\u00fd rozsah 15Hz a\u017e 32kHz, impedance 23\u03a9, hmotnost 5g. Barva \u010dern\u00e1.<\/p>\n<p>&nbsp;<\/p>\n<div  class='avia-button-wrap av-l42vxc-b29bdb87ed910ebe96744896e8a228af-wrap avia-button-center  avia-builder-el-0  avia-builder-el-no-sibling '><a href='https:\/\/www.altei.cz\/hifi\/hana\/'  class='avia-button av-l42vxc-b29bdb87ed910ebe96744896e8a228af av-link-btn avia-icon_select-no avia-size-small avia-position-center avia-color-theme-color'   aria-label=\"V\u00edce\"><span class='avia_iconbox_title' >V\u00edce<\/span><\/a><\/div>\n","protected":false},"excerpt":{"rendered":"<h4>Elektrodynamick\u00e1 MONO p\u0159enoska MC s n\u00edzkou\u00a0v\u00fdstupn\u00ed \u00farovn\u00ed<\/h4>\n","protected":false},"featured_media":37732,"comment_status":"closed","ping_status":"closed","template":"","meta":[],"pwb-brand":[155],"product_brand":[],"product_cat":[369,157],"product_tag":[103,284,159,285],"class_list":{"0":"post-37951","1":"product","2":"type-product","3":"status-publish","4":"has-post-thumbnail","6":"pwb-brand-hana","7":"product_cat-akce","8":"product_cat-gramofonove-prenosky","9":"product_tag-gramofon","10":"product_tag-mono","11":"product_tag-prenoska","12":"product_tag-shibata","13":"product_shipping_class-z-1-kg","15":"first","16":"instock","17":"sale","18":"featured","19":"taxable","20":"shipping-taxable","21":"purchasable","22":"product-type-simple"},"aioseo_notices":[],"jetpack_sharing_enabled":true,"brands":[{"id":155,"name":"HANA","slug":"hana"}],"_links":{"self":[{"href":"https:\/\/www.altei.cz\/hifi\/wp-json\/wp\/v2\/product\/37951","targetHints":{"allow":["GET"]}}],"collection":[{"href":"https:\/\/www.altei.cz\/hifi\/wp-json\/wp\/v2\/product"}],"about":[{"href":"https:\/\/www.altei.cz\/hifi\/wp-json\/wp\/v2\/types\/product"}],"replies":[{"embeddable":true,"href":"https:\/\/www.altei.cz\/hifi\/wp-json\/wp\/v2\/comments?post=37951"}],"wp:featuredmedia":[{"embeddable":true,"href":"https:\/\/www.altei.cz\/hifi\/wp-json\/wp\/v2\/media\/37732"}],"wp:attachment":[{"href":"https:\/\/www.altei.cz\/hifi\/wp-json\/wp\/v2\/media?parent=37951"}],"wp:term":[{"taxonomy":"pwb-brand","embeddable":true,"href":"https:\/\/www.altei.cz\/hifi\/wp-json\/wp\/v2\/pwb-brand?post=37951"},{"taxonomy":"product_brand","embeddable":true,"href":"https:\/\/www.altei.cz\/hifi\/wp-json\/wp\/v2\/product_brand?post=37951"},{"taxonomy":"product_cat","embeddable":true,"href":"https:\/\/www.altei.cz\/hifi\/wp-json\/wp\/v2\/product_cat?post=37951"},{"taxonomy":"product_tag","embeddable":true,"href":"https:\/\/www.altei.cz\/hifi\/wp-json\/wp\/v2\/product_tag?post=37951"}],"curies":[{"name":"wp","href":"https:\/\/api.w.org\/{rel}","templated":true}]}}