{"id":37997,"date":"2022-02-18T11:36:59","date_gmt":"2022-02-18T10:36:59","guid":{"rendered":"https:\/\/www.altei.cz\/hifi\/?post_type=product&#038;p=37997"},"modified":"2023-01-18T17:34:33","modified_gmt":"2023-01-18T16:34:33","slug":"reed-muse-1c-f-kb","status":"publish","type":"product","link":"https:\/\/www.altei.cz\/hifi\/produkt\/reed-muse-1c-f-kb\/","title":{"rendered":"REED MUSE 1C F-KB"},"content":{"rendered":"\n<style type=\"text\/css\" data-created_by=\"avia_inline_auto\" id=\"style-css-av-29hym56-1ce75f92cb501d25fed6e866e1324d78\">\n.flex_column.av-29hym56-1ce75f92cb501d25fed6e866e1324d78{\nborder-radius:0px 0px 0px 0px;\npadding:0px 0px 0px 0px;\n}\n<\/style>\n<div  class='flex_column av-29hym56-1ce75f92cb501d25fed6e866e1324d78 av_one_fifth  avia-builder-el-0  el_before_av_four_fifth  avia-builder-el-first  first flex_column_div av-zero-column-padding  '     ><style type=\"text\/css\" data-created_by=\"avia_inline_auto\" id=\"style-css-av-jqwbb68e-2b55562b491775d6e2c526bb2f8f4e1e\">\n.avia-image-container.av-jqwbb68e-2b55562b491775d6e2c526bb2f8f4e1e img.avia_image{\nbox-shadow:none;\n}\n.avia-image-container.av-jqwbb68e-2b55562b491775d6e2c526bb2f8f4e1e .av-image-caption-overlay-center{\ncolor:#ffffff;\n}\n<\/style>\n<div  class='avia-image-container av-jqwbb68e-2b55562b491775d6e2c526bb2f8f4e1e av-styling- avia-align-center  avia-builder-el-1  avia-builder-el-no-sibling '   itemprop=\"image\" itemscope=\"itemscope\" itemtype=\"https:\/\/schema.org\/ImageObject\" ><div class=\"avia-image-container-inner\"><div class=\"avia-image-overlay-wrap\"><img decoding=\"async\" fetchpriority=\"high\" class='wp-image- avia-img-lazy-loading-not- avia_image ' src=\"https:\/\/www.altei.cz\/wp-content\/uploads\/2018\/03\/reed-logo-produkt.jpg\" alt='' title=''   itemprop=\"thumbnailUrl\"  \/><\/div><\/div><\/div><\/div>\n\n<style type=\"text\/css\" data-created_by=\"avia_inline_auto\" id=\"style-css-av-1u391tm-d049e11cd2ba7ef146b72719826e1f7d\">\n.flex_column.av-1u391tm-d049e11cd2ba7ef146b72719826e1f7d{\nborder-radius:0px 0px 0px 0px;\npadding:0px 0px 0px 0px;\n}\n<\/style>\n<div  class='flex_column av-1u391tm-d049e11cd2ba7ef146b72719826e1f7d av_four_fifth  avia-builder-el-2  el_after_av_one_fifth  el_before_av_button  flex_column_div av-zero-column-padding  '     ><p><div class='av-woo-product-info av-1btf7iy-68e9a5d45d68f6f9840e8be5bafacfc0  avia-builder-el-3  el_before_av_textblock  avia-builder-el-first '><\/div><br \/>\n<section  class='av_textblock_section av-jqwbdffj-35d9a3999c4d0eb6f8ee791f94d05601 '   itemscope=\"itemscope\" itemtype=\"https:\/\/schema.org\/CreativeWork\" ><div class='avia_textblock'  itemprop=\"text\" ><p>\u0160pi\u010dkov\u00e9 gramofonov\u00e9 \u0161asi se dv\u011bma motory a s T\u0158EC\u00cdM P\u0158EVODEM. Rychlost 16, 33, 45, 78. T\u011blo gramofonu vyrobeno z karelijsk\u00e9 b\u0159\u00edzy. Z\u00e1kladn\u00ed cena neobsahuje rameno ani p\u0159enosku. Foto ilustra\u010dn\u00ed. Barva p\u0159\u00edrodn\u00ed b\u0159\u00edza.<\/p>\n<\/div><\/section><\/p><\/div>\n<div  class='avia-button-wrap av-qkytxp-20cf096e7929141ea19b5be9406cb483-wrap avia-button-center  avia-builder-el-5  el_after_av_four_fifth  avia-builder-el-last '><a href='https:\/\/www.altei.cz\/hifi\/reed\/'  class='avia-button av-qkytxp-20cf096e7929141ea19b5be9406cb483 av-link-btn avia-icon_select-no avia-size-small avia-position-center avia-color-theme-color'   aria-label=\"V\u00edce\"><span class='avia_iconbox_title' >V\u00edce<\/span><\/a><\/div>\n","protected":false},"excerpt":{"rendered":"<h4>Gramofonov\u00e9 \u0161asi s t\u0159ec\u00edm p\u0159evodem<\/h4>\n","protected":false},"featured_media":38030,"comment_status":"closed","ping_status":"closed","template":"","meta":[],"pwb-brand":[328],"product_brand":[],"product_cat":[100,22,282],"product_tag":[103,286],"class_list":{"0":"post-37997","1":"product","2":"type-product","3":"status-publish","4":"has-post-thumbnail","6":"pwb-brand-reed","7":"product_cat-gramofonova-chassis","8":"product_cat-high-end-audio","9":"product_cat-reed","10":"product_tag-gramofon","11":"product_tag-reed","13":"first","14":"onbackorder","15":"taxable","16":"shipping-taxable","17":"purchasable","18":"product-type-simple"},"aioseo_notices":[],"jetpack_sharing_enabled":true,"brands":[{"id":328,"name":"Reed","slug":"reed"}],"_links":{"self":[{"href":"https:\/\/www.altei.cz\/hifi\/wp-json\/wp\/v2\/product\/37997","targetHints":{"allow":["GET"]}}],"collection":[{"href":"https:\/\/www.altei.cz\/hifi\/wp-json\/wp\/v2\/product"}],"about":[{"href":"https:\/\/www.altei.cz\/hifi\/wp-json\/wp\/v2\/types\/product"}],"replies":[{"embeddable":true,"href":"https:\/\/www.altei.cz\/hifi\/wp-json\/wp\/v2\/comments?post=37997"}],"wp:featuredmedia":[{"embeddable":true,"href":"https:\/\/www.altei.cz\/hifi\/wp-json\/wp\/v2\/media\/38030"}],"wp:attachment":[{"href":"https:\/\/www.altei.cz\/hifi\/wp-json\/wp\/v2\/media?parent=37997"}],"wp:term":[{"taxonomy":"pwb-brand","embeddable":true,"href":"https:\/\/www.altei.cz\/hifi\/wp-json\/wp\/v2\/pwb-brand?post=37997"},{"taxonomy":"product_brand","embeddable":true,"href":"https:\/\/www.altei.cz\/hifi\/wp-json\/wp\/v2\/product_brand?post=37997"},{"taxonomy":"product_cat","embeddable":true,"href":"https:\/\/www.altei.cz\/hifi\/wp-json\/wp\/v2\/product_cat?post=37997"},{"taxonomy":"product_tag","embeddable":true,"href":"https:\/\/www.altei.cz\/hifi\/wp-json\/wp\/v2\/product_tag?post=37997"}],"curies":[{"name":"wp","href":"https:\/\/api.w.org\/{rel}","templated":true}]}}