{"id":38009,"date":"2022-02-18T11:37:01","date_gmt":"2022-02-18T10:37:01","guid":{"rendered":"https:\/\/www.altei.cz\/hifi\/?post_type=product&#038;p=38009"},"modified":"2024-02-06T15:19:47","modified_gmt":"2024-02-06T14:19:47","slug":"manley-steelhead-rc","status":"publish","type":"product","link":"https:\/\/www.altei.cz\/hifi\/produkt\/manley-steelhead-rc\/","title":{"rendered":"Manley STEELHEAD RC"},"content":{"rendered":"<p>MANLEY STEELHEAD RC Phono Stage je \u0161pi\u010dkov\u00fd elektronkov\u00fd gramofonov\u00fd p\u0159edzesilova\u010d (elektronky: 2 x 6922, 4 x 7044) se 2 vstupy pro MC p\u0159enosku a dv\u011bma pro MM p\u0159enosku.\u00a0 Vstup pro MC p\u0159enosku pracuje s voliteln\u00fdmi impedancemi 25, 50, 100, 200 a 400 ohm\u016f p\u0159es \u0161pi\u010dkov\u00fd transform\u00e1tor. Pro vstup MM je mo\u017en\u00e9 volit 25, 50, 100, 200 ohm\u016f a 47 kiloohm\u016f. Z \u010deln\u00edho panelu lze volit i zat\u011b\u017eovac\u00ed impedanci od 0 do 1100 pikofarad\u016f v kroc\u00edch po 10 pF. P\u0159edzesilova\u010d je vybaven i linkov\u00fdm vstupem a variabiln\u00edmi v\u00fdstupy s regulac\u00ed hlasitosti. D\u00e1lkov\u00e9 ovl\u00e1d\u00e1n\u00ed Remora.<\/p>\n<p>&nbsp;<\/p>\n","protected":false},"excerpt":{"rendered":"<p>STEELHEAD RC elektronkov\u00fd gramofonov\u00fd p\u0159edzesilova\u010d<\/p>\n","protected":false},"featured_media":38083,"comment_status":"closed","ping_status":"closed","template":"","meta":[],"pwb-brand":[326],"product_brand":[],"product_cat":[234,294,266],"product_tag":[267,235,295,296,34,298],"class_list":{"0":"post-38009","1":"product","2":"type-product","3":"status-publish","4":"has-post-thumbnail","6":"pwb-brand-manley","7":"product_cat-gramofonove-predzesilovace","8":"product_cat-manley-hi-fi","9":"product_cat-predzesilovace-2","10":"product_tag-elektronkovy","11":"product_tag-gramofonovy-predzesilovac","12":"product_tag-mc","13":"product_tag-mm","14":"product_tag-predzesilovac","15":"product_tag-riaa","17":"first","18":"onbackorder","19":"taxable","20":"shipping-taxable","21":"purchasable","22":"product-type-simple"},"aioseo_notices":[],"jetpack_sharing_enabled":true,"brands":[{"id":326,"name":"Manley","slug":"manley"}],"_links":{"self":[{"href":"https:\/\/www.altei.cz\/hifi\/wp-json\/wp\/v2\/product\/38009","targetHints":{"allow":["GET"]}}],"collection":[{"href":"https:\/\/www.altei.cz\/hifi\/wp-json\/wp\/v2\/product"}],"about":[{"href":"https:\/\/www.altei.cz\/hifi\/wp-json\/wp\/v2\/types\/product"}],"replies":[{"embeddable":true,"href":"https:\/\/www.altei.cz\/hifi\/wp-json\/wp\/v2\/comments?post=38009"}],"wp:featuredmedia":[{"embeddable":true,"href":"https:\/\/www.altei.cz\/hifi\/wp-json\/wp\/v2\/media\/38083"}],"wp:attachment":[{"href":"https:\/\/www.altei.cz\/hifi\/wp-json\/wp\/v2\/media?parent=38009"}],"wp:term":[{"taxonomy":"pwb-brand","embeddable":true,"href":"https:\/\/www.altei.cz\/hifi\/wp-json\/wp\/v2\/pwb-brand?post=38009"},{"taxonomy":"product_brand","embeddable":true,"href":"https:\/\/www.altei.cz\/hifi\/wp-json\/wp\/v2\/product_brand?post=38009"},{"taxonomy":"product_cat","embeddable":true,"href":"https:\/\/www.altei.cz\/hifi\/wp-json\/wp\/v2\/product_cat?post=38009"},{"taxonomy":"product_tag","embeddable":true,"href":"https:\/\/www.altei.cz\/hifi\/wp-json\/wp\/v2\/product_tag?post=38009"}],"curies":[{"name":"wp","href":"https:\/\/api.w.org\/{rel}","templated":true}]}}